{"id":63981,"date":"2021-07-27T09:38:03","date_gmt":"2021-07-27T07:38:03","guid":{"rendered":"https:\/\/lalmachine.com\/?post_type=product&#038;p=63981"},"modified":"2024-12-05T21:51:42","modified_gmt":"2024-12-05T20:51:42","slug":"tabouret-table-dappoint-kartell","status":"publish","type":"product","link":"https:\/\/lalmachine.com\/de\/shop\/sasseoir\/chaise\/tabouret-table-dappoint-kartell\/","title":{"rendered":"Tabouret \/ table d&#8217;appoint Kartell by Philip Starck"},"content":{"rendered":"<ul class=\"wpuf_customs\"><li style=\"list-style-type:none;\"><label>Autres photos:<\/label> <a href=\"https:\/\/lalmachine.com\/wp-content\/uploads\/2021\/07\/Photo-26.07.21-16-43-34-707d5e86-rotated.jpg\"><img loading=\"lazy\" decoding=\"async\" width=\"72\" height=\"96\" src=\"https:\/\/lalmachine.com\/wp-content\/uploads\/2021\/07\/Photo-26.07.21-16-43-34-707d5e86-rotated.jpg\" class=\"attachment-thumbnail size-thumbnail\" alt=\"\" \/><\/a> <a href=\"https:\/\/lalmachine.com\/wp-content\/uploads\/2021\/07\/Photo-26.07.21-16-43-49-54d3e85f-rotated.jpg\"><img loading=\"lazy\" decoding=\"async\" width=\"72\" height=\"96\" src=\"https:\/\/lalmachine.com\/wp-content\/uploads\/2021\/07\/Photo-26.07.21-16-43-49-54d3e85f-rotated.jpg\" class=\"attachment-thumbnail size-thumbnail\" alt=\"\" \/><\/a> <a href=\"https:\/\/lalmachine.com\/wp-content\/uploads\/2021\/07\/Photo-26.07.21-16-48-46-e6281bf0-rotated.jpg\"><img loading=\"lazy\" decoding=\"async\" width=\"72\" height=\"96\" src=\"https:\/\/lalmachine.com\/wp-content\/uploads\/2021\/07\/Photo-26.07.21-16-48-46-e6281bf0-rotated.jpg\" class=\"attachment-thumbnail size-thumbnail\" alt=\"\" \/><\/a> <\/li>        <li class=\"wpuf-field-data wpuf-field-data-numeric_text_field\">\n                            <label>Prix:<\/label>\n                        250        <\/li>\n                <li class=\"wpuf-field-data wpuf-field-data-numeric_text_field\">\n                            <label>Quantit\u00e9:<\/label>\n                        1        <\/li>\n                <li class=\"wpuf-field-data wpuf-field-data-numeric_text_field\">\n                            <label>Hauteur (cm):<\/label>\n                        44        <\/li>\n                <li class=\"wpuf-field-data wpuf-field-data-numeric_text_field\">\n                            <label>Largeur (cm):<\/label>\n                        40        <\/li>\n                <li class=\"wpuf-field-data wpuf-field-data-numeric_text_field\">\n                            <label>Profondeur (cm):<\/label>\n                        40        <\/li>\n        <\/ul>","protected":false},"excerpt":{"rendered":"<p>Tabouret ou table d&#8217;appoint (en technopolym\u00e8re thermoplastique verni) imitation souche d&#8217;arbre design\u00e9 par Philippe Starck pour la marque Kartell. L\u00e9ger et facilement d\u00e9pla\u00e7able, il peut d\u00e9corer tout type d&#8217;int\u00e9rieur sans exception. Il est en bon \u00e9tat mais pr\u00e9sente de l\u00e9g\u00e8res traces d&#8217;usure.<\/p>","protected":false},"featured_media":63992,"template":"","meta":{"_et_pb_use_builder":"","_et_pb_old_content":"","_et_gb_content_width":""},"product_brand":[],"product_cat":[100,48],"product_tag":[],"proximite":[203],"class_list":{"0":"post-63981","1":"product","2":"type-product","3":"status-publish","4":"has-post-thumbnail","6":"product_cat-chaise","7":"product_cat-sasseoir","8":"pa_couleur-multicolore","9":"pa_designer-starck-philippe","10":"pa_etat-dans-son-jus","11":"pa_materiau-plastique","12":"pa_style-design","13":"proximite-neuchatel","15":"first","16":"instock","17":"shipping-taxable","18":"purchasable","19":"product-type-simple"},"yoast_head":"<!-- This site is optimized with the Yoast SEO plugin v27.4 - https:\/\/yoast.com\/product\/yoast-seo-wordpress\/ -->\n<title>Tabouret \/ table d&#039;appoint Kartell by Philip Starck | lalmachine.com<\/title>\n<meta name=\"description\" content=\"Tabouret ou table d&#039;appoint (en technopolym\u00e8re thermoplastique verni) imitation souche d&#039;arbre design\u00e9 par Philippe Starck pour la marque Kartell.\" \/>\n<meta name=\"robots\" content=\"index, follow, max-snippet:-1, max-image-preview:large, max-video-preview:-1\" \/>\n<link rel=\"canonical\" href=\"https:\/\/lalmachine.com\/de\/shop\/sasseoir\/chaise\/tabouret-table-dappoint-kartell\/\" \/>\n<meta property=\"og:locale\" content=\"de_DE\" \/>\n<meta property=\"og:type\" content=\"article\" \/>\n<meta property=\"og:title\" content=\"Tabouret \/ table d&#039;appoint Kartell by Philip Starck | lalmachine.com\" \/>\n<meta property=\"og:description\" content=\"Tabouret ou table d&#039;appoint (en technopolym\u00e8re thermoplastique verni) imitation souche d&#039;arbre design\u00e9 par Philippe Starck pour la marque Kartell.\" \/>\n<meta property=\"og:url\" content=\"https:\/\/lalmachine.com\/de\/shop\/sasseoir\/chaise\/tabouret-table-dappoint-kartell\/\" \/>\n<meta property=\"og:site_name\" content=\"lalmachine.com\" \/>\n<meta property=\"article:publisher\" content=\"https:\/\/facebook.com\/lalmachine\" \/>\n<meta property=\"article:modified_time\" content=\"2024-12-05T20:51:42+00:00\" \/>\n<meta property=\"og:image\" content=\"https:\/\/lalmachine.com\/wp-content\/uploads\/2021\/07\/Photo-26.07.21-16-43-28-071b18ca-rotated_clipped_rev_1.jpeg\" \/>\n\t<meta property=\"og:image:width\" content=\"4630\" \/>\n\t<meta property=\"og:image:height\" content=\"4630\" \/>\n\t<meta property=\"og:image:type\" content=\"image\/jpeg\" \/>\n<meta name=\"twitter:card\" content=\"summary_large_image\" \/>\n<script type=\"application\/ld+json\" class=\"yoast-schema-graph\">{\"@context\":\"https:\\\/\\\/schema.org\",\"@graph\":[{\"@type\":\"WebPage\",\"@id\":\"https:\\\/\\\/lalmachine.com\\\/shop\\\/sasseoir\\\/chaise\\\/tabouret-table-dappoint-kartell\\\/\",\"url\":\"https:\\\/\\\/lalmachine.com\\\/shop\\\/sasseoir\\\/chaise\\\/tabouret-table-dappoint-kartell\\\/\",\"name\":\"Tabouret \\\/ table d'appoint Kartell by Philip Starck | lalmachine.com\",\"isPartOf\":{\"@id\":\"https:\\\/\\\/lalmachine.com\\\/#website\"},\"primaryImageOfPage\":{\"@id\":\"https:\\\/\\\/lalmachine.com\\\/shop\\\/sasseoir\\\/chaise\\\/tabouret-table-dappoint-kartell\\\/#primaryimage\"},\"image\":{\"@id\":\"https:\\\/\\\/lalmachine.com\\\/shop\\\/sasseoir\\\/chaise\\\/tabouret-table-dappoint-kartell\\\/#primaryimage\"},\"thumbnailUrl\":\"https:\\\/\\\/lalmachine.com\\\/wp-content\\\/uploads\\\/2021\\\/07\\\/Photo-26.07.21-16-43-28-071b18ca-rotated_clipped_rev_1.jpeg\",\"datePublished\":\"2021-07-27T07:38:03+00:00\",\"dateModified\":\"2024-12-05T20:51:42+00:00\",\"description\":\"Tabouret ou table d'appoint (en technopolym\u00e8re thermoplastique verni) imitation souche d'arbre design\u00e9 par Philippe Starck pour la marque Kartell.\",\"breadcrumb\":{\"@id\":\"https:\\\/\\\/lalmachine.com\\\/shop\\\/sasseoir\\\/chaise\\\/tabouret-table-dappoint-kartell\\\/#breadcrumb\"},\"inLanguage\":\"de\",\"potentialAction\":[{\"@type\":\"ReadAction\",\"target\":[\"https:\\\/\\\/lalmachine.com\\\/shop\\\/sasseoir\\\/chaise\\\/tabouret-table-dappoint-kartell\\\/\"]}]},{\"@type\":\"ImageObject\",\"inLanguage\":\"de\",\"@id\":\"https:\\\/\\\/lalmachine.com\\\/shop\\\/sasseoir\\\/chaise\\\/tabouret-table-dappoint-kartell\\\/#primaryimage\",\"url\":\"https:\\\/\\\/lalmachine.com\\\/wp-content\\\/uploads\\\/2021\\\/07\\\/Photo-26.07.21-16-43-28-071b18ca-rotated_clipped_rev_1.jpeg\",\"contentUrl\":\"https:\\\/\\\/lalmachine.com\\\/wp-content\\\/uploads\\\/2021\\\/07\\\/Photo-26.07.21-16-43-28-071b18ca-rotated_clipped_rev_1.jpeg\",\"width\":4630,\"height\":4630,\"caption\":\"Starck Kartell\"},{\"@type\":\"BreadcrumbList\",\"@id\":\"https:\\\/\\\/lalmachine.com\\\/shop\\\/sasseoir\\\/chaise\\\/tabouret-table-dappoint-kartell\\\/#breadcrumb\",\"itemListElement\":[{\"@type\":\"ListItem\",\"position\":1,\"name\":\"Accueil\",\"item\":\"https:\\\/\\\/lalmachine.com\\\/\"},{\"@type\":\"ListItem\",\"position\":2,\"name\":\"Shop\",\"item\":\"https:\\\/\\\/lalmachine.com\\\/shop\\\/\"},{\"@type\":\"ListItem\",\"position\":3,\"name\":\"Tabouret \\\/ table d&#8217;appoint Kartell by Philip Starck\"}]},{\"@type\":\"WebSite\",\"@id\":\"https:\\\/\\\/lalmachine.com\\\/#website\",\"url\":\"https:\\\/\\\/lalmachine.com\\\/\",\"name\":\"lalmachine.com\",\"description\":\"Brocante en ligne Suisse | Mobilier et objets d\u00e9co vintage et design\",\"potentialAction\":[{\"@type\":\"SearchAction\",\"target\":{\"@type\":\"EntryPoint\",\"urlTemplate\":\"https:\\\/\\\/lalmachine.com\\\/?s={search_term_string}\"},\"query-input\":{\"@type\":\"PropertyValueSpecification\",\"valueRequired\":true,\"valueName\":\"search_term_string\"}}],\"inLanguage\":\"de\"}]}<\/script>\n<!-- \/ Yoast SEO plugin. -->","yoast_head_json":{"title":"Tabouret \/ table d'appoint Kartell by Philip Starck | lalmachine.com","description":"Tabouret ou table d'appoint (en technopolym\u00e8re thermoplastique verni) imitation souche d'arbre design\u00e9 par Philippe Starck pour la marque Kartell.","robots":{"index":"index","follow":"follow","max-snippet":"max-snippet:-1","max-image-preview":"max-image-preview:large","max-video-preview":"max-video-preview:-1"},"canonical":"https:\/\/lalmachine.com\/de\/shop\/sasseoir\/chaise\/tabouret-table-dappoint-kartell\/","og_locale":"de_DE","og_type":"article","og_title":"Tabouret \/ table d'appoint Kartell by Philip Starck | lalmachine.com","og_description":"Tabouret ou table d'appoint (en technopolym\u00e8re thermoplastique verni) imitation souche d'arbre design\u00e9 par Philippe Starck pour la marque Kartell.","og_url":"https:\/\/lalmachine.com\/de\/shop\/sasseoir\/chaise\/tabouret-table-dappoint-kartell\/","og_site_name":"lalmachine.com","article_publisher":"https:\/\/facebook.com\/lalmachine","article_modified_time":"2024-12-05T20:51:42+00:00","og_image":[{"width":4630,"height":4630,"url":"https:\/\/lalmachine.com\/wp-content\/uploads\/2021\/07\/Photo-26.07.21-16-43-28-071b18ca-rotated_clipped_rev_1.jpeg","type":"image\/jpeg"}],"twitter_card":"summary_large_image","schema":{"@context":"https:\/\/schema.org","@graph":[{"@type":"WebPage","@id":"https:\/\/lalmachine.com\/shop\/sasseoir\/chaise\/tabouret-table-dappoint-kartell\/","url":"https:\/\/lalmachine.com\/shop\/sasseoir\/chaise\/tabouret-table-dappoint-kartell\/","name":"Tabouret \/ table d'appoint Kartell by Philip Starck | lalmachine.com","isPartOf":{"@id":"https:\/\/lalmachine.com\/#website"},"primaryImageOfPage":{"@id":"https:\/\/lalmachine.com\/shop\/sasseoir\/chaise\/tabouret-table-dappoint-kartell\/#primaryimage"},"image":{"@id":"https:\/\/lalmachine.com\/shop\/sasseoir\/chaise\/tabouret-table-dappoint-kartell\/#primaryimage"},"thumbnailUrl":"https:\/\/lalmachine.com\/wp-content\/uploads\/2021\/07\/Photo-26.07.21-16-43-28-071b18ca-rotated_clipped_rev_1.jpeg","datePublished":"2021-07-27T07:38:03+00:00","dateModified":"2024-12-05T20:51:42+00:00","description":"Tabouret ou table d'appoint (en technopolym\u00e8re thermoplastique verni) imitation souche d'arbre design\u00e9 par Philippe Starck pour la marque Kartell.","breadcrumb":{"@id":"https:\/\/lalmachine.com\/shop\/sasseoir\/chaise\/tabouret-table-dappoint-kartell\/#breadcrumb"},"inLanguage":"de","potentialAction":[{"@type":"ReadAction","target":["https:\/\/lalmachine.com\/shop\/sasseoir\/chaise\/tabouret-table-dappoint-kartell\/"]}]},{"@type":"ImageObject","inLanguage":"de","@id":"https:\/\/lalmachine.com\/shop\/sasseoir\/chaise\/tabouret-table-dappoint-kartell\/#primaryimage","url":"https:\/\/lalmachine.com\/wp-content\/uploads\/2021\/07\/Photo-26.07.21-16-43-28-071b18ca-rotated_clipped_rev_1.jpeg","contentUrl":"https:\/\/lalmachine.com\/wp-content\/uploads\/2021\/07\/Photo-26.07.21-16-43-28-071b18ca-rotated_clipped_rev_1.jpeg","width":4630,"height":4630,"caption":"Starck Kartell"},{"@type":"BreadcrumbList","@id":"https:\/\/lalmachine.com\/shop\/sasseoir\/chaise\/tabouret-table-dappoint-kartell\/#breadcrumb","itemListElement":[{"@type":"ListItem","position":1,"name":"Accueil","item":"https:\/\/lalmachine.com\/"},{"@type":"ListItem","position":2,"name":"Shop","item":"https:\/\/lalmachine.com\/shop\/"},{"@type":"ListItem","position":3,"name":"Tabouret \/ table d&#8217;appoint Kartell by Philip Starck"}]},{"@type":"WebSite","@id":"https:\/\/lalmachine.com\/#website","url":"https:\/\/lalmachine.com\/","name":"lalmachine.com","description":"Brocante en ligne Suisse | Mobilier et objets d\u00e9co vintage et design","potentialAction":[{"@type":"SearchAction","target":{"@type":"EntryPoint","urlTemplate":"https:\/\/lalmachine.com\/?s={search_term_string}"},"query-input":{"@type":"PropertyValueSpecification","valueRequired":true,"valueName":"search_term_string"}}],"inLanguage":"de"}]}},"_links":{"self":[{"href":"https:\/\/lalmachine.com\/de\/wp-json\/wp\/v2\/product\/63981","targetHints":{"allow":["GET"]}}],"collection":[{"href":"https:\/\/lalmachine.com\/de\/wp-json\/wp\/v2\/product"}],"about":[{"href":"https:\/\/lalmachine.com\/de\/wp-json\/wp\/v2\/types\/product"}],"wp:featuredmedia":[{"embeddable":true,"href":"https:\/\/lalmachine.com\/de\/wp-json\/wp\/v2\/media\/63992"}],"wp:attachment":[{"href":"https:\/\/lalmachine.com\/de\/wp-json\/wp\/v2\/media?parent=63981"}],"wp:term":[{"taxonomy":"product_brand","embeddable":true,"href":"https:\/\/lalmachine.com\/de\/wp-json\/wp\/v2\/product_brand?post=63981"},{"taxonomy":"product_cat","embeddable":true,"href":"https:\/\/lalmachine.com\/de\/wp-json\/wp\/v2\/product_cat?post=63981"},{"taxonomy":"product_tag","embeddable":true,"href":"https:\/\/lalmachine.com\/de\/wp-json\/wp\/v2\/product_tag?post=63981"},{"taxonomy":"proximite","embeddable":true,"href":"https:\/\/lalmachine.com\/de\/wp-json\/wp\/v2\/proximite?post=63981"}],"curies":[{"name":"wp","href":"https:\/\/api.w.org\/{rel}","templated":true}]}}