{"id":64196,"date":"2021-08-02T09:58:00","date_gmt":"2021-08-02T07:58:00","guid":{"rendered":"https:\/\/lalmachine.com\/?post_type=product&#038;p=64196"},"modified":"2024-12-05T21:51:43","modified_gmt":"2024-12-05T20:51:43","slug":"radiateur-electrique-3","status":"publish","type":"product","link":"https:\/\/lalmachine.com\/de\/shop\/decorer\/appareil\/radiateur-electrique-3\/","title":{"rendered":"Radiateur \u00e9lectrique"},"content":{"rendered":"<ul class=\"wpuf_customs\"><li style=\"list-style-type:none;\"><label>Autres photos:<\/label> <a href=\"https:\/\/lalmachine.com\/wp-content\/uploads\/2021\/08\/IMG_20210716_124214-078cb79c.jpg\"><img loading=\"lazy\" decoding=\"async\" width=\"72\" height=\"96\" src=\"https:\/\/lalmachine.com\/wp-content\/uploads\/2021\/08\/IMG_20210716_124214-078cb79c.jpg\" class=\"attachment-thumbnail size-thumbnail\" alt=\"\" \/><\/a> <a href=\"https:\/\/lalmachine.com\/wp-content\/uploads\/2021\/08\/IMG_20210716_124222-f2911a32.jpg\"><img loading=\"lazy\" decoding=\"async\" width=\"72\" height=\"96\" src=\"https:\/\/lalmachine.com\/wp-content\/uploads\/2021\/08\/IMG_20210716_124222-f2911a32.jpg\" class=\"attachment-thumbnail size-thumbnail\" alt=\"\" \/><\/a> <a href=\"https:\/\/lalmachine.com\/wp-content\/uploads\/2021\/08\/IMG_20210716_124228-61494659.jpg\"><img loading=\"lazy\" decoding=\"async\" width=\"72\" height=\"96\" src=\"https:\/\/lalmachine.com\/wp-content\/uploads\/2021\/08\/IMG_20210716_124228-61494659.jpg\" class=\"attachment-thumbnail size-thumbnail\" alt=\"\" \/><\/a> <a href=\"https:\/\/lalmachine.com\/wp-content\/uploads\/2021\/08\/IMG_20210716_124235-e53193eb.jpg\"><img loading=\"lazy\" decoding=\"async\" width=\"72\" height=\"96\" src=\"https:\/\/lalmachine.com\/wp-content\/uploads\/2021\/08\/IMG_20210716_124235-e53193eb.jpg\" class=\"attachment-thumbnail size-thumbnail\" alt=\"\" \/><\/a> <a href=\"https:\/\/lalmachine.com\/wp-content\/uploads\/2021\/08\/IMG_20210716_124244-63615248.jpg\"><img loading=\"lazy\" decoding=\"async\" width=\"72\" height=\"96\" src=\"https:\/\/lalmachine.com\/wp-content\/uploads\/2021\/08\/IMG_20210716_124244-63615248.jpg\" class=\"attachment-thumbnail size-thumbnail\" alt=\"\" \/><\/a> <a href=\"https:\/\/lalmachine.com\/wp-content\/uploads\/2021\/08\/IMG_20210716_124257-1a46bc7f.jpg\"><img loading=\"lazy\" decoding=\"async\" width=\"72\" height=\"96\" src=\"https:\/\/lalmachine.com\/wp-content\/uploads\/2021\/08\/IMG_20210716_124257-1a46bc7f.jpg\" class=\"attachment-thumbnail size-thumbnail\" alt=\"\" \/><\/a> <\/li>        <li class=\"wpuf-field-data wpuf-field-data-numeric_text_field\">\n                            <label>Prix:<\/label>\n                        30        <\/li>\n                <li class=\"wpuf-field-data wpuf-field-data-numeric_text_field\">\n                            <label>Hauteur (cm):<\/label>\n                        29        <\/li>\n                <li class=\"wpuf-field-data wpuf-field-data-numeric_text_field\">\n                            <label>Largeur (cm):<\/label>\n                        22        <\/li>\n                <li class=\"wpuf-field-data wpuf-field-data-numeric_text_field\">\n                            <label>Profondeur (cm):<\/label>\n                        17        <\/li>\n        <\/ul>","protected":false},"excerpt":{"rendered":"<p>Radiateur \u00e9lectrique vintage. En m\u00e9tal et poign\u00e9e pour le d\u00e9placer en plastique. L\u2019\u00e9tat de fonctionnement n\u2019a pas \u00e9t\u00e9 test\u00e9, il est vendu dans l\u2019\u00e9tat comme objet d\u00e9co. Quelques traces d\u2019usure qui lui donnent une belle patine vintage.<\/p>","protected":false},"featured_media":64187,"template":"","meta":{"_et_pb_use_builder":"","_et_pb_old_content":"","_et_gb_content_width":""},"product_brand":[],"product_cat":[104,50],"product_tag":[],"proximite":[177,235],"class_list":{"0":"post-64196","1":"product","2":"type-product","3":"status-publish","4":"has-post-thumbnail","6":"product_cat-appareil","7":"product_cat-decorer","8":"product_shipping_class-2-10-kg","9":"pa_couleur-bleu","10":"pa_etat-dans-son-jus","11":"pa_materiau-metal","12":"pa_style-vintage","13":"proximite-fribourg","14":"proximite-sarine","16":"first","17":"outofstock","18":"shipping-taxable","19":"purchasable","20":"product-type-simple"},"yoast_head":"<!-- This site is optimized with the Yoast SEO plugin v27.4 - https:\/\/yoast.com\/product\/yoast-seo-wordpress\/ -->\n<title>Radiateur \u00e9lectrique | lalmachine.com, mobilier et objets d\u00e9co vintage et design<\/title>\n<meta name=\"description\" content=\"Radiateur \u00e9lectrique vintage. En m\u00e9tal et poign\u00e9e pour le d\u00e9placer en plastique.\" \/>\n<meta name=\"robots\" content=\"index, follow, max-snippet:-1, max-image-preview:large, max-video-preview:-1\" \/>\n<link rel=\"canonical\" href=\"https:\/\/lalmachine.com\/de\/shop\/decorer\/appareil\/radiateur-electrique-3\/\" \/>\n<meta property=\"og:locale\" content=\"de_DE\" \/>\n<meta property=\"og:type\" content=\"article\" \/>\n<meta property=\"og:title\" content=\"Radiateur \u00e9lectrique | lalmachine.com, mobilier et objets d\u00e9co vintage et design\" \/>\n<meta property=\"og:description\" content=\"Radiateur \u00e9lectrique vintage. En m\u00e9tal et poign\u00e9e pour le d\u00e9placer en plastique.\" \/>\n<meta property=\"og:url\" content=\"https:\/\/lalmachine.com\/de\/shop\/decorer\/appareil\/radiateur-electrique-3\/\" \/>\n<meta property=\"og:site_name\" content=\"lalmachine.com\" \/>\n<meta property=\"article:publisher\" content=\"https:\/\/facebook.com\/lalmachine\" \/>\n<meta property=\"article:modified_time\" content=\"2024-12-05T20:51:43+00:00\" \/>\n<meta property=\"og:image\" content=\"https:\/\/lalmachine.com\/wp-content\/uploads\/2021\/08\/IMG_20210716_124214_clipped_rev_1-0c20c78e.jpeg\" \/>\n\t<meta property=\"og:image:width\" content=\"2245\" \/>\n\t<meta property=\"og:image:height\" content=\"2246\" \/>\n\t<meta property=\"og:image:type\" content=\"image\/jpeg\" \/>\n<meta name=\"twitter:card\" content=\"summary_large_image\" \/>\n<script type=\"application\/ld+json\" class=\"yoast-schema-graph\">{\"@context\":\"https:\\\/\\\/schema.org\",\"@graph\":[{\"@type\":\"WebPage\",\"@id\":\"https:\\\/\\\/lalmachine.com\\\/shop\\\/decorer\\\/appareil\\\/radiateur-electrique-3\\\/\",\"url\":\"https:\\\/\\\/lalmachine.com\\\/shop\\\/decorer\\\/appareil\\\/radiateur-electrique-3\\\/\",\"name\":\"Radiateur \u00e9lectrique | lalmachine.com, mobilier et objets d\u00e9co vintage et design\",\"isPartOf\":{\"@id\":\"https:\\\/\\\/lalmachine.com\\\/#website\"},\"primaryImageOfPage\":{\"@id\":\"https:\\\/\\\/lalmachine.com\\\/shop\\\/decorer\\\/appareil\\\/radiateur-electrique-3\\\/#primaryimage\"},\"image\":{\"@id\":\"https:\\\/\\\/lalmachine.com\\\/shop\\\/decorer\\\/appareil\\\/radiateur-electrique-3\\\/#primaryimage\"},\"thumbnailUrl\":\"https:\\\/\\\/lalmachine.com\\\/wp-content\\\/uploads\\\/2021\\\/08\\\/IMG_20210716_124214_clipped_rev_1-0c20c78e.jpeg\",\"datePublished\":\"2021-08-02T07:58:00+00:00\",\"dateModified\":\"2024-12-05T20:51:43+00:00\",\"description\":\"Radiateur \u00e9lectrique vintage. En m\u00e9tal et poign\u00e9e pour le d\u00e9placer en plastique.\",\"breadcrumb\":{\"@id\":\"https:\\\/\\\/lalmachine.com\\\/shop\\\/decorer\\\/appareil\\\/radiateur-electrique-3\\\/#breadcrumb\"},\"inLanguage\":\"de\",\"potentialAction\":[{\"@type\":\"ReadAction\",\"target\":[\"https:\\\/\\\/lalmachine.com\\\/shop\\\/decorer\\\/appareil\\\/radiateur-electrique-3\\\/\"]}]},{\"@type\":\"ImageObject\",\"inLanguage\":\"de\",\"@id\":\"https:\\\/\\\/lalmachine.com\\\/shop\\\/decorer\\\/appareil\\\/radiateur-electrique-3\\\/#primaryimage\",\"url\":\"https:\\\/\\\/lalmachine.com\\\/wp-content\\\/uploads\\\/2021\\\/08\\\/IMG_20210716_124214_clipped_rev_1-0c20c78e.jpeg\",\"contentUrl\":\"https:\\\/\\\/lalmachine.com\\\/wp-content\\\/uploads\\\/2021\\\/08\\\/IMG_20210716_124214_clipped_rev_1-0c20c78e.jpeg\",\"width\":2245,\"height\":2246,\"caption\":\"Radiateur \u00e9lectrique vintage\"},{\"@type\":\"BreadcrumbList\",\"@id\":\"https:\\\/\\\/lalmachine.com\\\/shop\\\/decorer\\\/appareil\\\/radiateur-electrique-3\\\/#breadcrumb\",\"itemListElement\":[{\"@type\":\"ListItem\",\"position\":1,\"name\":\"Accueil\",\"item\":\"https:\\\/\\\/lalmachine.com\\\/\"},{\"@type\":\"ListItem\",\"position\":2,\"name\":\"Shop\",\"item\":\"https:\\\/\\\/lalmachine.com\\\/shop\\\/\"},{\"@type\":\"ListItem\",\"position\":3,\"name\":\"Radiateur \u00e9lectrique\"}]},{\"@type\":\"WebSite\",\"@id\":\"https:\\\/\\\/lalmachine.com\\\/#website\",\"url\":\"https:\\\/\\\/lalmachine.com\\\/\",\"name\":\"lalmachine.com\",\"description\":\"Brocante en ligne Suisse | Mobilier et objets d\u00e9co vintage et design\",\"potentialAction\":[{\"@type\":\"SearchAction\",\"target\":{\"@type\":\"EntryPoint\",\"urlTemplate\":\"https:\\\/\\\/lalmachine.com\\\/?s={search_term_string}\"},\"query-input\":{\"@type\":\"PropertyValueSpecification\",\"valueRequired\":true,\"valueName\":\"search_term_string\"}}],\"inLanguage\":\"de\"}]}<\/script>\n<!-- \/ Yoast SEO plugin. -->","yoast_head_json":{"title":"Radiateur \u00e9lectrique | lalmachine.com, mobilier et objets d\u00e9co vintage et design","description":"Radiateur \u00e9lectrique vintage. En m\u00e9tal et poign\u00e9e pour le d\u00e9placer en plastique.","robots":{"index":"index","follow":"follow","max-snippet":"max-snippet:-1","max-image-preview":"max-image-preview:large","max-video-preview":"max-video-preview:-1"},"canonical":"https:\/\/lalmachine.com\/de\/shop\/decorer\/appareil\/radiateur-electrique-3\/","og_locale":"de_DE","og_type":"article","og_title":"Radiateur \u00e9lectrique | lalmachine.com, mobilier et objets d\u00e9co vintage et design","og_description":"Radiateur \u00e9lectrique vintage. En m\u00e9tal et poign\u00e9e pour le d\u00e9placer en plastique.","og_url":"https:\/\/lalmachine.com\/de\/shop\/decorer\/appareil\/radiateur-electrique-3\/","og_site_name":"lalmachine.com","article_publisher":"https:\/\/facebook.com\/lalmachine","article_modified_time":"2024-12-05T20:51:43+00:00","og_image":[{"width":2245,"height":2246,"url":"https:\/\/lalmachine.com\/wp-content\/uploads\/2021\/08\/IMG_20210716_124214_clipped_rev_1-0c20c78e.jpeg","type":"image\/jpeg"}],"twitter_card":"summary_large_image","schema":{"@context":"https:\/\/schema.org","@graph":[{"@type":"WebPage","@id":"https:\/\/lalmachine.com\/shop\/decorer\/appareil\/radiateur-electrique-3\/","url":"https:\/\/lalmachine.com\/shop\/decorer\/appareil\/radiateur-electrique-3\/","name":"Radiateur \u00e9lectrique | lalmachine.com, mobilier et objets d\u00e9co vintage et design","isPartOf":{"@id":"https:\/\/lalmachine.com\/#website"},"primaryImageOfPage":{"@id":"https:\/\/lalmachine.com\/shop\/decorer\/appareil\/radiateur-electrique-3\/#primaryimage"},"image":{"@id":"https:\/\/lalmachine.com\/shop\/decorer\/appareil\/radiateur-electrique-3\/#primaryimage"},"thumbnailUrl":"https:\/\/lalmachine.com\/wp-content\/uploads\/2021\/08\/IMG_20210716_124214_clipped_rev_1-0c20c78e.jpeg","datePublished":"2021-08-02T07:58:00+00:00","dateModified":"2024-12-05T20:51:43+00:00","description":"Radiateur \u00e9lectrique vintage. En m\u00e9tal et poign\u00e9e pour le d\u00e9placer en plastique.","breadcrumb":{"@id":"https:\/\/lalmachine.com\/shop\/decorer\/appareil\/radiateur-electrique-3\/#breadcrumb"},"inLanguage":"de","potentialAction":[{"@type":"ReadAction","target":["https:\/\/lalmachine.com\/shop\/decorer\/appareil\/radiateur-electrique-3\/"]}]},{"@type":"ImageObject","inLanguage":"de","@id":"https:\/\/lalmachine.com\/shop\/decorer\/appareil\/radiateur-electrique-3\/#primaryimage","url":"https:\/\/lalmachine.com\/wp-content\/uploads\/2021\/08\/IMG_20210716_124214_clipped_rev_1-0c20c78e.jpeg","contentUrl":"https:\/\/lalmachine.com\/wp-content\/uploads\/2021\/08\/IMG_20210716_124214_clipped_rev_1-0c20c78e.jpeg","width":2245,"height":2246,"caption":"Radiateur \u00e9lectrique vintage"},{"@type":"BreadcrumbList","@id":"https:\/\/lalmachine.com\/shop\/decorer\/appareil\/radiateur-electrique-3\/#breadcrumb","itemListElement":[{"@type":"ListItem","position":1,"name":"Accueil","item":"https:\/\/lalmachine.com\/"},{"@type":"ListItem","position":2,"name":"Shop","item":"https:\/\/lalmachine.com\/shop\/"},{"@type":"ListItem","position":3,"name":"Radiateur \u00e9lectrique"}]},{"@type":"WebSite","@id":"https:\/\/lalmachine.com\/#website","url":"https:\/\/lalmachine.com\/","name":"lalmachine.com","description":"Brocante en ligne Suisse | Mobilier et objets d\u00e9co vintage et design","potentialAction":[{"@type":"SearchAction","target":{"@type":"EntryPoint","urlTemplate":"https:\/\/lalmachine.com\/?s={search_term_string}"},"query-input":{"@type":"PropertyValueSpecification","valueRequired":true,"valueName":"search_term_string"}}],"inLanguage":"de"}]}},"_links":{"self":[{"href":"https:\/\/lalmachine.com\/de\/wp-json\/wp\/v2\/product\/64196","targetHints":{"allow":["GET"]}}],"collection":[{"href":"https:\/\/lalmachine.com\/de\/wp-json\/wp\/v2\/product"}],"about":[{"href":"https:\/\/lalmachine.com\/de\/wp-json\/wp\/v2\/types\/product"}],"wp:featuredmedia":[{"embeddable":true,"href":"https:\/\/lalmachine.com\/de\/wp-json\/wp\/v2\/media\/64187"}],"wp:attachment":[{"href":"https:\/\/lalmachine.com\/de\/wp-json\/wp\/v2\/media?parent=64196"}],"wp:term":[{"taxonomy":"product_brand","embeddable":true,"href":"https:\/\/lalmachine.com\/de\/wp-json\/wp\/v2\/product_brand?post=64196"},{"taxonomy":"product_cat","embeddable":true,"href":"https:\/\/lalmachine.com\/de\/wp-json\/wp\/v2\/product_cat?post=64196"},{"taxonomy":"product_tag","embeddable":true,"href":"https:\/\/lalmachine.com\/de\/wp-json\/wp\/v2\/product_tag?post=64196"},{"taxonomy":"proximite","embeddable":true,"href":"https:\/\/lalmachine.com\/de\/wp-json\/wp\/v2\/proximite?post=64196"}],"curies":[{"name":"wp","href":"https:\/\/api.w.org\/{rel}","templated":true}]}}