{"id":64448,"date":"2023-10-25T16:39:16","date_gmt":"2023-10-25T14:39:16","guid":{"rendered":"https:\/\/lalmachine.com\/?post_type=product&#038;p=64448"},"modified":"2024-12-05T21:51:43","modified_gmt":"2024-12-05T20:51:43","slug":"paire-de-result-chairs-kramer-et-rietveld","status":"publish","type":"product","link":"https:\/\/lalmachine.com\/de\/shop\/sasseoir\/chaise\/paire-de-result-chairs-kramer-et-rietveld\/","title":{"rendered":"Paire de Result chairs &#8211; Kramer et Rietveld"},"content":{"rendered":"<ul class=\"wpuf_customs\"><li style=\"list-style-type:none;\"><label>Autres photos:<\/label> <a href=\"https:\/\/lalmachine.com\/wp-content\/uploads\/2021\/08\/thumbnail_001AE42C-884E-490E-80F9-30BAEAA2B0E8-97e3b39b.jpg\"><img loading=\"lazy\" decoding=\"async\" width=\"72\" height=\"96\" src=\"https:\/\/lalmachine.com\/wp-content\/uploads\/2021\/08\/thumbnail_001AE42C-884E-490E-80F9-30BAEAA2B0E8-97e3b39b.jpg\" class=\"attachment-thumbnail size-thumbnail\" alt=\"\" \/><\/a> <a href=\"https:\/\/lalmachine.com\/wp-content\/uploads\/2021\/08\/thumbnail_1DF57AA4-B030-40D5-BC9F-76D0EF1F7CDB-6ced6559.jpg\"><img loading=\"lazy\" decoding=\"async\" width=\"72\" height=\"96\" src=\"https:\/\/lalmachine.com\/wp-content\/uploads\/2021\/08\/thumbnail_1DF57AA4-B030-40D5-BC9F-76D0EF1F7CDB-6ced6559.jpg\" class=\"attachment-thumbnail size-thumbnail\" alt=\"\" \/><\/a> <a href=\"https:\/\/lalmachine.com\/wp-content\/uploads\/2021\/08\/thumbnail_2DA1008B-0719-4293-A25F-DDDCEE289B29-b3cfacd5.jpg\"><img loading=\"lazy\" decoding=\"async\" width=\"72\" height=\"96\" src=\"https:\/\/lalmachine.com\/wp-content\/uploads\/2021\/08\/thumbnail_2DA1008B-0719-4293-A25F-DDDCEE289B29-b3cfacd5.jpg\" class=\"attachment-thumbnail size-thumbnail\" alt=\"\" \/><\/a> <a href=\"https:\/\/lalmachine.com\/wp-content\/uploads\/2021\/08\/thumbnail_9BF64327-46B2-4B52-9A7F-F212A510AB07-1b76db38.jpg\"><img loading=\"lazy\" decoding=\"async\" width=\"128\" height=\"96\" src=\"https:\/\/lalmachine.com\/wp-content\/uploads\/2021\/08\/thumbnail_9BF64327-46B2-4B52-9A7F-F212A510AB07-1b76db38.jpg\" class=\"attachment-thumbnail size-thumbnail\" alt=\"\" \/><\/a> <a href=\"https:\/\/lalmachine.com\/wp-content\/uploads\/2021\/08\/thumbnail_59A5DE08-27DA-4354-905C-12A45E7264AB-7ccb602d.jpg\"><img loading=\"lazy\" decoding=\"async\" width=\"72\" height=\"96\" src=\"https:\/\/lalmachine.com\/wp-content\/uploads\/2021\/08\/thumbnail_59A5DE08-27DA-4354-905C-12A45E7264AB-7ccb602d.jpg\" class=\"attachment-thumbnail size-thumbnail\" alt=\"\" \/><\/a> <a href=\"https:\/\/lalmachine.com\/wp-content\/uploads\/2021\/08\/thumbnail_82D3A27F-1B6D-4AFB-82AE-A8AC8E3BE34F-e2be9c3b.jpg\"><img loading=\"lazy\" decoding=\"async\" width=\"128\" height=\"96\" src=\"https:\/\/lalmachine.com\/wp-content\/uploads\/2021\/08\/thumbnail_82D3A27F-1B6D-4AFB-82AE-A8AC8E3BE34F-e2be9c3b.jpg\" class=\"attachment-thumbnail size-thumbnail\" alt=\"\" \/><\/a> <a href=\"https:\/\/lalmachine.com\/wp-content\/uploads\/2021\/08\/thumbnail_85B864A4-1A43-4066-BD85-E5AD487F5274-e99b9f76.jpg\"><img loading=\"lazy\" decoding=\"async\" width=\"128\" height=\"96\" src=\"https:\/\/lalmachine.com\/wp-content\/uploads\/2021\/08\/thumbnail_85B864A4-1A43-4066-BD85-E5AD487F5274-e99b9f76.jpg\" class=\"attachment-thumbnail size-thumbnail\" alt=\"\" \/><\/a> <a href=\"https:\/\/lalmachine.com\/wp-content\/uploads\/2021\/08\/thumbnail_848DD5FF-A323-4165-ACA7-9411E6850093-2d5d3041.jpg\"><img loading=\"lazy\" decoding=\"async\" width=\"72\" height=\"96\" src=\"https:\/\/lalmachine.com\/wp-content\/uploads\/2021\/08\/thumbnail_848DD5FF-A323-4165-ACA7-9411E6850093-2d5d3041.jpg\" class=\"attachment-thumbnail size-thumbnail\" alt=\"\" \/><\/a> <a href=\"https:\/\/lalmachine.com\/wp-content\/uploads\/2021\/08\/thumbnail_BEE00F95-1583-4B2B-A547-F41B4688E63D-ba17ca4d.jpg\"><img loading=\"lazy\" decoding=\"async\" width=\"72\" height=\"96\" src=\"https:\/\/lalmachine.com\/wp-content\/uploads\/2021\/08\/thumbnail_BEE00F95-1583-4B2B-A547-F41B4688E63D-ba17ca4d.jpg\" class=\"attachment-thumbnail size-thumbnail\" alt=\"\" \/><\/a> <a href=\"https:\/\/lalmachine.com\/wp-content\/uploads\/2021\/08\/thumbnail_E645CED4-B050-43D4-872B-F6179C89B49D-a7dada15.jpg\"><img loading=\"lazy\" decoding=\"async\" width=\"72\" height=\"96\" src=\"https:\/\/lalmachine.com\/wp-content\/uploads\/2021\/08\/thumbnail_E645CED4-B050-43D4-872B-F6179C89B49D-a7dada15.jpg\" class=\"attachment-thumbnail size-thumbnail\" alt=\"\" \/><\/a> <a href=\"https:\/\/lalmachine.com\/wp-content\/uploads\/2021\/08\/thumbnail_F2AA13F1-79AC-46D6-AAE6-A8E7220BA765-447af8f1.jpg\"><img loading=\"lazy\" decoding=\"async\" width=\"128\" height=\"96\" src=\"https:\/\/lalmachine.com\/wp-content\/uploads\/2021\/08\/thumbnail_F2AA13F1-79AC-46D6-AAE6-A8E7220BA765-447af8f1.jpg\" class=\"attachment-thumbnail size-thumbnail\" alt=\"\" \/><\/a> <\/li>        <li class=\"wpuf-field-data wpuf-field-data-numeric_text_field\">\n                            <label>Prix:<\/label>\n                        1600        <\/li>\n                <li class=\"wpuf-field-data wpuf-field-data-numeric_text_field\">\n                            <label>Quantit\u00e9:<\/label>\n                        0        <\/li>\n                <li class=\"wpuf-field-data wpuf-field-data-numeric_text_field\">\n                            <label>Hauteur (cm):<\/label>\n                        81        <\/li>\n                <li class=\"wpuf-field-data wpuf-field-data-numeric_text_field\">\n                            <label>Largeur (cm):<\/label>\n                        46        <\/li>\n                <li class=\"wpuf-field-data wpuf-field-data-numeric_text_field\">\n                            <label>Profondeur (cm):<\/label>\n                        46        <\/li>\n        <\/ul>","protected":false},"excerpt":{"rendered":"<p><strong>Prix pour 2 chaises. Au total 10 chaises sont disponibles.<\/strong><\/p>\n<p>Con\u00e7ue en 1958 par Friso Kramer et Wim Rietveld, pour Ahrend de Cirkel (Zwanenburg, Hollande) et produite dans les ann\u00e9es 60 et 70, la chaise Result de Friso et Wim \u00e9tait pr\u00e9sente dans toutes les salles de classe. Beaucoup de N\u00e9erlandais ont grandi avec son design innovant. Aujourd&rsquo;hui, apr\u00e8s plus de 60 ans, la Result est une ic\u00f4ne du design intemporel n\u00e9erlandais.<\/p>\n<p>Confort optimal. Chaises vintage authentiques. De vraies beaut\u00e9s qui conf\u00e8rera assur\u00e9ment style et bon go\u00fbt dans la pi\u00e8ce dans laquelle elles seront dispos\u00e9es.<\/p>\n<p>Mat\u00e9riau : cadre en acier, profil u\/base et si\u00e8ge contreplaqu\u00e9\/dos. La hauteur du si\u00e8ge est de 48 cm. Vu son \u00e2ge, elle est en tr\u00e8s bel \u00e9tat vintage.<\/p>\n<p>Remise en main propre \u00e0 Berne, livraison possible en Suisse \u00e0 votre demande. Bonne journ\u00e9e \ud83d\ude42<\/p>","protected":false},"featured_media":254962,"template":"","meta":{"_et_pb_use_builder":"","_et_pb_old_content":"","_et_gb_content_width":""},"product_brand":[],"product_cat":[100,48],"product_tag":[],"proximite":[298,181],"class_list":{"0":"post-64448","1":"product","2":"type-product","3":"status-publish","4":"has-post-thumbnail","6":"product_cat-chaise","7":"product_cat-sasseoir","8":"product_shipping_class-50-chf","9":"pa_couleur-marron","10":"pa_etat-bon-etat","11":"pa_materiau-bois","12":"pa_style-design","13":"proximite-berne-berne","14":"proximite-berne","16":"first","17":"outofstock","18":"shipping-taxable","19":"purchasable","20":"product-type-simple"},"yoast_head":"<!-- This site is optimized with the Yoast SEO plugin v27.4 - https:\/\/yoast.com\/product\/yoast-seo-wordpress\/ -->\n<title>Paire de Result chairs - Kramer et Rietveld | lalmachine.com, mobilier et objets d\u00e9co vintage et design<\/title>\n<meta name=\"description\" content=\"Con\u00e7ue en 1958 par Friso Kramer et Wim Rietveld, pour Ahrend de Cirkel (Zwanenburg, Hollande) et produite dans les ann\u00e9es 60 et 70, la chaise Result de Friso et Wim \u00e9tait pr\u00e9sente dans toutes les salles de classe.\" \/>\n<meta name=\"robots\" content=\"index, follow, max-snippet:-1, max-image-preview:large, max-video-preview:-1\" \/>\n<link rel=\"canonical\" href=\"https:\/\/lalmachine.com\/de\/shop\/sasseoir\/chaise\/paire-de-result-chairs-kramer-et-rietveld\/\" \/>\n<meta property=\"og:locale\" content=\"de_DE\" \/>\n<meta property=\"og:type\" content=\"article\" \/>\n<meta property=\"og:title\" content=\"Paire de Result chairs - Kramer et Rietveld | lalmachine.com, mobilier et objets d\u00e9co vintage et design\" \/>\n<meta property=\"og:description\" content=\"Con\u00e7ue en 1958 par Friso Kramer et Wim Rietveld, pour Ahrend de Cirkel (Zwanenburg, Hollande) et produite dans les ann\u00e9es 60 et 70, la chaise Result de Friso et Wim \u00e9tait pr\u00e9sente dans toutes les salles de classe.\" \/>\n<meta property=\"og:url\" content=\"https:\/\/lalmachine.com\/de\/shop\/sasseoir\/chaise\/paire-de-result-chairs-kramer-et-rietveld\/\" \/>\n<meta property=\"og:site_name\" content=\"lalmachine.com\" \/>\n<meta property=\"article:publisher\" content=\"https:\/\/facebook.com\/lalmachine\" \/>\n<meta property=\"article:modified_time\" content=\"2024-12-05T20:51:43+00:00\" \/>\n<meta property=\"og:image\" content=\"https:\/\/lalmachine.com\/wp-content\/uploads\/2021\/08\/thumbnail_1DF57AA4-B030-40D5-BC9F-76D0EF1F7CDB-6ced6559_clipped_rev_1_clipped_rev_1.jpg\" \/>\n\t<meta property=\"og:image:width\" content=\"1646\" \/>\n\t<meta property=\"og:image:height\" content=\"1646\" \/>\n\t<meta property=\"og:image:type\" content=\"image\/jpeg\" \/>\n<meta name=\"twitter:card\" content=\"summary_large_image\" \/>\n<script type=\"application\/ld+json\" class=\"yoast-schema-graph\">{\"@context\":\"https:\\\/\\\/schema.org\",\"@graph\":[{\"@type\":\"WebPage\",\"@id\":\"https:\\\/\\\/lalmachine.com\\\/shop\\\/sasseoir\\\/chaise\\\/paire-de-result-chairs-kramer-et-rietveld\\\/\",\"url\":\"https:\\\/\\\/lalmachine.com\\\/shop\\\/sasseoir\\\/chaise\\\/paire-de-result-chairs-kramer-et-rietveld\\\/\",\"name\":\"Paire de Result chairs - Kramer et Rietveld | lalmachine.com, mobilier et objets d\u00e9co vintage et design\",\"isPartOf\":{\"@id\":\"https:\\\/\\\/lalmachine.com\\\/#website\"},\"primaryImageOfPage\":{\"@id\":\"https:\\\/\\\/lalmachine.com\\\/shop\\\/sasseoir\\\/chaise\\\/paire-de-result-chairs-kramer-et-rietveld\\\/#primaryimage\"},\"image\":{\"@id\":\"https:\\\/\\\/lalmachine.com\\\/shop\\\/sasseoir\\\/chaise\\\/paire-de-result-chairs-kramer-et-rietveld\\\/#primaryimage\"},\"thumbnailUrl\":\"https:\\\/\\\/lalmachine.com\\\/wp-content\\\/uploads\\\/2021\\\/08\\\/thumbnail_1DF57AA4-B030-40D5-BC9F-76D0EF1F7CDB-6ced6559_clipped_rev_1_clipped_rev_1.jpg\",\"datePublished\":\"2023-10-25T14:39:16+00:00\",\"dateModified\":\"2024-12-05T20:51:43+00:00\",\"description\":\"Con\u00e7ue en 1958 par Friso Kramer et Wim Rietveld, pour Ahrend de Cirkel (Zwanenburg, Hollande) et produite dans les ann\u00e9es 60 et 70, la chaise Result de Friso et Wim \u00e9tait pr\u00e9sente dans toutes les salles de classe.\",\"breadcrumb\":{\"@id\":\"https:\\\/\\\/lalmachine.com\\\/shop\\\/sasseoir\\\/chaise\\\/paire-de-result-chairs-kramer-et-rietveld\\\/#breadcrumb\"},\"inLanguage\":\"de\",\"potentialAction\":[{\"@type\":\"ReadAction\",\"target\":[\"https:\\\/\\\/lalmachine.com\\\/shop\\\/sasseoir\\\/chaise\\\/paire-de-result-chairs-kramer-et-rietveld\\\/\"]}]},{\"@type\":\"ImageObject\",\"inLanguage\":\"de\",\"@id\":\"https:\\\/\\\/lalmachine.com\\\/shop\\\/sasseoir\\\/chaise\\\/paire-de-result-chairs-kramer-et-rietveld\\\/#primaryimage\",\"url\":\"https:\\\/\\\/lalmachine.com\\\/wp-content\\\/uploads\\\/2021\\\/08\\\/thumbnail_1DF57AA4-B030-40D5-BC9F-76D0EF1F7CDB-6ced6559_clipped_rev_1_clipped_rev_1.jpg\",\"contentUrl\":\"https:\\\/\\\/lalmachine.com\\\/wp-content\\\/uploads\\\/2021\\\/08\\\/thumbnail_1DF57AA4-B030-40D5-BC9F-76D0EF1F7CDB-6ced6559_clipped_rev_1_clipped_rev_1.jpg\",\"width\":1646,\"height\":1646,\"caption\":\"Result chairs - Friso Kramer et Wim Rietveld\"},{\"@type\":\"BreadcrumbList\",\"@id\":\"https:\\\/\\\/lalmachine.com\\\/shop\\\/sasseoir\\\/chaise\\\/paire-de-result-chairs-kramer-et-rietveld\\\/#breadcrumb\",\"itemListElement\":[{\"@type\":\"ListItem\",\"position\":1,\"name\":\"Accueil\",\"item\":\"https:\\\/\\\/lalmachine.com\\\/\"},{\"@type\":\"ListItem\",\"position\":2,\"name\":\"Shop\",\"item\":\"https:\\\/\\\/lalmachine.com\\\/shop\\\/\"},{\"@type\":\"ListItem\",\"position\":3,\"name\":\"Paire de Result chairs &#8211; Kramer et Rietveld\"}]},{\"@type\":\"WebSite\",\"@id\":\"https:\\\/\\\/lalmachine.com\\\/#website\",\"url\":\"https:\\\/\\\/lalmachine.com\\\/\",\"name\":\"lalmachine.com\",\"description\":\"Brocante en ligne Suisse | Mobilier et objets d\u00e9co vintage et design\",\"potentialAction\":[{\"@type\":\"SearchAction\",\"target\":{\"@type\":\"EntryPoint\",\"urlTemplate\":\"https:\\\/\\\/lalmachine.com\\\/?s={search_term_string}\"},\"query-input\":{\"@type\":\"PropertyValueSpecification\",\"valueRequired\":true,\"valueName\":\"search_term_string\"}}],\"inLanguage\":\"de\"}]}<\/script>\n<!-- \/ Yoast SEO plugin. -->","yoast_head_json":{"title":"Paire de Result chairs - Kramer et Rietveld | lalmachine.com, mobilier et objets d\u00e9co vintage et design","description":"Con\u00e7ue en 1958 par Friso Kramer et Wim Rietveld, pour Ahrend de Cirkel (Zwanenburg, Hollande) et produite dans les ann\u00e9es 60 et 70, la chaise Result de Friso et Wim \u00e9tait pr\u00e9sente dans toutes les salles de classe.","robots":{"index":"index","follow":"follow","max-snippet":"max-snippet:-1","max-image-preview":"max-image-preview:large","max-video-preview":"max-video-preview:-1"},"canonical":"https:\/\/lalmachine.com\/de\/shop\/sasseoir\/chaise\/paire-de-result-chairs-kramer-et-rietveld\/","og_locale":"de_DE","og_type":"article","og_title":"Paire de Result chairs - Kramer et Rietveld | lalmachine.com, mobilier et objets d\u00e9co vintage et design","og_description":"Con\u00e7ue en 1958 par Friso Kramer et Wim Rietveld, pour Ahrend de Cirkel (Zwanenburg, Hollande) et produite dans les ann\u00e9es 60 et 70, la chaise Result de Friso et Wim \u00e9tait pr\u00e9sente dans toutes les salles de classe.","og_url":"https:\/\/lalmachine.com\/de\/shop\/sasseoir\/chaise\/paire-de-result-chairs-kramer-et-rietveld\/","og_site_name":"lalmachine.com","article_publisher":"https:\/\/facebook.com\/lalmachine","article_modified_time":"2024-12-05T20:51:43+00:00","og_image":[{"width":1646,"height":1646,"url":"https:\/\/lalmachine.com\/wp-content\/uploads\/2021\/08\/thumbnail_1DF57AA4-B030-40D5-BC9F-76D0EF1F7CDB-6ced6559_clipped_rev_1_clipped_rev_1.jpg","type":"image\/jpeg"}],"twitter_card":"summary_large_image","schema":{"@context":"https:\/\/schema.org","@graph":[{"@type":"WebPage","@id":"https:\/\/lalmachine.com\/shop\/sasseoir\/chaise\/paire-de-result-chairs-kramer-et-rietveld\/","url":"https:\/\/lalmachine.com\/shop\/sasseoir\/chaise\/paire-de-result-chairs-kramer-et-rietveld\/","name":"Paire de Result chairs - Kramer et Rietveld | lalmachine.com, mobilier et objets d\u00e9co vintage et design","isPartOf":{"@id":"https:\/\/lalmachine.com\/#website"},"primaryImageOfPage":{"@id":"https:\/\/lalmachine.com\/shop\/sasseoir\/chaise\/paire-de-result-chairs-kramer-et-rietveld\/#primaryimage"},"image":{"@id":"https:\/\/lalmachine.com\/shop\/sasseoir\/chaise\/paire-de-result-chairs-kramer-et-rietveld\/#primaryimage"},"thumbnailUrl":"https:\/\/lalmachine.com\/wp-content\/uploads\/2021\/08\/thumbnail_1DF57AA4-B030-40D5-BC9F-76D0EF1F7CDB-6ced6559_clipped_rev_1_clipped_rev_1.jpg","datePublished":"2023-10-25T14:39:16+00:00","dateModified":"2024-12-05T20:51:43+00:00","description":"Con\u00e7ue en 1958 par Friso Kramer et Wim Rietveld, pour Ahrend de Cirkel (Zwanenburg, Hollande) et produite dans les ann\u00e9es 60 et 70, la chaise Result de Friso et Wim \u00e9tait pr\u00e9sente dans toutes les salles de classe.","breadcrumb":{"@id":"https:\/\/lalmachine.com\/shop\/sasseoir\/chaise\/paire-de-result-chairs-kramer-et-rietveld\/#breadcrumb"},"inLanguage":"de","potentialAction":[{"@type":"ReadAction","target":["https:\/\/lalmachine.com\/shop\/sasseoir\/chaise\/paire-de-result-chairs-kramer-et-rietveld\/"]}]},{"@type":"ImageObject","inLanguage":"de","@id":"https:\/\/lalmachine.com\/shop\/sasseoir\/chaise\/paire-de-result-chairs-kramer-et-rietveld\/#primaryimage","url":"https:\/\/lalmachine.com\/wp-content\/uploads\/2021\/08\/thumbnail_1DF57AA4-B030-40D5-BC9F-76D0EF1F7CDB-6ced6559_clipped_rev_1_clipped_rev_1.jpg","contentUrl":"https:\/\/lalmachine.com\/wp-content\/uploads\/2021\/08\/thumbnail_1DF57AA4-B030-40D5-BC9F-76D0EF1F7CDB-6ced6559_clipped_rev_1_clipped_rev_1.jpg","width":1646,"height":1646,"caption":"Result chairs - Friso Kramer et Wim Rietveld"},{"@type":"BreadcrumbList","@id":"https:\/\/lalmachine.com\/shop\/sasseoir\/chaise\/paire-de-result-chairs-kramer-et-rietveld\/#breadcrumb","itemListElement":[{"@type":"ListItem","position":1,"name":"Accueil","item":"https:\/\/lalmachine.com\/"},{"@type":"ListItem","position":2,"name":"Shop","item":"https:\/\/lalmachine.com\/shop\/"},{"@type":"ListItem","position":3,"name":"Paire de Result chairs &#8211; Kramer et Rietveld"}]},{"@type":"WebSite","@id":"https:\/\/lalmachine.com\/#website","url":"https:\/\/lalmachine.com\/","name":"lalmachine.com","description":"Brocante en ligne Suisse | Mobilier et objets d\u00e9co vintage et design","potentialAction":[{"@type":"SearchAction","target":{"@type":"EntryPoint","urlTemplate":"https:\/\/lalmachine.com\/?s={search_term_string}"},"query-input":{"@type":"PropertyValueSpecification","valueRequired":true,"valueName":"search_term_string"}}],"inLanguage":"de"}]}},"_links":{"self":[{"href":"https:\/\/lalmachine.com\/de\/wp-json\/wp\/v2\/product\/64448","targetHints":{"allow":["GET"]}}],"collection":[{"href":"https:\/\/lalmachine.com\/de\/wp-json\/wp\/v2\/product"}],"about":[{"href":"https:\/\/lalmachine.com\/de\/wp-json\/wp\/v2\/types\/product"}],"wp:featuredmedia":[{"embeddable":true,"href":"https:\/\/lalmachine.com\/de\/wp-json\/wp\/v2\/media\/254962"}],"wp:attachment":[{"href":"https:\/\/lalmachine.com\/de\/wp-json\/wp\/v2\/media?parent=64448"}],"wp:term":[{"taxonomy":"product_brand","embeddable":true,"href":"https:\/\/lalmachine.com\/de\/wp-json\/wp\/v2\/product_brand?post=64448"},{"taxonomy":"product_cat","embeddable":true,"href":"https:\/\/lalmachine.com\/de\/wp-json\/wp\/v2\/product_cat?post=64448"},{"taxonomy":"product_tag","embeddable":true,"href":"https:\/\/lalmachine.com\/de\/wp-json\/wp\/v2\/product_tag?post=64448"},{"taxonomy":"proximite","embeddable":true,"href":"https:\/\/lalmachine.com\/de\/wp-json\/wp\/v2\/proximite?post=64448"}],"curies":[{"name":"wp","href":"https:\/\/api.w.org\/{rel}","templated":true}]}}