{"id":64872,"date":"2023-10-25T16:06:54","date_gmt":"2023-10-25T14:06:54","guid":{"rendered":"https:\/\/lalmachine.com\/?post_type=product&#038;p=64872"},"modified":"2024-12-05T21:51:43","modified_gmt":"2024-12-05T20:51:43","slug":"poster-geant-de-john-matos","status":"publish","type":"product","link":"https:\/\/lalmachine.com\/de\/shop\/decorer\/affiche-carte\/poster-geant-de-john-matos\/","title":{"rendered":"Poster G\u00e9ant de John Matos"},"content":{"rendered":"<ul class=\"wpuf_customs\"><li style=\"list-style-type:none;\"><label>Autres photos:<\/label> <a href=\"https:\/\/lalmachine.com\/wp-content\/uploads\/2021\/08\/9F07CE64-C680-48AD-9454-E8FAB48A20A6-a155fbca.jpeg\"><img loading=\"lazy\" decoding=\"async\" width=\"72\" height=\"96\" src=\"https:\/\/lalmachine.com\/wp-content\/uploads\/2021\/08\/9F07CE64-C680-48AD-9454-E8FAB48A20A6-a155fbca.jpeg\" class=\"attachment-thumbnail size-thumbnail\" alt=\"\" \/><\/a> <a href=\"https:\/\/lalmachine.com\/wp-content\/uploads\/2021\/08\/BE34982F-1FFE-4BAF-9DC4-62B4D6A12E20-85ad7892.jpeg\"><img loading=\"lazy\" decoding=\"async\" width=\"72\" height=\"96\" src=\"https:\/\/lalmachine.com\/wp-content\/uploads\/2021\/08\/BE34982F-1FFE-4BAF-9DC4-62B4D6A12E20-85ad7892.jpeg\" class=\"attachment-thumbnail size-thumbnail\" alt=\"\" \/><\/a> <a href=\"https:\/\/lalmachine.com\/wp-content\/uploads\/2021\/08\/D23FA237-63F6-4B97-87BC-697A05DD72DD-ffc1b12f.jpeg\"><img loading=\"lazy\" decoding=\"async\" width=\"72\" height=\"96\" src=\"https:\/\/lalmachine.com\/wp-content\/uploads\/2021\/08\/D23FA237-63F6-4B97-87BC-697A05DD72DD-ffc1b12f.jpeg\" class=\"attachment-thumbnail size-thumbnail\" alt=\"\" \/><\/a> <a href=\"https:\/\/lalmachine.com\/wp-content\/uploads\/2021\/08\/EF0F6CF3-C2E3-45DE-BB43-FD20D19A5F71-b21ba0ad.jpeg\"><img loading=\"lazy\" decoding=\"async\" width=\"72\" height=\"96\" src=\"https:\/\/lalmachine.com\/wp-content\/uploads\/2021\/08\/EF0F6CF3-C2E3-45DE-BB43-FD20D19A5F71-b21ba0ad.jpeg\" class=\"attachment-thumbnail size-thumbnail\" alt=\"\" \/><\/a> <a href=\"https:\/\/lalmachine.com\/wp-content\/uploads\/2021\/08\/9627A07A-944C-4779-B91C-923C7209836E-a0f3d037.jpeg\"><img loading=\"lazy\" decoding=\"async\" width=\"72\" height=\"96\" src=\"https:\/\/lalmachine.com\/wp-content\/uploads\/2021\/08\/9627A07A-944C-4779-B91C-923C7209836E-a0f3d037.jpeg\" class=\"attachment-thumbnail size-thumbnail\" alt=\"\" \/><\/a> <a href=\"https:\/\/lalmachine.com\/wp-content\/uploads\/2021\/08\/12A74359-9DAA-4159-962A-F2685AC958FE-7c5b1f8d.jpeg\"><img loading=\"lazy\" decoding=\"async\" width=\"72\" height=\"96\" src=\"https:\/\/lalmachine.com\/wp-content\/uploads\/2021\/08\/12A74359-9DAA-4159-962A-F2685AC958FE-7c5b1f8d.jpeg\" class=\"attachment-thumbnail size-thumbnail\" alt=\"\" \/><\/a> <\/li>        <li class=\"wpuf-field-data wpuf-field-data-numeric_text_field\">\n                            <label>Prix:<\/label>\n                        200        <\/li>\n                <li class=\"wpuf-field-data wpuf-field-data-numeric_text_field\">\n                            <label>Quantit\u00e9:<\/label>\n                        0        <\/li>\n                <li class=\"wpuf-field-data wpuf-field-data-numeric_text_field\">\n                            <label>Hauteur (cm):<\/label>\n                        103        <\/li>\n                <li class=\"wpuf-field-data wpuf-field-data-numeric_text_field\">\n                            <label>Largeur (cm):<\/label>\n                        73        <\/li>\n                <li class=\"wpuf-field-data wpuf-field-data-numeric_text_field\">\n                            <label>Profondeur (cm):<\/label>\n                        4        <\/li>\n        <\/ul>","protected":false},"excerpt":{"rendered":"<p>Poster g\u00e9ant de l\u2019artiste am\u00e9ricain John Matos alias \u00ab\u00a0Crash\u00a0\u00bb dat\u00e9 de 2013.<br \/>\nL\u2019artiste ne en 1961 est une figure internationale du street art et expos\u00e9 dans de nombreuses galeries entre autres le MOMA de New-York.<\/p>\n<p>L\u2019Impression grand format est en bel \u00e9tat !<\/p>\n<p>Lieferung<br \/>\nGen\u00e8ve: 25.-<br \/>\nLausanne: 25.-<br \/>\nAutres villes sur demande, remise en mains propres de pr\u00e9f\u00e9rence<\/p>","protected":false},"featured_media":64890,"template":"","meta":{"_et_pb_use_builder":"","_et_pb_old_content":"","_et_gb_content_width":""},"product_brand":[],"product_cat":[95,50],"product_tag":[],"proximite":[281,179],"class_list":{"0":"post-64872","1":"product","2":"type-product","3":"status-publish","4":"has-post-thumbnail","6":"product_cat-affiche-carte","7":"product_cat-decorer","8":"product_shipping_class-livraison-par-le-vendeur","9":"pa_couleur-multicolore","10":"pa_designer-autres-designers","11":"pa_etat-tres-bon-etat","12":"pa_materiau-papier-carton","13":"pa_style-art-contemporain","14":"proximite-nyon","15":"proximite-vaud","17":"first","18":"outofstock","19":"sale","20":"shipping-taxable","21":"purchasable","22":"product-type-simple"},"yoast_head":"<!-- This site is optimized with the Yoast SEO plugin v27.4 - https:\/\/yoast.com\/product\/yoast-seo-wordpress\/ -->\n<title>Poster G\u00e9ant de John Matos | lalmachine.com, mobilier et objets d\u00e9co vintage et design<\/title>\n<meta name=\"description\" content=\"Poster g\u00e9ant de l\u2019artiste am\u00e9ricain John Matos alias \u00ab\u00a0Crash\u00a0\u00bb dat\u00e9 de 2013.L\u2019artiste ne en 1961 est une figure internationale du street art et expos\u00e9 dans de nombreuses galeries entre autres le MOMA de New-York.\" \/>\n<meta name=\"robots\" content=\"index, follow, max-snippet:-1, max-image-preview:large, max-video-preview:-1\" \/>\n<link rel=\"canonical\" href=\"https:\/\/lalmachine.com\/de\/shop\/decorer\/affiche-carte\/poster-geant-de-john-matos\/\" \/>\n<meta property=\"og:locale\" content=\"de_DE\" \/>\n<meta property=\"og:type\" content=\"article\" \/>\n<meta property=\"og:title\" content=\"Poster G\u00e9ant de John Matos | lalmachine.com, mobilier et objets d\u00e9co vintage et design\" \/>\n<meta property=\"og:description\" content=\"Poster g\u00e9ant de l\u2019artiste am\u00e9ricain John Matos alias \u00ab\u00a0Crash\u00a0\u00bb dat\u00e9 de 2013.L\u2019artiste ne en 1961 est une figure internationale du street art et expos\u00e9 dans de nombreuses galeries entre autres le MOMA de New-York.\" \/>\n<meta property=\"og:url\" content=\"https:\/\/lalmachine.com\/de\/shop\/decorer\/affiche-carte\/poster-geant-de-john-matos\/\" \/>\n<meta property=\"og:site_name\" content=\"lalmachine.com\" \/>\n<meta property=\"article:publisher\" content=\"https:\/\/facebook.com\/lalmachine\" \/>\n<meta property=\"article:modified_time\" content=\"2024-12-05T20:51:43+00:00\" \/>\n<meta property=\"og:image\" content=\"https:\/\/lalmachine.com\/wp-content\/uploads\/2021\/08\/219E7CCB-3F9E-4CA3-BA06-BCDE676D5FE5-fed9e1f9_clipped_rev_1.jpeg\" \/>\n\t<meta property=\"og:image:width\" content=\"4347\" \/>\n\t<meta property=\"og:image:height\" content=\"4347\" \/>\n\t<meta property=\"og:image:type\" content=\"image\/jpeg\" \/>\n<meta name=\"twitter:card\" content=\"summary_large_image\" \/>\n<script type=\"application\/ld+json\" class=\"yoast-schema-graph\">{\"@context\":\"https:\\\/\\\/schema.org\",\"@graph\":[{\"@type\":\"WebPage\",\"@id\":\"https:\\\/\\\/lalmachine.com\\\/shop\\\/decorer\\\/affiche-carte\\\/poster-geant-de-john-matos\\\/\",\"url\":\"https:\\\/\\\/lalmachine.com\\\/shop\\\/decorer\\\/affiche-carte\\\/poster-geant-de-john-matos\\\/\",\"name\":\"Poster G\u00e9ant de John Matos | lalmachine.com, mobilier et objets d\u00e9co vintage et design\",\"isPartOf\":{\"@id\":\"https:\\\/\\\/lalmachine.com\\\/#website\"},\"primaryImageOfPage\":{\"@id\":\"https:\\\/\\\/lalmachine.com\\\/shop\\\/decorer\\\/affiche-carte\\\/poster-geant-de-john-matos\\\/#primaryimage\"},\"image\":{\"@id\":\"https:\\\/\\\/lalmachine.com\\\/shop\\\/decorer\\\/affiche-carte\\\/poster-geant-de-john-matos\\\/#primaryimage\"},\"thumbnailUrl\":\"https:\\\/\\\/lalmachine.com\\\/wp-content\\\/uploads\\\/2021\\\/08\\\/219E7CCB-3F9E-4CA3-BA06-BCDE676D5FE5-fed9e1f9_clipped_rev_1.jpeg\",\"datePublished\":\"2023-10-25T14:06:54+00:00\",\"dateModified\":\"2024-12-05T20:51:43+00:00\",\"description\":\"Poster g\u00e9ant de l\u2019artiste am\u00e9ricain John Matos alias \u00ab\u00a0Crash\u00a0\u00bb dat\u00e9 de 2013.L\u2019artiste ne en 1961 est une figure internationale du street art et expos\u00e9 dans de nombreuses galeries entre autres le MOMA de New-York.\",\"breadcrumb\":{\"@id\":\"https:\\\/\\\/lalmachine.com\\\/shop\\\/decorer\\\/affiche-carte\\\/poster-geant-de-john-matos\\\/#breadcrumb\"},\"inLanguage\":\"de\",\"potentialAction\":[{\"@type\":\"ReadAction\",\"target\":[\"https:\\\/\\\/lalmachine.com\\\/shop\\\/decorer\\\/affiche-carte\\\/poster-geant-de-john-matos\\\/\"]}]},{\"@type\":\"ImageObject\",\"inLanguage\":\"de\",\"@id\":\"https:\\\/\\\/lalmachine.com\\\/shop\\\/decorer\\\/affiche-carte\\\/poster-geant-de-john-matos\\\/#primaryimage\",\"url\":\"https:\\\/\\\/lalmachine.com\\\/wp-content\\\/uploads\\\/2021\\\/08\\\/219E7CCB-3F9E-4CA3-BA06-BCDE676D5FE5-fed9e1f9_clipped_rev_1.jpeg\",\"contentUrl\":\"https:\\\/\\\/lalmachine.com\\\/wp-content\\\/uploads\\\/2021\\\/08\\\/219E7CCB-3F9E-4CA3-BA06-BCDE676D5FE5-fed9e1f9_clipped_rev_1.jpeg\",\"width\":4347,\"height\":4347,\"caption\":\"Poster G\u00e9ant de John Matos\"},{\"@type\":\"BreadcrumbList\",\"@id\":\"https:\\\/\\\/lalmachine.com\\\/shop\\\/decorer\\\/affiche-carte\\\/poster-geant-de-john-matos\\\/#breadcrumb\",\"itemListElement\":[{\"@type\":\"ListItem\",\"position\":1,\"name\":\"Accueil\",\"item\":\"https:\\\/\\\/lalmachine.com\\\/\"},{\"@type\":\"ListItem\",\"position\":2,\"name\":\"Shop\",\"item\":\"https:\\\/\\\/lalmachine.com\\\/shop\\\/\"},{\"@type\":\"ListItem\",\"position\":3,\"name\":\"Poster G\u00e9ant de John Matos\"}]},{\"@type\":\"WebSite\",\"@id\":\"https:\\\/\\\/lalmachine.com\\\/#website\",\"url\":\"https:\\\/\\\/lalmachine.com\\\/\",\"name\":\"lalmachine.com\",\"description\":\"Brocante en ligne Suisse | Mobilier et objets d\u00e9co vintage et design\",\"potentialAction\":[{\"@type\":\"SearchAction\",\"target\":{\"@type\":\"EntryPoint\",\"urlTemplate\":\"https:\\\/\\\/lalmachine.com\\\/?s={search_term_string}\"},\"query-input\":{\"@type\":\"PropertyValueSpecification\",\"valueRequired\":true,\"valueName\":\"search_term_string\"}}],\"inLanguage\":\"de\"}]}<\/script>\n<!-- \/ Yoast SEO plugin. -->","yoast_head_json":{"title":"Poster G\u00e9ant de John Matos | lalmachine.com, mobilier et objets d\u00e9co vintage et design","description":"Poster g\u00e9ant de l\u2019artiste am\u00e9ricain John Matos alias \u00ab\u00a0Crash\u00a0\u00bb dat\u00e9 de 2013.L\u2019artiste ne en 1961 est une figure internationale du street art et expos\u00e9 dans de nombreuses galeries entre autres le MOMA de New-York.","robots":{"index":"index","follow":"follow","max-snippet":"max-snippet:-1","max-image-preview":"max-image-preview:large","max-video-preview":"max-video-preview:-1"},"canonical":"https:\/\/lalmachine.com\/de\/shop\/decorer\/affiche-carte\/poster-geant-de-john-matos\/","og_locale":"de_DE","og_type":"article","og_title":"Poster G\u00e9ant de John Matos | lalmachine.com, mobilier et objets d\u00e9co vintage et design","og_description":"Poster g\u00e9ant de l\u2019artiste am\u00e9ricain John Matos alias \u00ab\u00a0Crash\u00a0\u00bb dat\u00e9 de 2013.L\u2019artiste ne en 1961 est une figure internationale du street art et expos\u00e9 dans de nombreuses galeries entre autres le MOMA de New-York.","og_url":"https:\/\/lalmachine.com\/de\/shop\/decorer\/affiche-carte\/poster-geant-de-john-matos\/","og_site_name":"lalmachine.com","article_publisher":"https:\/\/facebook.com\/lalmachine","article_modified_time":"2024-12-05T20:51:43+00:00","og_image":[{"width":4347,"height":4347,"url":"https:\/\/lalmachine.com\/wp-content\/uploads\/2021\/08\/219E7CCB-3F9E-4CA3-BA06-BCDE676D5FE5-fed9e1f9_clipped_rev_1.jpeg","type":"image\/jpeg"}],"twitter_card":"summary_large_image","schema":{"@context":"https:\/\/schema.org","@graph":[{"@type":"WebPage","@id":"https:\/\/lalmachine.com\/shop\/decorer\/affiche-carte\/poster-geant-de-john-matos\/","url":"https:\/\/lalmachine.com\/shop\/decorer\/affiche-carte\/poster-geant-de-john-matos\/","name":"Poster G\u00e9ant de John Matos | lalmachine.com, mobilier et objets d\u00e9co vintage et design","isPartOf":{"@id":"https:\/\/lalmachine.com\/#website"},"primaryImageOfPage":{"@id":"https:\/\/lalmachine.com\/shop\/decorer\/affiche-carte\/poster-geant-de-john-matos\/#primaryimage"},"image":{"@id":"https:\/\/lalmachine.com\/shop\/decorer\/affiche-carte\/poster-geant-de-john-matos\/#primaryimage"},"thumbnailUrl":"https:\/\/lalmachine.com\/wp-content\/uploads\/2021\/08\/219E7CCB-3F9E-4CA3-BA06-BCDE676D5FE5-fed9e1f9_clipped_rev_1.jpeg","datePublished":"2023-10-25T14:06:54+00:00","dateModified":"2024-12-05T20:51:43+00:00","description":"Poster g\u00e9ant de l\u2019artiste am\u00e9ricain John Matos alias \u00ab\u00a0Crash\u00a0\u00bb dat\u00e9 de 2013.L\u2019artiste ne en 1961 est une figure internationale du street art et expos\u00e9 dans de nombreuses galeries entre autres le MOMA de New-York.","breadcrumb":{"@id":"https:\/\/lalmachine.com\/shop\/decorer\/affiche-carte\/poster-geant-de-john-matos\/#breadcrumb"},"inLanguage":"de","potentialAction":[{"@type":"ReadAction","target":["https:\/\/lalmachine.com\/shop\/decorer\/affiche-carte\/poster-geant-de-john-matos\/"]}]},{"@type":"ImageObject","inLanguage":"de","@id":"https:\/\/lalmachine.com\/shop\/decorer\/affiche-carte\/poster-geant-de-john-matos\/#primaryimage","url":"https:\/\/lalmachine.com\/wp-content\/uploads\/2021\/08\/219E7CCB-3F9E-4CA3-BA06-BCDE676D5FE5-fed9e1f9_clipped_rev_1.jpeg","contentUrl":"https:\/\/lalmachine.com\/wp-content\/uploads\/2021\/08\/219E7CCB-3F9E-4CA3-BA06-BCDE676D5FE5-fed9e1f9_clipped_rev_1.jpeg","width":4347,"height":4347,"caption":"Poster G\u00e9ant de John Matos"},{"@type":"BreadcrumbList","@id":"https:\/\/lalmachine.com\/shop\/decorer\/affiche-carte\/poster-geant-de-john-matos\/#breadcrumb","itemListElement":[{"@type":"ListItem","position":1,"name":"Accueil","item":"https:\/\/lalmachine.com\/"},{"@type":"ListItem","position":2,"name":"Shop","item":"https:\/\/lalmachine.com\/shop\/"},{"@type":"ListItem","position":3,"name":"Poster G\u00e9ant de John Matos"}]},{"@type":"WebSite","@id":"https:\/\/lalmachine.com\/#website","url":"https:\/\/lalmachine.com\/","name":"lalmachine.com","description":"Brocante en ligne Suisse | Mobilier et objets d\u00e9co vintage et design","potentialAction":[{"@type":"SearchAction","target":{"@type":"EntryPoint","urlTemplate":"https:\/\/lalmachine.com\/?s={search_term_string}"},"query-input":{"@type":"PropertyValueSpecification","valueRequired":true,"valueName":"search_term_string"}}],"inLanguage":"de"}]}},"_links":{"self":[{"href":"https:\/\/lalmachine.com\/de\/wp-json\/wp\/v2\/product\/64872","targetHints":{"allow":["GET"]}}],"collection":[{"href":"https:\/\/lalmachine.com\/de\/wp-json\/wp\/v2\/product"}],"about":[{"href":"https:\/\/lalmachine.com\/de\/wp-json\/wp\/v2\/types\/product"}],"wp:featuredmedia":[{"embeddable":true,"href":"https:\/\/lalmachine.com\/de\/wp-json\/wp\/v2\/media\/64890"}],"wp:attachment":[{"href":"https:\/\/lalmachine.com\/de\/wp-json\/wp\/v2\/media?parent=64872"}],"wp:term":[{"taxonomy":"product_brand","embeddable":true,"href":"https:\/\/lalmachine.com\/de\/wp-json\/wp\/v2\/product_brand?post=64872"},{"taxonomy":"product_cat","embeddable":true,"href":"https:\/\/lalmachine.com\/de\/wp-json\/wp\/v2\/product_cat?post=64872"},{"taxonomy":"product_tag","embeddable":true,"href":"https:\/\/lalmachine.com\/de\/wp-json\/wp\/v2\/product_tag?post=64872"},{"taxonomy":"proximite","embeddable":true,"href":"https:\/\/lalmachine.com\/de\/wp-json\/wp\/v2\/proximite?post=64872"}],"curies":[{"name":"wp","href":"https:\/\/api.w.org\/{rel}","templated":true}]}}