{"id":66247,"date":"2021-08-21T00:24:17","date_gmt":"2021-08-20T22:24:17","guid":{"rendered":"https:\/\/lalmachine.com\/?post_type=product&#038;p=66247"},"modified":"2024-12-05T21:51:46","modified_gmt":"2024-12-05T20:51:46","slug":"porte-bebe-dayak-indonesie","status":"publish","type":"product","link":"https:\/\/lalmachine.com\/de\/shop\/decorer\/objet-de-curiosite\/porte-bebe-dayak-indonesie\/","title":{"rendered":"Porte b\u00e9b\u00e9 Dayak &#8211; Indon\u00e9sie"},"content":{"rendered":"<ul class=\"wpuf_customs\"><li style=\"list-style-type:none;\"><label>Autres photos:<\/label> <a href=\"https:\/\/lalmachine.com\/wp-content\/uploads\/2021\/08\/IMG_6678-f3eb8eb8.jpg\"><img loading=\"lazy\" decoding=\"async\" width=\"72\" height=\"96\" src=\"https:\/\/lalmachine.com\/wp-content\/uploads\/2021\/08\/IMG_6678-f3eb8eb8.jpg\" class=\"attachment-thumbnail size-thumbnail\" alt=\"\" \/><\/a> <a href=\"https:\/\/lalmachine.com\/wp-content\/uploads\/2021\/08\/IMG_6692-f015e821.jpg\"><img loading=\"lazy\" decoding=\"async\" width=\"72\" height=\"96\" src=\"https:\/\/lalmachine.com\/wp-content\/uploads\/2021\/08\/IMG_6692-f015e821.jpg\" class=\"attachment-thumbnail size-thumbnail\" alt=\"\" \/><\/a> <a href=\"https:\/\/lalmachine.com\/wp-content\/uploads\/2021\/08\/IMG_6694-copie-e307cdca.jpg\"><img loading=\"lazy\" decoding=\"async\" width=\"72\" height=\"96\" src=\"https:\/\/lalmachine.com\/wp-content\/uploads\/2021\/08\/IMG_6694-copie-e307cdca.jpg\" class=\"attachment-thumbnail size-thumbnail\" alt=\"\" \/><\/a> <\/li>        <li class=\"wpuf-field-data wpuf-field-data-numeric_text_field\">\n                            <label>Prix:<\/label>\n                        1500        <\/li>\n                <li class=\"wpuf-field-data wpuf-field-data-numeric_text_field\">\n                            <label>Quantit\u00e9:<\/label>\n                        1        <\/li>\n                <li class=\"wpuf-field-data wpuf-field-data-numeric_text_field\">\n                            <label>Hauteur (cm):<\/label>\n                        40        <\/li>\n                <li class=\"wpuf-field-data wpuf-field-data-numeric_text_field\">\n                            <label>Largeur (cm):<\/label>\n                        32        <\/li>\n                <li class=\"wpuf-field-data wpuf-field-data-numeric_text_field\">\n                            <label>Profondeur (cm):<\/label>\n                        30        <\/li>\n        <\/ul>","protected":false},"excerpt":{"rendered":"<p>Porte &#8211; b\u00e9b\u00e9 Dayak des ann\u00e9es 50<br \/>\nLe motif sculpt\u00e9 servait \u00e0 faire peur aux mauvais esprits et ainsi prot\u00e9ger le b\u00e9b\u00e9.<br \/>\nDayak, \u00e9galement orthographi\u00e9 Dyak, n\u00e9erlandais Dajak, les peuples autochtones non musulmans de l&#8217;\u00eele de Born\u00e9o, dont la plupart vivaient traditionnellement le long des rives des plus grands fleuves. Leurs langues appartiennent toutes \u00e0 la branche indon\u00e9sienne de la famille des langues austron\u00e9siennes (malayo-polyn\u00e9siennes).<\/p>","protected":false},"featured_media":66287,"template":"","meta":{"_et_pb_use_builder":"","_et_pb_old_content":"","_et_gb_content_width":""},"product_brand":[],"product_cat":[50,426],"product_tag":[],"proximite":[177,235],"class_list":{"0":"post-66247","1":"product","2":"type-product","3":"status-publish","4":"has-post-thumbnail","6":"product_cat-decorer","7":"product_cat-objet-de-curiosite","8":"pa_couleur-noir","9":"pa_etat-bon-etat","10":"pa_materiau-bois","11":"pa_style-ethnique","12":"proximite-fribourg","13":"proximite-sarine","15":"first","16":"instock","17":"sale","18":"shipping-taxable","19":"purchasable","20":"product-type-simple"},"yoast_head":"<!-- This site is optimized with the Yoast SEO plugin v27.4 - https:\/\/yoast.com\/product\/yoast-seo-wordpress\/ -->\n<title>Porte b\u00e9b\u00e9 Dayak - Indon\u00e9sie | lalmachine.com<\/title>\n<meta name=\"description\" content=\"Porte - b\u00e9b\u00e9 Dayak des ann\u00e9es 50Le motif sculpt\u00e9 servait \u00e0 faire peur aux mauvais esprits et ainsi prot\u00e9ger le b\u00e9b\u00e9.\" \/>\n<meta name=\"robots\" content=\"index, follow, max-snippet:-1, max-image-preview:large, max-video-preview:-1\" \/>\n<link rel=\"canonical\" href=\"https:\/\/lalmachine.com\/de\/shop\/decorer\/objet-de-curiosite\/porte-bebe-dayak-indonesie\/\" \/>\n<meta property=\"og:locale\" content=\"de_DE\" \/>\n<meta property=\"og:type\" content=\"article\" \/>\n<meta property=\"og:title\" content=\"Porte b\u00e9b\u00e9 Dayak - Indon\u00e9sie | lalmachine.com\" \/>\n<meta property=\"og:description\" content=\"Porte - b\u00e9b\u00e9 Dayak des ann\u00e9es 50Le motif sculpt\u00e9 servait \u00e0 faire peur aux mauvais esprits et ainsi prot\u00e9ger le b\u00e9b\u00e9.\" \/>\n<meta property=\"og:url\" content=\"https:\/\/lalmachine.com\/de\/shop\/decorer\/objet-de-curiosite\/porte-bebe-dayak-indonesie\/\" \/>\n<meta property=\"og:site_name\" content=\"lalmachine.com\" \/>\n<meta property=\"article:publisher\" content=\"https:\/\/facebook.com\/lalmachine\" \/>\n<meta property=\"article:modified_time\" content=\"2024-12-05T20:51:46+00:00\" \/>\n<meta property=\"og:image\" content=\"https:\/\/lalmachine.com\/wp-content\/uploads\/2021\/08\/IMG_6691-a4e440db_clipped_rev_1.jpeg\" \/>\n\t<meta property=\"og:image:width\" content=\"5790\" \/>\n\t<meta property=\"og:image:height\" content=\"5790\" \/>\n\t<meta property=\"og:image:type\" content=\"image\/jpeg\" \/>\n<meta name=\"twitter:card\" content=\"summary_large_image\" \/>\n<script type=\"application\/ld+json\" class=\"yoast-schema-graph\">{\"@context\":\"https:\\\/\\\/schema.org\",\"@graph\":[{\"@type\":\"WebPage\",\"@id\":\"https:\\\/\\\/lalmachine.com\\\/shop\\\/decorer\\\/objet-de-curiosite\\\/porte-bebe-dayak-indonesie\\\/\",\"url\":\"https:\\\/\\\/lalmachine.com\\\/shop\\\/decorer\\\/objet-de-curiosite\\\/porte-bebe-dayak-indonesie\\\/\",\"name\":\"Porte b\u00e9b\u00e9 Dayak - Indon\u00e9sie | lalmachine.com\",\"isPartOf\":{\"@id\":\"https:\\\/\\\/lalmachine.com\\\/#website\"},\"primaryImageOfPage\":{\"@id\":\"https:\\\/\\\/lalmachine.com\\\/shop\\\/decorer\\\/objet-de-curiosite\\\/porte-bebe-dayak-indonesie\\\/#primaryimage\"},\"image\":{\"@id\":\"https:\\\/\\\/lalmachine.com\\\/shop\\\/decorer\\\/objet-de-curiosite\\\/porte-bebe-dayak-indonesie\\\/#primaryimage\"},\"thumbnailUrl\":\"https:\\\/\\\/lalmachine.com\\\/wp-content\\\/uploads\\\/2021\\\/08\\\/IMG_6691-a4e440db_clipped_rev_1.jpeg\",\"datePublished\":\"2021-08-20T22:24:17+00:00\",\"dateModified\":\"2024-12-05T20:51:46+00:00\",\"description\":\"Porte - b\u00e9b\u00e9 Dayak des ann\u00e9es 50Le motif sculpt\u00e9 servait \u00e0 faire peur aux mauvais esprits et ainsi prot\u00e9ger le b\u00e9b\u00e9.\",\"breadcrumb\":{\"@id\":\"https:\\\/\\\/lalmachine.com\\\/shop\\\/decorer\\\/objet-de-curiosite\\\/porte-bebe-dayak-indonesie\\\/#breadcrumb\"},\"inLanguage\":\"de\",\"potentialAction\":[{\"@type\":\"ReadAction\",\"target\":[\"https:\\\/\\\/lalmachine.com\\\/shop\\\/decorer\\\/objet-de-curiosite\\\/porte-bebe-dayak-indonesie\\\/\"]}]},{\"@type\":\"ImageObject\",\"inLanguage\":\"de\",\"@id\":\"https:\\\/\\\/lalmachine.com\\\/shop\\\/decorer\\\/objet-de-curiosite\\\/porte-bebe-dayak-indonesie\\\/#primaryimage\",\"url\":\"https:\\\/\\\/lalmachine.com\\\/wp-content\\\/uploads\\\/2021\\\/08\\\/IMG_6691-a4e440db_clipped_rev_1.jpeg\",\"contentUrl\":\"https:\\\/\\\/lalmachine.com\\\/wp-content\\\/uploads\\\/2021\\\/08\\\/IMG_6691-a4e440db_clipped_rev_1.jpeg\",\"width\":5790,\"height\":5790,\"caption\":\"Porte b\u00e9b\u00e9 Dayak - Indon\u00e9sie\"},{\"@type\":\"BreadcrumbList\",\"@id\":\"https:\\\/\\\/lalmachine.com\\\/shop\\\/decorer\\\/objet-de-curiosite\\\/porte-bebe-dayak-indonesie\\\/#breadcrumb\",\"itemListElement\":[{\"@type\":\"ListItem\",\"position\":1,\"name\":\"Accueil\",\"item\":\"https:\\\/\\\/lalmachine.com\\\/\"},{\"@type\":\"ListItem\",\"position\":2,\"name\":\"Shop\",\"item\":\"https:\\\/\\\/lalmachine.com\\\/shop\\\/\"},{\"@type\":\"ListItem\",\"position\":3,\"name\":\"Porte b\u00e9b\u00e9 Dayak &#8211; Indon\u00e9sie\"}]},{\"@type\":\"WebSite\",\"@id\":\"https:\\\/\\\/lalmachine.com\\\/#website\",\"url\":\"https:\\\/\\\/lalmachine.com\\\/\",\"name\":\"lalmachine.com\",\"description\":\"Brocante en ligne Suisse | Mobilier et objets d\u00e9co vintage et design\",\"potentialAction\":[{\"@type\":\"SearchAction\",\"target\":{\"@type\":\"EntryPoint\",\"urlTemplate\":\"https:\\\/\\\/lalmachine.com\\\/?s={search_term_string}\"},\"query-input\":{\"@type\":\"PropertyValueSpecification\",\"valueRequired\":true,\"valueName\":\"search_term_string\"}}],\"inLanguage\":\"de\"}]}<\/script>\n<!-- \/ Yoast SEO plugin. -->","yoast_head_json":{"title":"Porte b\u00e9b\u00e9 Dayak - Indon\u00e9sie | lalmachine.com","description":"Porte - b\u00e9b\u00e9 Dayak des ann\u00e9es 50Le motif sculpt\u00e9 servait \u00e0 faire peur aux mauvais esprits et ainsi prot\u00e9ger le b\u00e9b\u00e9.","robots":{"index":"index","follow":"follow","max-snippet":"max-snippet:-1","max-image-preview":"max-image-preview:large","max-video-preview":"max-video-preview:-1"},"canonical":"https:\/\/lalmachine.com\/de\/shop\/decorer\/objet-de-curiosite\/porte-bebe-dayak-indonesie\/","og_locale":"de_DE","og_type":"article","og_title":"Porte b\u00e9b\u00e9 Dayak - Indon\u00e9sie | lalmachine.com","og_description":"Porte - b\u00e9b\u00e9 Dayak des ann\u00e9es 50Le motif sculpt\u00e9 servait \u00e0 faire peur aux mauvais esprits et ainsi prot\u00e9ger le b\u00e9b\u00e9.","og_url":"https:\/\/lalmachine.com\/de\/shop\/decorer\/objet-de-curiosite\/porte-bebe-dayak-indonesie\/","og_site_name":"lalmachine.com","article_publisher":"https:\/\/facebook.com\/lalmachine","article_modified_time":"2024-12-05T20:51:46+00:00","og_image":[{"width":5790,"height":5790,"url":"https:\/\/lalmachine.com\/wp-content\/uploads\/2021\/08\/IMG_6691-a4e440db_clipped_rev_1.jpeg","type":"image\/jpeg"}],"twitter_card":"summary_large_image","schema":{"@context":"https:\/\/schema.org","@graph":[{"@type":"WebPage","@id":"https:\/\/lalmachine.com\/shop\/decorer\/objet-de-curiosite\/porte-bebe-dayak-indonesie\/","url":"https:\/\/lalmachine.com\/shop\/decorer\/objet-de-curiosite\/porte-bebe-dayak-indonesie\/","name":"Porte b\u00e9b\u00e9 Dayak - Indon\u00e9sie | lalmachine.com","isPartOf":{"@id":"https:\/\/lalmachine.com\/#website"},"primaryImageOfPage":{"@id":"https:\/\/lalmachine.com\/shop\/decorer\/objet-de-curiosite\/porte-bebe-dayak-indonesie\/#primaryimage"},"image":{"@id":"https:\/\/lalmachine.com\/shop\/decorer\/objet-de-curiosite\/porte-bebe-dayak-indonesie\/#primaryimage"},"thumbnailUrl":"https:\/\/lalmachine.com\/wp-content\/uploads\/2021\/08\/IMG_6691-a4e440db_clipped_rev_1.jpeg","datePublished":"2021-08-20T22:24:17+00:00","dateModified":"2024-12-05T20:51:46+00:00","description":"Porte - b\u00e9b\u00e9 Dayak des ann\u00e9es 50Le motif sculpt\u00e9 servait \u00e0 faire peur aux mauvais esprits et ainsi prot\u00e9ger le b\u00e9b\u00e9.","breadcrumb":{"@id":"https:\/\/lalmachine.com\/shop\/decorer\/objet-de-curiosite\/porte-bebe-dayak-indonesie\/#breadcrumb"},"inLanguage":"de","potentialAction":[{"@type":"ReadAction","target":["https:\/\/lalmachine.com\/shop\/decorer\/objet-de-curiosite\/porte-bebe-dayak-indonesie\/"]}]},{"@type":"ImageObject","inLanguage":"de","@id":"https:\/\/lalmachine.com\/shop\/decorer\/objet-de-curiosite\/porte-bebe-dayak-indonesie\/#primaryimage","url":"https:\/\/lalmachine.com\/wp-content\/uploads\/2021\/08\/IMG_6691-a4e440db_clipped_rev_1.jpeg","contentUrl":"https:\/\/lalmachine.com\/wp-content\/uploads\/2021\/08\/IMG_6691-a4e440db_clipped_rev_1.jpeg","width":5790,"height":5790,"caption":"Porte b\u00e9b\u00e9 Dayak - Indon\u00e9sie"},{"@type":"BreadcrumbList","@id":"https:\/\/lalmachine.com\/shop\/decorer\/objet-de-curiosite\/porte-bebe-dayak-indonesie\/#breadcrumb","itemListElement":[{"@type":"ListItem","position":1,"name":"Accueil","item":"https:\/\/lalmachine.com\/"},{"@type":"ListItem","position":2,"name":"Shop","item":"https:\/\/lalmachine.com\/shop\/"},{"@type":"ListItem","position":3,"name":"Porte b\u00e9b\u00e9 Dayak &#8211; Indon\u00e9sie"}]},{"@type":"WebSite","@id":"https:\/\/lalmachine.com\/#website","url":"https:\/\/lalmachine.com\/","name":"lalmachine.com","description":"Brocante en ligne Suisse | Mobilier et objets d\u00e9co vintage et design","potentialAction":[{"@type":"SearchAction","target":{"@type":"EntryPoint","urlTemplate":"https:\/\/lalmachine.com\/?s={search_term_string}"},"query-input":{"@type":"PropertyValueSpecification","valueRequired":true,"valueName":"search_term_string"}}],"inLanguage":"de"}]}},"_links":{"self":[{"href":"https:\/\/lalmachine.com\/de\/wp-json\/wp\/v2\/product\/66247","targetHints":{"allow":["GET"]}}],"collection":[{"href":"https:\/\/lalmachine.com\/de\/wp-json\/wp\/v2\/product"}],"about":[{"href":"https:\/\/lalmachine.com\/de\/wp-json\/wp\/v2\/types\/product"}],"wp:featuredmedia":[{"embeddable":true,"href":"https:\/\/lalmachine.com\/de\/wp-json\/wp\/v2\/media\/66287"}],"wp:attachment":[{"href":"https:\/\/lalmachine.com\/de\/wp-json\/wp\/v2\/media?parent=66247"}],"wp:term":[{"taxonomy":"product_brand","embeddable":true,"href":"https:\/\/lalmachine.com\/de\/wp-json\/wp\/v2\/product_brand?post=66247"},{"taxonomy":"product_cat","embeddable":true,"href":"https:\/\/lalmachine.com\/de\/wp-json\/wp\/v2\/product_cat?post=66247"},{"taxonomy":"product_tag","embeddable":true,"href":"https:\/\/lalmachine.com\/de\/wp-json\/wp\/v2\/product_tag?post=66247"},{"taxonomy":"proximite","embeddable":true,"href":"https:\/\/lalmachine.com\/de\/wp-json\/wp\/v2\/proximite?post=66247"}],"curies":[{"name":"wp","href":"https:\/\/api.w.org\/{rel}","templated":true}]}}