{"id":66365,"date":"2021-08-22T19:08:21","date_gmt":"2021-08-22T17:08:21","guid":{"rendered":"https:\/\/lalmachine.com\/?post_type=product&#038;p=66365"},"modified":"2024-12-05T21:51:47","modified_gmt":"2024-12-05T20:51:47","slug":"eau-forte-mirabelle-datant-de-1800","status":"publish","type":"product","link":"https:\/\/lalmachine.com\/de\/shop\/decorer\/affiche-carte\/eau-forte-mirabelle-datant-de-1800\/","title":{"rendered":"Eau-forte &#8220;Mirabelle&#8221; datant de 1800"},"content":{"rendered":"<ul class=\"wpuf_customs\"><li style=\"list-style-type:none;\"><label>Autres photos:<\/label> <a href=\"https:\/\/lalmachine.com\/wp-content\/uploads\/2021\/08\/IMG_7903-ec3c96af.jpeg\"><img loading=\"lazy\" decoding=\"async\" width=\"72\" height=\"96\" src=\"https:\/\/lalmachine.com\/wp-content\/uploads\/2021\/08\/IMG_7903-ec3c96af.jpeg\" class=\"attachment-thumbnail size-thumbnail\" alt=\"\" \/><\/a> <a href=\"https:\/\/lalmachine.com\/wp-content\/uploads\/2021\/08\/IMG_7904-3814e932.jpeg\"><img loading=\"lazy\" decoding=\"async\" width=\"72\" height=\"96\" src=\"https:\/\/lalmachine.com\/wp-content\/uploads\/2021\/08\/IMG_7904-3814e932.jpeg\" class=\"attachment-thumbnail size-thumbnail\" alt=\"\" \/><\/a> <a href=\"https:\/\/lalmachine.com\/wp-content\/uploads\/2021\/08\/IMG_7905-9bb80878.jpeg\"><img loading=\"lazy\" decoding=\"async\" width=\"72\" height=\"96\" src=\"https:\/\/lalmachine.com\/wp-content\/uploads\/2021\/08\/IMG_7905-9bb80878.jpeg\" class=\"attachment-thumbnail size-thumbnail\" alt=\"\" \/><\/a> <\/li>        <li class=\"wpuf-field-data wpuf-field-data-numeric_text_field\">\n                            <label>Prix:<\/label>\n                        390        <\/li>\n                <li class=\"wpuf-field-data wpuf-field-data-numeric_text_field\">\n                            <label>Quantit\u00e9:<\/label>\n                        1        <\/li>\n                <li class=\"wpuf-field-data wpuf-field-data-numeric_text_field\">\n                            <label>Hauteur (cm):<\/label>\n                        45        <\/li>\n                <li class=\"wpuf-field-data wpuf-field-data-numeric_text_field\">\n                            <label>Largeur (cm):<\/label>\n                        39        <\/li>\n                <li class=\"wpuf-field-data wpuf-field-data-numeric_text_field\">\n                            <label>Profondeur (cm):<\/label>\n                        3        <\/li>\n        <\/ul>","protected":false},"excerpt":{"rendered":"<p>Eau-forte &#8220;Mirabelle&#8221; par Bessa avec passe partout \u00e0 la feuille d&#8217;or. Encadrement d&#8217;origine r\u00e9alis\u00e9 \u00e0 Florence en 1800 par la maison Bottega delle Stampe.<\/p>","protected":false},"featured_media":66458,"template":"","meta":{"_et_pb_use_builder":"","_et_pb_old_content":"","_et_gb_content_width":""},"product_brand":[],"product_cat":[95,50],"product_tag":[],"proximite":[177,235],"class_list":{"0":"post-66365","1":"product","2":"type-product","3":"status-publish","4":"has-post-thumbnail","6":"product_cat-affiche-carte","7":"product_cat-decorer","8":"product_shipping_class-2-10-kg","9":"pa_couleur-multicolore","10":"pa_etat-tres-bon-etat","11":"pa_materiau-papier-carton","12":"pa_style-vintage","13":"proximite-fribourg","14":"proximite-sarine","16":"first","17":"instock","18":"shipping-taxable","19":"purchasable","20":"product-type-simple"},"yoast_head":"<!-- This site is optimized with the Yoast SEO plugin v27.4 - https:\/\/yoast.com\/product\/yoast-seo-wordpress\/ -->\n<title>Eau-forte &quot;Mirabelle&quot; datant de 1800 | lalmachine.com, mobilier et objets d\u00e9co vintage et design<\/title>\n<meta name=\"description\" content=\"Eau-forte &quot;Mirabelle&quot; par Bessa avec passe partout \u00e0 la feuille d&#039;or\" \/>\n<meta name=\"robots\" content=\"index, follow, max-snippet:-1, max-image-preview:large, max-video-preview:-1\" \/>\n<link rel=\"canonical\" href=\"https:\/\/lalmachine.com\/de\/shop\/decorer\/affiche-carte\/eau-forte-mirabelle-datant-de-1800\/\" \/>\n<meta property=\"og:locale\" content=\"de_DE\" \/>\n<meta property=\"og:type\" content=\"article\" \/>\n<meta property=\"og:title\" content=\"Eau-forte &quot;Mirabelle&quot; datant de 1800 | lalmachine.com, mobilier et objets d\u00e9co vintage et design\" \/>\n<meta property=\"og:description\" content=\"Eau-forte &quot;Mirabelle&quot; par Bessa avec passe partout \u00e0 la feuille d&#039;or\" \/>\n<meta property=\"og:url\" content=\"https:\/\/lalmachine.com\/de\/shop\/decorer\/affiche-carte\/eau-forte-mirabelle-datant-de-1800\/\" \/>\n<meta property=\"og:site_name\" content=\"lalmachine.com\" \/>\n<meta property=\"article:publisher\" content=\"https:\/\/facebook.com\/lalmachine\" \/>\n<meta property=\"article:modified_time\" content=\"2024-12-05T20:51:47+00:00\" \/>\n<meta property=\"og:image\" content=\"https:\/\/lalmachine.com\/wp-content\/uploads\/2021\/08\/IMG_7902-1433cb30_clipped_rev_1.jpg\" \/>\n\t<meta property=\"og:image:width\" content=\"5790\" \/>\n\t<meta property=\"og:image:height\" content=\"5790\" \/>\n\t<meta property=\"og:image:type\" content=\"image\/jpeg\" \/>\n<meta name=\"twitter:card\" content=\"summary_large_image\" \/>\n<script type=\"application\/ld+json\" class=\"yoast-schema-graph\">{\"@context\":\"https:\\\/\\\/schema.org\",\"@graph\":[{\"@type\":\"WebPage\",\"@id\":\"https:\\\/\\\/lalmachine.com\\\/shop\\\/decorer\\\/affiche-carte\\\/eau-forte-mirabelle-datant-de-1800\\\/\",\"url\":\"https:\\\/\\\/lalmachine.com\\\/shop\\\/decorer\\\/affiche-carte\\\/eau-forte-mirabelle-datant-de-1800\\\/\",\"name\":\"Eau-forte \\\"Mirabelle\\\" datant de 1800 | lalmachine.com, mobilier et objets d\u00e9co vintage et design\",\"isPartOf\":{\"@id\":\"https:\\\/\\\/lalmachine.com\\\/#website\"},\"primaryImageOfPage\":{\"@id\":\"https:\\\/\\\/lalmachine.com\\\/shop\\\/decorer\\\/affiche-carte\\\/eau-forte-mirabelle-datant-de-1800\\\/#primaryimage\"},\"image\":{\"@id\":\"https:\\\/\\\/lalmachine.com\\\/shop\\\/decorer\\\/affiche-carte\\\/eau-forte-mirabelle-datant-de-1800\\\/#primaryimage\"},\"thumbnailUrl\":\"https:\\\/\\\/lalmachine.com\\\/wp-content\\\/uploads\\\/2021\\\/08\\\/IMG_7902-1433cb30_clipped_rev_1.jpg\",\"datePublished\":\"2021-08-22T17:08:21+00:00\",\"dateModified\":\"2024-12-05T20:51:47+00:00\",\"description\":\"Eau-forte \\\"Mirabelle\\\" par Bessa avec passe partout \u00e0 la feuille d'or\",\"breadcrumb\":{\"@id\":\"https:\\\/\\\/lalmachine.com\\\/shop\\\/decorer\\\/affiche-carte\\\/eau-forte-mirabelle-datant-de-1800\\\/#breadcrumb\"},\"inLanguage\":\"de\",\"potentialAction\":[{\"@type\":\"ReadAction\",\"target\":[\"https:\\\/\\\/lalmachine.com\\\/shop\\\/decorer\\\/affiche-carte\\\/eau-forte-mirabelle-datant-de-1800\\\/\"]}]},{\"@type\":\"ImageObject\",\"inLanguage\":\"de\",\"@id\":\"https:\\\/\\\/lalmachine.com\\\/shop\\\/decorer\\\/affiche-carte\\\/eau-forte-mirabelle-datant-de-1800\\\/#primaryimage\",\"url\":\"https:\\\/\\\/lalmachine.com\\\/wp-content\\\/uploads\\\/2021\\\/08\\\/IMG_7902-1433cb30_clipped_rev_1.jpg\",\"contentUrl\":\"https:\\\/\\\/lalmachine.com\\\/wp-content\\\/uploads\\\/2021\\\/08\\\/IMG_7902-1433cb30_clipped_rev_1.jpg\",\"width\":5790,\"height\":5790,\"caption\":\"Eau-forte \\\"Mirabelle\\\"\"},{\"@type\":\"BreadcrumbList\",\"@id\":\"https:\\\/\\\/lalmachine.com\\\/shop\\\/decorer\\\/affiche-carte\\\/eau-forte-mirabelle-datant-de-1800\\\/#breadcrumb\",\"itemListElement\":[{\"@type\":\"ListItem\",\"position\":1,\"name\":\"Accueil\",\"item\":\"https:\\\/\\\/lalmachine.com\\\/\"},{\"@type\":\"ListItem\",\"position\":2,\"name\":\"Shop\",\"item\":\"https:\\\/\\\/lalmachine.com\\\/shop\\\/\"},{\"@type\":\"ListItem\",\"position\":3,\"name\":\"Eau-forte &#8220;Mirabelle&#8221; datant de 1800\"}]},{\"@type\":\"WebSite\",\"@id\":\"https:\\\/\\\/lalmachine.com\\\/#website\",\"url\":\"https:\\\/\\\/lalmachine.com\\\/\",\"name\":\"lalmachine.com\",\"description\":\"Brocante en ligne Suisse | Mobilier et objets d\u00e9co vintage et design\",\"potentialAction\":[{\"@type\":\"SearchAction\",\"target\":{\"@type\":\"EntryPoint\",\"urlTemplate\":\"https:\\\/\\\/lalmachine.com\\\/?s={search_term_string}\"},\"query-input\":{\"@type\":\"PropertyValueSpecification\",\"valueRequired\":true,\"valueName\":\"search_term_string\"}}],\"inLanguage\":\"de\"}]}<\/script>\n<!-- \/ Yoast SEO plugin. -->","yoast_head_json":{"title":"Eau-forte \"Mirabelle\" datant de 1800 | lalmachine.com, mobilier et objets d\u00e9co vintage et design","description":"Eau-forte \"Mirabelle\" par Bessa avec passe partout \u00e0 la feuille d'or","robots":{"index":"index","follow":"follow","max-snippet":"max-snippet:-1","max-image-preview":"max-image-preview:large","max-video-preview":"max-video-preview:-1"},"canonical":"https:\/\/lalmachine.com\/de\/shop\/decorer\/affiche-carte\/eau-forte-mirabelle-datant-de-1800\/","og_locale":"de_DE","og_type":"article","og_title":"Eau-forte \"Mirabelle\" datant de 1800 | lalmachine.com, mobilier et objets d\u00e9co vintage et design","og_description":"Eau-forte \"Mirabelle\" par Bessa avec passe partout \u00e0 la feuille d'or","og_url":"https:\/\/lalmachine.com\/de\/shop\/decorer\/affiche-carte\/eau-forte-mirabelle-datant-de-1800\/","og_site_name":"lalmachine.com","article_publisher":"https:\/\/facebook.com\/lalmachine","article_modified_time":"2024-12-05T20:51:47+00:00","og_image":[{"width":5790,"height":5790,"url":"https:\/\/lalmachine.com\/wp-content\/uploads\/2021\/08\/IMG_7902-1433cb30_clipped_rev_1.jpg","type":"image\/jpeg"}],"twitter_card":"summary_large_image","schema":{"@context":"https:\/\/schema.org","@graph":[{"@type":"WebPage","@id":"https:\/\/lalmachine.com\/shop\/decorer\/affiche-carte\/eau-forte-mirabelle-datant-de-1800\/","url":"https:\/\/lalmachine.com\/shop\/decorer\/affiche-carte\/eau-forte-mirabelle-datant-de-1800\/","name":"Eau-forte \"Mirabelle\" datant de 1800 | lalmachine.com, mobilier et objets d\u00e9co vintage et design","isPartOf":{"@id":"https:\/\/lalmachine.com\/#website"},"primaryImageOfPage":{"@id":"https:\/\/lalmachine.com\/shop\/decorer\/affiche-carte\/eau-forte-mirabelle-datant-de-1800\/#primaryimage"},"image":{"@id":"https:\/\/lalmachine.com\/shop\/decorer\/affiche-carte\/eau-forte-mirabelle-datant-de-1800\/#primaryimage"},"thumbnailUrl":"https:\/\/lalmachine.com\/wp-content\/uploads\/2021\/08\/IMG_7902-1433cb30_clipped_rev_1.jpg","datePublished":"2021-08-22T17:08:21+00:00","dateModified":"2024-12-05T20:51:47+00:00","description":"Eau-forte \"Mirabelle\" par Bessa avec passe partout \u00e0 la feuille d'or","breadcrumb":{"@id":"https:\/\/lalmachine.com\/shop\/decorer\/affiche-carte\/eau-forte-mirabelle-datant-de-1800\/#breadcrumb"},"inLanguage":"de","potentialAction":[{"@type":"ReadAction","target":["https:\/\/lalmachine.com\/shop\/decorer\/affiche-carte\/eau-forte-mirabelle-datant-de-1800\/"]}]},{"@type":"ImageObject","inLanguage":"de","@id":"https:\/\/lalmachine.com\/shop\/decorer\/affiche-carte\/eau-forte-mirabelle-datant-de-1800\/#primaryimage","url":"https:\/\/lalmachine.com\/wp-content\/uploads\/2021\/08\/IMG_7902-1433cb30_clipped_rev_1.jpg","contentUrl":"https:\/\/lalmachine.com\/wp-content\/uploads\/2021\/08\/IMG_7902-1433cb30_clipped_rev_1.jpg","width":5790,"height":5790,"caption":"Eau-forte \"Mirabelle\""},{"@type":"BreadcrumbList","@id":"https:\/\/lalmachine.com\/shop\/decorer\/affiche-carte\/eau-forte-mirabelle-datant-de-1800\/#breadcrumb","itemListElement":[{"@type":"ListItem","position":1,"name":"Accueil","item":"https:\/\/lalmachine.com\/"},{"@type":"ListItem","position":2,"name":"Shop","item":"https:\/\/lalmachine.com\/shop\/"},{"@type":"ListItem","position":3,"name":"Eau-forte &#8220;Mirabelle&#8221; datant de 1800"}]},{"@type":"WebSite","@id":"https:\/\/lalmachine.com\/#website","url":"https:\/\/lalmachine.com\/","name":"lalmachine.com","description":"Brocante en ligne Suisse | Mobilier et objets d\u00e9co vintage et design","potentialAction":[{"@type":"SearchAction","target":{"@type":"EntryPoint","urlTemplate":"https:\/\/lalmachine.com\/?s={search_term_string}"},"query-input":{"@type":"PropertyValueSpecification","valueRequired":true,"valueName":"search_term_string"}}],"inLanguage":"de"}]}},"_links":{"self":[{"href":"https:\/\/lalmachine.com\/de\/wp-json\/wp\/v2\/product\/66365","targetHints":{"allow":["GET"]}}],"collection":[{"href":"https:\/\/lalmachine.com\/de\/wp-json\/wp\/v2\/product"}],"about":[{"href":"https:\/\/lalmachine.com\/de\/wp-json\/wp\/v2\/types\/product"}],"wp:featuredmedia":[{"embeddable":true,"href":"https:\/\/lalmachine.com\/de\/wp-json\/wp\/v2\/media\/66458"}],"wp:attachment":[{"href":"https:\/\/lalmachine.com\/de\/wp-json\/wp\/v2\/media?parent=66365"}],"wp:term":[{"taxonomy":"product_brand","embeddable":true,"href":"https:\/\/lalmachine.com\/de\/wp-json\/wp\/v2\/product_brand?post=66365"},{"taxonomy":"product_cat","embeddable":true,"href":"https:\/\/lalmachine.com\/de\/wp-json\/wp\/v2\/product_cat?post=66365"},{"taxonomy":"product_tag","embeddable":true,"href":"https:\/\/lalmachine.com\/de\/wp-json\/wp\/v2\/product_tag?post=66365"},{"taxonomy":"proximite","embeddable":true,"href":"https:\/\/lalmachine.com\/de\/wp-json\/wp\/v2\/proximite?post=66365"}],"curies":[{"name":"wp","href":"https:\/\/api.w.org\/{rel}","templated":true}]}}