{"id":67070,"date":"2021-08-29T12:44:38","date_gmt":"2021-08-29T10:44:38","guid":{"rendered":"https:\/\/lalmachine.com\/?post_type=product&#038;p=67070"},"modified":"2024-12-05T21:51:48","modified_gmt":"2024-12-05T20:51:48","slug":"gaudi-chair-par-vico-magistretti","status":"publish","type":"product","link":"https:\/\/lalmachine.com\/de\/shop\/sasseoir\/chaise\/gaudi-chair-par-vico-magistretti\/","title":{"rendered":"Gaudi chair par Vico Magistretti"},"content":{"rendered":"<ul class=\"wpuf_customs\"><li style=\"list-style-type:none;\"><label>Autres photos:<\/label> <a href=\"https:\/\/lalmachine.com\/wp-content\/uploads\/2021\/08\/93211D7F-85CB-4A77-9399-73D0C5B2C5CD-9c28916b.jpeg\"><img loading=\"lazy\" decoding=\"async\" width=\"128\" height=\"96\" src=\"https:\/\/lalmachine.com\/wp-content\/uploads\/2021\/08\/93211D7F-85CB-4A77-9399-73D0C5B2C5CD-9c28916b.jpeg\" class=\"attachment-thumbnail size-thumbnail\" alt=\"\" \/><\/a> <a href=\"https:\/\/lalmachine.com\/wp-content\/uploads\/2021\/08\/76157A10-421A-4224-AB30-6C84ABAC79C3-3518a47a.jpeg\"><img loading=\"lazy\" decoding=\"async\" width=\"128\" height=\"96\" src=\"https:\/\/lalmachine.com\/wp-content\/uploads\/2021\/08\/76157A10-421A-4224-AB30-6C84ABAC79C3-3518a47a.jpeg\" class=\"attachment-thumbnail size-thumbnail\" alt=\"\" \/><\/a> <a href=\"https:\/\/lalmachine.com\/wp-content\/uploads\/2021\/08\/EF29355F-6406-4979-BF92-BA42044C2E55-04e96ca9.jpeg\"><img loading=\"lazy\" decoding=\"async\" width=\"128\" height=\"96\" src=\"https:\/\/lalmachine.com\/wp-content\/uploads\/2021\/08\/EF29355F-6406-4979-BF92-BA42044C2E55-04e96ca9.jpeg\" class=\"attachment-thumbnail size-thumbnail\" alt=\"\" \/><\/a> <a href=\"https:\/\/lalmachine.com\/wp-content\/uploads\/2021\/08\/48E034CA-4783-4503-A9D5-606CC0331404-aa86f586.jpeg\"><img loading=\"lazy\" decoding=\"async\" width=\"128\" height=\"96\" src=\"https:\/\/lalmachine.com\/wp-content\/uploads\/2021\/08\/48E034CA-4783-4503-A9D5-606CC0331404-aa86f586.jpeg\" class=\"attachment-thumbnail size-thumbnail\" alt=\"\" \/><\/a> <a href=\"https:\/\/lalmachine.com\/wp-content\/uploads\/2021\/08\/1B2B2E4C-FD2D-402B-A0C8-297C9816E6D0-67fe8b45.jpeg\"><img loading=\"lazy\" decoding=\"async\" width=\"128\" height=\"96\" src=\"https:\/\/lalmachine.com\/wp-content\/uploads\/2021\/08\/1B2B2E4C-FD2D-402B-A0C8-297C9816E6D0-67fe8b45.jpeg\" class=\"attachment-thumbnail size-thumbnail\" alt=\"\" \/><\/a> <a href=\"https:\/\/lalmachine.com\/wp-content\/uploads\/2021\/08\/11CEDF06-D38D-456A-B975-9B75AE2EE75D-7d002fff-rotated.jpeg\"><img loading=\"lazy\" decoding=\"async\" width=\"72\" height=\"96\" src=\"https:\/\/lalmachine.com\/wp-content\/uploads\/2021\/08\/11CEDF06-D38D-456A-B975-9B75AE2EE75D-7d002fff-rotated.jpeg\" class=\"attachment-thumbnail size-thumbnail\" alt=\"\" \/><\/a> <a href=\"https:\/\/lalmachine.com\/wp-content\/uploads\/2021\/08\/E7939C46-BB33-4F29-A540-5B650D6B398F-1a9a4c51-rotated.jpeg\"><img loading=\"lazy\" decoding=\"async\" width=\"72\" height=\"96\" src=\"https:\/\/lalmachine.com\/wp-content\/uploads\/2021\/08\/E7939C46-BB33-4F29-A540-5B650D6B398F-1a9a4c51-rotated.jpeg\" class=\"attachment-thumbnail size-thumbnail\" alt=\"\" \/><\/a> <a href=\"https:\/\/lalmachine.com\/wp-content\/uploads\/2021\/08\/19723F46-FB27-4F99-AEB2-BB1A30BAEDB2-a0cf85c9-rotated.jpeg\"><img loading=\"lazy\" decoding=\"async\" width=\"72\" height=\"96\" src=\"https:\/\/lalmachine.com\/wp-content\/uploads\/2021\/08\/19723F46-FB27-4F99-AEB2-BB1A30BAEDB2-a0cf85c9-rotated.jpeg\" class=\"attachment-thumbnail size-thumbnail\" alt=\"\" \/><\/a> <a href=\"https:\/\/lalmachine.com\/wp-content\/uploads\/2021\/08\/B157CCC4-6118-4CAE-A181-F0F265F1EA1D-ff8fb455-rotated.jpeg\"><img loading=\"lazy\" decoding=\"async\" width=\"72\" height=\"96\" src=\"https:\/\/lalmachine.com\/wp-content\/uploads\/2021\/08\/B157CCC4-6118-4CAE-A181-F0F265F1EA1D-ff8fb455-rotated.jpeg\" class=\"attachment-thumbnail size-thumbnail\" alt=\"\" \/><\/a> <a href=\"https:\/\/lalmachine.com\/wp-content\/uploads\/2021\/08\/3466C83D-E303-47C2-A2C7-A61D89EC4F5D-f69d9745-rotated.jpeg\"><img loading=\"lazy\" decoding=\"async\" width=\"72\" height=\"96\" src=\"https:\/\/lalmachine.com\/wp-content\/uploads\/2021\/08\/3466C83D-E303-47C2-A2C7-A61D89EC4F5D-f69d9745-rotated.jpeg\" class=\"attachment-thumbnail size-thumbnail\" alt=\"\" \/><\/a> <a href=\"https:\/\/lalmachine.com\/wp-content\/uploads\/2021\/08\/D8C8BF84-8354-4E93-86FF-44FF1497E3EB-709592f1.jpeg\"><img loading=\"lazy\" decoding=\"async\" width=\"128\" height=\"96\" src=\"https:\/\/lalmachine.com\/wp-content\/uploads\/2021\/08\/D8C8BF84-8354-4E93-86FF-44FF1497E3EB-709592f1.jpeg\" class=\"attachment-thumbnail size-thumbnail\" alt=\"\" \/><\/a> <\/li>        <li class=\"wpuf-field-data wpuf-field-data-numeric_text_field\">\n                            <label>Prix:<\/label>\n                        120        <\/li>\n                <li class=\"wpuf-field-data wpuf-field-data-numeric_text_field\">\n                            <label>Hauteur (cm):<\/label>\n                        73        <\/li>\n                <li class=\"wpuf-field-data wpuf-field-data-numeric_text_field\">\n                            <label>Largeur (cm):<\/label>\n                        60        <\/li>\n                <li class=\"wpuf-field-data wpuf-field-data-numeric_text_field\">\n                            <label>Profondeur (cm):<\/label>\n                        60        <\/li>\n        <\/ul>","protected":false},"excerpt":{"rendered":"<p>Chaise \u00ab\u00a0Gaudi\u00a0\u00bb dessin\u00e9e par Vico Magistretti dans les ann\u00e9es 70. Production italienne par Artemide.<br \/>\nHauteur d\u2019assise standard: environ 42cm. La couleur est brun fonc\u00e9. La chaise ne comporte pas de fissures et les 4 patins sont us\u00e9s mais pr\u00e9sents. La surface n\u2019est plus tr\u00e8s lisse et brillante: on y voit quelques taches ainsi que des griffures, principalement aux endroits les plus expos\u00e9s (assise et accoudoirs).<br \/>\nLivraison possible, prix en fonction de la distance.<\/p>","protected":false},"featured_media":67137,"template":"","meta":{"_et_pb_use_builder":"","_et_pb_old_content":"","_et_gb_content_width":""},"product_brand":[],"product_cat":[100,48],"product_tag":[],"proximite":[177,235],"class_list":{"0":"post-67070","1":"product","2":"type-product","3":"status-publish","4":"has-post-thumbnail","6":"product_cat-chaise","7":"product_cat-sasseoir","8":"pa_couleur-marron","9":"pa_designer-magistretti-vico","10":"pa_etat-dans-son-jus","11":"pa_materiau-plastique","12":"pa_style-design","13":"proximite-fribourg","14":"proximite-sarine","16":"first","17":"outofstock","18":"shipping-taxable","19":"purchasable","20":"product-type-simple"},"yoast_head":"<!-- This site is optimized with the Yoast SEO plugin v27.4 - https:\/\/yoast.com\/product\/yoast-seo-wordpress\/ -->\n<title>Gaudi chair par Vico Magistretti | lalmachine.com, mobilier et objets d\u00e9co vintage et design<\/title>\n<meta name=\"description\" content=\"Chaise \u00ab\u00a0Gaudi\u00a0\u00bb dessin\u00e9e par Vico Magistretti dans les ann\u00e9es 70. Production italienne par Artemide.\" \/>\n<meta name=\"robots\" content=\"index, follow, max-snippet:-1, max-image-preview:large, max-video-preview:-1\" \/>\n<link rel=\"canonical\" href=\"https:\/\/lalmachine.com\/de\/shop\/sasseoir\/chaise\/gaudi-chair-par-vico-magistretti\/\" \/>\n<meta property=\"og:locale\" content=\"de_DE\" \/>\n<meta property=\"og:type\" content=\"article\" \/>\n<meta property=\"og:title\" content=\"Gaudi chair par Vico Magistretti | lalmachine.com, mobilier et objets d\u00e9co vintage et design\" \/>\n<meta property=\"og:description\" content=\"Chaise \u00ab\u00a0Gaudi\u00a0\u00bb dessin\u00e9e par Vico Magistretti dans les ann\u00e9es 70. Production italienne par Artemide.\" \/>\n<meta property=\"og:url\" content=\"https:\/\/lalmachine.com\/de\/shop\/sasseoir\/chaise\/gaudi-chair-par-vico-magistretti\/\" \/>\n<meta property=\"og:site_name\" content=\"lalmachine.com\" \/>\n<meta property=\"article:publisher\" content=\"https:\/\/facebook.com\/lalmachine\" \/>\n<meta property=\"article:modified_time\" content=\"2024-12-05T20:51:48+00:00\" \/>\n<meta property=\"og:image\" content=\"https:\/\/lalmachine.com\/wp-content\/uploads\/2021\/08\/5597BF34-AB4A-4373-B50E-F92F337A0FB1-c8ee77fe_clipped_rev_1.jpeg\" \/>\n\t<meta property=\"og:image:width\" content=\"4123\" \/>\n\t<meta property=\"og:image:height\" content=\"4123\" \/>\n\t<meta property=\"og:image:type\" content=\"image\/jpeg\" \/>\n<meta name=\"twitter:card\" content=\"summary_large_image\" \/>\n<script type=\"application\/ld+json\" class=\"yoast-schema-graph\">{\"@context\":\"https:\\\/\\\/schema.org\",\"@graph\":[{\"@type\":\"WebPage\",\"@id\":\"https:\\\/\\\/lalmachine.com\\\/de\\\/shop\\\/sasseoir\\\/chaise\\\/gaudi-chair-par-vico-magistretti\\\/\",\"url\":\"https:\\\/\\\/lalmachine.com\\\/de\\\/shop\\\/sasseoir\\\/chaise\\\/gaudi-chair-par-vico-magistretti\\\/\",\"name\":\"Gaudi chair par Vico Magistretti | lalmachine.com, mobilier et objets d\u00e9co vintage et design\",\"isPartOf\":{\"@id\":\"https:\\\/\\\/lalmachine.com\\\/#website\"},\"primaryImageOfPage\":{\"@id\":\"https:\\\/\\\/lalmachine.com\\\/de\\\/shop\\\/sasseoir\\\/chaise\\\/gaudi-chair-par-vico-magistretti\\\/#primaryimage\"},\"image\":{\"@id\":\"https:\\\/\\\/lalmachine.com\\\/de\\\/shop\\\/sasseoir\\\/chaise\\\/gaudi-chair-par-vico-magistretti\\\/#primaryimage\"},\"thumbnailUrl\":\"https:\\\/\\\/lalmachine.com\\\/wp-content\\\/uploads\\\/2021\\\/08\\\/5597BF34-AB4A-4373-B50E-F92F337A0FB1-c8ee77fe_clipped_rev_1.jpeg\",\"datePublished\":\"2021-08-29T10:44:38+00:00\",\"dateModified\":\"2024-12-05T20:51:48+00:00\",\"description\":\"Chaise \u00ab\u00a0Gaudi\u00a0\u00bb dessin\u00e9e par Vico Magistretti dans les ann\u00e9es 70. Production italienne par Artemide.\",\"breadcrumb\":{\"@id\":\"https:\\\/\\\/lalmachine.com\\\/de\\\/shop\\\/sasseoir\\\/chaise\\\/gaudi-chair-par-vico-magistretti\\\/#breadcrumb\"},\"inLanguage\":\"de\",\"potentialAction\":[{\"@type\":\"ReadAction\",\"target\":[\"https:\\\/\\\/lalmachine.com\\\/de\\\/shop\\\/sasseoir\\\/chaise\\\/gaudi-chair-par-vico-magistretti\\\/\"]}]},{\"@type\":\"ImageObject\",\"inLanguage\":\"de\",\"@id\":\"https:\\\/\\\/lalmachine.com\\\/de\\\/shop\\\/sasseoir\\\/chaise\\\/gaudi-chair-par-vico-magistretti\\\/#primaryimage\",\"url\":\"https:\\\/\\\/lalmachine.com\\\/wp-content\\\/uploads\\\/2021\\\/08\\\/5597BF34-AB4A-4373-B50E-F92F337A0FB1-c8ee77fe_clipped_rev_1.jpeg\",\"contentUrl\":\"https:\\\/\\\/lalmachine.com\\\/wp-content\\\/uploads\\\/2021\\\/08\\\/5597BF34-AB4A-4373-B50E-F92F337A0FB1-c8ee77fe_clipped_rev_1.jpeg\",\"width\":4123,\"height\":4123,\"caption\":\"Gaudi chair par Vico Magistretti\"},{\"@type\":\"BreadcrumbList\",\"@id\":\"https:\\\/\\\/lalmachine.com\\\/de\\\/shop\\\/sasseoir\\\/chaise\\\/gaudi-chair-par-vico-magistretti\\\/#breadcrumb\",\"itemListElement\":[{\"@type\":\"ListItem\",\"position\":1,\"name\":\"Accueil\",\"item\":\"https:\\\/\\\/lalmachine.com\\\/\"},{\"@type\":\"ListItem\",\"position\":2,\"name\":\"Shop\",\"item\":\"https:\\\/\\\/lalmachine.com\\\/shop\\\/\"},{\"@type\":\"ListItem\",\"position\":3,\"name\":\"Gaudi chair par Vico Magistretti\"}]},{\"@type\":\"WebSite\",\"@id\":\"https:\\\/\\\/lalmachine.com\\\/#website\",\"url\":\"https:\\\/\\\/lalmachine.com\\\/\",\"name\":\"lalmachine.com\",\"description\":\"Brocante en ligne Suisse | Mobilier et objets d\u00e9co vintage et design\",\"potentialAction\":[{\"@type\":\"SearchAction\",\"target\":{\"@type\":\"EntryPoint\",\"urlTemplate\":\"https:\\\/\\\/lalmachine.com\\\/?s={search_term_string}\"},\"query-input\":{\"@type\":\"PropertyValueSpecification\",\"valueRequired\":true,\"valueName\":\"search_term_string\"}}],\"inLanguage\":\"de\"}]}<\/script>\n<!-- \/ Yoast SEO plugin. -->","yoast_head_json":{"title":"Gaudi chair par Vico Magistretti | lalmachine.com, mobilier et objets d\u00e9co vintage et design","description":"Chaise \u00ab\u00a0Gaudi\u00a0\u00bb dessin\u00e9e par Vico Magistretti dans les ann\u00e9es 70. Production italienne par Artemide.","robots":{"index":"index","follow":"follow","max-snippet":"max-snippet:-1","max-image-preview":"max-image-preview:large","max-video-preview":"max-video-preview:-1"},"canonical":"https:\/\/lalmachine.com\/de\/shop\/sasseoir\/chaise\/gaudi-chair-par-vico-magistretti\/","og_locale":"de_DE","og_type":"article","og_title":"Gaudi chair par Vico Magistretti | lalmachine.com, mobilier et objets d\u00e9co vintage et design","og_description":"Chaise \u00ab\u00a0Gaudi\u00a0\u00bb dessin\u00e9e par Vico Magistretti dans les ann\u00e9es 70. Production italienne par Artemide.","og_url":"https:\/\/lalmachine.com\/de\/shop\/sasseoir\/chaise\/gaudi-chair-par-vico-magistretti\/","og_site_name":"lalmachine.com","article_publisher":"https:\/\/facebook.com\/lalmachine","article_modified_time":"2024-12-05T20:51:48+00:00","og_image":[{"width":4123,"height":4123,"url":"https:\/\/lalmachine.com\/wp-content\/uploads\/2021\/08\/5597BF34-AB4A-4373-B50E-F92F337A0FB1-c8ee77fe_clipped_rev_1.jpeg","type":"image\/jpeg"}],"twitter_card":"summary_large_image","schema":{"@context":"https:\/\/schema.org","@graph":[{"@type":"WebPage","@id":"https:\/\/lalmachine.com\/de\/shop\/sasseoir\/chaise\/gaudi-chair-par-vico-magistretti\/","url":"https:\/\/lalmachine.com\/de\/shop\/sasseoir\/chaise\/gaudi-chair-par-vico-magistretti\/","name":"Gaudi chair par Vico Magistretti | lalmachine.com, mobilier et objets d\u00e9co vintage et design","isPartOf":{"@id":"https:\/\/lalmachine.com\/#website"},"primaryImageOfPage":{"@id":"https:\/\/lalmachine.com\/de\/shop\/sasseoir\/chaise\/gaudi-chair-par-vico-magistretti\/#primaryimage"},"image":{"@id":"https:\/\/lalmachine.com\/de\/shop\/sasseoir\/chaise\/gaudi-chair-par-vico-magistretti\/#primaryimage"},"thumbnailUrl":"https:\/\/lalmachine.com\/wp-content\/uploads\/2021\/08\/5597BF34-AB4A-4373-B50E-F92F337A0FB1-c8ee77fe_clipped_rev_1.jpeg","datePublished":"2021-08-29T10:44:38+00:00","dateModified":"2024-12-05T20:51:48+00:00","description":"Chaise \u00ab\u00a0Gaudi\u00a0\u00bb dessin\u00e9e par Vico Magistretti dans les ann\u00e9es 70. Production italienne par Artemide.","breadcrumb":{"@id":"https:\/\/lalmachine.com\/de\/shop\/sasseoir\/chaise\/gaudi-chair-par-vico-magistretti\/#breadcrumb"},"inLanguage":"de","potentialAction":[{"@type":"ReadAction","target":["https:\/\/lalmachine.com\/de\/shop\/sasseoir\/chaise\/gaudi-chair-par-vico-magistretti\/"]}]},{"@type":"ImageObject","inLanguage":"de","@id":"https:\/\/lalmachine.com\/de\/shop\/sasseoir\/chaise\/gaudi-chair-par-vico-magistretti\/#primaryimage","url":"https:\/\/lalmachine.com\/wp-content\/uploads\/2021\/08\/5597BF34-AB4A-4373-B50E-F92F337A0FB1-c8ee77fe_clipped_rev_1.jpeg","contentUrl":"https:\/\/lalmachine.com\/wp-content\/uploads\/2021\/08\/5597BF34-AB4A-4373-B50E-F92F337A0FB1-c8ee77fe_clipped_rev_1.jpeg","width":4123,"height":4123,"caption":"Gaudi chair par Vico Magistretti"},{"@type":"BreadcrumbList","@id":"https:\/\/lalmachine.com\/de\/shop\/sasseoir\/chaise\/gaudi-chair-par-vico-magistretti\/#breadcrumb","itemListElement":[{"@type":"ListItem","position":1,"name":"Accueil","item":"https:\/\/lalmachine.com\/"},{"@type":"ListItem","position":2,"name":"Shop","item":"https:\/\/lalmachine.com\/shop\/"},{"@type":"ListItem","position":3,"name":"Gaudi chair par Vico Magistretti"}]},{"@type":"WebSite","@id":"https:\/\/lalmachine.com\/#website","url":"https:\/\/lalmachine.com\/","name":"lalmachine.com","description":"Brocante en ligne Suisse | Mobilier et objets d\u00e9co vintage et design","potentialAction":[{"@type":"SearchAction","target":{"@type":"EntryPoint","urlTemplate":"https:\/\/lalmachine.com\/?s={search_term_string}"},"query-input":{"@type":"PropertyValueSpecification","valueRequired":true,"valueName":"search_term_string"}}],"inLanguage":"de"}]}},"_links":{"self":[{"href":"https:\/\/lalmachine.com\/de\/wp-json\/wp\/v2\/product\/67070","targetHints":{"allow":["GET"]}}],"collection":[{"href":"https:\/\/lalmachine.com\/de\/wp-json\/wp\/v2\/product"}],"about":[{"href":"https:\/\/lalmachine.com\/de\/wp-json\/wp\/v2\/types\/product"}],"wp:featuredmedia":[{"embeddable":true,"href":"https:\/\/lalmachine.com\/de\/wp-json\/wp\/v2\/media\/67137"}],"wp:attachment":[{"href":"https:\/\/lalmachine.com\/de\/wp-json\/wp\/v2\/media?parent=67070"}],"wp:term":[{"taxonomy":"product_brand","embeddable":true,"href":"https:\/\/lalmachine.com\/de\/wp-json\/wp\/v2\/product_brand?post=67070"},{"taxonomy":"product_cat","embeddable":true,"href":"https:\/\/lalmachine.com\/de\/wp-json\/wp\/v2\/product_cat?post=67070"},{"taxonomy":"product_tag","embeddable":true,"href":"https:\/\/lalmachine.com\/de\/wp-json\/wp\/v2\/product_tag?post=67070"},{"taxonomy":"proximite","embeddable":true,"href":"https:\/\/lalmachine.com\/de\/wp-json\/wp\/v2\/proximite?post=67070"}],"curies":[{"name":"wp","href":"https:\/\/api.w.org\/{rel}","templated":true}]}}