{"id":67446,"date":"2021-08-31T21:27:20","date_gmt":"2021-08-31T19:27:20","guid":{"rendered":"https:\/\/lalmachine.com\/?post_type=product&#038;p=67446"},"modified":"2024-12-05T21:51:50","modified_gmt":"2024-12-05T20:51:50","slug":"lampe-champignon-murano-par-fabbian","status":"publish","type":"product","link":"https:\/\/lalmachine.com\/de\/shop\/eclairer\/lampe-de-table-bureau\/lampe-champignon-murano-par-fabbian\/","title":{"rendered":"Lampe champignon Murano par Fabbian"},"content":{"rendered":"<ul class=\"wpuf_customs\"><li style=\"list-style-type:none;\"><label>Autres photos:<\/label> <a href=\"https:\/\/lalmachine.com\/wp-content\/uploads\/2021\/08\/DB5C5804-110B-4842-BD2E-2232EACE8909-f39f6eea-rotated.jpeg\"><img loading=\"lazy\" decoding=\"async\" width=\"96\" height=\"96\" src=\"https:\/\/lalmachine.com\/wp-content\/uploads\/2021\/08\/DB5C5804-110B-4842-BD2E-2232EACE8909-f39f6eea-rotated.jpeg\" class=\"attachment-thumbnail size-thumbnail\" alt=\"\" \/><\/a> <a href=\"https:\/\/lalmachine.com\/wp-content\/uploads\/2021\/08\/DFD7A80F-8620-4476-B136-05F0868F5B40-2bb3130b-rotated.jpeg\"><img loading=\"lazy\" decoding=\"async\" width=\"96\" height=\"96\" src=\"https:\/\/lalmachine.com\/wp-content\/uploads\/2021\/08\/DFD7A80F-8620-4476-B136-05F0868F5B40-2bb3130b-rotated.jpeg\" class=\"attachment-thumbnail size-thumbnail\" alt=\"\" \/><\/a> <a href=\"https:\/\/lalmachine.com\/wp-content\/uploads\/2021\/08\/ABD558AB-941E-4F14-B486-F10E57867D19-6ca1ae1c-rotated.jpeg\"><img loading=\"lazy\" decoding=\"async\" width=\"96\" height=\"96\" src=\"https:\/\/lalmachine.com\/wp-content\/uploads\/2021\/08\/ABD558AB-941E-4F14-B486-F10E57867D19-6ca1ae1c-rotated.jpeg\" class=\"attachment-thumbnail size-thumbnail\" alt=\"\" \/><\/a> <a href=\"https:\/\/lalmachine.com\/wp-content\/uploads\/2021\/08\/C6592FE8-4263-4346-AE9E-B9543CFFE420-5f33e1b4-rotated.jpeg\"><img loading=\"lazy\" decoding=\"async\" width=\"96\" height=\"96\" src=\"https:\/\/lalmachine.com\/wp-content\/uploads\/2021\/08\/C6592FE8-4263-4346-AE9E-B9543CFFE420-5f33e1b4-rotated.jpeg\" class=\"attachment-thumbnail size-thumbnail\" alt=\"\" \/><\/a> <a href=\"https:\/\/lalmachine.com\/wp-content\/uploads\/2021\/08\/2D6B82A5-071D-41AB-9924-AF67494017CD-c1955631-rotated.jpeg\"><img loading=\"lazy\" decoding=\"async\" width=\"96\" height=\"96\" src=\"https:\/\/lalmachine.com\/wp-content\/uploads\/2021\/08\/2D6B82A5-071D-41AB-9924-AF67494017CD-c1955631-rotated.jpeg\" class=\"attachment-thumbnail size-thumbnail\" alt=\"\" \/><\/a> <a href=\"https:\/\/lalmachine.com\/wp-content\/uploads\/2021\/08\/103249BC-9F93-434B-8AA9-E2003D733B2B-9aa964d3-rotated.jpeg\"><img loading=\"lazy\" decoding=\"async\" width=\"96\" height=\"96\" src=\"https:\/\/lalmachine.com\/wp-content\/uploads\/2021\/08\/103249BC-9F93-434B-8AA9-E2003D733B2B-9aa964d3-rotated.jpeg\" class=\"attachment-thumbnail size-thumbnail\" alt=\"\" \/><\/a> <a href=\"https:\/\/lalmachine.com\/wp-content\/uploads\/2021\/08\/EDB7FBE4-D9A8-4110-96B7-C7066EB96709-605ba05a-rotated.jpeg\"><img loading=\"lazy\" decoding=\"async\" width=\"96\" height=\"96\" src=\"https:\/\/lalmachine.com\/wp-content\/uploads\/2021\/08\/EDB7FBE4-D9A8-4110-96B7-C7066EB96709-605ba05a-rotated.jpeg\" class=\"attachment-thumbnail size-thumbnail\" alt=\"\" \/><\/a> <\/li>        <li class=\"wpuf-field-data wpuf-field-data-numeric_text_field\">\n                            <label>Prix:<\/label>\n                        500        <\/li>\n                <li class=\"wpuf-field-data wpuf-field-data-numeric_text_field\">\n                            <label>Hauteur (cm):<\/label>\n                        42        <\/li>\n                <li class=\"wpuf-field-data wpuf-field-data-numeric_text_field\">\n                            <label>Largeur (cm):<\/label>\n                        24        <\/li>\n                <li class=\"wpuf-field-data wpuf-field-data-numeric_text_field\">\n                            <label>Profondeur (cm):<\/label>\n                        15        <\/li>\n        <\/ul>","protected":false},"excerpt":{"rendered":"<p>Lampe de table en verre de Murano rose<br \/>\nDesign Italien des ann\u00e9es 1980<br \/>\nLa lampe porte encore l\u2019\u00e9tiquette du designer \u201cFabbian\u201d<br \/>\nLa structure de la lampe est faite en verre de Murano et en laiton<br \/>\nDeux ampoules sont sous le globe<br \/>\nLe globe est d\u00e9montable en d\u00e9vissant la partie en laiton sur le dessus dudit globe<br \/>\nLa lampe est assez lourde<br \/>\nElle est en tr\u00e8s bon \u00e9tat vintage. Le laiton est piqu\u00e9 \u00e0 quelques endroits et le globe a une tr\u00e8s l\u00e9g\u00e8re marque noire.<br \/>\nLe globe fait \u00d824cm et la base est de 15cm<\/p>","protected":false},"featured_media":67495,"template":"","meta":{"_et_pb_use_builder":"","_et_pb_old_content":"","_et_gb_content_width":""},"product_brand":[],"product_cat":[49,90],"product_tag":[],"proximite":[213],"class_list":{"0":"post-67446","1":"product","2":"type-product","3":"status-publish","4":"has-post-thumbnail","6":"product_cat-eclairer","7":"product_cat-lampe-de-table-bureau","8":"product_shipping_class-nouveau-larousse","9":"pa_couleur-rose","10":"pa_etat-tres-bon-etat","11":"pa_materiau-verre","12":"pa_style-vintage","13":"proximite-zug","15":"first","16":"outofstock","17":"sale","18":"shipping-taxable","19":"purchasable","20":"product-type-simple"},"yoast_head":"<!-- This site is optimized with the Yoast SEO plugin v27.4 - https:\/\/yoast.com\/product\/yoast-seo-wordpress\/ -->\n<title>Lampe champignon Murano par Fabbian | lalmachine.com<\/title>\n<meta name=\"description\" content=\"Lampe de table en verre de Murano rose. Design Italien des ann\u00e9es 1980. La lampe porte encore l\u2019\u00e9tiquette du designer \u201cFabbian\u201d. La structure de la lampe est faite en verre de Murano et en laiton. Deux ampoules sont sous le globe\" \/>\n<meta name=\"robots\" content=\"index, follow, max-snippet:-1, max-image-preview:large, max-video-preview:-1\" \/>\n<link rel=\"canonical\" href=\"https:\/\/lalmachine.com\/de\/shop\/eclairer\/lampe-de-table-bureau\/lampe-champignon-murano-par-fabbian\/\" \/>\n<meta property=\"og:locale\" content=\"de_DE\" \/>\n<meta property=\"og:type\" content=\"article\" \/>\n<meta property=\"og:title\" content=\"Lampe champignon Murano par Fabbian | lalmachine.com\" \/>\n<meta property=\"og:description\" content=\"Lampe de table en verre de Murano rose. Design Italien des ann\u00e9es 1980. La lampe porte encore l\u2019\u00e9tiquette du designer \u201cFabbian\u201d. La structure de la lampe est faite en verre de Murano et en laiton. Deux ampoules sont sous le globe\" \/>\n<meta property=\"og:url\" content=\"https:\/\/lalmachine.com\/de\/shop\/eclairer\/lampe-de-table-bureau\/lampe-champignon-murano-par-fabbian\/\" \/>\n<meta property=\"og:site_name\" content=\"lalmachine.com\" \/>\n<meta property=\"article:publisher\" content=\"https:\/\/facebook.com\/lalmachine\" \/>\n<meta property=\"article:modified_time\" content=\"2024-12-05T20:51:50+00:00\" \/>\n<meta property=\"og:image\" content=\"https:\/\/lalmachine.com\/wp-content\/uploads\/2021\/08\/7B85176F-6BF3-4809-89C6-D65356AF87D3-195991cc-rotated_clipped_rev_1.jpeg\" \/>\n\t<meta property=\"og:image:width\" content=\"4255\" \/>\n\t<meta property=\"og:image:height\" content=\"4255\" \/>\n\t<meta property=\"og:image:type\" content=\"image\/jpeg\" \/>\n<meta name=\"twitter:card\" content=\"summary_large_image\" \/>\n<script type=\"application\/ld+json\" class=\"yoast-schema-graph\">{\"@context\":\"https:\\\/\\\/schema.org\",\"@graph\":[{\"@type\":\"WebPage\",\"@id\":\"https:\\\/\\\/lalmachine.com\\\/shop\\\/eclairer\\\/lampe-de-table-bureau\\\/lampe-champignon-murano-par-fabbian\\\/\",\"url\":\"https:\\\/\\\/lalmachine.com\\\/shop\\\/eclairer\\\/lampe-de-table-bureau\\\/lampe-champignon-murano-par-fabbian\\\/\",\"name\":\"Lampe champignon Murano par Fabbian | lalmachine.com\",\"isPartOf\":{\"@id\":\"https:\\\/\\\/lalmachine.com\\\/#website\"},\"primaryImageOfPage\":{\"@id\":\"https:\\\/\\\/lalmachine.com\\\/shop\\\/eclairer\\\/lampe-de-table-bureau\\\/lampe-champignon-murano-par-fabbian\\\/#primaryimage\"},\"image\":{\"@id\":\"https:\\\/\\\/lalmachine.com\\\/shop\\\/eclairer\\\/lampe-de-table-bureau\\\/lampe-champignon-murano-par-fabbian\\\/#primaryimage\"},\"thumbnailUrl\":\"https:\\\/\\\/lalmachine.com\\\/wp-content\\\/uploads\\\/2021\\\/08\\\/7B85176F-6BF3-4809-89C6-D65356AF87D3-195991cc-rotated_clipped_rev_1.jpeg\",\"datePublished\":\"2021-08-31T19:27:20+00:00\",\"dateModified\":\"2024-12-05T20:51:50+00:00\",\"description\":\"Lampe de table en verre de Murano rose. Design Italien des ann\u00e9es 1980. La lampe porte encore l\u2019\u00e9tiquette du designer \u201cFabbian\u201d. La structure de la lampe est faite en verre de Murano et en laiton. Deux ampoules sont sous le globe\",\"breadcrumb\":{\"@id\":\"https:\\\/\\\/lalmachine.com\\\/shop\\\/eclairer\\\/lampe-de-table-bureau\\\/lampe-champignon-murano-par-fabbian\\\/#breadcrumb\"},\"inLanguage\":\"de\",\"potentialAction\":[{\"@type\":\"ReadAction\",\"target\":[\"https:\\\/\\\/lalmachine.com\\\/shop\\\/eclairer\\\/lampe-de-table-bureau\\\/lampe-champignon-murano-par-fabbian\\\/\"]}]},{\"@type\":\"ImageObject\",\"inLanguage\":\"de\",\"@id\":\"https:\\\/\\\/lalmachine.com\\\/shop\\\/eclairer\\\/lampe-de-table-bureau\\\/lampe-champignon-murano-par-fabbian\\\/#primaryimage\",\"url\":\"https:\\\/\\\/lalmachine.com\\\/wp-content\\\/uploads\\\/2021\\\/08\\\/7B85176F-6BF3-4809-89C6-D65356AF87D3-195991cc-rotated_clipped_rev_1.jpeg\",\"contentUrl\":\"https:\\\/\\\/lalmachine.com\\\/wp-content\\\/uploads\\\/2021\\\/08\\\/7B85176F-6BF3-4809-89C6-D65356AF87D3-195991cc-rotated_clipped_rev_1.jpeg\",\"width\":4255,\"height\":4255,\"caption\":\"Lampe champignon Murano par Fabbian\"},{\"@type\":\"BreadcrumbList\",\"@id\":\"https:\\\/\\\/lalmachine.com\\\/shop\\\/eclairer\\\/lampe-de-table-bureau\\\/lampe-champignon-murano-par-fabbian\\\/#breadcrumb\",\"itemListElement\":[{\"@type\":\"ListItem\",\"position\":1,\"name\":\"Accueil\",\"item\":\"https:\\\/\\\/lalmachine.com\\\/\"},{\"@type\":\"ListItem\",\"position\":2,\"name\":\"Shop\",\"item\":\"https:\\\/\\\/lalmachine.com\\\/shop\\\/\"},{\"@type\":\"ListItem\",\"position\":3,\"name\":\"Lampe champignon Murano par Fabbian\"}]},{\"@type\":\"WebSite\",\"@id\":\"https:\\\/\\\/lalmachine.com\\\/#website\",\"url\":\"https:\\\/\\\/lalmachine.com\\\/\",\"name\":\"lalmachine.com\",\"description\":\"Brocante en ligne Suisse | Mobilier et objets d\u00e9co vintage et design\",\"potentialAction\":[{\"@type\":\"SearchAction\",\"target\":{\"@type\":\"EntryPoint\",\"urlTemplate\":\"https:\\\/\\\/lalmachine.com\\\/?s={search_term_string}\"},\"query-input\":{\"@type\":\"PropertyValueSpecification\",\"valueRequired\":true,\"valueName\":\"search_term_string\"}}],\"inLanguage\":\"de\"}]}<\/script>\n<!-- \/ Yoast SEO plugin. -->","yoast_head_json":{"title":"Lampe champignon Murano par Fabbian | lalmachine.com","description":"Lampe de table en verre de Murano rose. Design Italien des ann\u00e9es 1980. La lampe porte encore l\u2019\u00e9tiquette du designer \u201cFabbian\u201d. La structure de la lampe est faite en verre de Murano et en laiton. Deux ampoules sont sous le globe","robots":{"index":"index","follow":"follow","max-snippet":"max-snippet:-1","max-image-preview":"max-image-preview:large","max-video-preview":"max-video-preview:-1"},"canonical":"https:\/\/lalmachine.com\/de\/shop\/eclairer\/lampe-de-table-bureau\/lampe-champignon-murano-par-fabbian\/","og_locale":"de_DE","og_type":"article","og_title":"Lampe champignon Murano par Fabbian | lalmachine.com","og_description":"Lampe de table en verre de Murano rose. Design Italien des ann\u00e9es 1980. La lampe porte encore l\u2019\u00e9tiquette du designer \u201cFabbian\u201d. La structure de la lampe est faite en verre de Murano et en laiton. Deux ampoules sont sous le globe","og_url":"https:\/\/lalmachine.com\/de\/shop\/eclairer\/lampe-de-table-bureau\/lampe-champignon-murano-par-fabbian\/","og_site_name":"lalmachine.com","article_publisher":"https:\/\/facebook.com\/lalmachine","article_modified_time":"2024-12-05T20:51:50+00:00","og_image":[{"width":4255,"height":4255,"url":"https:\/\/lalmachine.com\/wp-content\/uploads\/2021\/08\/7B85176F-6BF3-4809-89C6-D65356AF87D3-195991cc-rotated_clipped_rev_1.jpeg","type":"image\/jpeg"}],"twitter_card":"summary_large_image","schema":{"@context":"https:\/\/schema.org","@graph":[{"@type":"WebPage","@id":"https:\/\/lalmachine.com\/shop\/eclairer\/lampe-de-table-bureau\/lampe-champignon-murano-par-fabbian\/","url":"https:\/\/lalmachine.com\/shop\/eclairer\/lampe-de-table-bureau\/lampe-champignon-murano-par-fabbian\/","name":"Lampe champignon Murano par Fabbian | lalmachine.com","isPartOf":{"@id":"https:\/\/lalmachine.com\/#website"},"primaryImageOfPage":{"@id":"https:\/\/lalmachine.com\/shop\/eclairer\/lampe-de-table-bureau\/lampe-champignon-murano-par-fabbian\/#primaryimage"},"image":{"@id":"https:\/\/lalmachine.com\/shop\/eclairer\/lampe-de-table-bureau\/lampe-champignon-murano-par-fabbian\/#primaryimage"},"thumbnailUrl":"https:\/\/lalmachine.com\/wp-content\/uploads\/2021\/08\/7B85176F-6BF3-4809-89C6-D65356AF87D3-195991cc-rotated_clipped_rev_1.jpeg","datePublished":"2021-08-31T19:27:20+00:00","dateModified":"2024-12-05T20:51:50+00:00","description":"Lampe de table en verre de Murano rose. Design Italien des ann\u00e9es 1980. La lampe porte encore l\u2019\u00e9tiquette du designer \u201cFabbian\u201d. La structure de la lampe est faite en verre de Murano et en laiton. Deux ampoules sont sous le globe","breadcrumb":{"@id":"https:\/\/lalmachine.com\/shop\/eclairer\/lampe-de-table-bureau\/lampe-champignon-murano-par-fabbian\/#breadcrumb"},"inLanguage":"de","potentialAction":[{"@type":"ReadAction","target":["https:\/\/lalmachine.com\/shop\/eclairer\/lampe-de-table-bureau\/lampe-champignon-murano-par-fabbian\/"]}]},{"@type":"ImageObject","inLanguage":"de","@id":"https:\/\/lalmachine.com\/shop\/eclairer\/lampe-de-table-bureau\/lampe-champignon-murano-par-fabbian\/#primaryimage","url":"https:\/\/lalmachine.com\/wp-content\/uploads\/2021\/08\/7B85176F-6BF3-4809-89C6-D65356AF87D3-195991cc-rotated_clipped_rev_1.jpeg","contentUrl":"https:\/\/lalmachine.com\/wp-content\/uploads\/2021\/08\/7B85176F-6BF3-4809-89C6-D65356AF87D3-195991cc-rotated_clipped_rev_1.jpeg","width":4255,"height":4255,"caption":"Lampe champignon Murano par Fabbian"},{"@type":"BreadcrumbList","@id":"https:\/\/lalmachine.com\/shop\/eclairer\/lampe-de-table-bureau\/lampe-champignon-murano-par-fabbian\/#breadcrumb","itemListElement":[{"@type":"ListItem","position":1,"name":"Accueil","item":"https:\/\/lalmachine.com\/"},{"@type":"ListItem","position":2,"name":"Shop","item":"https:\/\/lalmachine.com\/shop\/"},{"@type":"ListItem","position":3,"name":"Lampe champignon Murano par Fabbian"}]},{"@type":"WebSite","@id":"https:\/\/lalmachine.com\/#website","url":"https:\/\/lalmachine.com\/","name":"lalmachine.com","description":"Brocante en ligne Suisse | Mobilier et objets d\u00e9co vintage et design","potentialAction":[{"@type":"SearchAction","target":{"@type":"EntryPoint","urlTemplate":"https:\/\/lalmachine.com\/?s={search_term_string}"},"query-input":{"@type":"PropertyValueSpecification","valueRequired":true,"valueName":"search_term_string"}}],"inLanguage":"de"}]}},"_links":{"self":[{"href":"https:\/\/lalmachine.com\/de\/wp-json\/wp\/v2\/product\/67446","targetHints":{"allow":["GET"]}}],"collection":[{"href":"https:\/\/lalmachine.com\/de\/wp-json\/wp\/v2\/product"}],"about":[{"href":"https:\/\/lalmachine.com\/de\/wp-json\/wp\/v2\/types\/product"}],"wp:featuredmedia":[{"embeddable":true,"href":"https:\/\/lalmachine.com\/de\/wp-json\/wp\/v2\/media\/67495"}],"wp:attachment":[{"href":"https:\/\/lalmachine.com\/de\/wp-json\/wp\/v2\/media?parent=67446"}],"wp:term":[{"taxonomy":"product_brand","embeddable":true,"href":"https:\/\/lalmachine.com\/de\/wp-json\/wp\/v2\/product_brand?post=67446"},{"taxonomy":"product_cat","embeddable":true,"href":"https:\/\/lalmachine.com\/de\/wp-json\/wp\/v2\/product_cat?post=67446"},{"taxonomy":"product_tag","embeddable":true,"href":"https:\/\/lalmachine.com\/de\/wp-json\/wp\/v2\/product_tag?post=67446"},{"taxonomy":"proximite","embeddable":true,"href":"https:\/\/lalmachine.com\/de\/wp-json\/wp\/v2\/proximite?post=67446"}],"curies":[{"name":"wp","href":"https:\/\/api.w.org\/{rel}","templated":true}]}}