{"id":67569,"date":"2021-09-01T13:39:44","date_gmt":"2021-09-01T11:39:44","guid":{"rendered":"https:\/\/lalmachine.com\/?post_type=product&#038;p=67569"},"modified":"2024-12-05T21:51:50","modified_gmt":"2024-12-05T20:51:50","slug":"lot-de-11-algues-de-bouroullec-pour-vitra-x4","status":"publish","type":"product","link":"https:\/\/lalmachine.com\/de\/shop\/decorer\/decoration\/lot-de-11-algues-de-bouroullec-pour-vitra-x4\/","title":{"rendered":"Lot de 11 algues de Bouroullec pour Vitra (x2)"},"content":{"rendered":"<ul class=\"wpuf_customs\"><li style=\"list-style-type:none;\"><label>Autres photos:<\/label> <a href=\"https:\/\/lalmachine.com\/wp-content\/uploads\/2021\/09\/IMG_20210831_152038-ba48b186.jpg\"><img loading=\"lazy\" decoding=\"async\" width=\"72\" height=\"96\" src=\"https:\/\/lalmachine.com\/wp-content\/uploads\/2021\/09\/IMG_20210831_152038-ba48b186.jpg\" class=\"attachment-thumbnail size-thumbnail\" alt=\"\" \/><\/a> <a href=\"https:\/\/lalmachine.com\/wp-content\/uploads\/2021\/09\/IMG_20210831_152445-71db47b8.jpg\"><img loading=\"lazy\" decoding=\"async\" width=\"72\" height=\"96\" src=\"https:\/\/lalmachine.com\/wp-content\/uploads\/2021\/09\/IMG_20210831_152445-71db47b8.jpg\" class=\"attachment-thumbnail size-thumbnail\" alt=\"\" \/><\/a> <a href=\"https:\/\/lalmachine.com\/wp-content\/uploads\/2021\/09\/IMG_20210831_152452-465d1a8c.jpg\"><img loading=\"lazy\" decoding=\"async\" width=\"72\" height=\"96\" src=\"https:\/\/lalmachine.com\/wp-content\/uploads\/2021\/09\/IMG_20210831_152452-465d1a8c.jpg\" class=\"attachment-thumbnail size-thumbnail\" alt=\"\" \/><\/a> <a href=\"https:\/\/lalmachine.com\/wp-content\/uploads\/2021\/09\/IMG_20210831_152457-dc0d907a.jpg\"><img loading=\"lazy\" decoding=\"async\" width=\"72\" height=\"96\" src=\"https:\/\/lalmachine.com\/wp-content\/uploads\/2021\/09\/IMG_20210831_152457-dc0d907a.jpg\" class=\"attachment-thumbnail size-thumbnail\" alt=\"\" \/><\/a> <a href=\"https:\/\/lalmachine.com\/wp-content\/uploads\/2021\/09\/IMG_20210831_151524-554d0ded.jpg\"><img loading=\"lazy\" decoding=\"async\" width=\"72\" height=\"96\" src=\"https:\/\/lalmachine.com\/wp-content\/uploads\/2021\/09\/IMG_20210831_151524-554d0ded.jpg\" class=\"attachment-thumbnail size-thumbnail\" alt=\"\" \/><\/a> <\/li>        <li class=\"wpuf-field-data wpuf-field-data-numeric_text_field\">\n                            <label>Prix:<\/label>\n                        15        <\/li>\n                <li class=\"wpuf-field-data wpuf-field-data-numeric_text_field\">\n                            <label>Hauteur (cm):<\/label>\n                        32        <\/li>\n                <li class=\"wpuf-field-data wpuf-field-data-numeric_text_field\">\n                            <label>Largeur (cm):<\/label>\n                        23        <\/li>\n                <li class=\"wpuf-field-data wpuf-field-data-numeric_text_field\">\n                            <label>Profondeur (cm):<\/label>\n                        4        <\/li>\n        <\/ul>","protected":false},"excerpt":{"rendered":"<p><strong>Prix par lot. 4 lots disponibles.<\/strong><\/p>\n<p>Chaque lot est compos\u00e9 de 11 algues cr\u00e9\u00e9es par Ronan &amp; Erwan Bouroullec en 2004 + 33 connecteurs.<br \/>\nElles peuvent servir pour la d\u00e9coration ou pour s\u00e9parer des espaces (si achet\u00e9es en grande quantit\u00e9).<\/p>","protected":false},"featured_media":67544,"template":"","meta":{"_et_pb_use_builder":"","_et_pb_old_content":"","_et_gb_content_width":""},"product_brand":[],"product_cat":[94,50],"product_tag":[],"proximite":[177,235],"class_list":{"0":"post-67569","1":"product","2":"type-product","3":"status-publish","4":"has-post-thumbnail","6":"product_cat-decoration","7":"product_cat-decorer","8":"product_shipping_class-0-2-kg","9":"pa_couleur-blanc","10":"pa_etat-bon-etat","11":"pa_materiau-plastique","12":"pa_style-design","13":"proximite-fribourg","14":"proximite-sarine","16":"first","17":"outofstock","18":"shipping-taxable","19":"purchasable","20":"product-type-simple"},"yoast_head":"<!-- This site is optimized with the Yoast SEO plugin v27.4 - https:\/\/yoast.com\/product\/yoast-seo-wordpress\/ -->\n<title>Lot de 11 algues de Bouroullec pour Vitra (x2) | lalmachine.com, mobilier et objets d\u00e9co vintage et design<\/title>\n<meta name=\"description\" content=\"Chaque lot est compos\u00e9 de 11 algues cr\u00e9\u00e9es par Ronan &amp; Erwan Bouroullec en 2004 + 33 connecteurs. Elles peuvent servir pour la d\u00e9coration ou pour s\u00e9parer des espaces (si achet\u00e9es en grande quantit\u00e9).\" \/>\n<meta name=\"robots\" content=\"index, follow, max-snippet:-1, max-image-preview:large, max-video-preview:-1\" \/>\n<link rel=\"canonical\" href=\"https:\/\/lalmachine.com\/de\/shop\/decorer\/decoration\/lot-de-11-algues-de-bouroullec-pour-vitra-x4\/\" \/>\n<meta property=\"og:locale\" content=\"de_DE\" \/>\n<meta property=\"og:type\" content=\"article\" \/>\n<meta property=\"og:title\" content=\"Lot de 11 algues de Bouroullec pour Vitra (x2) | lalmachine.com, mobilier et objets d\u00e9co vintage et design\" \/>\n<meta property=\"og:description\" content=\"Chaque lot est compos\u00e9 de 11 algues cr\u00e9\u00e9es par Ronan &amp; Erwan Bouroullec en 2004 + 33 connecteurs. Elles peuvent servir pour la d\u00e9coration ou pour s\u00e9parer des espaces (si achet\u00e9es en grande quantit\u00e9).\" \/>\n<meta property=\"og:url\" content=\"https:\/\/lalmachine.com\/de\/shop\/decorer\/decoration\/lot-de-11-algues-de-bouroullec-pour-vitra-x4\/\" \/>\n<meta property=\"og:site_name\" content=\"lalmachine.com\" \/>\n<meta property=\"article:publisher\" content=\"https:\/\/facebook.com\/lalmachine\" \/>\n<meta property=\"article:modified_time\" content=\"2024-12-05T20:51:50+00:00\" \/>\n<meta property=\"og:image\" content=\"https:\/\/lalmachine.com\/wp-content\/uploads\/2021\/09\/IMG_20210831_152038_clipped_rev_1-a9cdc7c0.jpeg\" \/>\n\t<meta property=\"og:image:width\" content=\"5318\" \/>\n\t<meta property=\"og:image:height\" content=\"5317\" \/>\n\t<meta property=\"og:image:type\" content=\"image\/jpeg\" \/>\n<meta name=\"twitter:card\" content=\"summary_large_image\" \/>\n<script type=\"application\/ld+json\" class=\"yoast-schema-graph\">{\"@context\":\"https:\\\/\\\/schema.org\",\"@graph\":[{\"@type\":\"WebPage\",\"@id\":\"https:\\\/\\\/lalmachine.com\\\/shop\\\/decorer\\\/decoration\\\/lot-de-11-algues-de-bouroullec-pour-vitra-x4\\\/\",\"url\":\"https:\\\/\\\/lalmachine.com\\\/shop\\\/decorer\\\/decoration\\\/lot-de-11-algues-de-bouroullec-pour-vitra-x4\\\/\",\"name\":\"Lot de 11 algues de Bouroullec pour Vitra (x2) | lalmachine.com, mobilier et objets d\u00e9co vintage et design\",\"isPartOf\":{\"@id\":\"https:\\\/\\\/lalmachine.com\\\/#website\"},\"primaryImageOfPage\":{\"@id\":\"https:\\\/\\\/lalmachine.com\\\/shop\\\/decorer\\\/decoration\\\/lot-de-11-algues-de-bouroullec-pour-vitra-x4\\\/#primaryimage\"},\"image\":{\"@id\":\"https:\\\/\\\/lalmachine.com\\\/shop\\\/decorer\\\/decoration\\\/lot-de-11-algues-de-bouroullec-pour-vitra-x4\\\/#primaryimage\"},\"thumbnailUrl\":\"https:\\\/\\\/lalmachine.com\\\/wp-content\\\/uploads\\\/2021\\\/09\\\/IMG_20210831_152038_clipped_rev_1-a9cdc7c0.jpeg\",\"datePublished\":\"2021-09-01T11:39:44+00:00\",\"dateModified\":\"2024-12-05T20:51:50+00:00\",\"description\":\"Chaque lot est compos\u00e9 de 11 algues cr\u00e9\u00e9es par Ronan & Erwan Bouroullec en 2004 + 33 connecteurs. Elles peuvent servir pour la d\u00e9coration ou pour s\u00e9parer des espaces (si achet\u00e9es en grande quantit\u00e9).\",\"breadcrumb\":{\"@id\":\"https:\\\/\\\/lalmachine.com\\\/shop\\\/decorer\\\/decoration\\\/lot-de-11-algues-de-bouroullec-pour-vitra-x4\\\/#breadcrumb\"},\"inLanguage\":\"de\",\"potentialAction\":[{\"@type\":\"ReadAction\",\"target\":[\"https:\\\/\\\/lalmachine.com\\\/shop\\\/decorer\\\/decoration\\\/lot-de-11-algues-de-bouroullec-pour-vitra-x4\\\/\"]}]},{\"@type\":\"ImageObject\",\"inLanguage\":\"de\",\"@id\":\"https:\\\/\\\/lalmachine.com\\\/shop\\\/decorer\\\/decoration\\\/lot-de-11-algues-de-bouroullec-pour-vitra-x4\\\/#primaryimage\",\"url\":\"https:\\\/\\\/lalmachine.com\\\/wp-content\\\/uploads\\\/2021\\\/09\\\/IMG_20210831_152038_clipped_rev_1-a9cdc7c0.jpeg\",\"contentUrl\":\"https:\\\/\\\/lalmachine.com\\\/wp-content\\\/uploads\\\/2021\\\/09\\\/IMG_20210831_152038_clipped_rev_1-a9cdc7c0.jpeg\",\"width\":5318,\"height\":5317,\"caption\":\"Lot de 11 algues de Bouroullec pour Vitra (x4)\"},{\"@type\":\"BreadcrumbList\",\"@id\":\"https:\\\/\\\/lalmachine.com\\\/shop\\\/decorer\\\/decoration\\\/lot-de-11-algues-de-bouroullec-pour-vitra-x4\\\/#breadcrumb\",\"itemListElement\":[{\"@type\":\"ListItem\",\"position\":1,\"name\":\"Accueil\",\"item\":\"https:\\\/\\\/lalmachine.com\\\/\"},{\"@type\":\"ListItem\",\"position\":2,\"name\":\"Shop\",\"item\":\"https:\\\/\\\/lalmachine.com\\\/shop\\\/\"},{\"@type\":\"ListItem\",\"position\":3,\"name\":\"Lot de 11 algues de Bouroullec pour Vitra (x2)\"}]},{\"@type\":\"WebSite\",\"@id\":\"https:\\\/\\\/lalmachine.com\\\/#website\",\"url\":\"https:\\\/\\\/lalmachine.com\\\/\",\"name\":\"lalmachine.com\",\"description\":\"Brocante en ligne Suisse | Mobilier et objets d\u00e9co vintage et design\",\"potentialAction\":[{\"@type\":\"SearchAction\",\"target\":{\"@type\":\"EntryPoint\",\"urlTemplate\":\"https:\\\/\\\/lalmachine.com\\\/?s={search_term_string}\"},\"query-input\":{\"@type\":\"PropertyValueSpecification\",\"valueRequired\":true,\"valueName\":\"search_term_string\"}}],\"inLanguage\":\"de\"}]}<\/script>\n<!-- \/ Yoast SEO plugin. -->","yoast_head_json":{"title":"Lot de 11 algues de Bouroullec pour Vitra (x2) | lalmachine.com, mobilier et objets d\u00e9co vintage et design","description":"Chaque lot est compos\u00e9 de 11 algues cr\u00e9\u00e9es par Ronan & Erwan Bouroullec en 2004 + 33 connecteurs. Elles peuvent servir pour la d\u00e9coration ou pour s\u00e9parer des espaces (si achet\u00e9es en grande quantit\u00e9).","robots":{"index":"index","follow":"follow","max-snippet":"max-snippet:-1","max-image-preview":"max-image-preview:large","max-video-preview":"max-video-preview:-1"},"canonical":"https:\/\/lalmachine.com\/de\/shop\/decorer\/decoration\/lot-de-11-algues-de-bouroullec-pour-vitra-x4\/","og_locale":"de_DE","og_type":"article","og_title":"Lot de 11 algues de Bouroullec pour Vitra (x2) | lalmachine.com, mobilier et objets d\u00e9co vintage et design","og_description":"Chaque lot est compos\u00e9 de 11 algues cr\u00e9\u00e9es par Ronan & Erwan Bouroullec en 2004 + 33 connecteurs. Elles peuvent servir pour la d\u00e9coration ou pour s\u00e9parer des espaces (si achet\u00e9es en grande quantit\u00e9).","og_url":"https:\/\/lalmachine.com\/de\/shop\/decorer\/decoration\/lot-de-11-algues-de-bouroullec-pour-vitra-x4\/","og_site_name":"lalmachine.com","article_publisher":"https:\/\/facebook.com\/lalmachine","article_modified_time":"2024-12-05T20:51:50+00:00","og_image":[{"width":5318,"height":5317,"url":"https:\/\/lalmachine.com\/wp-content\/uploads\/2021\/09\/IMG_20210831_152038_clipped_rev_1-a9cdc7c0.jpeg","type":"image\/jpeg"}],"twitter_card":"summary_large_image","schema":{"@context":"https:\/\/schema.org","@graph":[{"@type":"WebPage","@id":"https:\/\/lalmachine.com\/shop\/decorer\/decoration\/lot-de-11-algues-de-bouroullec-pour-vitra-x4\/","url":"https:\/\/lalmachine.com\/shop\/decorer\/decoration\/lot-de-11-algues-de-bouroullec-pour-vitra-x4\/","name":"Lot de 11 algues de Bouroullec pour Vitra (x2) | lalmachine.com, mobilier et objets d\u00e9co vintage et design","isPartOf":{"@id":"https:\/\/lalmachine.com\/#website"},"primaryImageOfPage":{"@id":"https:\/\/lalmachine.com\/shop\/decorer\/decoration\/lot-de-11-algues-de-bouroullec-pour-vitra-x4\/#primaryimage"},"image":{"@id":"https:\/\/lalmachine.com\/shop\/decorer\/decoration\/lot-de-11-algues-de-bouroullec-pour-vitra-x4\/#primaryimage"},"thumbnailUrl":"https:\/\/lalmachine.com\/wp-content\/uploads\/2021\/09\/IMG_20210831_152038_clipped_rev_1-a9cdc7c0.jpeg","datePublished":"2021-09-01T11:39:44+00:00","dateModified":"2024-12-05T20:51:50+00:00","description":"Chaque lot est compos\u00e9 de 11 algues cr\u00e9\u00e9es par Ronan & Erwan Bouroullec en 2004 + 33 connecteurs. Elles peuvent servir pour la d\u00e9coration ou pour s\u00e9parer des espaces (si achet\u00e9es en grande quantit\u00e9).","breadcrumb":{"@id":"https:\/\/lalmachine.com\/shop\/decorer\/decoration\/lot-de-11-algues-de-bouroullec-pour-vitra-x4\/#breadcrumb"},"inLanguage":"de","potentialAction":[{"@type":"ReadAction","target":["https:\/\/lalmachine.com\/shop\/decorer\/decoration\/lot-de-11-algues-de-bouroullec-pour-vitra-x4\/"]}]},{"@type":"ImageObject","inLanguage":"de","@id":"https:\/\/lalmachine.com\/shop\/decorer\/decoration\/lot-de-11-algues-de-bouroullec-pour-vitra-x4\/#primaryimage","url":"https:\/\/lalmachine.com\/wp-content\/uploads\/2021\/09\/IMG_20210831_152038_clipped_rev_1-a9cdc7c0.jpeg","contentUrl":"https:\/\/lalmachine.com\/wp-content\/uploads\/2021\/09\/IMG_20210831_152038_clipped_rev_1-a9cdc7c0.jpeg","width":5318,"height":5317,"caption":"Lot de 11 algues de Bouroullec pour Vitra (x4)"},{"@type":"BreadcrumbList","@id":"https:\/\/lalmachine.com\/shop\/decorer\/decoration\/lot-de-11-algues-de-bouroullec-pour-vitra-x4\/#breadcrumb","itemListElement":[{"@type":"ListItem","position":1,"name":"Accueil","item":"https:\/\/lalmachine.com\/"},{"@type":"ListItem","position":2,"name":"Shop","item":"https:\/\/lalmachine.com\/shop\/"},{"@type":"ListItem","position":3,"name":"Lot de 11 algues de Bouroullec pour Vitra (x2)"}]},{"@type":"WebSite","@id":"https:\/\/lalmachine.com\/#website","url":"https:\/\/lalmachine.com\/","name":"lalmachine.com","description":"Brocante en ligne Suisse | Mobilier et objets d\u00e9co vintage et design","potentialAction":[{"@type":"SearchAction","target":{"@type":"EntryPoint","urlTemplate":"https:\/\/lalmachine.com\/?s={search_term_string}"},"query-input":{"@type":"PropertyValueSpecification","valueRequired":true,"valueName":"search_term_string"}}],"inLanguage":"de"}]}},"_links":{"self":[{"href":"https:\/\/lalmachine.com\/de\/wp-json\/wp\/v2\/product\/67569","targetHints":{"allow":["GET"]}}],"collection":[{"href":"https:\/\/lalmachine.com\/de\/wp-json\/wp\/v2\/product"}],"about":[{"href":"https:\/\/lalmachine.com\/de\/wp-json\/wp\/v2\/types\/product"}],"wp:featuredmedia":[{"embeddable":true,"href":"https:\/\/lalmachine.com\/de\/wp-json\/wp\/v2\/media\/67544"}],"wp:attachment":[{"href":"https:\/\/lalmachine.com\/de\/wp-json\/wp\/v2\/media?parent=67569"}],"wp:term":[{"taxonomy":"product_brand","embeddable":true,"href":"https:\/\/lalmachine.com\/de\/wp-json\/wp\/v2\/product_brand?post=67569"},{"taxonomy":"product_cat","embeddable":true,"href":"https:\/\/lalmachine.com\/de\/wp-json\/wp\/v2\/product_cat?post=67569"},{"taxonomy":"product_tag","embeddable":true,"href":"https:\/\/lalmachine.com\/de\/wp-json\/wp\/v2\/product_tag?post=67569"},{"taxonomy":"proximite","embeddable":true,"href":"https:\/\/lalmachine.com\/de\/wp-json\/wp\/v2\/proximite?post=67569"}],"curies":[{"name":"wp","href":"https:\/\/api.w.org\/{rel}","templated":true}]}}