{"id":67793,"date":"2021-09-02T16:01:12","date_gmt":"2021-09-02T14:01:12","guid":{"rendered":"https:\/\/lalmachine.com\/?post_type=product&#038;p=67793"},"modified":"2024-12-05T21:51:50","modified_gmt":"2024-12-05T20:51:50","slug":"chaise-tate-par-jasper-morrison-x7","status":"publish","type":"product","link":"https:\/\/lalmachine.com\/de\/shop\/sasseoir\/chaise\/chaise-tate-par-jasper-morrison-x7\/","title":{"rendered":"Chaise \u00ab\u00a0Tate\u00a0\u00bb par Jasper Morrison (x7)"},"content":{"rendered":"<ul class=\"wpuf_customs\"><li style=\"list-style-type:none;\"><label>Autres photos:<\/label> <a href=\"https:\/\/lalmachine.com\/wp-content\/uploads\/2021\/09\/4627CC95-06CC-4B7A-B242-4B75AFB753D4-e5cbf571.jpeg\"><img loading=\"lazy\" decoding=\"async\" width=\"96\" height=\"96\" src=\"https:\/\/lalmachine.com\/wp-content\/uploads\/2021\/09\/4627CC95-06CC-4B7A-B242-4B75AFB753D4-e5cbf571.jpeg\" class=\"attachment-thumbnail size-thumbnail\" alt=\"\" \/><\/a> <a href=\"https:\/\/lalmachine.com\/wp-content\/uploads\/2021\/09\/F58576E0-B071-4DB6-9929-D864E98B7DC2-b39e4822.jpeg\"><img loading=\"lazy\" decoding=\"async\" width=\"78\" height=\"96\" src=\"https:\/\/lalmachine.com\/wp-content\/uploads\/2021\/09\/F58576E0-B071-4DB6-9929-D864E98B7DC2-b39e4822.jpeg\" class=\"attachment-thumbnail size-thumbnail\" alt=\"\" \/><\/a> <a href=\"https:\/\/lalmachine.com\/wp-content\/uploads\/2021\/09\/E227DADA-4219-4A96-875B-BBBBF30501E8-5b2498c9.jpeg\"><img loading=\"lazy\" decoding=\"async\" width=\"96\" height=\"96\" src=\"https:\/\/lalmachine.com\/wp-content\/uploads\/2021\/09\/E227DADA-4219-4A96-875B-BBBBF30501E8-5b2498c9.jpeg\" class=\"attachment-thumbnail size-thumbnail\" alt=\"\" \/><\/a> <a href=\"https:\/\/lalmachine.com\/wp-content\/uploads\/2021\/09\/787A539C-7BDC-4C6C-911C-EF02773F9612-db838116.jpeg\"><img loading=\"lazy\" decoding=\"async\" width=\"92\" height=\"96\" src=\"https:\/\/lalmachine.com\/wp-content\/uploads\/2021\/09\/787A539C-7BDC-4C6C-911C-EF02773F9612-db838116.jpeg\" class=\"attachment-thumbnail size-thumbnail\" alt=\"\" \/><\/a> <a href=\"https:\/\/lalmachine.com\/wp-content\/uploads\/2021\/09\/C162FD21-C610-49FA-9CD2-DFBC3AFB5F91-6885c8dd.jpeg\"><img loading=\"lazy\" decoding=\"async\" width=\"91\" height=\"96\" src=\"https:\/\/lalmachine.com\/wp-content\/uploads\/2021\/09\/C162FD21-C610-49FA-9CD2-DFBC3AFB5F91-6885c8dd.jpeg\" class=\"attachment-thumbnail size-thumbnail\" alt=\"\" \/><\/a> <a href=\"https:\/\/lalmachine.com\/wp-content\/uploads\/2021\/09\/1B2D2A04-25A9-487D-9819-CEE028A7A320-f9284dc1.jpeg\"><img loading=\"lazy\" decoding=\"async\" width=\"96\" height=\"96\" src=\"https:\/\/lalmachine.com\/wp-content\/uploads\/2021\/09\/1B2D2A04-25A9-487D-9819-CEE028A7A320-f9284dc1.jpeg\" class=\"attachment-thumbnail size-thumbnail\" alt=\"\" \/><\/a> <a href=\"https:\/\/lalmachine.com\/wp-content\/uploads\/2021\/09\/B1C9ABF4-6335-4551-805D-0EB1F06A3A7D-f8bd67ae.jpeg\"><img loading=\"lazy\" decoding=\"async\" width=\"98\" height=\"96\" src=\"https:\/\/lalmachine.com\/wp-content\/uploads\/2021\/09\/B1C9ABF4-6335-4551-805D-0EB1F06A3A7D-f8bd67ae.jpeg\" class=\"attachment-thumbnail size-thumbnail\" alt=\"\" \/><\/a> <a href=\"https:\/\/lalmachine.com\/wp-content\/uploads\/2021\/09\/8B0D5511-E701-4D02-8180-BA86028D0884-78b69d24.jpeg\"><img loading=\"lazy\" decoding=\"async\" width=\"92\" height=\"96\" src=\"https:\/\/lalmachine.com\/wp-content\/uploads\/2021\/09\/8B0D5511-E701-4D02-8180-BA86028D0884-78b69d24.jpeg\" class=\"attachment-thumbnail size-thumbnail\" alt=\"\" \/><\/a> <a href=\"https:\/\/lalmachine.com\/wp-content\/uploads\/2021\/09\/D7AC8942-6F6E-4354-8E4C-F01901128969-23ebadfe.jpeg\"><img loading=\"lazy\" decoding=\"async\" width=\"96\" height=\"96\" src=\"https:\/\/lalmachine.com\/wp-content\/uploads\/2021\/09\/D7AC8942-6F6E-4354-8E4C-F01901128969-23ebadfe.jpeg\" class=\"attachment-thumbnail size-thumbnail\" alt=\"\" \/><\/a> <\/li>        <li class=\"wpuf-field-data wpuf-field-data-numeric_text_field\">\n                            <label>Prix:<\/label>\n                        110        <\/li>\n                <li class=\"wpuf-field-data wpuf-field-data-numeric_text_field\">\n                            <label>Quantit\u00e9:<\/label>\n                        0        <\/li>\n                <li class=\"wpuf-field-data wpuf-field-data-numeric_text_field\">\n                            <label>Hauteur (cm):<\/label>\n                        80        <\/li>\n                <li class=\"wpuf-field-data wpuf-field-data-numeric_text_field\">\n                            <label>Largeur (cm):<\/label>\n                        55        <\/li>\n                <li class=\"wpuf-field-data wpuf-field-data-numeric_text_field\">\n                            <label>Profondeur (cm):<\/label>\n                        51        <\/li>\n        <\/ul>","protected":false},"excerpt":{"rendered":"<p><strong>Prix par chaise. 7 chaises disponibles.<\/strong><\/p>\n<p>Chaise \u00ab Tate \u00bb du designer Jasper Morrison pour Cappellini &#8211; Design de l\u2019ann\u00e9e 2000.<br \/>\nLa chaise est appel\u00e9e Tate car elle a \u00e9t\u00e9 dessin\u00e9e pour le mus\u00e9e Tate Modern de Londres<br \/>\nLes chaises sont empilables (jusqu\u2019\u00e0 6 chaises).<br \/>\nLa coque est en bois recouverte de laque de couleur blanche et le pi\u00e9tement en m\u00e9tal.<br \/>\nCes chaises sont parfaites autour d\u2019une table ou dans un bureau.<br \/>\nLes chaises portent des traces d\u2019usure (manque de peinture blanche) \u00e0 certains endroits.<\/p>\n<p>Hauteur d\u2019assise : 47cm<\/p>\n<p>Les chaises peuvent \u00eatre envoy\u00e9es par la poste en lot de deux pour 21CHF.<\/p>","protected":false},"featured_media":67810,"template":"","meta":{"_et_pb_use_builder":"","_et_pb_old_content":"","_et_gb_content_width":""},"product_brand":[],"product_cat":[100,48],"product_tag":[],"proximite":[213],"class_list":{"0":"post-67793","1":"product","2":"type-product","3":"status-publish","4":"has-post-thumbnail","6":"product_cat-chaise","7":"product_cat-sasseoir","8":"pa_couleur-blanc","9":"pa_etat-bon-etat","10":"pa_materiau-bois","11":"pa_style-design","12":"proximite-zug","14":"first","15":"outofstock","16":"sale","17":"shipping-taxable","18":"purchasable","19":"product-type-simple"},"yoast_head":"<!-- This site is optimized with the Yoast SEO plugin v27.4 - https:\/\/yoast.com\/product\/yoast-seo-wordpress\/ -->\n<title>Chaise \u00ab\u00a0Tate\u00a0\u00bb par Jasper Morrison (x7) | lalmachine.com<\/title>\n<meta name=\"robots\" content=\"index, follow, max-snippet:-1, max-image-preview:large, max-video-preview:-1\" \/>\n<link rel=\"canonical\" href=\"https:\/\/lalmachine.com\/de\/shop\/sasseoir\/chaise\/chaise-tate-par-jasper-morrison-x7\/\" \/>\n<meta property=\"og:locale\" content=\"de_DE\" \/>\n<meta property=\"og:type\" content=\"article\" \/>\n<meta property=\"og:title\" content=\"Chaise \u00ab\u00a0Tate\u00a0\u00bb par Jasper Morrison (x7) | lalmachine.com\" \/>\n<meta property=\"og:description\" content=\"Prix par chaise. 7 chaises disponibles.  Chaise \u00ab Tate \u00bb du designer Jasper Morrison pour Cappellini - Design de l\u2019ann\u00e9e 2000. La chaise est appel\u00e9e Tate car elle a \u00e9t\u00e9 dessin\u00e9e pour le mus\u00e9e Tate Modern de Londres Les chaises sont empilables (jusqu\u2019\u00e0 6 chaises). La coque est en bois recouverte de laque de couleur blanche et le pi\u00e9tement en m\u00e9tal. Ces chaises sont parfaites autour d\u2019une table ou dans un bureau. Les chaises portent des traces d\u2019usure (manque de peinture blanche) \u00e0 certains endroits.  Hauteur d\u2019assise : 47cm  Les chaises peuvent \u00eatre envoy\u00e9es par la poste en lot de deux pour 21CHF.\" \/>\n<meta property=\"og:url\" content=\"https:\/\/lalmachine.com\/de\/shop\/sasseoir\/chaise\/chaise-tate-par-jasper-morrison-x7\/\" \/>\n<meta property=\"og:site_name\" content=\"lalmachine.com\" \/>\n<meta property=\"article:publisher\" content=\"https:\/\/facebook.com\/lalmachine\" \/>\n<meta property=\"article:modified_time\" content=\"2024-12-05T20:51:50+00:00\" \/>\n<meta property=\"og:image\" content=\"https:\/\/lalmachine.com\/wp-content\/uploads\/2021\/09\/B1C9ABF4-6335-4551-805D-0EB1F06A3A7D-f8bd67ae_clipped_rev_1.jpeg\" \/>\n\t<meta property=\"og:image:width\" content=\"3169\" \/>\n\t<meta property=\"og:image:height\" content=\"3169\" \/>\n\t<meta property=\"og:image:type\" content=\"image\/jpeg\" \/>\n<meta name=\"twitter:card\" content=\"summary_large_image\" \/>\n<script type=\"application\/ld+json\" class=\"yoast-schema-graph\">{\"@context\":\"https:\\\/\\\/schema.org\",\"@graph\":[{\"@type\":\"WebPage\",\"@id\":\"https:\\\/\\\/lalmachine.com\\\/shop\\\/sasseoir\\\/chaise\\\/chaise-tate-par-jasper-morrison-x7\\\/\",\"url\":\"https:\\\/\\\/lalmachine.com\\\/shop\\\/sasseoir\\\/chaise\\\/chaise-tate-par-jasper-morrison-x7\\\/\",\"name\":\"Chaise \u00ab\u00a0Tate\u00a0\u00bb par Jasper Morrison (x7) | lalmachine.com\",\"isPartOf\":{\"@id\":\"https:\\\/\\\/lalmachine.com\\\/#website\"},\"primaryImageOfPage\":{\"@id\":\"https:\\\/\\\/lalmachine.com\\\/shop\\\/sasseoir\\\/chaise\\\/chaise-tate-par-jasper-morrison-x7\\\/#primaryimage\"},\"image\":{\"@id\":\"https:\\\/\\\/lalmachine.com\\\/shop\\\/sasseoir\\\/chaise\\\/chaise-tate-par-jasper-morrison-x7\\\/#primaryimage\"},\"thumbnailUrl\":\"https:\\\/\\\/lalmachine.com\\\/wp-content\\\/uploads\\\/2021\\\/09\\\/B1C9ABF4-6335-4551-805D-0EB1F06A3A7D-f8bd67ae_clipped_rev_1.jpeg\",\"datePublished\":\"2021-09-02T14:01:12+00:00\",\"dateModified\":\"2024-12-05T20:51:50+00:00\",\"breadcrumb\":{\"@id\":\"https:\\\/\\\/lalmachine.com\\\/shop\\\/sasseoir\\\/chaise\\\/chaise-tate-par-jasper-morrison-x7\\\/#breadcrumb\"},\"inLanguage\":\"de\",\"potentialAction\":[{\"@type\":\"ReadAction\",\"target\":[\"https:\\\/\\\/lalmachine.com\\\/shop\\\/sasseoir\\\/chaise\\\/chaise-tate-par-jasper-morrison-x7\\\/\"]}]},{\"@type\":\"ImageObject\",\"inLanguage\":\"de\",\"@id\":\"https:\\\/\\\/lalmachine.com\\\/shop\\\/sasseoir\\\/chaise\\\/chaise-tate-par-jasper-morrison-x7\\\/#primaryimage\",\"url\":\"https:\\\/\\\/lalmachine.com\\\/wp-content\\\/uploads\\\/2021\\\/09\\\/B1C9ABF4-6335-4551-805D-0EB1F06A3A7D-f8bd67ae_clipped_rev_1.jpeg\",\"contentUrl\":\"https:\\\/\\\/lalmachine.com\\\/wp-content\\\/uploads\\\/2021\\\/09\\\/B1C9ABF4-6335-4551-805D-0EB1F06A3A7D-f8bd67ae_clipped_rev_1.jpeg\",\"width\":3169,\"height\":3169,\"caption\":\"Chaise \u00ab\u00a0Tate\u00a0\u00bb par Jasper Morrison\"},{\"@type\":\"BreadcrumbList\",\"@id\":\"https:\\\/\\\/lalmachine.com\\\/shop\\\/sasseoir\\\/chaise\\\/chaise-tate-par-jasper-morrison-x7\\\/#breadcrumb\",\"itemListElement\":[{\"@type\":\"ListItem\",\"position\":1,\"name\":\"Accueil\",\"item\":\"https:\\\/\\\/lalmachine.com\\\/\"},{\"@type\":\"ListItem\",\"position\":2,\"name\":\"Shop\",\"item\":\"https:\\\/\\\/lalmachine.com\\\/shop\\\/\"},{\"@type\":\"ListItem\",\"position\":3,\"name\":\"Chaise \u00ab\u00a0Tate\u00a0\u00bb par Jasper Morrison (x7)\"}]},{\"@type\":\"WebSite\",\"@id\":\"https:\\\/\\\/lalmachine.com\\\/#website\",\"url\":\"https:\\\/\\\/lalmachine.com\\\/\",\"name\":\"lalmachine.com\",\"description\":\"Brocante en ligne Suisse | Mobilier et objets d\u00e9co vintage et design\",\"potentialAction\":[{\"@type\":\"SearchAction\",\"target\":{\"@type\":\"EntryPoint\",\"urlTemplate\":\"https:\\\/\\\/lalmachine.com\\\/?s={search_term_string}\"},\"query-input\":{\"@type\":\"PropertyValueSpecification\",\"valueRequired\":true,\"valueName\":\"search_term_string\"}}],\"inLanguage\":\"de\"}]}<\/script>\n<!-- \/ Yoast SEO plugin. -->","yoast_head_json":{"title":"Chaise \u00ab\u00a0Tate\u00a0\u00bb par Jasper Morrison (x7) | lalmachine.com","robots":{"index":"index","follow":"follow","max-snippet":"max-snippet:-1","max-image-preview":"max-image-preview:large","max-video-preview":"max-video-preview:-1"},"canonical":"https:\/\/lalmachine.com\/de\/shop\/sasseoir\/chaise\/chaise-tate-par-jasper-morrison-x7\/","og_locale":"de_DE","og_type":"article","og_title":"Chaise \u00ab\u00a0Tate\u00a0\u00bb par Jasper Morrison (x7) | lalmachine.com","og_description":"Prix par chaise. 7 chaises disponibles.  Chaise \u00ab Tate \u00bb du designer Jasper Morrison pour Cappellini - Design de l\u2019ann\u00e9e 2000. La chaise est appel\u00e9e Tate car elle a \u00e9t\u00e9 dessin\u00e9e pour le mus\u00e9e Tate Modern de Londres Les chaises sont empilables (jusqu\u2019\u00e0 6 chaises). La coque est en bois recouverte de laque de couleur blanche et le pi\u00e9tement en m\u00e9tal. Ces chaises sont parfaites autour d\u2019une table ou dans un bureau. Les chaises portent des traces d\u2019usure (manque de peinture blanche) \u00e0 certains endroits.  Hauteur d\u2019assise : 47cm  Les chaises peuvent \u00eatre envoy\u00e9es par la poste en lot de deux pour 21CHF.","og_url":"https:\/\/lalmachine.com\/de\/shop\/sasseoir\/chaise\/chaise-tate-par-jasper-morrison-x7\/","og_site_name":"lalmachine.com","article_publisher":"https:\/\/facebook.com\/lalmachine","article_modified_time":"2024-12-05T20:51:50+00:00","og_image":[{"width":3169,"height":3169,"url":"https:\/\/lalmachine.com\/wp-content\/uploads\/2021\/09\/B1C9ABF4-6335-4551-805D-0EB1F06A3A7D-f8bd67ae_clipped_rev_1.jpeg","type":"image\/jpeg"}],"twitter_card":"summary_large_image","schema":{"@context":"https:\/\/schema.org","@graph":[{"@type":"WebPage","@id":"https:\/\/lalmachine.com\/shop\/sasseoir\/chaise\/chaise-tate-par-jasper-morrison-x7\/","url":"https:\/\/lalmachine.com\/shop\/sasseoir\/chaise\/chaise-tate-par-jasper-morrison-x7\/","name":"Chaise \u00ab\u00a0Tate\u00a0\u00bb par Jasper Morrison (x7) | lalmachine.com","isPartOf":{"@id":"https:\/\/lalmachine.com\/#website"},"primaryImageOfPage":{"@id":"https:\/\/lalmachine.com\/shop\/sasseoir\/chaise\/chaise-tate-par-jasper-morrison-x7\/#primaryimage"},"image":{"@id":"https:\/\/lalmachine.com\/shop\/sasseoir\/chaise\/chaise-tate-par-jasper-morrison-x7\/#primaryimage"},"thumbnailUrl":"https:\/\/lalmachine.com\/wp-content\/uploads\/2021\/09\/B1C9ABF4-6335-4551-805D-0EB1F06A3A7D-f8bd67ae_clipped_rev_1.jpeg","datePublished":"2021-09-02T14:01:12+00:00","dateModified":"2024-12-05T20:51:50+00:00","breadcrumb":{"@id":"https:\/\/lalmachine.com\/shop\/sasseoir\/chaise\/chaise-tate-par-jasper-morrison-x7\/#breadcrumb"},"inLanguage":"de","potentialAction":[{"@type":"ReadAction","target":["https:\/\/lalmachine.com\/shop\/sasseoir\/chaise\/chaise-tate-par-jasper-morrison-x7\/"]}]},{"@type":"ImageObject","inLanguage":"de","@id":"https:\/\/lalmachine.com\/shop\/sasseoir\/chaise\/chaise-tate-par-jasper-morrison-x7\/#primaryimage","url":"https:\/\/lalmachine.com\/wp-content\/uploads\/2021\/09\/B1C9ABF4-6335-4551-805D-0EB1F06A3A7D-f8bd67ae_clipped_rev_1.jpeg","contentUrl":"https:\/\/lalmachine.com\/wp-content\/uploads\/2021\/09\/B1C9ABF4-6335-4551-805D-0EB1F06A3A7D-f8bd67ae_clipped_rev_1.jpeg","width":3169,"height":3169,"caption":"Chaise \u00ab\u00a0Tate\u00a0\u00bb par Jasper Morrison"},{"@type":"BreadcrumbList","@id":"https:\/\/lalmachine.com\/shop\/sasseoir\/chaise\/chaise-tate-par-jasper-morrison-x7\/#breadcrumb","itemListElement":[{"@type":"ListItem","position":1,"name":"Accueil","item":"https:\/\/lalmachine.com\/"},{"@type":"ListItem","position":2,"name":"Shop","item":"https:\/\/lalmachine.com\/shop\/"},{"@type":"ListItem","position":3,"name":"Chaise \u00ab\u00a0Tate\u00a0\u00bb par Jasper Morrison (x7)"}]},{"@type":"WebSite","@id":"https:\/\/lalmachine.com\/#website","url":"https:\/\/lalmachine.com\/","name":"lalmachine.com","description":"Brocante en ligne Suisse | Mobilier et objets d\u00e9co vintage et design","potentialAction":[{"@type":"SearchAction","target":{"@type":"EntryPoint","urlTemplate":"https:\/\/lalmachine.com\/?s={search_term_string}"},"query-input":{"@type":"PropertyValueSpecification","valueRequired":true,"valueName":"search_term_string"}}],"inLanguage":"de"}]}},"_links":{"self":[{"href":"https:\/\/lalmachine.com\/de\/wp-json\/wp\/v2\/product\/67793","targetHints":{"allow":["GET"]}}],"collection":[{"href":"https:\/\/lalmachine.com\/de\/wp-json\/wp\/v2\/product"}],"about":[{"href":"https:\/\/lalmachine.com\/de\/wp-json\/wp\/v2\/types\/product"}],"wp:featuredmedia":[{"embeddable":true,"href":"https:\/\/lalmachine.com\/de\/wp-json\/wp\/v2\/media\/67810"}],"wp:attachment":[{"href":"https:\/\/lalmachine.com\/de\/wp-json\/wp\/v2\/media?parent=67793"}],"wp:term":[{"taxonomy":"product_brand","embeddable":true,"href":"https:\/\/lalmachine.com\/de\/wp-json\/wp\/v2\/product_brand?post=67793"},{"taxonomy":"product_cat","embeddable":true,"href":"https:\/\/lalmachine.com\/de\/wp-json\/wp\/v2\/product_cat?post=67793"},{"taxonomy":"product_tag","embeddable":true,"href":"https:\/\/lalmachine.com\/de\/wp-json\/wp\/v2\/product_tag?post=67793"},{"taxonomy":"proximite","embeddable":true,"href":"https:\/\/lalmachine.com\/de\/wp-json\/wp\/v2\/proximite?post=67793"}],"curies":[{"name":"wp","href":"https:\/\/api.w.org\/{rel}","templated":true}]}}