{"id":68411,"date":"2021-09-09T21:01:59","date_gmt":"2021-09-09T19:01:59","guid":{"rendered":"https:\/\/lalmachine.com\/?post_type=product&#038;p=68411"},"modified":"2024-12-05T21:51:51","modified_gmt":"2024-12-05T20:51:51","slug":"pichet-zoomorphe-et-bol-en-ceramique-jean-austruy","status":"publish","type":"product","link":"https:\/\/lalmachine.com\/de\/shop\/decorer\/vase-ceramique\/pichet-zoomorphe-et-bol-en-ceramique-jean-austruy\/","title":{"rendered":"Pichet zoomorphe et bol en c\u00e9ramique &#8211; Jean Austruy"},"content":{"rendered":"<ul class=\"wpuf_customs\"><li style=\"list-style-type:none;\"><label>Autres photos:<\/label> <a href=\"https:\/\/lalmachine.com\/wp-content\/uploads\/2021\/09\/e6982f47-2738-49d5-83e6-d42b5837ba69-4bde07de.jpg\"><img loading=\"lazy\" decoding=\"async\" width=\"72\" height=\"96\" src=\"https:\/\/lalmachine.com\/wp-content\/uploads\/2021\/09\/e6982f47-2738-49d5-83e6-d42b5837ba69-4bde07de.jpg\" class=\"attachment-thumbnail size-thumbnail\" alt=\"\" \/><\/a> <\/li>        <li class=\"wpuf-field-data wpuf-field-data-numeric_text_field\">\n                            <label>Prix:<\/label>\n                        100        <\/li>\n                <li class=\"wpuf-field-data wpuf-field-data-numeric_text_field\">\n                            <label>Quantit\u00e9:<\/label>\n                        1        <\/li>\n        <\/ul>","protected":false},"excerpt":{"rendered":"<p>Pichet zoomorphe et bol en c\u00e9ramique &#8211; Jean Austruy (Vallauris).<br \/>\nDimensions pichet: H 25.5 cm L 15 cm<br \/>\nDimensions bol : H 3.5 cm D 14 cm<\/p>","protected":false},"featured_media":68464,"template":"","meta":{"_et_pb_use_builder":"","_et_pb_old_content":"","_et_gb_content_width":""},"product_brand":[],"product_cat":[50,400],"product_tag":[],"proximite":[177,235],"class_list":{"0":"post-68411","1":"product","2":"type-product","3":"status-publish","4":"has-post-thumbnail","6":"product_cat-decorer","7":"product_cat-vase-ceramique","8":"product_shipping_class-fragile-8-5","9":"pa_couleur-multicolore","10":"pa_etat-tres-bon-etat","11":"pa_materiau-ceramique","12":"pa_style-vintage","13":"proximite-fribourg","14":"proximite-sarine","16":"first","17":"instock","18":"shipping-taxable","19":"purchasable","20":"product-type-simple"},"yoast_head":"<!-- This site is optimized with the Yoast SEO plugin v27.4 - https:\/\/yoast.com\/product\/yoast-seo-wordpress\/ -->\n<title>Pichet zoomorphe et bol en c\u00e9ramique - Jean Austruy | lalmachine.com, mobilier et objets d\u00e9co vintage et design<\/title>\n<meta name=\"description\" content=\"Pichet zoomorphe et bol en c\u00e9ramique - Jean Austruy (Vallauris).\" \/>\n<meta name=\"robots\" content=\"index, follow, max-snippet:-1, max-image-preview:large, max-video-preview:-1\" \/>\n<link rel=\"canonical\" href=\"https:\/\/lalmachine.com\/de\/shop\/decorer\/vase-ceramique\/pichet-zoomorphe-et-bol-en-ceramique-jean-austruy\/\" \/>\n<meta property=\"og:locale\" content=\"de_DE\" \/>\n<meta property=\"og:type\" content=\"article\" \/>\n<meta property=\"og:title\" content=\"Pichet zoomorphe et bol en c\u00e9ramique - Jean Austruy | lalmachine.com, mobilier et objets d\u00e9co vintage et design\" \/>\n<meta property=\"og:description\" content=\"Pichet zoomorphe et bol en c\u00e9ramique - Jean Austruy (Vallauris).\" \/>\n<meta property=\"og:url\" content=\"https:\/\/lalmachine.com\/de\/shop\/decorer\/vase-ceramique\/pichet-zoomorphe-et-bol-en-ceramique-jean-austruy\/\" \/>\n<meta property=\"og:site_name\" content=\"lalmachine.com\" \/>\n<meta property=\"article:publisher\" content=\"https:\/\/facebook.com\/lalmachine\" \/>\n<meta property=\"article:modified_time\" content=\"2024-12-05T20:51:51+00:00\" \/>\n<meta property=\"og:image\" content=\"https:\/\/lalmachine.com\/wp-content\/uploads\/2021\/09\/f82ec697-a778-45c4-bfe0-499ae4f7cc32-915bc9e4_clipped_rev_2.jpg\" \/>\n\t<meta property=\"og:image:width\" content=\"3723\" \/>\n\t<meta property=\"og:image:height\" content=\"3724\" \/>\n\t<meta property=\"og:image:type\" content=\"image\/jpeg\" \/>\n<meta name=\"twitter:card\" content=\"summary_large_image\" \/>\n<script type=\"application\/ld+json\" class=\"yoast-schema-graph\">{\"@context\":\"https:\\\/\\\/schema.org\",\"@graph\":[{\"@type\":\"WebPage\",\"@id\":\"https:\\\/\\\/lalmachine.com\\\/de\\\/shop\\\/decorer\\\/vase-ceramique\\\/pichet-zoomorphe-et-bol-en-ceramique-jean-austruy\\\/\",\"url\":\"https:\\\/\\\/lalmachine.com\\\/de\\\/shop\\\/decorer\\\/vase-ceramique\\\/pichet-zoomorphe-et-bol-en-ceramique-jean-austruy\\\/\",\"name\":\"Pichet zoomorphe et bol en c\u00e9ramique - Jean Austruy | lalmachine.com, mobilier et objets d\u00e9co vintage et design\",\"isPartOf\":{\"@id\":\"https:\\\/\\\/lalmachine.com\\\/#website\"},\"primaryImageOfPage\":{\"@id\":\"https:\\\/\\\/lalmachine.com\\\/de\\\/shop\\\/decorer\\\/vase-ceramique\\\/pichet-zoomorphe-et-bol-en-ceramique-jean-austruy\\\/#primaryimage\"},\"image\":{\"@id\":\"https:\\\/\\\/lalmachine.com\\\/de\\\/shop\\\/decorer\\\/vase-ceramique\\\/pichet-zoomorphe-et-bol-en-ceramique-jean-austruy\\\/#primaryimage\"},\"thumbnailUrl\":\"https:\\\/\\\/lalmachine.com\\\/wp-content\\\/uploads\\\/2021\\\/09\\\/f82ec697-a778-45c4-bfe0-499ae4f7cc32-915bc9e4_clipped_rev_2.jpg\",\"datePublished\":\"2021-09-09T19:01:59+00:00\",\"dateModified\":\"2024-12-05T20:51:51+00:00\",\"description\":\"Pichet zoomorphe et bol en c\u00e9ramique - Jean Austruy (Vallauris).\",\"breadcrumb\":{\"@id\":\"https:\\\/\\\/lalmachine.com\\\/de\\\/shop\\\/decorer\\\/vase-ceramique\\\/pichet-zoomorphe-et-bol-en-ceramique-jean-austruy\\\/#breadcrumb\"},\"inLanguage\":\"de\",\"potentialAction\":[{\"@type\":\"ReadAction\",\"target\":[\"https:\\\/\\\/lalmachine.com\\\/de\\\/shop\\\/decorer\\\/vase-ceramique\\\/pichet-zoomorphe-et-bol-en-ceramique-jean-austruy\\\/\"]}]},{\"@type\":\"ImageObject\",\"inLanguage\":\"de\",\"@id\":\"https:\\\/\\\/lalmachine.com\\\/de\\\/shop\\\/decorer\\\/vase-ceramique\\\/pichet-zoomorphe-et-bol-en-ceramique-jean-austruy\\\/#primaryimage\",\"url\":\"https:\\\/\\\/lalmachine.com\\\/wp-content\\\/uploads\\\/2021\\\/09\\\/f82ec697-a778-45c4-bfe0-499ae4f7cc32-915bc9e4_clipped_rev_2.jpg\",\"contentUrl\":\"https:\\\/\\\/lalmachine.com\\\/wp-content\\\/uploads\\\/2021\\\/09\\\/f82ec697-a778-45c4-bfe0-499ae4f7cc32-915bc9e4_clipped_rev_2.jpg\",\"width\":3723,\"height\":3724,\"caption\":\"Jean Austruy Vallauris\"},{\"@type\":\"BreadcrumbList\",\"@id\":\"https:\\\/\\\/lalmachine.com\\\/de\\\/shop\\\/decorer\\\/vase-ceramique\\\/pichet-zoomorphe-et-bol-en-ceramique-jean-austruy\\\/#breadcrumb\",\"itemListElement\":[{\"@type\":\"ListItem\",\"position\":1,\"name\":\"Accueil\",\"item\":\"https:\\\/\\\/lalmachine.com\\\/\"},{\"@type\":\"ListItem\",\"position\":2,\"name\":\"Shop\",\"item\":\"https:\\\/\\\/lalmachine.com\\\/shop\\\/\"},{\"@type\":\"ListItem\",\"position\":3,\"name\":\"Pichet zoomorphe et bol en c\u00e9ramique &#8211; Jean Austruy\"}]},{\"@type\":\"WebSite\",\"@id\":\"https:\\\/\\\/lalmachine.com\\\/#website\",\"url\":\"https:\\\/\\\/lalmachine.com\\\/\",\"name\":\"lalmachine.com\",\"description\":\"Brocante en ligne Suisse | Mobilier et objets d\u00e9co vintage et design\",\"potentialAction\":[{\"@type\":\"SearchAction\",\"target\":{\"@type\":\"EntryPoint\",\"urlTemplate\":\"https:\\\/\\\/lalmachine.com\\\/?s={search_term_string}\"},\"query-input\":{\"@type\":\"PropertyValueSpecification\",\"valueRequired\":true,\"valueName\":\"search_term_string\"}}],\"inLanguage\":\"de\"}]}<\/script>\n<!-- \/ Yoast SEO plugin. -->","yoast_head_json":{"title":"Pichet zoomorphe et bol en c\u00e9ramique - Jean Austruy | lalmachine.com, mobilier et objets d\u00e9co vintage et design","description":"Pichet zoomorphe et bol en c\u00e9ramique - Jean Austruy (Vallauris).","robots":{"index":"index","follow":"follow","max-snippet":"max-snippet:-1","max-image-preview":"max-image-preview:large","max-video-preview":"max-video-preview:-1"},"canonical":"https:\/\/lalmachine.com\/de\/shop\/decorer\/vase-ceramique\/pichet-zoomorphe-et-bol-en-ceramique-jean-austruy\/","og_locale":"de_DE","og_type":"article","og_title":"Pichet zoomorphe et bol en c\u00e9ramique - Jean Austruy | lalmachine.com, mobilier et objets d\u00e9co vintage et design","og_description":"Pichet zoomorphe et bol en c\u00e9ramique - Jean Austruy (Vallauris).","og_url":"https:\/\/lalmachine.com\/de\/shop\/decorer\/vase-ceramique\/pichet-zoomorphe-et-bol-en-ceramique-jean-austruy\/","og_site_name":"lalmachine.com","article_publisher":"https:\/\/facebook.com\/lalmachine","article_modified_time":"2024-12-05T20:51:51+00:00","og_image":[{"width":3723,"height":3724,"url":"https:\/\/lalmachine.com\/wp-content\/uploads\/2021\/09\/f82ec697-a778-45c4-bfe0-499ae4f7cc32-915bc9e4_clipped_rev_2.jpg","type":"image\/jpeg"}],"twitter_card":"summary_large_image","schema":{"@context":"https:\/\/schema.org","@graph":[{"@type":"WebPage","@id":"https:\/\/lalmachine.com\/de\/shop\/decorer\/vase-ceramique\/pichet-zoomorphe-et-bol-en-ceramique-jean-austruy\/","url":"https:\/\/lalmachine.com\/de\/shop\/decorer\/vase-ceramique\/pichet-zoomorphe-et-bol-en-ceramique-jean-austruy\/","name":"Pichet zoomorphe et bol en c\u00e9ramique - Jean Austruy | lalmachine.com, mobilier et objets d\u00e9co vintage et design","isPartOf":{"@id":"https:\/\/lalmachine.com\/#website"},"primaryImageOfPage":{"@id":"https:\/\/lalmachine.com\/de\/shop\/decorer\/vase-ceramique\/pichet-zoomorphe-et-bol-en-ceramique-jean-austruy\/#primaryimage"},"image":{"@id":"https:\/\/lalmachine.com\/de\/shop\/decorer\/vase-ceramique\/pichet-zoomorphe-et-bol-en-ceramique-jean-austruy\/#primaryimage"},"thumbnailUrl":"https:\/\/lalmachine.com\/wp-content\/uploads\/2021\/09\/f82ec697-a778-45c4-bfe0-499ae4f7cc32-915bc9e4_clipped_rev_2.jpg","datePublished":"2021-09-09T19:01:59+00:00","dateModified":"2024-12-05T20:51:51+00:00","description":"Pichet zoomorphe et bol en c\u00e9ramique - Jean Austruy (Vallauris).","breadcrumb":{"@id":"https:\/\/lalmachine.com\/de\/shop\/decorer\/vase-ceramique\/pichet-zoomorphe-et-bol-en-ceramique-jean-austruy\/#breadcrumb"},"inLanguage":"de","potentialAction":[{"@type":"ReadAction","target":["https:\/\/lalmachine.com\/de\/shop\/decorer\/vase-ceramique\/pichet-zoomorphe-et-bol-en-ceramique-jean-austruy\/"]}]},{"@type":"ImageObject","inLanguage":"de","@id":"https:\/\/lalmachine.com\/de\/shop\/decorer\/vase-ceramique\/pichet-zoomorphe-et-bol-en-ceramique-jean-austruy\/#primaryimage","url":"https:\/\/lalmachine.com\/wp-content\/uploads\/2021\/09\/f82ec697-a778-45c4-bfe0-499ae4f7cc32-915bc9e4_clipped_rev_2.jpg","contentUrl":"https:\/\/lalmachine.com\/wp-content\/uploads\/2021\/09\/f82ec697-a778-45c4-bfe0-499ae4f7cc32-915bc9e4_clipped_rev_2.jpg","width":3723,"height":3724,"caption":"Jean Austruy Vallauris"},{"@type":"BreadcrumbList","@id":"https:\/\/lalmachine.com\/de\/shop\/decorer\/vase-ceramique\/pichet-zoomorphe-et-bol-en-ceramique-jean-austruy\/#breadcrumb","itemListElement":[{"@type":"ListItem","position":1,"name":"Accueil","item":"https:\/\/lalmachine.com\/"},{"@type":"ListItem","position":2,"name":"Shop","item":"https:\/\/lalmachine.com\/shop\/"},{"@type":"ListItem","position":3,"name":"Pichet zoomorphe et bol en c\u00e9ramique &#8211; Jean Austruy"}]},{"@type":"WebSite","@id":"https:\/\/lalmachine.com\/#website","url":"https:\/\/lalmachine.com\/","name":"lalmachine.com","description":"Brocante en ligne Suisse | Mobilier et objets d\u00e9co vintage et design","potentialAction":[{"@type":"SearchAction","target":{"@type":"EntryPoint","urlTemplate":"https:\/\/lalmachine.com\/?s={search_term_string}"},"query-input":{"@type":"PropertyValueSpecification","valueRequired":true,"valueName":"search_term_string"}}],"inLanguage":"de"}]}},"_links":{"self":[{"href":"https:\/\/lalmachine.com\/de\/wp-json\/wp\/v2\/product\/68411","targetHints":{"allow":["GET"]}}],"collection":[{"href":"https:\/\/lalmachine.com\/de\/wp-json\/wp\/v2\/product"}],"about":[{"href":"https:\/\/lalmachine.com\/de\/wp-json\/wp\/v2\/types\/product"}],"wp:featuredmedia":[{"embeddable":true,"href":"https:\/\/lalmachine.com\/de\/wp-json\/wp\/v2\/media\/68464"}],"wp:attachment":[{"href":"https:\/\/lalmachine.com\/de\/wp-json\/wp\/v2\/media?parent=68411"}],"wp:term":[{"taxonomy":"product_brand","embeddable":true,"href":"https:\/\/lalmachine.com\/de\/wp-json\/wp\/v2\/product_brand?post=68411"},{"taxonomy":"product_cat","embeddable":true,"href":"https:\/\/lalmachine.com\/de\/wp-json\/wp\/v2\/product_cat?post=68411"},{"taxonomy":"product_tag","embeddable":true,"href":"https:\/\/lalmachine.com\/de\/wp-json\/wp\/v2\/product_tag?post=68411"},{"taxonomy":"proximite","embeddable":true,"href":"https:\/\/lalmachine.com\/de\/wp-json\/wp\/v2\/proximite?post=68411"}],"curies":[{"name":"wp","href":"https:\/\/api.w.org\/{rel}","templated":true}]}}