{"id":69500,"date":"2021-09-18T11:10:13","date_gmt":"2021-09-18T09:10:13","guid":{"rendered":"https:\/\/lalmachine.com\/?post_type=product&#038;p=69500"},"modified":"2024-12-05T21:51:54","modified_gmt":"2024-12-05T20:51:54","slug":"canape-alcove-highback-de-bouroullec-pour-vitra","status":"publish","type":"product","link":"https:\/\/lalmachine.com\/de\/shop\/sasseoir\/canape-fauteuil-pouf\/canape-alcove-highback-de-bouroullec-pour-vitra\/","title":{"rendered":"Canap\u00e9 Alcove Highback de Bouroullec pour Vitra"},"content":{"rendered":"<ul class=\"wpuf_customs\"><li style=\"list-style-type:none;\"><label>Autres photos:<\/label> <a href=\"https:\/\/lalmachine.com\/wp-content\/uploads\/2021\/09\/IMG-20210905-WA0001-2e51c742.jpg\"><img loading=\"lazy\" decoding=\"async\" width=\"128\" height=\"85\" src=\"https:\/\/lalmachine.com\/wp-content\/uploads\/2021\/09\/IMG-20210905-WA0001-2e51c742.jpg\" class=\"attachment-thumbnail size-thumbnail\" alt=\"\" \/><\/a> <a href=\"https:\/\/lalmachine.com\/wp-content\/uploads\/2021\/09\/IMG-20210905-WA0004-acd7d9e2.jpg\"><img loading=\"lazy\" decoding=\"async\" width=\"128\" height=\"85\" src=\"https:\/\/lalmachine.com\/wp-content\/uploads\/2021\/09\/IMG-20210905-WA0004-acd7d9e2.jpg\" class=\"attachment-thumbnail size-thumbnail\" alt=\"\" \/><\/a> <a href=\"https:\/\/lalmachine.com\/wp-content\/uploads\/2021\/09\/IMG-20210905-WA0009-09aad45f.jpg\"><img loading=\"lazy\" decoding=\"async\" width=\"128\" height=\"85\" src=\"https:\/\/lalmachine.com\/wp-content\/uploads\/2021\/09\/IMG-20210905-WA0009-09aad45f.jpg\" class=\"attachment-thumbnail size-thumbnail\" alt=\"\" \/><\/a> <a href=\"https:\/\/lalmachine.com\/wp-content\/uploads\/2021\/09\/IMG-20210905-WA0010-baa09b78.jpg\"><img loading=\"lazy\" decoding=\"async\" width=\"128\" height=\"85\" src=\"https:\/\/lalmachine.com\/wp-content\/uploads\/2021\/09\/IMG-20210905-WA0010-baa09b78.jpg\" class=\"attachment-thumbnail size-thumbnail\" alt=\"\" \/><\/a> <a href=\"https:\/\/lalmachine.com\/wp-content\/uploads\/2021\/09\/IMG-20210905-WA0011-fd82bb83.jpg\"><img loading=\"lazy\" decoding=\"async\" width=\"128\" height=\"85\" src=\"https:\/\/lalmachine.com\/wp-content\/uploads\/2021\/09\/IMG-20210905-WA0011-fd82bb83.jpg\" class=\"attachment-thumbnail size-thumbnail\" alt=\"\" \/><\/a> <a href=\"https:\/\/lalmachine.com\/wp-content\/uploads\/2021\/09\/IMG-20210905-WA0013-1f69fdc8.jpg\"><img loading=\"lazy\" decoding=\"async\" width=\"64\" height=\"96\" src=\"https:\/\/lalmachine.com\/wp-content\/uploads\/2021\/09\/IMG-20210905-WA0013-1f69fdc8.jpg\" class=\"attachment-thumbnail size-thumbnail\" alt=\"\" \/><\/a> <a href=\"https:\/\/lalmachine.com\/wp-content\/uploads\/2021\/09\/IMG-20210905-WA0014-427c53ef.jpg\"><img loading=\"lazy\" decoding=\"async\" width=\"64\" height=\"96\" src=\"https:\/\/lalmachine.com\/wp-content\/uploads\/2021\/09\/IMG-20210905-WA0014-427c53ef.jpg\" class=\"attachment-thumbnail size-thumbnail\" alt=\"\" \/><\/a> <a href=\"https:\/\/lalmachine.com\/wp-content\/uploads\/2021\/09\/IMG-20210905-WA0017-aa79c408.jpg\"><img loading=\"lazy\" decoding=\"async\" width=\"128\" height=\"85\" src=\"https:\/\/lalmachine.com\/wp-content\/uploads\/2021\/09\/IMG-20210905-WA0017-aa79c408.jpg\" class=\"attachment-thumbnail size-thumbnail\" alt=\"\" \/><\/a> <a href=\"https:\/\/lalmachine.com\/wp-content\/uploads\/2021\/09\/IMG-20210917-WA0002-7aed530d.jpg\"><img loading=\"lazy\" decoding=\"async\" width=\"128\" height=\"85\" src=\"https:\/\/lalmachine.com\/wp-content\/uploads\/2021\/09\/IMG-20210917-WA0002-7aed530d.jpg\" class=\"attachment-thumbnail size-thumbnail\" alt=\"\" \/><\/a> <\/li>        <li class=\"wpuf-field-data wpuf-field-data-numeric_text_field\">\n                            <label>Prix:<\/label>\n                        2880        <\/li>\n                <li class=\"wpuf-field-data wpuf-field-data-numeric_text_field\">\n                            <label>Hauteur (cm):<\/label>\n                        137        <\/li>\n                <li class=\"wpuf-field-data wpuf-field-data-numeric_text_field\">\n                            <label>Largeur (cm):<\/label>\n                        160        <\/li>\n                <li class=\"wpuf-field-data wpuf-field-data-numeric_text_field\">\n                            <label>Profondeur (cm):<\/label>\n                        85        <\/li>\n        <\/ul>","protected":false},"excerpt":{"rendered":"<p>Canap\u00e9 Alcove Highback des fr\u00e8res et designers Ronan et Erwan Bouroullec pour Vitra.<br \/>\nGr\u00e2ce \u00e0 ses grands et hauts panneaux lat\u00e9raux et arri\u00e8re, ce canap\u00e9 permet de s\u2019isoler et de se prot\u00e9ger visuellement et acoustiquement des environnements agit\u00e9s. Les panneaux sont reli\u00e9s par des fermetures \u00e9clairs.<br \/>\nSont compris avec le canap\u00e9, un lot de coussins (2 coussins de c\u00f4t\u00e9 + 2 coussins de dos).<br \/>\nLe cadre et le pi\u00e8tement sont en m\u00e9tal chrom\u00e9.<\/p>\n<p>Tr\u00e8s confortable.<\/p>\n<p>La lumi\u00e8re n&rsquo;est pas fournie ; c&rsquo;\u00e9tait juste pour la photo.<\/p>\n<p>A retirer \u00e0 <strong>Gurmels<\/strong> ou livraison possible sur demande.<\/p>","protected":false},"featured_media":69490,"template":"","meta":{"_et_pb_use_builder":"","_et_pb_old_content":"","_et_gb_content_width":""},"product_brand":[],"product_cat":[99,48],"product_tag":[],"proximite":[234],"class_list":{"0":"post-69500","1":"product","2":"type-product","3":"status-publish","4":"has-post-thumbnail","6":"product_cat-canape-fauteuil-pouf","7":"product_cat-sasseoir","8":"pa_couleur-bleu","9":"pa_etat-tres-bon-etat","10":"pa_materiau-tissu","11":"pa_style-design","12":"proximite-lac","14":"first","15":"outofstock","16":"shipping-taxable","17":"purchasable","18":"product-type-simple"},"yoast_head":"<!-- This site is optimized with the Yoast SEO plugin v27.4 - https:\/\/yoast.com\/product\/yoast-seo-wordpress\/ -->\n<title>Canap\u00e9 Alcove Highback de Bouroullec pour Vitra | lalmachine.com, mobilier et objets d\u00e9co vintage et design<\/title>\n<meta name=\"description\" content=\"Canap\u00e9 Alcove Highback des fr\u00e8res et designers Ronan et Erwan Bouroullec pour Vitra. Gr\u00e2ce \u00e0 ses grands et hauts panneaux lat\u00e9raux et arri\u00e8re, ce canap\u00e9 permet de s\u2019isoler et de se prot\u00e9ger visuellement et acoustiquement des environnements agit\u00e9s. Tr\u00e8s confortable.\" \/>\n<meta name=\"robots\" content=\"index, follow, max-snippet:-1, max-image-preview:large, max-video-preview:-1\" \/>\n<link rel=\"canonical\" href=\"https:\/\/lalmachine.com\/de\/shop\/sasseoir\/canape-fauteuil-pouf\/canape-alcove-highback-de-bouroullec-pour-vitra\/\" \/>\n<meta property=\"og:locale\" content=\"de_DE\" \/>\n<meta property=\"og:type\" content=\"article\" \/>\n<meta property=\"og:title\" content=\"Canap\u00e9 Alcove Highback de Bouroullec pour Vitra | lalmachine.com, mobilier et objets d\u00e9co vintage et design\" \/>\n<meta property=\"og:description\" content=\"Canap\u00e9 Alcove Highback des fr\u00e8res et designers Ronan et Erwan Bouroullec pour Vitra. Gr\u00e2ce \u00e0 ses grands et hauts panneaux lat\u00e9raux et arri\u00e8re, ce canap\u00e9 permet de s\u2019isoler et de se prot\u00e9ger visuellement et acoustiquement des environnements agit\u00e9s. Tr\u00e8s confortable.\" \/>\n<meta property=\"og:url\" content=\"https:\/\/lalmachine.com\/de\/shop\/sasseoir\/canape-fauteuil-pouf\/canape-alcove-highback-de-bouroullec-pour-vitra\/\" \/>\n<meta property=\"og:site_name\" content=\"lalmachine.com\" \/>\n<meta property=\"article:publisher\" content=\"https:\/\/facebook.com\/lalmachine\" \/>\n<meta property=\"article:modified_time\" content=\"2024-12-05T20:51:54+00:00\" \/>\n<meta property=\"og:image\" content=\"https:\/\/lalmachine.com\/wp-content\/uploads\/2021\/09\/IMG-20210905-WA0011_clipped_rev_1-6737345f.jpeg\" \/>\n\t<meta property=\"og:image:width\" content=\"2340\" \/>\n\t<meta property=\"og:image:height\" content=\"2340\" \/>\n\t<meta property=\"og:image:type\" content=\"image\/jpeg\" \/>\n<meta name=\"twitter:card\" content=\"summary_large_image\" \/>\n<script type=\"application\/ld+json\" class=\"yoast-schema-graph\">{\"@context\":\"https:\\\/\\\/schema.org\",\"@graph\":[{\"@type\":\"WebPage\",\"@id\":\"https:\\\/\\\/lalmachine.com\\\/shop\\\/sasseoir\\\/canape-fauteuil-pouf\\\/canape-alcove-highback-de-bouroullec-pour-vitra\\\/\",\"url\":\"https:\\\/\\\/lalmachine.com\\\/shop\\\/sasseoir\\\/canape-fauteuil-pouf\\\/canape-alcove-highback-de-bouroullec-pour-vitra\\\/\",\"name\":\"Canap\u00e9 Alcove Highback de Bouroullec pour Vitra | lalmachine.com, mobilier et objets d\u00e9co vintage et design\",\"isPartOf\":{\"@id\":\"https:\\\/\\\/lalmachine.com\\\/#website\"},\"primaryImageOfPage\":{\"@id\":\"https:\\\/\\\/lalmachine.com\\\/shop\\\/sasseoir\\\/canape-fauteuil-pouf\\\/canape-alcove-highback-de-bouroullec-pour-vitra\\\/#primaryimage\"},\"image\":{\"@id\":\"https:\\\/\\\/lalmachine.com\\\/shop\\\/sasseoir\\\/canape-fauteuil-pouf\\\/canape-alcove-highback-de-bouroullec-pour-vitra\\\/#primaryimage\"},\"thumbnailUrl\":\"https:\\\/\\\/lalmachine.com\\\/wp-content\\\/uploads\\\/2021\\\/09\\\/IMG-20210905-WA0011_clipped_rev_1-6737345f.jpeg\",\"datePublished\":\"2021-09-18T09:10:13+00:00\",\"dateModified\":\"2024-12-05T20:51:54+00:00\",\"description\":\"Canap\u00e9 Alcove Highback des fr\u00e8res et designers Ronan et Erwan Bouroullec pour Vitra. Gr\u00e2ce \u00e0 ses grands et hauts panneaux lat\u00e9raux et arri\u00e8re, ce canap\u00e9 permet de s\u2019isoler et de se prot\u00e9ger visuellement et acoustiquement des environnements agit\u00e9s. Tr\u00e8s confortable.\",\"breadcrumb\":{\"@id\":\"https:\\\/\\\/lalmachine.com\\\/shop\\\/sasseoir\\\/canape-fauteuil-pouf\\\/canape-alcove-highback-de-bouroullec-pour-vitra\\\/#breadcrumb\"},\"inLanguage\":\"de\",\"potentialAction\":[{\"@type\":\"ReadAction\",\"target\":[\"https:\\\/\\\/lalmachine.com\\\/shop\\\/sasseoir\\\/canape-fauteuil-pouf\\\/canape-alcove-highback-de-bouroullec-pour-vitra\\\/\"]}]},{\"@type\":\"ImageObject\",\"inLanguage\":\"de\",\"@id\":\"https:\\\/\\\/lalmachine.com\\\/shop\\\/sasseoir\\\/canape-fauteuil-pouf\\\/canape-alcove-highback-de-bouroullec-pour-vitra\\\/#primaryimage\",\"url\":\"https:\\\/\\\/lalmachine.com\\\/wp-content\\\/uploads\\\/2021\\\/09\\\/IMG-20210905-WA0011_clipped_rev_1-6737345f.jpeg\",\"contentUrl\":\"https:\\\/\\\/lalmachine.com\\\/wp-content\\\/uploads\\\/2021\\\/09\\\/IMG-20210905-WA0011_clipped_rev_1-6737345f.jpeg\",\"width\":2340,\"height\":2340,\"caption\":\"Canap\u00e9 Alcove Highback de Bouroullec pour Vitra\"},{\"@type\":\"BreadcrumbList\",\"@id\":\"https:\\\/\\\/lalmachine.com\\\/shop\\\/sasseoir\\\/canape-fauteuil-pouf\\\/canape-alcove-highback-de-bouroullec-pour-vitra\\\/#breadcrumb\",\"itemListElement\":[{\"@type\":\"ListItem\",\"position\":1,\"name\":\"Accueil\",\"item\":\"https:\\\/\\\/lalmachine.com\\\/\"},{\"@type\":\"ListItem\",\"position\":2,\"name\":\"Shop\",\"item\":\"https:\\\/\\\/lalmachine.com\\\/shop\\\/\"},{\"@type\":\"ListItem\",\"position\":3,\"name\":\"Canap\u00e9 Alcove Highback de Bouroullec pour Vitra\"}]},{\"@type\":\"WebSite\",\"@id\":\"https:\\\/\\\/lalmachine.com\\\/#website\",\"url\":\"https:\\\/\\\/lalmachine.com\\\/\",\"name\":\"lalmachine.com\",\"description\":\"Brocante en ligne Suisse | Mobilier et objets d\u00e9co vintage et design\",\"potentialAction\":[{\"@type\":\"SearchAction\",\"target\":{\"@type\":\"EntryPoint\",\"urlTemplate\":\"https:\\\/\\\/lalmachine.com\\\/?s={search_term_string}\"},\"query-input\":{\"@type\":\"PropertyValueSpecification\",\"valueRequired\":true,\"valueName\":\"search_term_string\"}}],\"inLanguage\":\"de\"}]}<\/script>\n<!-- \/ Yoast SEO plugin. -->","yoast_head_json":{"title":"Canap\u00e9 Alcove Highback de Bouroullec pour Vitra | lalmachine.com, mobilier et objets d\u00e9co vintage et design","description":"Canap\u00e9 Alcove Highback des fr\u00e8res et designers Ronan et Erwan Bouroullec pour Vitra. Gr\u00e2ce \u00e0 ses grands et hauts panneaux lat\u00e9raux et arri\u00e8re, ce canap\u00e9 permet de s\u2019isoler et de se prot\u00e9ger visuellement et acoustiquement des environnements agit\u00e9s. Tr\u00e8s confortable.","robots":{"index":"index","follow":"follow","max-snippet":"max-snippet:-1","max-image-preview":"max-image-preview:large","max-video-preview":"max-video-preview:-1"},"canonical":"https:\/\/lalmachine.com\/de\/shop\/sasseoir\/canape-fauteuil-pouf\/canape-alcove-highback-de-bouroullec-pour-vitra\/","og_locale":"de_DE","og_type":"article","og_title":"Canap\u00e9 Alcove Highback de Bouroullec pour Vitra | lalmachine.com, mobilier et objets d\u00e9co vintage et design","og_description":"Canap\u00e9 Alcove Highback des fr\u00e8res et designers Ronan et Erwan Bouroullec pour Vitra. Gr\u00e2ce \u00e0 ses grands et hauts panneaux lat\u00e9raux et arri\u00e8re, ce canap\u00e9 permet de s\u2019isoler et de se prot\u00e9ger visuellement et acoustiquement des environnements agit\u00e9s. Tr\u00e8s confortable.","og_url":"https:\/\/lalmachine.com\/de\/shop\/sasseoir\/canape-fauteuil-pouf\/canape-alcove-highback-de-bouroullec-pour-vitra\/","og_site_name":"lalmachine.com","article_publisher":"https:\/\/facebook.com\/lalmachine","article_modified_time":"2024-12-05T20:51:54+00:00","og_image":[{"width":2340,"height":2340,"url":"https:\/\/lalmachine.com\/wp-content\/uploads\/2021\/09\/IMG-20210905-WA0011_clipped_rev_1-6737345f.jpeg","type":"image\/jpeg"}],"twitter_card":"summary_large_image","schema":{"@context":"https:\/\/schema.org","@graph":[{"@type":"WebPage","@id":"https:\/\/lalmachine.com\/shop\/sasseoir\/canape-fauteuil-pouf\/canape-alcove-highback-de-bouroullec-pour-vitra\/","url":"https:\/\/lalmachine.com\/shop\/sasseoir\/canape-fauteuil-pouf\/canape-alcove-highback-de-bouroullec-pour-vitra\/","name":"Canap\u00e9 Alcove Highback de Bouroullec pour Vitra | lalmachine.com, mobilier et objets d\u00e9co vintage et design","isPartOf":{"@id":"https:\/\/lalmachine.com\/#website"},"primaryImageOfPage":{"@id":"https:\/\/lalmachine.com\/shop\/sasseoir\/canape-fauteuil-pouf\/canape-alcove-highback-de-bouroullec-pour-vitra\/#primaryimage"},"image":{"@id":"https:\/\/lalmachine.com\/shop\/sasseoir\/canape-fauteuil-pouf\/canape-alcove-highback-de-bouroullec-pour-vitra\/#primaryimage"},"thumbnailUrl":"https:\/\/lalmachine.com\/wp-content\/uploads\/2021\/09\/IMG-20210905-WA0011_clipped_rev_1-6737345f.jpeg","datePublished":"2021-09-18T09:10:13+00:00","dateModified":"2024-12-05T20:51:54+00:00","description":"Canap\u00e9 Alcove Highback des fr\u00e8res et designers Ronan et Erwan Bouroullec pour Vitra. Gr\u00e2ce \u00e0 ses grands et hauts panneaux lat\u00e9raux et arri\u00e8re, ce canap\u00e9 permet de s\u2019isoler et de se prot\u00e9ger visuellement et acoustiquement des environnements agit\u00e9s. Tr\u00e8s confortable.","breadcrumb":{"@id":"https:\/\/lalmachine.com\/shop\/sasseoir\/canape-fauteuil-pouf\/canape-alcove-highback-de-bouroullec-pour-vitra\/#breadcrumb"},"inLanguage":"de","potentialAction":[{"@type":"ReadAction","target":["https:\/\/lalmachine.com\/shop\/sasseoir\/canape-fauteuil-pouf\/canape-alcove-highback-de-bouroullec-pour-vitra\/"]}]},{"@type":"ImageObject","inLanguage":"de","@id":"https:\/\/lalmachine.com\/shop\/sasseoir\/canape-fauteuil-pouf\/canape-alcove-highback-de-bouroullec-pour-vitra\/#primaryimage","url":"https:\/\/lalmachine.com\/wp-content\/uploads\/2021\/09\/IMG-20210905-WA0011_clipped_rev_1-6737345f.jpeg","contentUrl":"https:\/\/lalmachine.com\/wp-content\/uploads\/2021\/09\/IMG-20210905-WA0011_clipped_rev_1-6737345f.jpeg","width":2340,"height":2340,"caption":"Canap\u00e9 Alcove Highback de Bouroullec pour Vitra"},{"@type":"BreadcrumbList","@id":"https:\/\/lalmachine.com\/shop\/sasseoir\/canape-fauteuil-pouf\/canape-alcove-highback-de-bouroullec-pour-vitra\/#breadcrumb","itemListElement":[{"@type":"ListItem","position":1,"name":"Accueil","item":"https:\/\/lalmachine.com\/"},{"@type":"ListItem","position":2,"name":"Shop","item":"https:\/\/lalmachine.com\/shop\/"},{"@type":"ListItem","position":3,"name":"Canap\u00e9 Alcove Highback de Bouroullec pour Vitra"}]},{"@type":"WebSite","@id":"https:\/\/lalmachine.com\/#website","url":"https:\/\/lalmachine.com\/","name":"lalmachine.com","description":"Brocante en ligne Suisse | Mobilier et objets d\u00e9co vintage et design","potentialAction":[{"@type":"SearchAction","target":{"@type":"EntryPoint","urlTemplate":"https:\/\/lalmachine.com\/?s={search_term_string}"},"query-input":{"@type":"PropertyValueSpecification","valueRequired":true,"valueName":"search_term_string"}}],"inLanguage":"de"}]}},"_links":{"self":[{"href":"https:\/\/lalmachine.com\/de\/wp-json\/wp\/v2\/product\/69500","targetHints":{"allow":["GET"]}}],"collection":[{"href":"https:\/\/lalmachine.com\/de\/wp-json\/wp\/v2\/product"}],"about":[{"href":"https:\/\/lalmachine.com\/de\/wp-json\/wp\/v2\/types\/product"}],"wp:featuredmedia":[{"embeddable":true,"href":"https:\/\/lalmachine.com\/de\/wp-json\/wp\/v2\/media\/69490"}],"wp:attachment":[{"href":"https:\/\/lalmachine.com\/de\/wp-json\/wp\/v2\/media?parent=69500"}],"wp:term":[{"taxonomy":"product_brand","embeddable":true,"href":"https:\/\/lalmachine.com\/de\/wp-json\/wp\/v2\/product_brand?post=69500"},{"taxonomy":"product_cat","embeddable":true,"href":"https:\/\/lalmachine.com\/de\/wp-json\/wp\/v2\/product_cat?post=69500"},{"taxonomy":"product_tag","embeddable":true,"href":"https:\/\/lalmachine.com\/de\/wp-json\/wp\/v2\/product_tag?post=69500"},{"taxonomy":"proximite","embeddable":true,"href":"https:\/\/lalmachine.com\/de\/wp-json\/wp\/v2\/proximite?post=69500"}],"curies":[{"name":"wp","href":"https:\/\/api.w.org\/{rel}","templated":true}]}}