{"id":70809,"date":"2021-09-28T09:19:14","date_gmt":"2021-09-28T07:19:14","guid":{"rendered":"https:\/\/lalmachine.com\/?post_type=product&#038;p=70809"},"modified":"2024-12-05T21:51:57","modified_gmt":"2024-12-05T20:51:57","slug":"ensemble-canapes-kirk-de-cinna-ligne-roset","status":"publish","type":"product","link":"https:\/\/lalmachine.com\/de\/shop\/sasseoir\/canape-fauteuil-pouf\/ensemble-canapes-kirk-de-cinna-ligne-roset\/","title":{"rendered":"Ensemble canap\u00e9s Kirk de Cinna (Ligne Roset)"},"content":{"rendered":"<ul class=\"wpuf_customs\"><li style=\"list-style-type:none;\"><label>Autres photos:<\/label> <a href=\"https:\/\/lalmachine.com\/wp-content\/uploads\/2021\/09\/2-612f51dd.jpeg\"><img loading=\"lazy\" decoding=\"async\" width=\"128\" height=\"96\" src=\"https:\/\/lalmachine.com\/wp-content\/uploads\/2021\/09\/2-612f51dd.jpeg\" class=\"attachment-thumbnail size-thumbnail\" alt=\"\" \/><\/a> <a href=\"https:\/\/lalmachine.com\/wp-content\/uploads\/2021\/09\/3-a285cdf9.jpeg\"><img loading=\"lazy\" decoding=\"async\" width=\"72\" height=\"96\" src=\"https:\/\/lalmachine.com\/wp-content\/uploads\/2021\/09\/3-a285cdf9.jpeg\" class=\"attachment-thumbnail size-thumbnail\" alt=\"\" \/><\/a> <a href=\"https:\/\/lalmachine.com\/wp-content\/uploads\/2021\/09\/9e491d69-7c0f-43d5-b4ad-be8ec862f0a8-d5f45489.jpg\"><img loading=\"lazy\" decoding=\"async\" width=\"72\" height=\"96\" src=\"https:\/\/lalmachine.com\/wp-content\/uploads\/2021\/09\/9e491d69-7c0f-43d5-b4ad-be8ec862f0a8-d5f45489.jpg\" class=\"attachment-thumbnail size-thumbnail\" alt=\"\" \/><\/a> <\/li>        <li class=\"wpuf-field-data wpuf-field-data-numeric_text_field\">\n                            <label>Prix:<\/label>\n                        1200        <\/li>\n                <li class=\"wpuf-field-data wpuf-field-data-numeric_text_field\">\n                            <label>Hauteur (cm):<\/label>\n                        70        <\/li>\n                <li class=\"wpuf-field-data wpuf-field-data-numeric_text_field\">\n                            <label>Largeur (cm):<\/label>\n                        190        <\/li>\n                <li class=\"wpuf-field-data wpuf-field-data-numeric_text_field\">\n                            <label>Profondeur (cm):<\/label>\n                        90        <\/li>\n        <\/ul>","protected":false},"excerpt":{"rendered":"<p>Ensemble Cinna (collection de Ligne Roset), datant de la fin des ann\u00e9es 1970. Achet\u00e9 neuf dans le magasin Ligne Roset de Gen\u00e8ve dans les ann\u00e9es 1990.<\/p>\n<p>L&rsquo;ensemble est constitu\u00e9 de :<br \/>\n&#8211; 1 banquette convertible canap\u00e9-lit<br \/>\n&#8211; 2 fauteuils<br \/>\n&#8211; 1 repose-pied<\/p>\n<p>L&rsquo;ensemble a toujours \u00e9t\u00e9 recouvert de couverture et est donc rest\u00e9 en bon \u00e9tat.<br \/>\nTissu et mousse en bon \u00e9tat.<br \/>\nBonne assise et d\u00e9houssable.<br \/>\nTissu beige textur\u00e9.<\/p>\n<p><strong>Retrait : A venir chercher aux Diablerets (VD).<\/strong><\/p>","protected":false},"featured_media":70819,"template":"","meta":{"_et_pb_use_builder":"","_et_pb_old_content":"","_et_gb_content_width":""},"product_brand":[],"product_cat":[99,48],"product_tag":[],"proximite":[274,179],"class_list":{"0":"post-70809","1":"product","2":"type-product","3":"status-publish","4":"has-post-thumbnail","6":"product_cat-canape-fauteuil-pouf","7":"product_cat-sasseoir","8":"pa_couleur-beige","9":"pa_etat-bon-etat","10":"pa_materiau-tissu","11":"pa_style-vintage","12":"proximite-aigle","13":"proximite-vaud","15":"first","16":"outofstock","17":"shipping-taxable","18":"purchasable","19":"product-type-simple"},"yoast_head":"<!-- This site is optimized with the Yoast SEO plugin v27.4 - https:\/\/yoast.com\/product\/yoast-seo-wordpress\/ -->\n<title>Ensemble canap\u00e9s Kirk de Cinna (Ligne Roset) | lalmachine.com, mobilier et objets d\u00e9co vintage et design<\/title>\n<meta name=\"description\" content=\"Ensemble Cinna (collection de Ligne Roset), datant de la fin des ann\u00e9es 1970. Achet\u00e9 neuf dans le magasin Ligne Roset de Gen\u00e8ve dans les ann\u00e9es 1990. L&#039;ensemble est constitu\u00e9 d&#039;une banquette convertible canap\u00e9-lit, 2 fauteuils et 1 repose-pied\" \/>\n<meta name=\"robots\" content=\"index, follow, max-snippet:-1, max-image-preview:large, max-video-preview:-1\" \/>\n<link rel=\"canonical\" href=\"https:\/\/lalmachine.com\/de\/shop\/sasseoir\/canape-fauteuil-pouf\/ensemble-canapes-kirk-de-cinna-ligne-roset\/\" \/>\n<meta property=\"og:locale\" content=\"de_DE\" \/>\n<meta property=\"og:type\" content=\"article\" \/>\n<meta property=\"og:title\" content=\"Ensemble canap\u00e9s Kirk de Cinna (Ligne Roset) | lalmachine.com, mobilier et objets d\u00e9co vintage et design\" \/>\n<meta property=\"og:description\" content=\"Ensemble Cinna (collection de Ligne Roset), datant de la fin des ann\u00e9es 1970. Achet\u00e9 neuf dans le magasin Ligne Roset de Gen\u00e8ve dans les ann\u00e9es 1990. L&#039;ensemble est constitu\u00e9 d&#039;une banquette convertible canap\u00e9-lit, 2 fauteuils et 1 repose-pied\" \/>\n<meta property=\"og:url\" content=\"https:\/\/lalmachine.com\/de\/shop\/sasseoir\/canape-fauteuil-pouf\/ensemble-canapes-kirk-de-cinna-ligne-roset\/\" \/>\n<meta property=\"og:site_name\" content=\"lalmachine.com\" \/>\n<meta property=\"article:publisher\" content=\"https:\/\/facebook.com\/lalmachine\" \/>\n<meta property=\"article:modified_time\" content=\"2024-12-05T20:51:57+00:00\" \/>\n<meta property=\"og:image\" content=\"https:\/\/lalmachine.com\/wp-content\/uploads\/2021\/09\/4-6c0a4a93_clipped_rev_1.jpeg\" \/>\n\t<meta property=\"og:image:width\" content=\"1228\" \/>\n\t<meta property=\"og:image:height\" content=\"1228\" \/>\n\t<meta property=\"og:image:type\" content=\"image\/jpeg\" \/>\n<meta name=\"twitter:card\" content=\"summary_large_image\" \/>\n<script type=\"application\/ld+json\" class=\"yoast-schema-graph\">{\"@context\":\"https:\\\/\\\/schema.org\",\"@graph\":[{\"@type\":\"WebPage\",\"@id\":\"https:\\\/\\\/lalmachine.com\\\/shop\\\/sasseoir\\\/canape-fauteuil-pouf\\\/ensemble-canapes-kirk-de-cinna-ligne-roset\\\/\",\"url\":\"https:\\\/\\\/lalmachine.com\\\/shop\\\/sasseoir\\\/canape-fauteuil-pouf\\\/ensemble-canapes-kirk-de-cinna-ligne-roset\\\/\",\"name\":\"Ensemble canap\u00e9s Kirk de Cinna (Ligne Roset) | lalmachine.com, mobilier et objets d\u00e9co vintage et design\",\"isPartOf\":{\"@id\":\"https:\\\/\\\/lalmachine.com\\\/#website\"},\"primaryImageOfPage\":{\"@id\":\"https:\\\/\\\/lalmachine.com\\\/shop\\\/sasseoir\\\/canape-fauteuil-pouf\\\/ensemble-canapes-kirk-de-cinna-ligne-roset\\\/#primaryimage\"},\"image\":{\"@id\":\"https:\\\/\\\/lalmachine.com\\\/shop\\\/sasseoir\\\/canape-fauteuil-pouf\\\/ensemble-canapes-kirk-de-cinna-ligne-roset\\\/#primaryimage\"},\"thumbnailUrl\":\"https:\\\/\\\/lalmachine.com\\\/wp-content\\\/uploads\\\/2021\\\/09\\\/4-6c0a4a93_clipped_rev_1.jpeg\",\"datePublished\":\"2021-09-28T07:19:14+00:00\",\"dateModified\":\"2024-12-05T20:51:57+00:00\",\"description\":\"Ensemble Cinna (collection de Ligne Roset), datant de la fin des ann\u00e9es 1970. Achet\u00e9 neuf dans le magasin Ligne Roset de Gen\u00e8ve dans les ann\u00e9es 1990. L'ensemble est constitu\u00e9 d'une banquette convertible canap\u00e9-lit, 2 fauteuils et 1 repose-pied\",\"breadcrumb\":{\"@id\":\"https:\\\/\\\/lalmachine.com\\\/shop\\\/sasseoir\\\/canape-fauteuil-pouf\\\/ensemble-canapes-kirk-de-cinna-ligne-roset\\\/#breadcrumb\"},\"inLanguage\":\"de\",\"potentialAction\":[{\"@type\":\"ReadAction\",\"target\":[\"https:\\\/\\\/lalmachine.com\\\/shop\\\/sasseoir\\\/canape-fauteuil-pouf\\\/ensemble-canapes-kirk-de-cinna-ligne-roset\\\/\"]}]},{\"@type\":\"ImageObject\",\"inLanguage\":\"de\",\"@id\":\"https:\\\/\\\/lalmachine.com\\\/shop\\\/sasseoir\\\/canape-fauteuil-pouf\\\/ensemble-canapes-kirk-de-cinna-ligne-roset\\\/#primaryimage\",\"url\":\"https:\\\/\\\/lalmachine.com\\\/wp-content\\\/uploads\\\/2021\\\/09\\\/4-6c0a4a93_clipped_rev_1.jpeg\",\"contentUrl\":\"https:\\\/\\\/lalmachine.com\\\/wp-content\\\/uploads\\\/2021\\\/09\\\/4-6c0a4a93_clipped_rev_1.jpeg\",\"width\":1228,\"height\":1228},{\"@type\":\"BreadcrumbList\",\"@id\":\"https:\\\/\\\/lalmachine.com\\\/shop\\\/sasseoir\\\/canape-fauteuil-pouf\\\/ensemble-canapes-kirk-de-cinna-ligne-roset\\\/#breadcrumb\",\"itemListElement\":[{\"@type\":\"ListItem\",\"position\":1,\"name\":\"Accueil\",\"item\":\"https:\\\/\\\/lalmachine.com\\\/\"},{\"@type\":\"ListItem\",\"position\":2,\"name\":\"Shop\",\"item\":\"https:\\\/\\\/lalmachine.com\\\/shop\\\/\"},{\"@type\":\"ListItem\",\"position\":3,\"name\":\"Ensemble canap\u00e9s Kirk de Cinna (Ligne Roset)\"}]},{\"@type\":\"WebSite\",\"@id\":\"https:\\\/\\\/lalmachine.com\\\/#website\",\"url\":\"https:\\\/\\\/lalmachine.com\\\/\",\"name\":\"lalmachine.com\",\"description\":\"Brocante en ligne Suisse | Mobilier et objets d\u00e9co vintage et design\",\"potentialAction\":[{\"@type\":\"SearchAction\",\"target\":{\"@type\":\"EntryPoint\",\"urlTemplate\":\"https:\\\/\\\/lalmachine.com\\\/?s={search_term_string}\"},\"query-input\":{\"@type\":\"PropertyValueSpecification\",\"valueRequired\":true,\"valueName\":\"search_term_string\"}}],\"inLanguage\":\"de\"}]}<\/script>\n<!-- \/ Yoast SEO plugin. -->","yoast_head_json":{"title":"Ensemble canap\u00e9s Kirk de Cinna (Ligne Roset) | lalmachine.com, mobilier et objets d\u00e9co vintage et design","description":"Ensemble Cinna (collection de Ligne Roset), datant de la fin des ann\u00e9es 1970. Achet\u00e9 neuf dans le magasin Ligne Roset de Gen\u00e8ve dans les ann\u00e9es 1990. L'ensemble est constitu\u00e9 d'une banquette convertible canap\u00e9-lit, 2 fauteuils et 1 repose-pied","robots":{"index":"index","follow":"follow","max-snippet":"max-snippet:-1","max-image-preview":"max-image-preview:large","max-video-preview":"max-video-preview:-1"},"canonical":"https:\/\/lalmachine.com\/de\/shop\/sasseoir\/canape-fauteuil-pouf\/ensemble-canapes-kirk-de-cinna-ligne-roset\/","og_locale":"de_DE","og_type":"article","og_title":"Ensemble canap\u00e9s Kirk de Cinna (Ligne Roset) | lalmachine.com, mobilier et objets d\u00e9co vintage et design","og_description":"Ensemble Cinna (collection de Ligne Roset), datant de la fin des ann\u00e9es 1970. Achet\u00e9 neuf dans le magasin Ligne Roset de Gen\u00e8ve dans les ann\u00e9es 1990. L'ensemble est constitu\u00e9 d'une banquette convertible canap\u00e9-lit, 2 fauteuils et 1 repose-pied","og_url":"https:\/\/lalmachine.com\/de\/shop\/sasseoir\/canape-fauteuil-pouf\/ensemble-canapes-kirk-de-cinna-ligne-roset\/","og_site_name":"lalmachine.com","article_publisher":"https:\/\/facebook.com\/lalmachine","article_modified_time":"2024-12-05T20:51:57+00:00","og_image":[{"width":1228,"height":1228,"url":"https:\/\/lalmachine.com\/wp-content\/uploads\/2021\/09\/4-6c0a4a93_clipped_rev_1.jpeg","type":"image\/jpeg"}],"twitter_card":"summary_large_image","schema":{"@context":"https:\/\/schema.org","@graph":[{"@type":"WebPage","@id":"https:\/\/lalmachine.com\/shop\/sasseoir\/canape-fauteuil-pouf\/ensemble-canapes-kirk-de-cinna-ligne-roset\/","url":"https:\/\/lalmachine.com\/shop\/sasseoir\/canape-fauteuil-pouf\/ensemble-canapes-kirk-de-cinna-ligne-roset\/","name":"Ensemble canap\u00e9s Kirk de Cinna (Ligne Roset) | lalmachine.com, mobilier et objets d\u00e9co vintage et design","isPartOf":{"@id":"https:\/\/lalmachine.com\/#website"},"primaryImageOfPage":{"@id":"https:\/\/lalmachine.com\/shop\/sasseoir\/canape-fauteuil-pouf\/ensemble-canapes-kirk-de-cinna-ligne-roset\/#primaryimage"},"image":{"@id":"https:\/\/lalmachine.com\/shop\/sasseoir\/canape-fauteuil-pouf\/ensemble-canapes-kirk-de-cinna-ligne-roset\/#primaryimage"},"thumbnailUrl":"https:\/\/lalmachine.com\/wp-content\/uploads\/2021\/09\/4-6c0a4a93_clipped_rev_1.jpeg","datePublished":"2021-09-28T07:19:14+00:00","dateModified":"2024-12-05T20:51:57+00:00","description":"Ensemble Cinna (collection de Ligne Roset), datant de la fin des ann\u00e9es 1970. Achet\u00e9 neuf dans le magasin Ligne Roset de Gen\u00e8ve dans les ann\u00e9es 1990. L'ensemble est constitu\u00e9 d'une banquette convertible canap\u00e9-lit, 2 fauteuils et 1 repose-pied","breadcrumb":{"@id":"https:\/\/lalmachine.com\/shop\/sasseoir\/canape-fauteuil-pouf\/ensemble-canapes-kirk-de-cinna-ligne-roset\/#breadcrumb"},"inLanguage":"de","potentialAction":[{"@type":"ReadAction","target":["https:\/\/lalmachine.com\/shop\/sasseoir\/canape-fauteuil-pouf\/ensemble-canapes-kirk-de-cinna-ligne-roset\/"]}]},{"@type":"ImageObject","inLanguage":"de","@id":"https:\/\/lalmachine.com\/shop\/sasseoir\/canape-fauteuil-pouf\/ensemble-canapes-kirk-de-cinna-ligne-roset\/#primaryimage","url":"https:\/\/lalmachine.com\/wp-content\/uploads\/2021\/09\/4-6c0a4a93_clipped_rev_1.jpeg","contentUrl":"https:\/\/lalmachine.com\/wp-content\/uploads\/2021\/09\/4-6c0a4a93_clipped_rev_1.jpeg","width":1228,"height":1228},{"@type":"BreadcrumbList","@id":"https:\/\/lalmachine.com\/shop\/sasseoir\/canape-fauteuil-pouf\/ensemble-canapes-kirk-de-cinna-ligne-roset\/#breadcrumb","itemListElement":[{"@type":"ListItem","position":1,"name":"Accueil","item":"https:\/\/lalmachine.com\/"},{"@type":"ListItem","position":2,"name":"Shop","item":"https:\/\/lalmachine.com\/shop\/"},{"@type":"ListItem","position":3,"name":"Ensemble canap\u00e9s Kirk de Cinna (Ligne Roset)"}]},{"@type":"WebSite","@id":"https:\/\/lalmachine.com\/#website","url":"https:\/\/lalmachine.com\/","name":"lalmachine.com","description":"Brocante en ligne Suisse | Mobilier et objets d\u00e9co vintage et design","potentialAction":[{"@type":"SearchAction","target":{"@type":"EntryPoint","urlTemplate":"https:\/\/lalmachine.com\/?s={search_term_string}"},"query-input":{"@type":"PropertyValueSpecification","valueRequired":true,"valueName":"search_term_string"}}],"inLanguage":"de"}]}},"_links":{"self":[{"href":"https:\/\/lalmachine.com\/de\/wp-json\/wp\/v2\/product\/70809","targetHints":{"allow":["GET"]}}],"collection":[{"href":"https:\/\/lalmachine.com\/de\/wp-json\/wp\/v2\/product"}],"about":[{"href":"https:\/\/lalmachine.com\/de\/wp-json\/wp\/v2\/types\/product"}],"wp:featuredmedia":[{"embeddable":true,"href":"https:\/\/lalmachine.com\/de\/wp-json\/wp\/v2\/media\/70819"}],"wp:attachment":[{"href":"https:\/\/lalmachine.com\/de\/wp-json\/wp\/v2\/media?parent=70809"}],"wp:term":[{"taxonomy":"product_brand","embeddable":true,"href":"https:\/\/lalmachine.com\/de\/wp-json\/wp\/v2\/product_brand?post=70809"},{"taxonomy":"product_cat","embeddable":true,"href":"https:\/\/lalmachine.com\/de\/wp-json\/wp\/v2\/product_cat?post=70809"},{"taxonomy":"product_tag","embeddable":true,"href":"https:\/\/lalmachine.com\/de\/wp-json\/wp\/v2\/product_tag?post=70809"},{"taxonomy":"proximite","embeddable":true,"href":"https:\/\/lalmachine.com\/de\/wp-json\/wp\/v2\/proximite?post=70809"}],"curies":[{"name":"wp","href":"https:\/\/api.w.org\/{rel}","templated":true}]}}