{"id":71476,"date":"2021-10-04T10:55:59","date_gmt":"2021-10-04T08:55:59","guid":{"rendered":"https:\/\/lalmachine.com\/?post_type=product&#038;p=71476"},"modified":"2024-12-05T21:51:58","modified_gmt":"2024-12-05T20:51:58","slug":"set-de-7-chaises-castelli","status":"publish","type":"product","link":"https:\/\/lalmachine.com\/de\/shop\/sasseoir\/chaise\/set-de-7-chaises-castelli\/","title":{"rendered":"Chaise DSC 106 de Giancarlo Piretti pour Castelli"},"content":{"rendered":"<ul class=\"wpuf_customs\"><li style=\"list-style-type:none;\"><label>Autres photos:<\/label> <a href=\"https:\/\/lalmachine.com\/wp-content\/uploads\/2021\/10\/8BF88189-BB9B-44F4-B07B-F7930AB2EFF8-4086e6ab-rotated.jpeg\"><img loading=\"lazy\" decoding=\"async\" width=\"72\" height=\"96\" src=\"https:\/\/lalmachine.com\/wp-content\/uploads\/2021\/10\/8BF88189-BB9B-44F4-B07B-F7930AB2EFF8-4086e6ab-rotated.jpeg\" class=\"attachment-thumbnail size-thumbnail\" alt=\"\" \/><\/a> <a href=\"https:\/\/lalmachine.com\/wp-content\/uploads\/2021\/10\/58ADF062-348B-49F1-A056-F7F3F0CF6C62-78e938b2-rotated.jpeg\"><img loading=\"lazy\" decoding=\"async\" width=\"72\" height=\"96\" src=\"https:\/\/lalmachine.com\/wp-content\/uploads\/2021\/10\/58ADF062-348B-49F1-A056-F7F3F0CF6C62-78e938b2-rotated.jpeg\" class=\"attachment-thumbnail size-thumbnail\" alt=\"\" \/><\/a> <a href=\"https:\/\/lalmachine.com\/wp-content\/uploads\/2021\/10\/4FA9E5DA-8B18-4A10-A352-5ADD0F222965-c2563ace-rotated.jpeg\"><img loading=\"lazy\" decoding=\"async\" width=\"72\" height=\"96\" src=\"https:\/\/lalmachine.com\/wp-content\/uploads\/2021\/10\/4FA9E5DA-8B18-4A10-A352-5ADD0F222965-c2563ace-rotated.jpeg\" class=\"attachment-thumbnail size-thumbnail\" alt=\"\" \/><\/a> <a href=\"https:\/\/lalmachine.com\/wp-content\/uploads\/2021\/10\/8D0ED2BB-4D6D-48A9-BE7E-DD2281B22674-d843105e-rotated.jpeg\"><img loading=\"lazy\" decoding=\"async\" width=\"72\" height=\"96\" src=\"https:\/\/lalmachine.com\/wp-content\/uploads\/2021\/10\/8D0ED2BB-4D6D-48A9-BE7E-DD2281B22674-d843105e-rotated.jpeg\" class=\"attachment-thumbnail size-thumbnail\" alt=\"\" \/><\/a> <a href=\"https:\/\/lalmachine.com\/wp-content\/uploads\/2021\/10\/2D0D6C08-15CA-421A-A4EE-FCE337E60B64-a0190a34-rotated.jpeg\"><img loading=\"lazy\" decoding=\"async\" width=\"72\" height=\"96\" src=\"https:\/\/lalmachine.com\/wp-content\/uploads\/2021\/10\/2D0D6C08-15CA-421A-A4EE-FCE337E60B64-a0190a34-rotated.jpeg\" class=\"attachment-thumbnail size-thumbnail\" alt=\"\" \/><\/a> <a href=\"https:\/\/lalmachine.com\/wp-content\/uploads\/2021\/10\/A971482D-FC71-4A78-AE3A-6BD45BCB0ABE-93e94145-rotated.jpeg\"><img loading=\"lazy\" decoding=\"async\" width=\"72\" height=\"96\" src=\"https:\/\/lalmachine.com\/wp-content\/uploads\/2021\/10\/A971482D-FC71-4A78-AE3A-6BD45BCB0ABE-93e94145-rotated.jpeg\" class=\"attachment-thumbnail size-thumbnail\" alt=\"\" \/><\/a> <\/li>        <li class=\"wpuf-field-data wpuf-field-data-numeric_text_field\">\n                            <label>Prix:<\/label>\n                        65        <\/li>\n                <li class=\"wpuf-field-data wpuf-field-data-numeric_text_field\">\n                            <label>Quantit\u00e9:<\/label>\n                        0        <\/li>\n                <li class=\"wpuf-field-data wpuf-field-data-numeric_text_field\">\n                            <label>Hauteur (cm):<\/label>\n                        77        <\/li>\n                <li class=\"wpuf-field-data wpuf-field-data-numeric_text_field\">\n                            <label>Largeur (cm):<\/label>\n                        52        <\/li>\n                <li class=\"wpuf-field-data wpuf-field-data-numeric_text_field\">\n                            <label>Profondeur (cm):<\/label>\n                        45        <\/li>\n        <\/ul>","protected":false},"excerpt":{"rendered":"<p><strong>6 chaises disponibles. Prix par chaise.<\/strong><\/p>\n<p>Chaise mod\u00e8les DSC 106 de par Giancarlo Piretti pour Castelli avec structure en fonte d&rsquo;aluminium. La chaise est recouverte du tissu d&rsquo;origine ; il ne pr\u00e9sente aucune trace d\u2019usure. De l\u00e9g\u00e8res traces d&rsquo;utilisation sur le m\u00e9tal sont visibles. Elles sont empilables.<\/p>\n<p>Hauteur de l\u2019assise 46 cm.<\/p>","protected":false},"featured_media":253613,"template":"","meta":{"_et_pb_use_builder":"","_et_pb_old_content":"","_et_gb_content_width":""},"product_brand":[],"product_cat":[100,48],"product_tag":[],"proximite":[280,179],"class_list":{"0":"post-71476","1":"product","2":"type-product","3":"status-publish","4":"has-post-thumbnail","6":"product_cat-chaise","7":"product_cat-sasseoir","8":"pa_couleur-bleu","9":"pa_designer-piretti-giancarlo","10":"pa_etat-tres-bon-etat","11":"pa_materiau-tissu","12":"pa_style-vintage","13":"proximite-morges","14":"proximite-vaud","16":"first","17":"outofstock","18":"shipping-taxable","19":"purchasable","20":"product-type-simple"},"yoast_head":"<!-- This site is optimized with the Yoast SEO plugin v27.4 - https:\/\/yoast.com\/product\/yoast-seo-wordpress\/ -->\n<title>Chaise DSC 106 de Giancarlo Piretti pour Castelli | lalmachine.com<\/title>\n<meta name=\"description\" content=\"Chaise mod\u00e8le DSC 106 de par Giancarlo Piretti pour Castelli avec structure en fonte d&#039;aluminium et tissu d&#039;orgine.\" \/>\n<meta name=\"robots\" content=\"index, follow, max-snippet:-1, max-image-preview:large, max-video-preview:-1\" \/>\n<link rel=\"canonical\" href=\"https:\/\/lalmachine.com\/de\/shop\/sasseoir\/chaise\/set-de-7-chaises-castelli\/\" \/>\n<meta property=\"og:locale\" content=\"de_DE\" \/>\n<meta property=\"og:type\" content=\"article\" \/>\n<meta property=\"og:title\" content=\"Chaise DSC 106 de Giancarlo Piretti pour Castelli | lalmachine.com\" \/>\n<meta property=\"og:description\" content=\"Chaise mod\u00e8le DSC 106 de par Giancarlo Piretti pour Castelli avec structure en fonte d&#039;aluminium et tissu d&#039;orgine.\" \/>\n<meta property=\"og:url\" content=\"https:\/\/lalmachine.com\/de\/shop\/sasseoir\/chaise\/set-de-7-chaises-castelli\/\" \/>\n<meta property=\"og:site_name\" content=\"lalmachine.com\" \/>\n<meta property=\"article:publisher\" content=\"https:\/\/facebook.com\/lalmachine\" \/>\n<meta property=\"article:modified_time\" content=\"2024-12-05T20:51:58+00:00\" \/>\n<meta property=\"og:image\" content=\"https:\/\/lalmachine.com\/wp-content\/uploads\/2021\/10\/4FA9E5DA-8B18-4A10-A352-5ADD0F222965-c2563ace-rotated_clipped_rev_1_clipped_rev_1.jpeg\" \/>\n\t<meta property=\"og:image:width\" content=\"3057\" \/>\n\t<meta property=\"og:image:height\" content=\"3057\" \/>\n\t<meta property=\"og:image:type\" content=\"image\/jpeg\" \/>\n<meta name=\"twitter:card\" content=\"summary_large_image\" \/>\n<script type=\"application\/ld+json\" class=\"yoast-schema-graph\">{\"@context\":\"https:\\\/\\\/schema.org\",\"@graph\":[{\"@type\":\"WebPage\",\"@id\":\"https:\\\/\\\/lalmachine.com\\\/shop\\\/sasseoir\\\/chaise\\\/set-de-7-chaises-castelli\\\/\",\"url\":\"https:\\\/\\\/lalmachine.com\\\/shop\\\/sasseoir\\\/chaise\\\/set-de-7-chaises-castelli\\\/\",\"name\":\"Chaise DSC 106 de Giancarlo Piretti pour Castelli | lalmachine.com\",\"isPartOf\":{\"@id\":\"https:\\\/\\\/lalmachine.com\\\/#website\"},\"primaryImageOfPage\":{\"@id\":\"https:\\\/\\\/lalmachine.com\\\/shop\\\/sasseoir\\\/chaise\\\/set-de-7-chaises-castelli\\\/#primaryimage\"},\"image\":{\"@id\":\"https:\\\/\\\/lalmachine.com\\\/shop\\\/sasseoir\\\/chaise\\\/set-de-7-chaises-castelli\\\/#primaryimage\"},\"thumbnailUrl\":\"https:\\\/\\\/lalmachine.com\\\/wp-content\\\/uploads\\\/2021\\\/10\\\/4FA9E5DA-8B18-4A10-A352-5ADD0F222965-c2563ace-rotated_clipped_rev_1_clipped_rev_1.jpeg\",\"datePublished\":\"2021-10-04T08:55:59+00:00\",\"dateModified\":\"2024-12-05T20:51:58+00:00\",\"description\":\"Chaise mod\u00e8le DSC 106 de par Giancarlo Piretti pour Castelli avec structure en fonte d'aluminium et tissu d'orgine.\",\"breadcrumb\":{\"@id\":\"https:\\\/\\\/lalmachine.com\\\/shop\\\/sasseoir\\\/chaise\\\/set-de-7-chaises-castelli\\\/#breadcrumb\"},\"inLanguage\":\"de\",\"potentialAction\":[{\"@type\":\"ReadAction\",\"target\":[\"https:\\\/\\\/lalmachine.com\\\/shop\\\/sasseoir\\\/chaise\\\/set-de-7-chaises-castelli\\\/\"]}]},{\"@type\":\"ImageObject\",\"inLanguage\":\"de\",\"@id\":\"https:\\\/\\\/lalmachine.com\\\/shop\\\/sasseoir\\\/chaise\\\/set-de-7-chaises-castelli\\\/#primaryimage\",\"url\":\"https:\\\/\\\/lalmachine.com\\\/wp-content\\\/uploads\\\/2021\\\/10\\\/4FA9E5DA-8B18-4A10-A352-5ADD0F222965-c2563ace-rotated_clipped_rev_1_clipped_rev_1.jpeg\",\"contentUrl\":\"https:\\\/\\\/lalmachine.com\\\/wp-content\\\/uploads\\\/2021\\\/10\\\/4FA9E5DA-8B18-4A10-A352-5ADD0F222965-c2563ace-rotated_clipped_rev_1_clipped_rev_1.jpeg\",\"width\":3057,\"height\":3057,\"caption\":\"Chaise DSC 106 de Giancarlo Piretti pour Castelli\"},{\"@type\":\"BreadcrumbList\",\"@id\":\"https:\\\/\\\/lalmachine.com\\\/shop\\\/sasseoir\\\/chaise\\\/set-de-7-chaises-castelli\\\/#breadcrumb\",\"itemListElement\":[{\"@type\":\"ListItem\",\"position\":1,\"name\":\"Accueil\",\"item\":\"https:\\\/\\\/lalmachine.com\\\/\"},{\"@type\":\"ListItem\",\"position\":2,\"name\":\"Shop\",\"item\":\"https:\\\/\\\/lalmachine.com\\\/shop\\\/\"},{\"@type\":\"ListItem\",\"position\":3,\"name\":\"Chaise DSC 106 de Giancarlo Piretti pour Castelli\"}]},{\"@type\":\"WebSite\",\"@id\":\"https:\\\/\\\/lalmachine.com\\\/#website\",\"url\":\"https:\\\/\\\/lalmachine.com\\\/\",\"name\":\"lalmachine.com\",\"description\":\"Brocante en ligne Suisse | Mobilier et objets d\u00e9co vintage et design\",\"potentialAction\":[{\"@type\":\"SearchAction\",\"target\":{\"@type\":\"EntryPoint\",\"urlTemplate\":\"https:\\\/\\\/lalmachine.com\\\/?s={search_term_string}\"},\"query-input\":{\"@type\":\"PropertyValueSpecification\",\"valueRequired\":true,\"valueName\":\"search_term_string\"}}],\"inLanguage\":\"de\"}]}<\/script>\n<!-- \/ Yoast SEO plugin. -->","yoast_head_json":{"title":"Chaise DSC 106 de Giancarlo Piretti pour Castelli | lalmachine.com","description":"Chaise mod\u00e8le DSC 106 de par Giancarlo Piretti pour Castelli avec structure en fonte d'aluminium et tissu d'orgine.","robots":{"index":"index","follow":"follow","max-snippet":"max-snippet:-1","max-image-preview":"max-image-preview:large","max-video-preview":"max-video-preview:-1"},"canonical":"https:\/\/lalmachine.com\/de\/shop\/sasseoir\/chaise\/set-de-7-chaises-castelli\/","og_locale":"de_DE","og_type":"article","og_title":"Chaise DSC 106 de Giancarlo Piretti pour Castelli | lalmachine.com","og_description":"Chaise mod\u00e8le DSC 106 de par Giancarlo Piretti pour Castelli avec structure en fonte d'aluminium et tissu d'orgine.","og_url":"https:\/\/lalmachine.com\/de\/shop\/sasseoir\/chaise\/set-de-7-chaises-castelli\/","og_site_name":"lalmachine.com","article_publisher":"https:\/\/facebook.com\/lalmachine","article_modified_time":"2024-12-05T20:51:58+00:00","og_image":[{"width":3057,"height":3057,"url":"https:\/\/lalmachine.com\/wp-content\/uploads\/2021\/10\/4FA9E5DA-8B18-4A10-A352-5ADD0F222965-c2563ace-rotated_clipped_rev_1_clipped_rev_1.jpeg","type":"image\/jpeg"}],"twitter_card":"summary_large_image","schema":{"@context":"https:\/\/schema.org","@graph":[{"@type":"WebPage","@id":"https:\/\/lalmachine.com\/shop\/sasseoir\/chaise\/set-de-7-chaises-castelli\/","url":"https:\/\/lalmachine.com\/shop\/sasseoir\/chaise\/set-de-7-chaises-castelli\/","name":"Chaise DSC 106 de Giancarlo Piretti pour Castelli | lalmachine.com","isPartOf":{"@id":"https:\/\/lalmachine.com\/#website"},"primaryImageOfPage":{"@id":"https:\/\/lalmachine.com\/shop\/sasseoir\/chaise\/set-de-7-chaises-castelli\/#primaryimage"},"image":{"@id":"https:\/\/lalmachine.com\/shop\/sasseoir\/chaise\/set-de-7-chaises-castelli\/#primaryimage"},"thumbnailUrl":"https:\/\/lalmachine.com\/wp-content\/uploads\/2021\/10\/4FA9E5DA-8B18-4A10-A352-5ADD0F222965-c2563ace-rotated_clipped_rev_1_clipped_rev_1.jpeg","datePublished":"2021-10-04T08:55:59+00:00","dateModified":"2024-12-05T20:51:58+00:00","description":"Chaise mod\u00e8le DSC 106 de par Giancarlo Piretti pour Castelli avec structure en fonte d'aluminium et tissu d'orgine.","breadcrumb":{"@id":"https:\/\/lalmachine.com\/shop\/sasseoir\/chaise\/set-de-7-chaises-castelli\/#breadcrumb"},"inLanguage":"de","potentialAction":[{"@type":"ReadAction","target":["https:\/\/lalmachine.com\/shop\/sasseoir\/chaise\/set-de-7-chaises-castelli\/"]}]},{"@type":"ImageObject","inLanguage":"de","@id":"https:\/\/lalmachine.com\/shop\/sasseoir\/chaise\/set-de-7-chaises-castelli\/#primaryimage","url":"https:\/\/lalmachine.com\/wp-content\/uploads\/2021\/10\/4FA9E5DA-8B18-4A10-A352-5ADD0F222965-c2563ace-rotated_clipped_rev_1_clipped_rev_1.jpeg","contentUrl":"https:\/\/lalmachine.com\/wp-content\/uploads\/2021\/10\/4FA9E5DA-8B18-4A10-A352-5ADD0F222965-c2563ace-rotated_clipped_rev_1_clipped_rev_1.jpeg","width":3057,"height":3057,"caption":"Chaise DSC 106 de Giancarlo Piretti pour Castelli"},{"@type":"BreadcrumbList","@id":"https:\/\/lalmachine.com\/shop\/sasseoir\/chaise\/set-de-7-chaises-castelli\/#breadcrumb","itemListElement":[{"@type":"ListItem","position":1,"name":"Accueil","item":"https:\/\/lalmachine.com\/"},{"@type":"ListItem","position":2,"name":"Shop","item":"https:\/\/lalmachine.com\/shop\/"},{"@type":"ListItem","position":3,"name":"Chaise DSC 106 de Giancarlo Piretti pour Castelli"}]},{"@type":"WebSite","@id":"https:\/\/lalmachine.com\/#website","url":"https:\/\/lalmachine.com\/","name":"lalmachine.com","description":"Brocante en ligne Suisse | Mobilier et objets d\u00e9co vintage et design","potentialAction":[{"@type":"SearchAction","target":{"@type":"EntryPoint","urlTemplate":"https:\/\/lalmachine.com\/?s={search_term_string}"},"query-input":{"@type":"PropertyValueSpecification","valueRequired":true,"valueName":"search_term_string"}}],"inLanguage":"de"}]}},"_links":{"self":[{"href":"https:\/\/lalmachine.com\/de\/wp-json\/wp\/v2\/product\/71476","targetHints":{"allow":["GET"]}}],"collection":[{"href":"https:\/\/lalmachine.com\/de\/wp-json\/wp\/v2\/product"}],"about":[{"href":"https:\/\/lalmachine.com\/de\/wp-json\/wp\/v2\/types\/product"}],"wp:featuredmedia":[{"embeddable":true,"href":"https:\/\/lalmachine.com\/de\/wp-json\/wp\/v2\/media\/253613"}],"wp:attachment":[{"href":"https:\/\/lalmachine.com\/de\/wp-json\/wp\/v2\/media?parent=71476"}],"wp:term":[{"taxonomy":"product_brand","embeddable":true,"href":"https:\/\/lalmachine.com\/de\/wp-json\/wp\/v2\/product_brand?post=71476"},{"taxonomy":"product_cat","embeddable":true,"href":"https:\/\/lalmachine.com\/de\/wp-json\/wp\/v2\/product_cat?post=71476"},{"taxonomy":"product_tag","embeddable":true,"href":"https:\/\/lalmachine.com\/de\/wp-json\/wp\/v2\/product_tag?post=71476"},{"taxonomy":"proximite","embeddable":true,"href":"https:\/\/lalmachine.com\/de\/wp-json\/wp\/v2\/proximite?post=71476"}],"curies":[{"name":"wp","href":"https:\/\/api.w.org\/{rel}","templated":true}]}}