{"id":7238,"date":"2019-08-12T16:51:51","date_gmt":"2019-08-12T14:51:51","guid":{"rendered":"https:\/\/lalmachine.com\/?post_type=product&#038;p=7238"},"modified":"2024-12-05T21:50:31","modified_gmt":"2024-12-05T20:50:31","slug":"boite-a-sucre","status":"publish","type":"product","link":"https:\/\/lalmachine.com\/de\/shop\/decorer\/petit-rangement\/boite-a-sucre\/","title":{"rendered":"Bo\u00eete \u00e0 sucre"},"content":{"rendered":"","protected":false},"excerpt":{"rendered":"<p>Bo\u00eete \u00e0 sucre vintage en m\u00e9tal de la Belgique.<\/p>","protected":false},"featured_media":7232,"template":"","meta":{"_et_pb_use_builder":"","_et_pb_old_content":"","_et_gb_content_width":""},"product_brand":[],"product_cat":[50,92],"product_tag":[],"proximite":[177,235],"class_list":{"0":"post-7238","1":"product","2":"type-product","3":"status-publish","4":"has-post-thumbnail","6":"product_cat-decorer","7":"product_cat-petit-rangement","8":"product_shipping_class-0-2-kg","9":"pa_couleur-marron","10":"pa_etat-dans-son-jus","11":"pa_materiau-metal","12":"pa_style-vintage","13":"proximite-fribourg","14":"proximite-sarine","16":"first","17":"outofstock","18":"shipping-taxable","19":"purchasable","20":"product-type-simple"},"yoast_head":"<!-- This site is optimized with the Yoast SEO plugin v27.4 - https:\/\/yoast.com\/product\/yoast-seo-wordpress\/ -->\n<title>Bo\u00eete \u00e0 sucre | lalmachine.com, mobilier et objets d\u00e9co vintage et design<\/title>\n<meta name=\"description\" content=\"Bo\u00eete \u00e0 sucre vintage en m\u00e9tal de la Belgique.\" \/>\n<meta name=\"robots\" content=\"index, follow, max-snippet:-1, max-image-preview:large, max-video-preview:-1\" \/>\n<link rel=\"canonical\" href=\"https:\/\/lalmachine.com\/de\/shop\/decorer\/petit-rangement\/boite-a-sucre\/\" \/>\n<meta property=\"og:locale\" content=\"de_DE\" \/>\n<meta property=\"og:type\" content=\"article\" \/>\n<meta property=\"og:title\" content=\"Bo\u00eete \u00e0 sucre | lalmachine.com, mobilier et objets d\u00e9co vintage et design\" \/>\n<meta property=\"og:description\" content=\"Bo\u00eete \u00e0 sucre vintage en m\u00e9tal de la Belgique.\" \/>\n<meta property=\"og:url\" content=\"https:\/\/lalmachine.com\/de\/shop\/decorer\/petit-rangement\/boite-a-sucre\/\" \/>\n<meta property=\"og:site_name\" content=\"lalmachine.com\" \/>\n<meta property=\"article:publisher\" content=\"https:\/\/facebook.com\/lalmachine\" \/>\n<meta property=\"article:modified_time\" content=\"2024-12-05T20:50:31+00:00\" \/>\n<meta property=\"og:image\" content=\"https:\/\/lalmachine.com\/wp-content\/uploads\/2019\/08\/IMG_20190810_123854_clipped_rev_1.jpg\" \/>\n\t<meta property=\"og:image:width\" content=\"2279\" \/>\n\t<meta property=\"og:image:height\" content=\"2279\" \/>\n\t<meta property=\"og:image:type\" content=\"image\/jpeg\" \/>\n<meta name=\"twitter:card\" content=\"summary_large_image\" \/>\n<script type=\"application\/ld+json\" class=\"yoast-schema-graph\">{\"@context\":\"https:\\\/\\\/schema.org\",\"@graph\":[{\"@type\":\"WebPage\",\"@id\":\"https:\\\/\\\/lalmachine.com\\\/shop\\\/decorer\\\/petit-rangement\\\/boite-a-sucre\\\/\",\"url\":\"https:\\\/\\\/lalmachine.com\\\/shop\\\/decorer\\\/petit-rangement\\\/boite-a-sucre\\\/\",\"name\":\"Bo\u00eete \u00e0 sucre | lalmachine.com, mobilier et objets d\u00e9co vintage et design\",\"isPartOf\":{\"@id\":\"https:\\\/\\\/lalmachine.com\\\/#website\"},\"primaryImageOfPage\":{\"@id\":\"https:\\\/\\\/lalmachine.com\\\/shop\\\/decorer\\\/petit-rangement\\\/boite-a-sucre\\\/#primaryimage\"},\"image\":{\"@id\":\"https:\\\/\\\/lalmachine.com\\\/shop\\\/decorer\\\/petit-rangement\\\/boite-a-sucre\\\/#primaryimage\"},\"thumbnailUrl\":\"https:\\\/\\\/lalmachine.com\\\/wp-content\\\/uploads\\\/2019\\\/08\\\/IMG_20190810_123854_clipped_rev_1.jpg\",\"datePublished\":\"2019-08-12T14:51:51+00:00\",\"dateModified\":\"2024-12-05T20:50:31+00:00\",\"description\":\"Bo\u00eete \u00e0 sucre vintage en m\u00e9tal de la Belgique.\",\"breadcrumb\":{\"@id\":\"https:\\\/\\\/lalmachine.com\\\/shop\\\/decorer\\\/petit-rangement\\\/boite-a-sucre\\\/#breadcrumb\"},\"inLanguage\":\"de\",\"potentialAction\":[{\"@type\":\"ReadAction\",\"target\":[\"https:\\\/\\\/lalmachine.com\\\/shop\\\/decorer\\\/petit-rangement\\\/boite-a-sucre\\\/\"]}]},{\"@type\":\"ImageObject\",\"inLanguage\":\"de\",\"@id\":\"https:\\\/\\\/lalmachine.com\\\/shop\\\/decorer\\\/petit-rangement\\\/boite-a-sucre\\\/#primaryimage\",\"url\":\"https:\\\/\\\/lalmachine.com\\\/wp-content\\\/uploads\\\/2019\\\/08\\\/IMG_20190810_123854_clipped_rev_1.jpg\",\"contentUrl\":\"https:\\\/\\\/lalmachine.com\\\/wp-content\\\/uploads\\\/2019\\\/08\\\/IMG_20190810_123854_clipped_rev_1.jpg\",\"width\":2279,\"height\":2279,\"caption\":\"Bo\u00eete \u00e0 sucre vintage\"},{\"@type\":\"BreadcrumbList\",\"@id\":\"https:\\\/\\\/lalmachine.com\\\/shop\\\/decorer\\\/petit-rangement\\\/boite-a-sucre\\\/#breadcrumb\",\"itemListElement\":[{\"@type\":\"ListItem\",\"position\":1,\"name\":\"Accueil\",\"item\":\"https:\\\/\\\/lalmachine.com\\\/\"},{\"@type\":\"ListItem\",\"position\":2,\"name\":\"Shop\",\"item\":\"https:\\\/\\\/lalmachine.com\\\/shop\\\/\"},{\"@type\":\"ListItem\",\"position\":3,\"name\":\"Bo\u00eete \u00e0 sucre\"}]},{\"@type\":\"WebSite\",\"@id\":\"https:\\\/\\\/lalmachine.com\\\/#website\",\"url\":\"https:\\\/\\\/lalmachine.com\\\/\",\"name\":\"lalmachine.com\",\"description\":\"Brocante en ligne Suisse | Mobilier et objets d\u00e9co vintage et design\",\"potentialAction\":[{\"@type\":\"SearchAction\",\"target\":{\"@type\":\"EntryPoint\",\"urlTemplate\":\"https:\\\/\\\/lalmachine.com\\\/?s={search_term_string}\"},\"query-input\":{\"@type\":\"PropertyValueSpecification\",\"valueRequired\":true,\"valueName\":\"search_term_string\"}}],\"inLanguage\":\"de\"}]}<\/script>\n<!-- \/ Yoast SEO plugin. -->","yoast_head_json":{"title":"Bo\u00eete \u00e0 sucre | lalmachine.com, mobilier et objets d\u00e9co vintage et design","description":"Bo\u00eete \u00e0 sucre vintage en m\u00e9tal de la Belgique.","robots":{"index":"index","follow":"follow","max-snippet":"max-snippet:-1","max-image-preview":"max-image-preview:large","max-video-preview":"max-video-preview:-1"},"canonical":"https:\/\/lalmachine.com\/de\/shop\/decorer\/petit-rangement\/boite-a-sucre\/","og_locale":"de_DE","og_type":"article","og_title":"Bo\u00eete \u00e0 sucre | lalmachine.com, mobilier et objets d\u00e9co vintage et design","og_description":"Bo\u00eete \u00e0 sucre vintage en m\u00e9tal de la Belgique.","og_url":"https:\/\/lalmachine.com\/de\/shop\/decorer\/petit-rangement\/boite-a-sucre\/","og_site_name":"lalmachine.com","article_publisher":"https:\/\/facebook.com\/lalmachine","article_modified_time":"2024-12-05T20:50:31+00:00","og_image":[{"width":2279,"height":2279,"url":"https:\/\/lalmachine.com\/wp-content\/uploads\/2019\/08\/IMG_20190810_123854_clipped_rev_1.jpg","type":"image\/jpeg"}],"twitter_card":"summary_large_image","schema":{"@context":"https:\/\/schema.org","@graph":[{"@type":"WebPage","@id":"https:\/\/lalmachine.com\/shop\/decorer\/petit-rangement\/boite-a-sucre\/","url":"https:\/\/lalmachine.com\/shop\/decorer\/petit-rangement\/boite-a-sucre\/","name":"Bo\u00eete \u00e0 sucre | lalmachine.com, mobilier et objets d\u00e9co vintage et design","isPartOf":{"@id":"https:\/\/lalmachine.com\/#website"},"primaryImageOfPage":{"@id":"https:\/\/lalmachine.com\/shop\/decorer\/petit-rangement\/boite-a-sucre\/#primaryimage"},"image":{"@id":"https:\/\/lalmachine.com\/shop\/decorer\/petit-rangement\/boite-a-sucre\/#primaryimage"},"thumbnailUrl":"https:\/\/lalmachine.com\/wp-content\/uploads\/2019\/08\/IMG_20190810_123854_clipped_rev_1.jpg","datePublished":"2019-08-12T14:51:51+00:00","dateModified":"2024-12-05T20:50:31+00:00","description":"Bo\u00eete \u00e0 sucre vintage en m\u00e9tal de la Belgique.","breadcrumb":{"@id":"https:\/\/lalmachine.com\/shop\/decorer\/petit-rangement\/boite-a-sucre\/#breadcrumb"},"inLanguage":"de","potentialAction":[{"@type":"ReadAction","target":["https:\/\/lalmachine.com\/shop\/decorer\/petit-rangement\/boite-a-sucre\/"]}]},{"@type":"ImageObject","inLanguage":"de","@id":"https:\/\/lalmachine.com\/shop\/decorer\/petit-rangement\/boite-a-sucre\/#primaryimage","url":"https:\/\/lalmachine.com\/wp-content\/uploads\/2019\/08\/IMG_20190810_123854_clipped_rev_1.jpg","contentUrl":"https:\/\/lalmachine.com\/wp-content\/uploads\/2019\/08\/IMG_20190810_123854_clipped_rev_1.jpg","width":2279,"height":2279,"caption":"Bo\u00eete \u00e0 sucre vintage"},{"@type":"BreadcrumbList","@id":"https:\/\/lalmachine.com\/shop\/decorer\/petit-rangement\/boite-a-sucre\/#breadcrumb","itemListElement":[{"@type":"ListItem","position":1,"name":"Accueil","item":"https:\/\/lalmachine.com\/"},{"@type":"ListItem","position":2,"name":"Shop","item":"https:\/\/lalmachine.com\/shop\/"},{"@type":"ListItem","position":3,"name":"Bo\u00eete \u00e0 sucre"}]},{"@type":"WebSite","@id":"https:\/\/lalmachine.com\/#website","url":"https:\/\/lalmachine.com\/","name":"lalmachine.com","description":"Brocante en ligne Suisse | Mobilier et objets d\u00e9co vintage et design","potentialAction":[{"@type":"SearchAction","target":{"@type":"EntryPoint","urlTemplate":"https:\/\/lalmachine.com\/?s={search_term_string}"},"query-input":{"@type":"PropertyValueSpecification","valueRequired":true,"valueName":"search_term_string"}}],"inLanguage":"de"}]}},"_links":{"self":[{"href":"https:\/\/lalmachine.com\/de\/wp-json\/wp\/v2\/product\/7238","targetHints":{"allow":["GET"]}}],"collection":[{"href":"https:\/\/lalmachine.com\/de\/wp-json\/wp\/v2\/product"}],"about":[{"href":"https:\/\/lalmachine.com\/de\/wp-json\/wp\/v2\/types\/product"}],"wp:featuredmedia":[{"embeddable":true,"href":"https:\/\/lalmachine.com\/de\/wp-json\/wp\/v2\/media\/7232"}],"wp:attachment":[{"href":"https:\/\/lalmachine.com\/de\/wp-json\/wp\/v2\/media?parent=7238"}],"wp:term":[{"taxonomy":"product_brand","embeddable":true,"href":"https:\/\/lalmachine.com\/de\/wp-json\/wp\/v2\/product_brand?post=7238"},{"taxonomy":"product_cat","embeddable":true,"href":"https:\/\/lalmachine.com\/de\/wp-json\/wp\/v2\/product_cat?post=7238"},{"taxonomy":"product_tag","embeddable":true,"href":"https:\/\/lalmachine.com\/de\/wp-json\/wp\/v2\/product_tag?post=7238"},{"taxonomy":"proximite","embeddable":true,"href":"https:\/\/lalmachine.com\/de\/wp-json\/wp\/v2\/proximite?post=7238"}],"curies":[{"name":"wp","href":"https:\/\/api.w.org\/{rel}","templated":true}]}}