{"id":75011,"date":"2021-10-18T15:01:41","date_gmt":"2021-10-18T13:01:41","guid":{"rendered":"https:\/\/lalmachine.com\/?post_type=product&#038;p=75011"},"modified":"2024-12-05T21:52:02","modified_gmt":"2024-12-05T20:52:02","slug":"pichet-bonaudi","status":"publish","type":"product","link":"https:\/\/lalmachine.com\/de\/shop\/decorer\/vase-ceramique\/pichet-bonaudi\/","title":{"rendered":"Pichet \u00ab\u00a0Bonaudi\u00a0\u00bb"},"content":{"rendered":"<ul class=\"wpuf_customs\"><li style=\"list-style-type:none;\"><label>Autres photos:<\/label> <a href=\"https:\/\/lalmachine.com\/wp-content\/uploads\/2021\/10\/057325BA-E7C4-49CC-B7DC-D38E00A74735-15f9ec2f.jpeg\"><img loading=\"lazy\" decoding=\"async\" width=\"96\" height=\"96\" src=\"https:\/\/lalmachine.com\/wp-content\/uploads\/2021\/10\/057325BA-E7C4-49CC-B7DC-D38E00A74735-15f9ec2f.jpeg\" class=\"attachment-thumbnail size-thumbnail\" alt=\"\" \/><\/a> <a href=\"https:\/\/lalmachine.com\/wp-content\/uploads\/2021\/10\/6EE6500D-0475-4C22-B2BE-C01AAF2FE85D-55df5609.jpeg\"><img loading=\"lazy\" decoding=\"async\" width=\"96\" height=\"96\" src=\"https:\/\/lalmachine.com\/wp-content\/uploads\/2021\/10\/6EE6500D-0475-4C22-B2BE-C01AAF2FE85D-55df5609.jpeg\" class=\"attachment-thumbnail size-thumbnail\" alt=\"\" \/><\/a> <a href=\"https:\/\/lalmachine.com\/wp-content\/uploads\/2021\/10\/32E2F5F6-34A9-4E0B-9F9D-6CA1374A6821-9c45275e.jpeg\"><img loading=\"lazy\" decoding=\"async\" width=\"64\" height=\"96\" src=\"https:\/\/lalmachine.com\/wp-content\/uploads\/2021\/10\/32E2F5F6-34A9-4E0B-9F9D-6CA1374A6821-9c45275e.jpeg\" class=\"attachment-thumbnail size-thumbnail\" alt=\"\" \/><\/a> <a href=\"https:\/\/lalmachine.com\/wp-content\/uploads\/2021\/10\/8E4D5D6C-B212-4CB9-BE97-6B472213D7BE-53ea2a8d.jpeg\"><img loading=\"lazy\" decoding=\"async\" width=\"64\" height=\"96\" src=\"https:\/\/lalmachine.com\/wp-content\/uploads\/2021\/10\/8E4D5D6C-B212-4CB9-BE97-6B472213D7BE-53ea2a8d.jpeg\" class=\"attachment-thumbnail size-thumbnail\" alt=\"\" \/><\/a> <a href=\"https:\/\/lalmachine.com\/wp-content\/uploads\/2021\/10\/22018B13-6BD4-4F51-ABB8-D34E6D9C0183-5f061e4e.jpeg\"><img loading=\"lazy\" decoding=\"async\" width=\"64\" height=\"96\" src=\"https:\/\/lalmachine.com\/wp-content\/uploads\/2021\/10\/22018B13-6BD4-4F51-ABB8-D34E6D9C0183-5f061e4e.jpeg\" class=\"attachment-thumbnail size-thumbnail\" alt=\"\" \/><\/a> <a href=\"https:\/\/lalmachine.com\/wp-content\/uploads\/2021\/10\/47CC9A65-8C66-48AC-8379-7B9DB8A99354-ec9394b9.jpeg\"><img loading=\"lazy\" decoding=\"async\" width=\"82\" height=\"96\" src=\"https:\/\/lalmachine.com\/wp-content\/uploads\/2021\/10\/47CC9A65-8C66-48AC-8379-7B9DB8A99354-ec9394b9.jpeg\" class=\"attachment-thumbnail size-thumbnail\" alt=\"\" \/><\/a> <a href=\"https:\/\/lalmachine.com\/wp-content\/uploads\/2021\/10\/F9A93767-4635-49E9-8E9C-FEEC9C9EF01F-d97fe360-rotated.jpeg\"><img loading=\"lazy\" decoding=\"async\" width=\"72\" height=\"96\" src=\"https:\/\/lalmachine.com\/wp-content\/uploads\/2021\/10\/F9A93767-4635-49E9-8E9C-FEEC9C9EF01F-d97fe360-rotated.jpeg\" class=\"attachment-thumbnail size-thumbnail\" alt=\"\" \/><\/a> <\/li>        <li class=\"wpuf-field-data wpuf-field-data-numeric_text_field\">\n                            <label>Prix:<\/label>\n                        36        <\/li>\n                <li class=\"wpuf-field-data wpuf-field-data-numeric_text_field\">\n                            <label>Quantit\u00e9:<\/label>\n                        1        <\/li>\n                <li class=\"wpuf-field-data wpuf-field-data-numeric_text_field\">\n                            <label>Hauteur (cm):<\/label>\n                        30        <\/li>\n                <li class=\"wpuf-field-data wpuf-field-data-numeric_text_field\">\n                            <label>Largeur (cm):<\/label>\n                        24        <\/li>\n                <li class=\"wpuf-field-data wpuf-field-data-numeric_text_field\">\n                            <label>Profondeur (cm):<\/label>\n                        4        <\/li>\n        <\/ul>","protected":false},"excerpt":{"rendered":"<p>Pichet, marqu\u00e9 \u00ab Vallauris Bonaudi \u00bb, \u0153uvre de Francis &amp; Josette Bonaudi, lors de leur s\u00e9jour \u00e0 Vallauris, la c\u00e9l\u00e8bre ville de poterie du sud de la France\u2026<\/p>\n<p>* petit \u00e9clat sur le bec verseur, voir les photos<\/p>","protected":false},"featured_media":75072,"template":"","meta":{"_et_pb_use_builder":"","_et_pb_old_content":"","_et_gb_content_width":""},"product_brand":[],"product_cat":[50,400],"product_tag":[],"proximite":[282,179],"class_list":{"0":"post-75011","1":"product","2":"type-product","3":"status-publish","4":"has-post-thumbnail","6":"product_cat-decorer","7":"product_cat-vase-ceramique","8":"product_shipping_class-fragile-11-5","9":"pa_couleur-noir","10":"pa_etat-dans-son-jus","11":"pa_materiau-ceramique","12":"pa_style-vintage","13":"proximite-ouest-lausannois","14":"proximite-vaud","16":"first","17":"instock","18":"shipping-taxable","19":"purchasable","20":"product-type-simple"},"yoast_head":"<!-- This site is optimized with the Yoast SEO plugin v27.4 - https:\/\/yoast.com\/product\/yoast-seo-wordpress\/ -->\n<title>Pichet \u00ab\u00a0Bonaudi\u00a0\u00bb | lalmachine.com<\/title>\n<meta name=\"description\" content=\"Pichet, marqu\u00e9 \u00ab Vallauris Bonaudi \u00bb, \u0153uvre de Francis &amp; Josette Bonaudi,\" \/>\n<meta name=\"robots\" content=\"index, follow, max-snippet:-1, max-image-preview:large, max-video-preview:-1\" \/>\n<link rel=\"canonical\" href=\"https:\/\/lalmachine.com\/de\/shop\/decorer\/vase-ceramique\/pichet-bonaudi\/\" \/>\n<meta property=\"og:locale\" content=\"de_DE\" \/>\n<meta property=\"og:type\" content=\"article\" \/>\n<meta property=\"og:title\" content=\"Pichet \u00ab\u00a0Bonaudi\u00a0\u00bb | lalmachine.com\" \/>\n<meta property=\"og:description\" content=\"Pichet, marqu\u00e9 \u00ab Vallauris Bonaudi \u00bb, \u0153uvre de Francis &amp; Josette Bonaudi,\" \/>\n<meta property=\"og:url\" content=\"https:\/\/lalmachine.com\/de\/shop\/decorer\/vase-ceramique\/pichet-bonaudi\/\" \/>\n<meta property=\"og:site_name\" content=\"lalmachine.com\" \/>\n<meta property=\"article:publisher\" content=\"https:\/\/facebook.com\/lalmachine\" \/>\n<meta property=\"article:modified_time\" content=\"2024-12-05T20:52:02+00:00\" \/>\n<meta property=\"og:image\" content=\"https:\/\/lalmachine.com\/wp-content\/uploads\/2021\/10\/A1A07859-8B12-4AD5-8E8B-E13C1D4BB39C-449e36f9_clipped_rev_1.jpg\" \/>\n\t<meta property=\"og:image:width\" content=\"5686\" \/>\n\t<meta property=\"og:image:height\" content=\"5686\" \/>\n\t<meta property=\"og:image:type\" content=\"image\/jpeg\" \/>\n<meta name=\"twitter:card\" content=\"summary_large_image\" \/>\n<script type=\"application\/ld+json\" class=\"yoast-schema-graph\">{\"@context\":\"https:\\\/\\\/schema.org\",\"@graph\":[{\"@type\":\"WebPage\",\"@id\":\"https:\\\/\\\/lalmachine.com\\\/shop\\\/decorer\\\/vase-ceramique\\\/pichet-bonaudi\\\/\",\"url\":\"https:\\\/\\\/lalmachine.com\\\/shop\\\/decorer\\\/vase-ceramique\\\/pichet-bonaudi\\\/\",\"name\":\"Pichet \u00ab\u00a0Bonaudi\u00a0\u00bb | lalmachine.com\",\"isPartOf\":{\"@id\":\"https:\\\/\\\/lalmachine.com\\\/#website\"},\"primaryImageOfPage\":{\"@id\":\"https:\\\/\\\/lalmachine.com\\\/shop\\\/decorer\\\/vase-ceramique\\\/pichet-bonaudi\\\/#primaryimage\"},\"image\":{\"@id\":\"https:\\\/\\\/lalmachine.com\\\/shop\\\/decorer\\\/vase-ceramique\\\/pichet-bonaudi\\\/#primaryimage\"},\"thumbnailUrl\":\"https:\\\/\\\/lalmachine.com\\\/wp-content\\\/uploads\\\/2021\\\/10\\\/A1A07859-8B12-4AD5-8E8B-E13C1D4BB39C-449e36f9_clipped_rev_1.jpg\",\"datePublished\":\"2021-10-18T13:01:41+00:00\",\"dateModified\":\"2024-12-05T20:52:02+00:00\",\"description\":\"Pichet, marqu\u00e9 \u00ab Vallauris Bonaudi \u00bb, \u0153uvre de Francis & Josette Bonaudi,\",\"breadcrumb\":{\"@id\":\"https:\\\/\\\/lalmachine.com\\\/shop\\\/decorer\\\/vase-ceramique\\\/pichet-bonaudi\\\/#breadcrumb\"},\"inLanguage\":\"de\",\"potentialAction\":[{\"@type\":\"ReadAction\",\"target\":[\"https:\\\/\\\/lalmachine.com\\\/shop\\\/decorer\\\/vase-ceramique\\\/pichet-bonaudi\\\/\"]}]},{\"@type\":\"ImageObject\",\"inLanguage\":\"de\",\"@id\":\"https:\\\/\\\/lalmachine.com\\\/shop\\\/decorer\\\/vase-ceramique\\\/pichet-bonaudi\\\/#primaryimage\",\"url\":\"https:\\\/\\\/lalmachine.com\\\/wp-content\\\/uploads\\\/2021\\\/10\\\/A1A07859-8B12-4AD5-8E8B-E13C1D4BB39C-449e36f9_clipped_rev_1.jpg\",\"contentUrl\":\"https:\\\/\\\/lalmachine.com\\\/wp-content\\\/uploads\\\/2021\\\/10\\\/A1A07859-8B12-4AD5-8E8B-E13C1D4BB39C-449e36f9_clipped_rev_1.jpg\",\"width\":5686,\"height\":5686,\"caption\":\"Pichet \u00ab\u00a0Bonaudi\u00a0\u00bb\"},{\"@type\":\"BreadcrumbList\",\"@id\":\"https:\\\/\\\/lalmachine.com\\\/shop\\\/decorer\\\/vase-ceramique\\\/pichet-bonaudi\\\/#breadcrumb\",\"itemListElement\":[{\"@type\":\"ListItem\",\"position\":1,\"name\":\"Accueil\",\"item\":\"https:\\\/\\\/lalmachine.com\\\/\"},{\"@type\":\"ListItem\",\"position\":2,\"name\":\"Shop\",\"item\":\"https:\\\/\\\/lalmachine.com\\\/shop\\\/\"},{\"@type\":\"ListItem\",\"position\":3,\"name\":\"Pichet \u00ab\u00a0Bonaudi\u00a0\u00bb\"}]},{\"@type\":\"WebSite\",\"@id\":\"https:\\\/\\\/lalmachine.com\\\/#website\",\"url\":\"https:\\\/\\\/lalmachine.com\\\/\",\"name\":\"lalmachine.com\",\"description\":\"Brocante en ligne Suisse | Mobilier et objets d\u00e9co vintage et design\",\"potentialAction\":[{\"@type\":\"SearchAction\",\"target\":{\"@type\":\"EntryPoint\",\"urlTemplate\":\"https:\\\/\\\/lalmachine.com\\\/?s={search_term_string}\"},\"query-input\":{\"@type\":\"PropertyValueSpecification\",\"valueRequired\":true,\"valueName\":\"search_term_string\"}}],\"inLanguage\":\"de\"}]}<\/script>\n<!-- \/ Yoast SEO plugin. -->","yoast_head_json":{"title":"Pichet \u00ab\u00a0Bonaudi\u00a0\u00bb | lalmachine.com","description":"Pichet, marqu\u00e9 \u00ab Vallauris Bonaudi \u00bb, \u0153uvre de Francis & Josette Bonaudi,","robots":{"index":"index","follow":"follow","max-snippet":"max-snippet:-1","max-image-preview":"max-image-preview:large","max-video-preview":"max-video-preview:-1"},"canonical":"https:\/\/lalmachine.com\/de\/shop\/decorer\/vase-ceramique\/pichet-bonaudi\/","og_locale":"de_DE","og_type":"article","og_title":"Pichet \u00ab\u00a0Bonaudi\u00a0\u00bb | lalmachine.com","og_description":"Pichet, marqu\u00e9 \u00ab Vallauris Bonaudi \u00bb, \u0153uvre de Francis & Josette Bonaudi,","og_url":"https:\/\/lalmachine.com\/de\/shop\/decorer\/vase-ceramique\/pichet-bonaudi\/","og_site_name":"lalmachine.com","article_publisher":"https:\/\/facebook.com\/lalmachine","article_modified_time":"2024-12-05T20:52:02+00:00","og_image":[{"width":5686,"height":5686,"url":"https:\/\/lalmachine.com\/wp-content\/uploads\/2021\/10\/A1A07859-8B12-4AD5-8E8B-E13C1D4BB39C-449e36f9_clipped_rev_1.jpg","type":"image\/jpeg"}],"twitter_card":"summary_large_image","schema":{"@context":"https:\/\/schema.org","@graph":[{"@type":"WebPage","@id":"https:\/\/lalmachine.com\/shop\/decorer\/vase-ceramique\/pichet-bonaudi\/","url":"https:\/\/lalmachine.com\/shop\/decorer\/vase-ceramique\/pichet-bonaudi\/","name":"Pichet \u00ab\u00a0Bonaudi\u00a0\u00bb | lalmachine.com","isPartOf":{"@id":"https:\/\/lalmachine.com\/#website"},"primaryImageOfPage":{"@id":"https:\/\/lalmachine.com\/shop\/decorer\/vase-ceramique\/pichet-bonaudi\/#primaryimage"},"image":{"@id":"https:\/\/lalmachine.com\/shop\/decorer\/vase-ceramique\/pichet-bonaudi\/#primaryimage"},"thumbnailUrl":"https:\/\/lalmachine.com\/wp-content\/uploads\/2021\/10\/A1A07859-8B12-4AD5-8E8B-E13C1D4BB39C-449e36f9_clipped_rev_1.jpg","datePublished":"2021-10-18T13:01:41+00:00","dateModified":"2024-12-05T20:52:02+00:00","description":"Pichet, marqu\u00e9 \u00ab Vallauris Bonaudi \u00bb, \u0153uvre de Francis & Josette Bonaudi,","breadcrumb":{"@id":"https:\/\/lalmachine.com\/shop\/decorer\/vase-ceramique\/pichet-bonaudi\/#breadcrumb"},"inLanguage":"de","potentialAction":[{"@type":"ReadAction","target":["https:\/\/lalmachine.com\/shop\/decorer\/vase-ceramique\/pichet-bonaudi\/"]}]},{"@type":"ImageObject","inLanguage":"de","@id":"https:\/\/lalmachine.com\/shop\/decorer\/vase-ceramique\/pichet-bonaudi\/#primaryimage","url":"https:\/\/lalmachine.com\/wp-content\/uploads\/2021\/10\/A1A07859-8B12-4AD5-8E8B-E13C1D4BB39C-449e36f9_clipped_rev_1.jpg","contentUrl":"https:\/\/lalmachine.com\/wp-content\/uploads\/2021\/10\/A1A07859-8B12-4AD5-8E8B-E13C1D4BB39C-449e36f9_clipped_rev_1.jpg","width":5686,"height":5686,"caption":"Pichet \u00ab\u00a0Bonaudi\u00a0\u00bb"},{"@type":"BreadcrumbList","@id":"https:\/\/lalmachine.com\/shop\/decorer\/vase-ceramique\/pichet-bonaudi\/#breadcrumb","itemListElement":[{"@type":"ListItem","position":1,"name":"Accueil","item":"https:\/\/lalmachine.com\/"},{"@type":"ListItem","position":2,"name":"Shop","item":"https:\/\/lalmachine.com\/shop\/"},{"@type":"ListItem","position":3,"name":"Pichet \u00ab\u00a0Bonaudi\u00a0\u00bb"}]},{"@type":"WebSite","@id":"https:\/\/lalmachine.com\/#website","url":"https:\/\/lalmachine.com\/","name":"lalmachine.com","description":"Brocante en ligne Suisse | Mobilier et objets d\u00e9co vintage et design","potentialAction":[{"@type":"SearchAction","target":{"@type":"EntryPoint","urlTemplate":"https:\/\/lalmachine.com\/?s={search_term_string}"},"query-input":{"@type":"PropertyValueSpecification","valueRequired":true,"valueName":"search_term_string"}}],"inLanguage":"de"}]}},"_links":{"self":[{"href":"https:\/\/lalmachine.com\/de\/wp-json\/wp\/v2\/product\/75011","targetHints":{"allow":["GET"]}}],"collection":[{"href":"https:\/\/lalmachine.com\/de\/wp-json\/wp\/v2\/product"}],"about":[{"href":"https:\/\/lalmachine.com\/de\/wp-json\/wp\/v2\/types\/product"}],"wp:featuredmedia":[{"embeddable":true,"href":"https:\/\/lalmachine.com\/de\/wp-json\/wp\/v2\/media\/75072"}],"wp:attachment":[{"href":"https:\/\/lalmachine.com\/de\/wp-json\/wp\/v2\/media?parent=75011"}],"wp:term":[{"taxonomy":"product_brand","embeddable":true,"href":"https:\/\/lalmachine.com\/de\/wp-json\/wp\/v2\/product_brand?post=75011"},{"taxonomy":"product_cat","embeddable":true,"href":"https:\/\/lalmachine.com\/de\/wp-json\/wp\/v2\/product_cat?post=75011"},{"taxonomy":"product_tag","embeddable":true,"href":"https:\/\/lalmachine.com\/de\/wp-json\/wp\/v2\/product_tag?post=75011"},{"taxonomy":"proximite","embeddable":true,"href":"https:\/\/lalmachine.com\/de\/wp-json\/wp\/v2\/proximite?post=75011"}],"curies":[{"name":"wp","href":"https:\/\/api.w.org\/{rel}","templated":true}]}}