{"id":76209,"date":"2021-10-23T16:11:45","date_gmt":"2021-10-23T14:11:45","guid":{"rendered":"https:\/\/lalmachine.com\/?post_type=product&#038;p=76209"},"modified":"2024-12-05T21:52:13","modified_gmt":"2024-12-05T20:52:13","slug":"ensemble-table-et-chaises-en-formica","status":"publish","type":"product","link":"https:\/\/lalmachine.com\/de\/shop\/meubler\/table\/ensemble-table-et-chaises-en-formica\/","title":{"rendered":"Ensemble table et chaises en formica"},"content":{"rendered":"<ul class=\"wpuf_customs\"><li style=\"list-style-type:none;\"><label>Autres photos:<\/label> <a href=\"https:\/\/lalmachine.com\/wp-content\/uploads\/2021\/10\/IMG_20211021_114336-353a4063.jpg\"><img loading=\"lazy\" decoding=\"async\" width=\"72\" height=\"96\" src=\"https:\/\/lalmachine.com\/wp-content\/uploads\/2021\/10\/IMG_20211021_114336-353a4063.jpg\" class=\"attachment-thumbnail size-thumbnail\" alt=\"\" \/><\/a> <a href=\"https:\/\/lalmachine.com\/wp-content\/uploads\/2021\/10\/IMG_20211021_114355-c96d5373.jpg\"><img loading=\"lazy\" decoding=\"async\" width=\"72\" height=\"96\" src=\"https:\/\/lalmachine.com\/wp-content\/uploads\/2021\/10\/IMG_20211021_114355-c96d5373.jpg\" class=\"attachment-thumbnail size-thumbnail\" alt=\"\" \/><\/a> <a href=\"https:\/\/lalmachine.com\/wp-content\/uploads\/2021\/10\/IMG_20211021_114411-b4a8eccd.jpg\"><img loading=\"lazy\" decoding=\"async\" width=\"72\" height=\"96\" src=\"https:\/\/lalmachine.com\/wp-content\/uploads\/2021\/10\/IMG_20211021_114411-b4a8eccd.jpg\" class=\"attachment-thumbnail size-thumbnail\" alt=\"\" \/><\/a> <a href=\"https:\/\/lalmachine.com\/wp-content\/uploads\/2021\/10\/IMG_20211021_114451-ab1e9169.jpg\"><img loading=\"lazy\" decoding=\"async\" width=\"72\" height=\"96\" src=\"https:\/\/lalmachine.com\/wp-content\/uploads\/2021\/10\/IMG_20211021_114451-ab1e9169.jpg\" class=\"attachment-thumbnail size-thumbnail\" alt=\"\" \/><\/a> <a href=\"https:\/\/lalmachine.com\/wp-content\/uploads\/2021\/10\/IMG_20211021_114557-2c47afb6.jpg\"><img loading=\"lazy\" decoding=\"async\" width=\"72\" height=\"96\" src=\"https:\/\/lalmachine.com\/wp-content\/uploads\/2021\/10\/IMG_20211021_114557-2c47afb6.jpg\" class=\"attachment-thumbnail size-thumbnail\" alt=\"\" \/><\/a> <a href=\"https:\/\/lalmachine.com\/wp-content\/uploads\/2021\/10\/IMG_20211021_114641-64a12aae.jpg\"><img loading=\"lazy\" decoding=\"async\" width=\"72\" height=\"96\" src=\"https:\/\/lalmachine.com\/wp-content\/uploads\/2021\/10\/IMG_20211021_114641-64a12aae.jpg\" class=\"attachment-thumbnail size-thumbnail\" alt=\"\" \/><\/a> <a href=\"https:\/\/lalmachine.com\/wp-content\/uploads\/2021\/10\/IMG_20211021_114647-238f5bee.jpg\"><img loading=\"lazy\" decoding=\"async\" width=\"72\" height=\"96\" src=\"https:\/\/lalmachine.com\/wp-content\/uploads\/2021\/10\/IMG_20211021_114647-238f5bee.jpg\" class=\"attachment-thumbnail size-thumbnail\" alt=\"\" \/><\/a> <a href=\"https:\/\/lalmachine.com\/wp-content\/uploads\/2021\/10\/IMG_20211021_114747-2fb3d9da.jpg\"><img loading=\"lazy\" decoding=\"async\" width=\"72\" height=\"96\" src=\"https:\/\/lalmachine.com\/wp-content\/uploads\/2021\/10\/IMG_20211021_114747-2fb3d9da.jpg\" class=\"attachment-thumbnail size-thumbnail\" alt=\"\" \/><\/a> <a href=\"https:\/\/lalmachine.com\/wp-content\/uploads\/2021\/10\/IMG_20211021_114759-c4884144.jpg\"><img loading=\"lazy\" decoding=\"async\" width=\"72\" height=\"96\" src=\"https:\/\/lalmachine.com\/wp-content\/uploads\/2021\/10\/IMG_20211021_114759-c4884144.jpg\" class=\"attachment-thumbnail size-thumbnail\" alt=\"\" \/><\/a> <a href=\"https:\/\/lalmachine.com\/wp-content\/uploads\/2021\/10\/IMG_20211021_114912-4e22b178.jpg\"><img loading=\"lazy\" decoding=\"async\" width=\"72\" height=\"96\" src=\"https:\/\/lalmachine.com\/wp-content\/uploads\/2021\/10\/IMG_20211021_114912-4e22b178.jpg\" class=\"attachment-thumbnail size-thumbnail\" alt=\"\" \/><\/a> <a href=\"https:\/\/lalmachine.com\/wp-content\/uploads\/2021\/10\/IMG_20211021_115036-0f338c47.jpg\"><img loading=\"lazy\" decoding=\"async\" width=\"72\" height=\"96\" src=\"https:\/\/lalmachine.com\/wp-content\/uploads\/2021\/10\/IMG_20211021_115036-0f338c47.jpg\" class=\"attachment-thumbnail size-thumbnail\" alt=\"\" \/><\/a> <a href=\"https:\/\/lalmachine.com\/wp-content\/uploads\/2021\/10\/IMG_20211021_115052-50d64e9f.jpg\"><img loading=\"lazy\" decoding=\"async\" width=\"72\" height=\"96\" src=\"https:\/\/lalmachine.com\/wp-content\/uploads\/2021\/10\/IMG_20211021_115052-50d64e9f.jpg\" class=\"attachment-thumbnail size-thumbnail\" alt=\"\" \/><\/a> <a href=\"https:\/\/lalmachine.com\/wp-content\/uploads\/2021\/10\/IMG_20211021_115104-0496d169.jpg\"><img loading=\"lazy\" decoding=\"async\" width=\"72\" height=\"96\" src=\"https:\/\/lalmachine.com\/wp-content\/uploads\/2021\/10\/IMG_20211021_115104-0496d169.jpg\" class=\"attachment-thumbnail size-thumbnail\" alt=\"\" \/><\/a> <a href=\"https:\/\/lalmachine.com\/wp-content\/uploads\/2021\/10\/IMG_20211021_115124-ee18e9b0.jpg\"><img loading=\"lazy\" decoding=\"async\" width=\"72\" height=\"96\" src=\"https:\/\/lalmachine.com\/wp-content\/uploads\/2021\/10\/IMG_20211021_115124-ee18e9b0.jpg\" class=\"attachment-thumbnail size-thumbnail\" alt=\"\" \/><\/a> <a href=\"https:\/\/lalmachine.com\/wp-content\/uploads\/2021\/10\/IMG_20211021_115301-3d35c16b.jpg\"><img loading=\"lazy\" decoding=\"async\" width=\"72\" height=\"96\" src=\"https:\/\/lalmachine.com\/wp-content\/uploads\/2021\/10\/IMG_20211021_115301-3d35c16b.jpg\" class=\"attachment-thumbnail size-thumbnail\" alt=\"\" \/><\/a> <\/li>        <li class=\"wpuf-field-data wpuf-field-data-numeric_text_field\">\n                            <label>Prix:<\/label>\n                        210        <\/li>\n                <li class=\"wpuf-field-data wpuf-field-data-numeric_text_field\">\n                            <label>Hauteur (cm):<\/label>\n                        77        <\/li>\n                <li class=\"wpuf-field-data wpuf-field-data-numeric_text_field\">\n                            <label>Largeur (cm):<\/label>\n                        110        <\/li>\n                <li class=\"wpuf-field-data wpuf-field-data-numeric_text_field\">\n                            <label>Profondeur (cm):<\/label>\n                        69        <\/li>\n        <\/ul>","protected":false},"excerpt":{"rendered":"<p>Ensemble vintage en formica rouge. Deux chaises avec structure en m\u00e9tal et assise et dossier en formica rouge. Quelques traces d&rsquo;usure sur le m\u00e9tal (voir photos) mais stable et solide et formica en tr\u00e8s bon \u00e9tat. Table avec tiroir et une rallonge de 40 cm cach\u00e9 sous le plateau. Dot\u00e9e d&rsquo;un tiroir \u00e9galement sous le plateau. \u00c0 signaler une d\u00e9coloration de la couleur rouge visible sur le plateau visible sur les photos.<\/p>\n<p>Dimensions de la table (sans rallonge): H 77 cm x L 110 cm x P 69 cm<br \/>\nDimensions des chaises: H 78 cm x L 37 cm x P 47 cm (hauteur de l&rsquo;assise: 45.5 cm)<\/p>","protected":false},"featured_media":76190,"template":"","meta":{"_et_pb_use_builder":"","_et_pb_old_content":"","_et_gb_content_width":""},"product_brand":[],"product_cat":[47,82],"product_tag":[],"proximite":[177,235],"class_list":{"0":"post-76209","1":"product","2":"type-product","3":"status-publish","4":"has-post-thumbnail","6":"product_cat-meubler","7":"product_cat-table","8":"pa_couleur-rouge","9":"pa_etat-dans-son-jus","10":"pa_materiau-autre","11":"pa_style-vintage","12":"proximite-fribourg","13":"proximite-sarine","15":"first","16":"outofstock","17":"shipping-taxable","18":"purchasable","19":"product-type-simple"},"yoast_head":"<!-- This site is optimized with the Yoast SEO plugin v27.4 - https:\/\/yoast.com\/product\/yoast-seo-wordpress\/ -->\n<title>Ensemble table et chaises en formica | lalmachine.com, mobilier et objets d\u00e9co vintage et design<\/title>\n<meta name=\"description\" content=\"Ensemble vintage en formica rouge.\" \/>\n<meta name=\"robots\" content=\"index, follow, max-snippet:-1, max-image-preview:large, max-video-preview:-1\" \/>\n<link rel=\"canonical\" href=\"https:\/\/lalmachine.com\/de\/shop\/meubler\/table\/ensemble-table-et-chaises-en-formica\/\" \/>\n<meta property=\"og:locale\" content=\"de_DE\" \/>\n<meta property=\"og:type\" content=\"article\" \/>\n<meta property=\"og:title\" content=\"Ensemble table et chaises en formica | lalmachine.com, mobilier et objets d\u00e9co vintage et design\" \/>\n<meta property=\"og:description\" content=\"Ensemble vintage en formica rouge.\" \/>\n<meta property=\"og:url\" content=\"https:\/\/lalmachine.com\/de\/shop\/meubler\/table\/ensemble-table-et-chaises-en-formica\/\" \/>\n<meta property=\"og:site_name\" content=\"lalmachine.com\" \/>\n<meta property=\"article:publisher\" content=\"https:\/\/facebook.com\/lalmachine\" \/>\n<meta property=\"article:modified_time\" content=\"2024-12-05T20:52:13+00:00\" \/>\n<meta property=\"og:image\" content=\"https:\/\/lalmachine.com\/wp-content\/uploads\/2021\/10\/IMG_20211021_114336_clipped_rev_2-f5ab6652.jpg\" \/>\n\t<meta property=\"og:image:width\" content=\"2962\" \/>\n\t<meta property=\"og:image:height\" content=\"2962\" \/>\n\t<meta property=\"og:image:type\" content=\"image\/jpeg\" \/>\n<meta name=\"twitter:card\" content=\"summary_large_image\" \/>\n<script type=\"application\/ld+json\" class=\"yoast-schema-graph\">{\"@context\":\"https:\\\/\\\/schema.org\",\"@graph\":[{\"@type\":\"WebPage\",\"@id\":\"https:\\\/\\\/lalmachine.com\\\/shop\\\/meubler\\\/table\\\/ensemble-table-et-chaises-en-formica\\\/\",\"url\":\"https:\\\/\\\/lalmachine.com\\\/shop\\\/meubler\\\/table\\\/ensemble-table-et-chaises-en-formica\\\/\",\"name\":\"Ensemble table et chaises en formica | lalmachine.com, mobilier et objets d\u00e9co vintage et design\",\"isPartOf\":{\"@id\":\"https:\\\/\\\/lalmachine.com\\\/#website\"},\"primaryImageOfPage\":{\"@id\":\"https:\\\/\\\/lalmachine.com\\\/shop\\\/meubler\\\/table\\\/ensemble-table-et-chaises-en-formica\\\/#primaryimage\"},\"image\":{\"@id\":\"https:\\\/\\\/lalmachine.com\\\/shop\\\/meubler\\\/table\\\/ensemble-table-et-chaises-en-formica\\\/#primaryimage\"},\"thumbnailUrl\":\"https:\\\/\\\/lalmachine.com\\\/wp-content\\\/uploads\\\/2021\\\/10\\\/IMG_20211021_114336_clipped_rev_2-f5ab6652.jpg\",\"datePublished\":\"2021-10-23T14:11:45+00:00\",\"dateModified\":\"2024-12-05T20:52:13+00:00\",\"description\":\"Ensemble vintage en formica rouge.\",\"breadcrumb\":{\"@id\":\"https:\\\/\\\/lalmachine.com\\\/shop\\\/meubler\\\/table\\\/ensemble-table-et-chaises-en-formica\\\/#breadcrumb\"},\"inLanguage\":\"de\",\"potentialAction\":[{\"@type\":\"ReadAction\",\"target\":[\"https:\\\/\\\/lalmachine.com\\\/shop\\\/meubler\\\/table\\\/ensemble-table-et-chaises-en-formica\\\/\"]}]},{\"@type\":\"ImageObject\",\"inLanguage\":\"de\",\"@id\":\"https:\\\/\\\/lalmachine.com\\\/shop\\\/meubler\\\/table\\\/ensemble-table-et-chaises-en-formica\\\/#primaryimage\",\"url\":\"https:\\\/\\\/lalmachine.com\\\/wp-content\\\/uploads\\\/2021\\\/10\\\/IMG_20211021_114336_clipped_rev_2-f5ab6652.jpg\",\"contentUrl\":\"https:\\\/\\\/lalmachine.com\\\/wp-content\\\/uploads\\\/2021\\\/10\\\/IMG_20211021_114336_clipped_rev_2-f5ab6652.jpg\",\"width\":2962,\"height\":2962,\"caption\":\"table formica\"},{\"@type\":\"BreadcrumbList\",\"@id\":\"https:\\\/\\\/lalmachine.com\\\/shop\\\/meubler\\\/table\\\/ensemble-table-et-chaises-en-formica\\\/#breadcrumb\",\"itemListElement\":[{\"@type\":\"ListItem\",\"position\":1,\"name\":\"Accueil\",\"item\":\"https:\\\/\\\/lalmachine.com\\\/\"},{\"@type\":\"ListItem\",\"position\":2,\"name\":\"Shop\",\"item\":\"https:\\\/\\\/lalmachine.com\\\/shop\\\/\"},{\"@type\":\"ListItem\",\"position\":3,\"name\":\"Ensemble table et chaises en formica\"}]},{\"@type\":\"WebSite\",\"@id\":\"https:\\\/\\\/lalmachine.com\\\/#website\",\"url\":\"https:\\\/\\\/lalmachine.com\\\/\",\"name\":\"lalmachine.com\",\"description\":\"Brocante en ligne Suisse | Mobilier et objets d\u00e9co vintage et design\",\"potentialAction\":[{\"@type\":\"SearchAction\",\"target\":{\"@type\":\"EntryPoint\",\"urlTemplate\":\"https:\\\/\\\/lalmachine.com\\\/?s={search_term_string}\"},\"query-input\":{\"@type\":\"PropertyValueSpecification\",\"valueRequired\":true,\"valueName\":\"search_term_string\"}}],\"inLanguage\":\"de\"}]}<\/script>\n<!-- \/ Yoast SEO plugin. -->","yoast_head_json":{"title":"Ensemble table et chaises en formica | lalmachine.com, mobilier et objets d\u00e9co vintage et design","description":"Ensemble vintage en formica rouge.","robots":{"index":"index","follow":"follow","max-snippet":"max-snippet:-1","max-image-preview":"max-image-preview:large","max-video-preview":"max-video-preview:-1"},"canonical":"https:\/\/lalmachine.com\/de\/shop\/meubler\/table\/ensemble-table-et-chaises-en-formica\/","og_locale":"de_DE","og_type":"article","og_title":"Ensemble table et chaises en formica | lalmachine.com, mobilier et objets d\u00e9co vintage et design","og_description":"Ensemble vintage en formica rouge.","og_url":"https:\/\/lalmachine.com\/de\/shop\/meubler\/table\/ensemble-table-et-chaises-en-formica\/","og_site_name":"lalmachine.com","article_publisher":"https:\/\/facebook.com\/lalmachine","article_modified_time":"2024-12-05T20:52:13+00:00","og_image":[{"width":2962,"height":2962,"url":"https:\/\/lalmachine.com\/wp-content\/uploads\/2021\/10\/IMG_20211021_114336_clipped_rev_2-f5ab6652.jpg","type":"image\/jpeg"}],"twitter_card":"summary_large_image","schema":{"@context":"https:\/\/schema.org","@graph":[{"@type":"WebPage","@id":"https:\/\/lalmachine.com\/shop\/meubler\/table\/ensemble-table-et-chaises-en-formica\/","url":"https:\/\/lalmachine.com\/shop\/meubler\/table\/ensemble-table-et-chaises-en-formica\/","name":"Ensemble table et chaises en formica | lalmachine.com, mobilier et objets d\u00e9co vintage et design","isPartOf":{"@id":"https:\/\/lalmachine.com\/#website"},"primaryImageOfPage":{"@id":"https:\/\/lalmachine.com\/shop\/meubler\/table\/ensemble-table-et-chaises-en-formica\/#primaryimage"},"image":{"@id":"https:\/\/lalmachine.com\/shop\/meubler\/table\/ensemble-table-et-chaises-en-formica\/#primaryimage"},"thumbnailUrl":"https:\/\/lalmachine.com\/wp-content\/uploads\/2021\/10\/IMG_20211021_114336_clipped_rev_2-f5ab6652.jpg","datePublished":"2021-10-23T14:11:45+00:00","dateModified":"2024-12-05T20:52:13+00:00","description":"Ensemble vintage en formica rouge.","breadcrumb":{"@id":"https:\/\/lalmachine.com\/shop\/meubler\/table\/ensemble-table-et-chaises-en-formica\/#breadcrumb"},"inLanguage":"de","potentialAction":[{"@type":"ReadAction","target":["https:\/\/lalmachine.com\/shop\/meubler\/table\/ensemble-table-et-chaises-en-formica\/"]}]},{"@type":"ImageObject","inLanguage":"de","@id":"https:\/\/lalmachine.com\/shop\/meubler\/table\/ensemble-table-et-chaises-en-formica\/#primaryimage","url":"https:\/\/lalmachine.com\/wp-content\/uploads\/2021\/10\/IMG_20211021_114336_clipped_rev_2-f5ab6652.jpg","contentUrl":"https:\/\/lalmachine.com\/wp-content\/uploads\/2021\/10\/IMG_20211021_114336_clipped_rev_2-f5ab6652.jpg","width":2962,"height":2962,"caption":"table formica"},{"@type":"BreadcrumbList","@id":"https:\/\/lalmachine.com\/shop\/meubler\/table\/ensemble-table-et-chaises-en-formica\/#breadcrumb","itemListElement":[{"@type":"ListItem","position":1,"name":"Accueil","item":"https:\/\/lalmachine.com\/"},{"@type":"ListItem","position":2,"name":"Shop","item":"https:\/\/lalmachine.com\/shop\/"},{"@type":"ListItem","position":3,"name":"Ensemble table et chaises en formica"}]},{"@type":"WebSite","@id":"https:\/\/lalmachine.com\/#website","url":"https:\/\/lalmachine.com\/","name":"lalmachine.com","description":"Brocante en ligne Suisse | Mobilier et objets d\u00e9co vintage et design","potentialAction":[{"@type":"SearchAction","target":{"@type":"EntryPoint","urlTemplate":"https:\/\/lalmachine.com\/?s={search_term_string}"},"query-input":{"@type":"PropertyValueSpecification","valueRequired":true,"valueName":"search_term_string"}}],"inLanguage":"de"}]}},"_links":{"self":[{"href":"https:\/\/lalmachine.com\/de\/wp-json\/wp\/v2\/product\/76209","targetHints":{"allow":["GET"]}}],"collection":[{"href":"https:\/\/lalmachine.com\/de\/wp-json\/wp\/v2\/product"}],"about":[{"href":"https:\/\/lalmachine.com\/de\/wp-json\/wp\/v2\/types\/product"}],"wp:featuredmedia":[{"embeddable":true,"href":"https:\/\/lalmachine.com\/de\/wp-json\/wp\/v2\/media\/76190"}],"wp:attachment":[{"href":"https:\/\/lalmachine.com\/de\/wp-json\/wp\/v2\/media?parent=76209"}],"wp:term":[{"taxonomy":"product_brand","embeddable":true,"href":"https:\/\/lalmachine.com\/de\/wp-json\/wp\/v2\/product_brand?post=76209"},{"taxonomy":"product_cat","embeddable":true,"href":"https:\/\/lalmachine.com\/de\/wp-json\/wp\/v2\/product_cat?post=76209"},{"taxonomy":"product_tag","embeddable":true,"href":"https:\/\/lalmachine.com\/de\/wp-json\/wp\/v2\/product_tag?post=76209"},{"taxonomy":"proximite","embeddable":true,"href":"https:\/\/lalmachine.com\/de\/wp-json\/wp\/v2\/proximite?post=76209"}],"curies":[{"name":"wp","href":"https:\/\/api.w.org\/{rel}","templated":true}]}}