{"id":76277,"date":"2023-10-25T16:06:42","date_gmt":"2023-10-25T14:06:42","guid":{"rendered":"https:\/\/lalmachine.com\/?post_type=product&#038;p=76277"},"modified":"2024-12-05T21:52:13","modified_gmt":"2024-12-05T20:52:13","slug":"soupiere-villeroy-boch-blue-cloud","status":"publish","type":"product","link":"https:\/\/lalmachine.com\/de\/shop\/decorer\/art-de-la-table\/soupiere-villeroy-boch-blue-cloud\/","title":{"rendered":"Soupi\u00e8re Villeroy &#038; Boch Blue Cloud"},"content":{"rendered":"<ul class=\"wpuf_customs\"><li style=\"list-style-type:none;\"><label>Autres photos:<\/label> <a href=\"https:\/\/lalmachine.com\/wp-content\/uploads\/2021\/10\/873E9C0A-E433-435C-BBBE-03A08A017C2B-1d5cb5cc-rotated.jpeg\"><img loading=\"lazy\" decoding=\"async\" width=\"72\" height=\"96\" src=\"https:\/\/lalmachine.com\/wp-content\/uploads\/2021\/10\/873E9C0A-E433-435C-BBBE-03A08A017C2B-1d5cb5cc-rotated.jpeg\" class=\"attachment-thumbnail size-thumbnail\" alt=\"\" \/><\/a> <a href=\"https:\/\/lalmachine.com\/wp-content\/uploads\/2021\/10\/BB55C158-A24B-4928-AFD8-AAFF46DA6208-6f4f7b52-rotated.jpeg\"><img loading=\"lazy\" decoding=\"async\" width=\"72\" height=\"96\" src=\"https:\/\/lalmachine.com\/wp-content\/uploads\/2021\/10\/BB55C158-A24B-4928-AFD8-AAFF46DA6208-6f4f7b52-rotated.jpeg\" class=\"attachment-thumbnail size-thumbnail\" alt=\"\" \/><\/a> <a href=\"https:\/\/lalmachine.com\/wp-content\/uploads\/2021\/10\/6D59A31C-49F6-437D-A36C-38DC4CA1422F-32eb0388-rotated.jpeg\"><img loading=\"lazy\" decoding=\"async\" width=\"72\" height=\"96\" src=\"https:\/\/lalmachine.com\/wp-content\/uploads\/2021\/10\/6D59A31C-49F6-437D-A36C-38DC4CA1422F-32eb0388-rotated.jpeg\" class=\"attachment-thumbnail size-thumbnail\" alt=\"\" \/><\/a> <a href=\"https:\/\/lalmachine.com\/wp-content\/uploads\/2021\/10\/5C5F8A44-8EF1-4FDC-9B5D-70F6E3D8A23B-84ac97d4-rotated.jpeg\"><img loading=\"lazy\" decoding=\"async\" width=\"72\" height=\"96\" src=\"https:\/\/lalmachine.com\/wp-content\/uploads\/2021\/10\/5C5F8A44-8EF1-4FDC-9B5D-70F6E3D8A23B-84ac97d4-rotated.jpeg\" class=\"attachment-thumbnail size-thumbnail\" alt=\"\" \/><\/a> <a href=\"https:\/\/lalmachine.com\/wp-content\/uploads\/2021\/10\/E41D8D3D-B7A2-44CF-9240-D31AAE86BEE1-598db132-rotated.jpeg\"><img loading=\"lazy\" decoding=\"async\" width=\"72\" height=\"96\" src=\"https:\/\/lalmachine.com\/wp-content\/uploads\/2021\/10\/E41D8D3D-B7A2-44CF-9240-D31AAE86BEE1-598db132-rotated.jpeg\" class=\"attachment-thumbnail size-thumbnail\" alt=\"\" \/><\/a> <a href=\"https:\/\/lalmachine.com\/wp-content\/uploads\/2021\/10\/7E0CE9FD-4DF0-4FE8-915B-29E6A25FB487-47c0e739-rotated.jpeg\"><img loading=\"lazy\" decoding=\"async\" width=\"72\" height=\"96\" src=\"https:\/\/lalmachine.com\/wp-content\/uploads\/2021\/10\/7E0CE9FD-4DF0-4FE8-915B-29E6A25FB487-47c0e739-rotated.jpeg\" class=\"attachment-thumbnail size-thumbnail\" alt=\"\" \/><\/a> <a href=\"https:\/\/lalmachine.com\/wp-content\/uploads\/2021\/10\/5A35D3D6-1158-4F43-AA2F-08236EC960F8-69d5cbc2-rotated.jpeg\"><img loading=\"lazy\" decoding=\"async\" width=\"72\" height=\"96\" src=\"https:\/\/lalmachine.com\/wp-content\/uploads\/2021\/10\/5A35D3D6-1158-4F43-AA2F-08236EC960F8-69d5cbc2-rotated.jpeg\" class=\"attachment-thumbnail size-thumbnail\" alt=\"\" \/><\/a> <a href=\"https:\/\/lalmachine.com\/wp-content\/uploads\/2021\/10\/2A8A0B65-36BE-42B8-9054-44F9CB722949-10776868-rotated.jpeg\"><img loading=\"lazy\" decoding=\"async\" width=\"72\" height=\"96\" src=\"https:\/\/lalmachine.com\/wp-content\/uploads\/2021\/10\/2A8A0B65-36BE-42B8-9054-44F9CB722949-10776868-rotated.jpeg\" class=\"attachment-thumbnail size-thumbnail\" alt=\"\" \/><\/a> <a href=\"https:\/\/lalmachine.com\/wp-content\/uploads\/2021\/10\/393AD150-CB06-4A34-B587-4CAE5DA16F73-81fab003-rotated.jpeg\"><img loading=\"lazy\" decoding=\"async\" width=\"72\" height=\"96\" src=\"https:\/\/lalmachine.com\/wp-content\/uploads\/2021\/10\/393AD150-CB06-4A34-B587-4CAE5DA16F73-81fab003-rotated.jpeg\" class=\"attachment-thumbnail size-thumbnail\" alt=\"\" \/><\/a> <a href=\"https:\/\/lalmachine.com\/wp-content\/uploads\/2021\/10\/5D335F5A-6486-40BB-9EE6-BB2A45E632C2-480205d0-rotated.jpeg\"><img loading=\"lazy\" decoding=\"async\" width=\"72\" height=\"96\" src=\"https:\/\/lalmachine.com\/wp-content\/uploads\/2021\/10\/5D335F5A-6486-40BB-9EE6-BB2A45E632C2-480205d0-rotated.jpeg\" class=\"attachment-thumbnail size-thumbnail\" alt=\"\" \/><\/a> <\/li>        <li class=\"wpuf-field-data wpuf-field-data-numeric_text_field\">\n                            <label>Prix:<\/label>\n                        30        <\/li>\n                <li class=\"wpuf-field-data wpuf-field-data-numeric_text_field\">\n                            <label>Quantit\u00e9:<\/label>\n                        0        <\/li>\n                <li class=\"wpuf-field-data wpuf-field-data-numeric_text_field\">\n                            <label>Hauteur (cm):<\/label>\n                        25        <\/li>\n                <li class=\"wpuf-field-data wpuf-field-data-numeric_text_field\">\n                            <label>Largeur (cm):<\/label>\n                        26        <\/li>\n                <li class=\"wpuf-field-data wpuf-field-data-numeric_text_field\">\n                            <label>Profondeur (cm):<\/label>\n                        19        <\/li>\n        <\/ul>","protected":false},"excerpt":{"rendered":"<p>Grande soupi\u00e8re de la manufacture Villeroy &amp; Boch mod\u00e8le blue cloud, au d\u00e9cor dans une nuance de bleus profonds.<\/p>\n<p>La manufacture Villeroy &amp; Boch existe depuis plus de 270 ans et produit une belle qualit\u00e9 de vaisselle. Celle-ci, en vitro porcelaine, peut \u00eatre lav\u00e9e au lave vaisselle.<\/p>\n<p>Circa ann\u00e9es 80<br \/>\nEn parfait \u00e9tat !<\/p>","protected":false},"featured_media":76622,"template":"","meta":{"_et_pb_use_builder":"","_et_pb_old_content":"","_et_gb_content_width":""},"product_brand":[],"product_cat":[96,50],"product_tag":[],"proximite":[281,179],"class_list":{"0":"post-76277","1":"product","2":"type-product","3":"status-publish","4":"has-post-thumbnail","6":"product_cat-art-de-la-table","7":"product_cat-decorer","8":"product_shipping_class-2-10-kg","9":"pa_couleur-bleu","10":"pa_etat-tres-bon-etat","11":"pa_materiau-ceramique","12":"pa_style-vintage","13":"proximite-nyon","14":"proximite-vaud","16":"first","17":"outofstock","18":"shipping-taxable","19":"purchasable","20":"product-type-simple"},"yoast_head":"<!-- This site is optimized with the Yoast SEO plugin v27.4 - https:\/\/yoast.com\/product\/yoast-seo-wordpress\/ -->\n<title>Soupi\u00e8re Villeroy &amp; Boch Blue Cloud | lalmachine.com<\/title>\n<meta name=\"description\" content=\"Grande soupi\u00e8re de la manufacture Villeroy &amp; Boch mod\u00e8le blue cloud, au d\u00e9cor dans une nuance de bleus profonds.\" \/>\n<meta name=\"robots\" content=\"index, follow, max-snippet:-1, max-image-preview:large, max-video-preview:-1\" \/>\n<link rel=\"canonical\" href=\"https:\/\/lalmachine.com\/de\/shop\/decorer\/art-de-la-table\/soupiere-villeroy-boch-blue-cloud\/\" \/>\n<meta property=\"og:locale\" content=\"de_DE\" \/>\n<meta property=\"og:type\" content=\"article\" \/>\n<meta property=\"og:title\" content=\"Soupi\u00e8re Villeroy &amp; Boch Blue Cloud | lalmachine.com\" \/>\n<meta property=\"og:description\" content=\"Grande soupi\u00e8re de la manufacture Villeroy &amp; Boch mod\u00e8le blue cloud, au d\u00e9cor dans une nuance de bleus profonds.\" \/>\n<meta property=\"og:url\" content=\"https:\/\/lalmachine.com\/de\/shop\/decorer\/art-de-la-table\/soupiere-villeroy-boch-blue-cloud\/\" \/>\n<meta property=\"og:site_name\" content=\"lalmachine.com\" \/>\n<meta property=\"article:publisher\" content=\"https:\/\/facebook.com\/lalmachine\" \/>\n<meta property=\"article:modified_time\" content=\"2024-12-05T20:52:13+00:00\" \/>\n<meta property=\"og:image\" content=\"https:\/\/lalmachine.com\/wp-content\/uploads\/2021\/10\/E3A524D8-F30F-4AB5-A03A-8C064E7BEAE1-0c965b3f-rotated_clipped_rev_1-1.jpeg\" \/>\n\t<meta property=\"og:image:width\" content=\"4214\" \/>\n\t<meta property=\"og:image:height\" content=\"4214\" \/>\n\t<meta property=\"og:image:type\" content=\"image\/jpeg\" \/>\n<meta name=\"twitter:card\" content=\"summary_large_image\" \/>\n<script type=\"application\/ld+json\" class=\"yoast-schema-graph\">{\"@context\":\"https:\\\/\\\/schema.org\",\"@graph\":[{\"@type\":\"WebPage\",\"@id\":\"https:\\\/\\\/lalmachine.com\\\/shop\\\/decorer\\\/art-de-la-table\\\/soupiere-villeroy-boch-blue-cloud\\\/\",\"url\":\"https:\\\/\\\/lalmachine.com\\\/shop\\\/decorer\\\/art-de-la-table\\\/soupiere-villeroy-boch-blue-cloud\\\/\",\"name\":\"Soupi\u00e8re Villeroy & Boch Blue Cloud | lalmachine.com\",\"isPartOf\":{\"@id\":\"https:\\\/\\\/lalmachine.com\\\/#website\"},\"primaryImageOfPage\":{\"@id\":\"https:\\\/\\\/lalmachine.com\\\/shop\\\/decorer\\\/art-de-la-table\\\/soupiere-villeroy-boch-blue-cloud\\\/#primaryimage\"},\"image\":{\"@id\":\"https:\\\/\\\/lalmachine.com\\\/shop\\\/decorer\\\/art-de-la-table\\\/soupiere-villeroy-boch-blue-cloud\\\/#primaryimage\"},\"thumbnailUrl\":\"https:\\\/\\\/lalmachine.com\\\/wp-content\\\/uploads\\\/2021\\\/10\\\/E3A524D8-F30F-4AB5-A03A-8C064E7BEAE1-0c965b3f-rotated_clipped_rev_1-1.jpeg\",\"datePublished\":\"2023-10-25T14:06:42+00:00\",\"dateModified\":\"2024-12-05T20:52:13+00:00\",\"description\":\"Grande soupi\u00e8re de la manufacture Villeroy & Boch mod\u00e8le blue cloud, au d\u00e9cor dans une nuance de bleus profonds.\",\"breadcrumb\":{\"@id\":\"https:\\\/\\\/lalmachine.com\\\/shop\\\/decorer\\\/art-de-la-table\\\/soupiere-villeroy-boch-blue-cloud\\\/#breadcrumb\"},\"inLanguage\":\"de\",\"potentialAction\":[{\"@type\":\"ReadAction\",\"target\":[\"https:\\\/\\\/lalmachine.com\\\/shop\\\/decorer\\\/art-de-la-table\\\/soupiere-villeroy-boch-blue-cloud\\\/\"]}]},{\"@type\":\"ImageObject\",\"inLanguage\":\"de\",\"@id\":\"https:\\\/\\\/lalmachine.com\\\/shop\\\/decorer\\\/art-de-la-table\\\/soupiere-villeroy-boch-blue-cloud\\\/#primaryimage\",\"url\":\"https:\\\/\\\/lalmachine.com\\\/wp-content\\\/uploads\\\/2021\\\/10\\\/E3A524D8-F30F-4AB5-A03A-8C064E7BEAE1-0c965b3f-rotated_clipped_rev_1-1.jpeg\",\"contentUrl\":\"https:\\\/\\\/lalmachine.com\\\/wp-content\\\/uploads\\\/2021\\\/10\\\/E3A524D8-F30F-4AB5-A03A-8C064E7BEAE1-0c965b3f-rotated_clipped_rev_1-1.jpeg\",\"width\":4214,\"height\":4214,\"caption\":\"Soupi\u00e8re Villeroy & Boch Blue Cloud\"},{\"@type\":\"BreadcrumbList\",\"@id\":\"https:\\\/\\\/lalmachine.com\\\/shop\\\/decorer\\\/art-de-la-table\\\/soupiere-villeroy-boch-blue-cloud\\\/#breadcrumb\",\"itemListElement\":[{\"@type\":\"ListItem\",\"position\":1,\"name\":\"Accueil\",\"item\":\"https:\\\/\\\/lalmachine.com\\\/\"},{\"@type\":\"ListItem\",\"position\":2,\"name\":\"Shop\",\"item\":\"https:\\\/\\\/lalmachine.com\\\/shop\\\/\"},{\"@type\":\"ListItem\",\"position\":3,\"name\":\"Soupi\u00e8re Villeroy &#038; Boch Blue Cloud\"}]},{\"@type\":\"WebSite\",\"@id\":\"https:\\\/\\\/lalmachine.com\\\/#website\",\"url\":\"https:\\\/\\\/lalmachine.com\\\/\",\"name\":\"lalmachine.com\",\"description\":\"Brocante en ligne Suisse | Mobilier et objets d\u00e9co vintage et design\",\"potentialAction\":[{\"@type\":\"SearchAction\",\"target\":{\"@type\":\"EntryPoint\",\"urlTemplate\":\"https:\\\/\\\/lalmachine.com\\\/?s={search_term_string}\"},\"query-input\":{\"@type\":\"PropertyValueSpecification\",\"valueRequired\":true,\"valueName\":\"search_term_string\"}}],\"inLanguage\":\"de\"}]}<\/script>\n<!-- \/ Yoast SEO plugin. -->","yoast_head_json":{"title":"Soupi\u00e8re Villeroy & Boch Blue Cloud | lalmachine.com","description":"Grande soupi\u00e8re de la manufacture Villeroy & Boch mod\u00e8le blue cloud, au d\u00e9cor dans une nuance de bleus profonds.","robots":{"index":"index","follow":"follow","max-snippet":"max-snippet:-1","max-image-preview":"max-image-preview:large","max-video-preview":"max-video-preview:-1"},"canonical":"https:\/\/lalmachine.com\/de\/shop\/decorer\/art-de-la-table\/soupiere-villeroy-boch-blue-cloud\/","og_locale":"de_DE","og_type":"article","og_title":"Soupi\u00e8re Villeroy & Boch Blue Cloud | lalmachine.com","og_description":"Grande soupi\u00e8re de la manufacture Villeroy & Boch mod\u00e8le blue cloud, au d\u00e9cor dans une nuance de bleus profonds.","og_url":"https:\/\/lalmachine.com\/de\/shop\/decorer\/art-de-la-table\/soupiere-villeroy-boch-blue-cloud\/","og_site_name":"lalmachine.com","article_publisher":"https:\/\/facebook.com\/lalmachine","article_modified_time":"2024-12-05T20:52:13+00:00","og_image":[{"width":4214,"height":4214,"url":"https:\/\/lalmachine.com\/wp-content\/uploads\/2021\/10\/E3A524D8-F30F-4AB5-A03A-8C064E7BEAE1-0c965b3f-rotated_clipped_rev_1-1.jpeg","type":"image\/jpeg"}],"twitter_card":"summary_large_image","schema":{"@context":"https:\/\/schema.org","@graph":[{"@type":"WebPage","@id":"https:\/\/lalmachine.com\/shop\/decorer\/art-de-la-table\/soupiere-villeroy-boch-blue-cloud\/","url":"https:\/\/lalmachine.com\/shop\/decorer\/art-de-la-table\/soupiere-villeroy-boch-blue-cloud\/","name":"Soupi\u00e8re Villeroy & Boch Blue Cloud | lalmachine.com","isPartOf":{"@id":"https:\/\/lalmachine.com\/#website"},"primaryImageOfPage":{"@id":"https:\/\/lalmachine.com\/shop\/decorer\/art-de-la-table\/soupiere-villeroy-boch-blue-cloud\/#primaryimage"},"image":{"@id":"https:\/\/lalmachine.com\/shop\/decorer\/art-de-la-table\/soupiere-villeroy-boch-blue-cloud\/#primaryimage"},"thumbnailUrl":"https:\/\/lalmachine.com\/wp-content\/uploads\/2021\/10\/E3A524D8-F30F-4AB5-A03A-8C064E7BEAE1-0c965b3f-rotated_clipped_rev_1-1.jpeg","datePublished":"2023-10-25T14:06:42+00:00","dateModified":"2024-12-05T20:52:13+00:00","description":"Grande soupi\u00e8re de la manufacture Villeroy & Boch mod\u00e8le blue cloud, au d\u00e9cor dans une nuance de bleus profonds.","breadcrumb":{"@id":"https:\/\/lalmachine.com\/shop\/decorer\/art-de-la-table\/soupiere-villeroy-boch-blue-cloud\/#breadcrumb"},"inLanguage":"de","potentialAction":[{"@type":"ReadAction","target":["https:\/\/lalmachine.com\/shop\/decorer\/art-de-la-table\/soupiere-villeroy-boch-blue-cloud\/"]}]},{"@type":"ImageObject","inLanguage":"de","@id":"https:\/\/lalmachine.com\/shop\/decorer\/art-de-la-table\/soupiere-villeroy-boch-blue-cloud\/#primaryimage","url":"https:\/\/lalmachine.com\/wp-content\/uploads\/2021\/10\/E3A524D8-F30F-4AB5-A03A-8C064E7BEAE1-0c965b3f-rotated_clipped_rev_1-1.jpeg","contentUrl":"https:\/\/lalmachine.com\/wp-content\/uploads\/2021\/10\/E3A524D8-F30F-4AB5-A03A-8C064E7BEAE1-0c965b3f-rotated_clipped_rev_1-1.jpeg","width":4214,"height":4214,"caption":"Soupi\u00e8re Villeroy & Boch Blue Cloud"},{"@type":"BreadcrumbList","@id":"https:\/\/lalmachine.com\/shop\/decorer\/art-de-la-table\/soupiere-villeroy-boch-blue-cloud\/#breadcrumb","itemListElement":[{"@type":"ListItem","position":1,"name":"Accueil","item":"https:\/\/lalmachine.com\/"},{"@type":"ListItem","position":2,"name":"Shop","item":"https:\/\/lalmachine.com\/shop\/"},{"@type":"ListItem","position":3,"name":"Soupi\u00e8re Villeroy &#038; Boch Blue Cloud"}]},{"@type":"WebSite","@id":"https:\/\/lalmachine.com\/#website","url":"https:\/\/lalmachine.com\/","name":"lalmachine.com","description":"Brocante en ligne Suisse | Mobilier et objets d\u00e9co vintage et design","potentialAction":[{"@type":"SearchAction","target":{"@type":"EntryPoint","urlTemplate":"https:\/\/lalmachine.com\/?s={search_term_string}"},"query-input":{"@type":"PropertyValueSpecification","valueRequired":true,"valueName":"search_term_string"}}],"inLanguage":"de"}]}},"_links":{"self":[{"href":"https:\/\/lalmachine.com\/de\/wp-json\/wp\/v2\/product\/76277","targetHints":{"allow":["GET"]}}],"collection":[{"href":"https:\/\/lalmachine.com\/de\/wp-json\/wp\/v2\/product"}],"about":[{"href":"https:\/\/lalmachine.com\/de\/wp-json\/wp\/v2\/types\/product"}],"wp:featuredmedia":[{"embeddable":true,"href":"https:\/\/lalmachine.com\/de\/wp-json\/wp\/v2\/media\/76622"}],"wp:attachment":[{"href":"https:\/\/lalmachine.com\/de\/wp-json\/wp\/v2\/media?parent=76277"}],"wp:term":[{"taxonomy":"product_brand","embeddable":true,"href":"https:\/\/lalmachine.com\/de\/wp-json\/wp\/v2\/product_brand?post=76277"},{"taxonomy":"product_cat","embeddable":true,"href":"https:\/\/lalmachine.com\/de\/wp-json\/wp\/v2\/product_cat?post=76277"},{"taxonomy":"product_tag","embeddable":true,"href":"https:\/\/lalmachine.com\/de\/wp-json\/wp\/v2\/product_tag?post=76277"},{"taxonomy":"proximite","embeddable":true,"href":"https:\/\/lalmachine.com\/de\/wp-json\/wp\/v2\/proximite?post=76277"}],"curies":[{"name":"wp","href":"https:\/\/api.w.org\/{rel}","templated":true}]}}