{"id":76550,"date":"2021-10-25T09:40:59","date_gmt":"2021-10-25T07:40:59","guid":{"rendered":"https:\/\/lalmachine.com\/?post_type=product&#038;p=76550"},"modified":"2024-12-05T21:52:14","modified_gmt":"2024-12-05T20:52:14","slug":"canape-herman-miller-2-places-par-charles-et-ray-eames","status":"publish","type":"product","link":"https:\/\/lalmachine.com\/de\/shop\/sasseoir\/canape-fauteuil-pouf\/canape-herman-miller-2-places-par-charles-et-ray-eames\/","title":{"rendered":"Canap\u00e9 Herman Miller 2 places par Charles et Ray Eames"},"content":{"rendered":"<ul class=\"wpuf_customs\"><li style=\"list-style-type:none;\"><label>Autres photos:<\/label> <a href=\"https:\/\/lalmachine.com\/wp-content\/uploads\/2021\/10\/53998FEB-0F49-4199-8384-471664BBDE4D-ac4cf7e0.jpeg\"><img loading=\"lazy\" decoding=\"async\" width=\"128\" height=\"96\" src=\"https:\/\/lalmachine.com\/wp-content\/uploads\/2021\/10\/53998FEB-0F49-4199-8384-471664BBDE4D-ac4cf7e0.jpeg\" class=\"attachment-thumbnail size-thumbnail\" alt=\"\" \/><\/a> <\/li>        <li class=\"wpuf-field-data wpuf-field-data-numeric_text_field\">\n                            <label>Prix:<\/label>\n                        8500        <\/li>\n                <li class=\"wpuf-field-data wpuf-field-data-numeric_text_field\">\n                            <label>Hauteur (cm):<\/label>\n                        85        <\/li>\n                <li class=\"wpuf-field-data wpuf-field-data-numeric_text_field\">\n                            <label>Largeur (cm):<\/label>\n                        145        <\/li>\n                <li class=\"wpuf-field-data wpuf-field-data-numeric_text_field\">\n                            <label>Profondeur (cm):<\/label>\n                        80        <\/li>\n        <\/ul>","protected":false},"excerpt":{"rendered":"<p>Canap\u00e9 deux places ES 108 de Charles et Ray Eames. Ce canap\u00e9 est une des derni\u00e8res pi\u00e8ces dessin\u00e9es par le couple. Sa production par Herman Miller a d\u00e9but\u00e9 en 1984. Le mod\u00e8le vendu date de 1998.<br \/>\nLe pi\u00e9tement est r\u00e9alis\u00e9 en aluminium poli; les coussins en cuir reposent sur une structure en bois et des sangles en nylon. Le canap\u00e9 est plut\u00f4t ferme; son ergonomie le rend cependant confortable. Hauteur de l&rsquo;assise: 45 cm.<br \/>\nL\u2019\u00e9tat g\u00e9n\u00e9ral du canap\u00e9 est tr\u00e8s bon: il ne comporte que quelques l\u00e9g\u00e8res traces d\u2019utilisation.<br \/>\nLivraison possible, prix en fonction de la distance.<\/p>","protected":false},"featured_media":76875,"template":"","meta":{"_et_pb_use_builder":"","_et_pb_old_content":"","_et_gb_content_width":""},"product_brand":[],"product_cat":[99,48],"product_tag":[],"proximite":[177,235],"class_list":{"0":"post-76550","1":"product","2":"type-product","3":"status-publish","4":"has-post-thumbnail","6":"product_cat-canape-fauteuil-pouf","7":"product_cat-sasseoir","8":"pa_couleur-noir","9":"pa_designer-eames-charles-et-ray","10":"pa_etat-tres-bon-etat","11":"pa_materiau-cuir","12":"pa_style-design","13":"proximite-fribourg","14":"proximite-sarine","16":"first","17":"outofstock","18":"shipping-taxable","19":"purchasable","20":"product-type-simple"},"yoast_head":"<!-- This site is optimized with the Yoast SEO plugin v27.4 - https:\/\/yoast.com\/product\/yoast-seo-wordpress\/ -->\n<title>Canap\u00e9 Herman Miller 2 places par Charles et Ray Eames | lalmachine.com, mobilier et objets d\u00e9co vintage et design<\/title>\n<meta name=\"description\" content=\"Canap\u00e9 deux places ES 108 de Charles et Ray Eames. Ce canap\u00e9 est une des derni\u00e8res pi\u00e8ces dessin\u00e9es par le couple. Sa production par Herman Miller a d\u00e9but\u00e9 en 1984. Le mod\u00e8le vendu date de 1998.\" \/>\n<meta name=\"robots\" content=\"index, follow, max-snippet:-1, max-image-preview:large, max-video-preview:-1\" \/>\n<link rel=\"canonical\" href=\"https:\/\/lalmachine.com\/de\/shop\/sasseoir\/canape-fauteuil-pouf\/canape-herman-miller-2-places-par-charles-et-ray-eames\/\" \/>\n<meta property=\"og:locale\" content=\"de_DE\" \/>\n<meta property=\"og:type\" content=\"article\" \/>\n<meta property=\"og:title\" content=\"Canap\u00e9 Herman Miller 2 places par Charles et Ray Eames | lalmachine.com, mobilier et objets d\u00e9co vintage et design\" \/>\n<meta property=\"og:description\" content=\"Canap\u00e9 deux places ES 108 de Charles et Ray Eames. Ce canap\u00e9 est une des derni\u00e8res pi\u00e8ces dessin\u00e9es par le couple. Sa production par Herman Miller a d\u00e9but\u00e9 en 1984. Le mod\u00e8le vendu date de 1998.\" \/>\n<meta property=\"og:url\" content=\"https:\/\/lalmachine.com\/de\/shop\/sasseoir\/canape-fauteuil-pouf\/canape-herman-miller-2-places-par-charles-et-ray-eames\/\" \/>\n<meta property=\"og:site_name\" content=\"lalmachine.com\" \/>\n<meta property=\"article:publisher\" content=\"https:\/\/facebook.com\/lalmachine\" \/>\n<meta property=\"article:modified_time\" content=\"2024-12-05T20:52:14+00:00\" \/>\n<meta property=\"og:image\" content=\"https:\/\/lalmachine.com\/wp-content\/uploads\/2021\/10\/IMG_20211021_124711_clipped_rev_1.jpg\" \/>\n\t<meta property=\"og:image:width\" content=\"2647\" \/>\n\t<meta property=\"og:image:height\" content=\"2647\" \/>\n\t<meta property=\"og:image:type\" content=\"image\/jpeg\" \/>\n<meta name=\"twitter:card\" content=\"summary_large_image\" \/>\n<script type=\"application\/ld+json\" class=\"yoast-schema-graph\">{\"@context\":\"https:\\\/\\\/schema.org\",\"@graph\":[{\"@type\":\"WebPage\",\"@id\":\"https:\\\/\\\/lalmachine.com\\\/shop\\\/sasseoir\\\/canape-fauteuil-pouf\\\/canape-herman-miller-2-places-par-charles-et-ray-eames\\\/\",\"url\":\"https:\\\/\\\/lalmachine.com\\\/shop\\\/sasseoir\\\/canape-fauteuil-pouf\\\/canape-herman-miller-2-places-par-charles-et-ray-eames\\\/\",\"name\":\"Canap\u00e9 Herman Miller 2 places par Charles et Ray Eames | lalmachine.com, mobilier et objets d\u00e9co vintage et design\",\"isPartOf\":{\"@id\":\"https:\\\/\\\/lalmachine.com\\\/#website\"},\"primaryImageOfPage\":{\"@id\":\"https:\\\/\\\/lalmachine.com\\\/shop\\\/sasseoir\\\/canape-fauteuil-pouf\\\/canape-herman-miller-2-places-par-charles-et-ray-eames\\\/#primaryimage\"},\"image\":{\"@id\":\"https:\\\/\\\/lalmachine.com\\\/shop\\\/sasseoir\\\/canape-fauteuil-pouf\\\/canape-herman-miller-2-places-par-charles-et-ray-eames\\\/#primaryimage\"},\"thumbnailUrl\":\"https:\\\/\\\/lalmachine.com\\\/wp-content\\\/uploads\\\/2021\\\/10\\\/IMG_20211021_124711_clipped_rev_1.jpg\",\"datePublished\":\"2021-10-25T07:40:59+00:00\",\"dateModified\":\"2024-12-05T20:52:14+00:00\",\"description\":\"Canap\u00e9 deux places ES 108 de Charles et Ray Eames. Ce canap\u00e9 est une des derni\u00e8res pi\u00e8ces dessin\u00e9es par le couple. Sa production par Herman Miller a d\u00e9but\u00e9 en 1984. Le mod\u00e8le vendu date de 1998.\",\"breadcrumb\":{\"@id\":\"https:\\\/\\\/lalmachine.com\\\/shop\\\/sasseoir\\\/canape-fauteuil-pouf\\\/canape-herman-miller-2-places-par-charles-et-ray-eames\\\/#breadcrumb\"},\"inLanguage\":\"de\",\"potentialAction\":[{\"@type\":\"ReadAction\",\"target\":[\"https:\\\/\\\/lalmachine.com\\\/shop\\\/sasseoir\\\/canape-fauteuil-pouf\\\/canape-herman-miller-2-places-par-charles-et-ray-eames\\\/\"]}]},{\"@type\":\"ImageObject\",\"inLanguage\":\"de\",\"@id\":\"https:\\\/\\\/lalmachine.com\\\/shop\\\/sasseoir\\\/canape-fauteuil-pouf\\\/canape-herman-miller-2-places-par-charles-et-ray-eames\\\/#primaryimage\",\"url\":\"https:\\\/\\\/lalmachine.com\\\/wp-content\\\/uploads\\\/2021\\\/10\\\/IMG_20211021_124711_clipped_rev_1.jpg\",\"contentUrl\":\"https:\\\/\\\/lalmachine.com\\\/wp-content\\\/uploads\\\/2021\\\/10\\\/IMG_20211021_124711_clipped_rev_1.jpg\",\"width\":2647,\"height\":2647,\"caption\":\"Canap\u00e9 Herman Miller Eames\"},{\"@type\":\"BreadcrumbList\",\"@id\":\"https:\\\/\\\/lalmachine.com\\\/shop\\\/sasseoir\\\/canape-fauteuil-pouf\\\/canape-herman-miller-2-places-par-charles-et-ray-eames\\\/#breadcrumb\",\"itemListElement\":[{\"@type\":\"ListItem\",\"position\":1,\"name\":\"Accueil\",\"item\":\"https:\\\/\\\/lalmachine.com\\\/\"},{\"@type\":\"ListItem\",\"position\":2,\"name\":\"Shop\",\"item\":\"https:\\\/\\\/lalmachine.com\\\/shop\\\/\"},{\"@type\":\"ListItem\",\"position\":3,\"name\":\"Canap\u00e9 Herman Miller 2 places par Charles et Ray Eames\"}]},{\"@type\":\"WebSite\",\"@id\":\"https:\\\/\\\/lalmachine.com\\\/#website\",\"url\":\"https:\\\/\\\/lalmachine.com\\\/\",\"name\":\"lalmachine.com\",\"description\":\"Brocante en ligne Suisse | Mobilier et objets d\u00e9co vintage et design\",\"potentialAction\":[{\"@type\":\"SearchAction\",\"target\":{\"@type\":\"EntryPoint\",\"urlTemplate\":\"https:\\\/\\\/lalmachine.com\\\/?s={search_term_string}\"},\"query-input\":{\"@type\":\"PropertyValueSpecification\",\"valueRequired\":true,\"valueName\":\"search_term_string\"}}],\"inLanguage\":\"de\"}]}<\/script>\n<!-- \/ Yoast SEO plugin. -->","yoast_head_json":{"title":"Canap\u00e9 Herman Miller 2 places par Charles et Ray Eames | lalmachine.com, mobilier et objets d\u00e9co vintage et design","description":"Canap\u00e9 deux places ES 108 de Charles et Ray Eames. Ce canap\u00e9 est une des derni\u00e8res pi\u00e8ces dessin\u00e9es par le couple. Sa production par Herman Miller a d\u00e9but\u00e9 en 1984. Le mod\u00e8le vendu date de 1998.","robots":{"index":"index","follow":"follow","max-snippet":"max-snippet:-1","max-image-preview":"max-image-preview:large","max-video-preview":"max-video-preview:-1"},"canonical":"https:\/\/lalmachine.com\/de\/shop\/sasseoir\/canape-fauteuil-pouf\/canape-herman-miller-2-places-par-charles-et-ray-eames\/","og_locale":"de_DE","og_type":"article","og_title":"Canap\u00e9 Herman Miller 2 places par Charles et Ray Eames | lalmachine.com, mobilier et objets d\u00e9co vintage et design","og_description":"Canap\u00e9 deux places ES 108 de Charles et Ray Eames. Ce canap\u00e9 est une des derni\u00e8res pi\u00e8ces dessin\u00e9es par le couple. Sa production par Herman Miller a d\u00e9but\u00e9 en 1984. Le mod\u00e8le vendu date de 1998.","og_url":"https:\/\/lalmachine.com\/de\/shop\/sasseoir\/canape-fauteuil-pouf\/canape-herman-miller-2-places-par-charles-et-ray-eames\/","og_site_name":"lalmachine.com","article_publisher":"https:\/\/facebook.com\/lalmachine","article_modified_time":"2024-12-05T20:52:14+00:00","og_image":[{"width":2647,"height":2647,"url":"https:\/\/lalmachine.com\/wp-content\/uploads\/2021\/10\/IMG_20211021_124711_clipped_rev_1.jpg","type":"image\/jpeg"}],"twitter_card":"summary_large_image","schema":{"@context":"https:\/\/schema.org","@graph":[{"@type":"WebPage","@id":"https:\/\/lalmachine.com\/shop\/sasseoir\/canape-fauteuil-pouf\/canape-herman-miller-2-places-par-charles-et-ray-eames\/","url":"https:\/\/lalmachine.com\/shop\/sasseoir\/canape-fauteuil-pouf\/canape-herman-miller-2-places-par-charles-et-ray-eames\/","name":"Canap\u00e9 Herman Miller 2 places par Charles et Ray Eames | lalmachine.com, mobilier et objets d\u00e9co vintage et design","isPartOf":{"@id":"https:\/\/lalmachine.com\/#website"},"primaryImageOfPage":{"@id":"https:\/\/lalmachine.com\/shop\/sasseoir\/canape-fauteuil-pouf\/canape-herman-miller-2-places-par-charles-et-ray-eames\/#primaryimage"},"image":{"@id":"https:\/\/lalmachine.com\/shop\/sasseoir\/canape-fauteuil-pouf\/canape-herman-miller-2-places-par-charles-et-ray-eames\/#primaryimage"},"thumbnailUrl":"https:\/\/lalmachine.com\/wp-content\/uploads\/2021\/10\/IMG_20211021_124711_clipped_rev_1.jpg","datePublished":"2021-10-25T07:40:59+00:00","dateModified":"2024-12-05T20:52:14+00:00","description":"Canap\u00e9 deux places ES 108 de Charles et Ray Eames. Ce canap\u00e9 est une des derni\u00e8res pi\u00e8ces dessin\u00e9es par le couple. Sa production par Herman Miller a d\u00e9but\u00e9 en 1984. Le mod\u00e8le vendu date de 1998.","breadcrumb":{"@id":"https:\/\/lalmachine.com\/shop\/sasseoir\/canape-fauteuil-pouf\/canape-herman-miller-2-places-par-charles-et-ray-eames\/#breadcrumb"},"inLanguage":"de","potentialAction":[{"@type":"ReadAction","target":["https:\/\/lalmachine.com\/shop\/sasseoir\/canape-fauteuil-pouf\/canape-herman-miller-2-places-par-charles-et-ray-eames\/"]}]},{"@type":"ImageObject","inLanguage":"de","@id":"https:\/\/lalmachine.com\/shop\/sasseoir\/canape-fauteuil-pouf\/canape-herman-miller-2-places-par-charles-et-ray-eames\/#primaryimage","url":"https:\/\/lalmachine.com\/wp-content\/uploads\/2021\/10\/IMG_20211021_124711_clipped_rev_1.jpg","contentUrl":"https:\/\/lalmachine.com\/wp-content\/uploads\/2021\/10\/IMG_20211021_124711_clipped_rev_1.jpg","width":2647,"height":2647,"caption":"Canap\u00e9 Herman Miller Eames"},{"@type":"BreadcrumbList","@id":"https:\/\/lalmachine.com\/shop\/sasseoir\/canape-fauteuil-pouf\/canape-herman-miller-2-places-par-charles-et-ray-eames\/#breadcrumb","itemListElement":[{"@type":"ListItem","position":1,"name":"Accueil","item":"https:\/\/lalmachine.com\/"},{"@type":"ListItem","position":2,"name":"Shop","item":"https:\/\/lalmachine.com\/shop\/"},{"@type":"ListItem","position":3,"name":"Canap\u00e9 Herman Miller 2 places par Charles et Ray Eames"}]},{"@type":"WebSite","@id":"https:\/\/lalmachine.com\/#website","url":"https:\/\/lalmachine.com\/","name":"lalmachine.com","description":"Brocante en ligne Suisse | Mobilier et objets d\u00e9co vintage et design","potentialAction":[{"@type":"SearchAction","target":{"@type":"EntryPoint","urlTemplate":"https:\/\/lalmachine.com\/?s={search_term_string}"},"query-input":{"@type":"PropertyValueSpecification","valueRequired":true,"valueName":"search_term_string"}}],"inLanguage":"de"}]}},"_links":{"self":[{"href":"https:\/\/lalmachine.com\/de\/wp-json\/wp\/v2\/product\/76550","targetHints":{"allow":["GET"]}}],"collection":[{"href":"https:\/\/lalmachine.com\/de\/wp-json\/wp\/v2\/product"}],"about":[{"href":"https:\/\/lalmachine.com\/de\/wp-json\/wp\/v2\/types\/product"}],"wp:featuredmedia":[{"embeddable":true,"href":"https:\/\/lalmachine.com\/de\/wp-json\/wp\/v2\/media\/76875"}],"wp:attachment":[{"href":"https:\/\/lalmachine.com\/de\/wp-json\/wp\/v2\/media?parent=76550"}],"wp:term":[{"taxonomy":"product_brand","embeddable":true,"href":"https:\/\/lalmachine.com\/de\/wp-json\/wp\/v2\/product_brand?post=76550"},{"taxonomy":"product_cat","embeddable":true,"href":"https:\/\/lalmachine.com\/de\/wp-json\/wp\/v2\/product_cat?post=76550"},{"taxonomy":"product_tag","embeddable":true,"href":"https:\/\/lalmachine.com\/de\/wp-json\/wp\/v2\/product_tag?post=76550"},{"taxonomy":"proximite","embeddable":true,"href":"https:\/\/lalmachine.com\/de\/wp-json\/wp\/v2\/proximite?post=76550"}],"curies":[{"name":"wp","href":"https:\/\/api.w.org\/{rel}","templated":true}]}}