{"id":76558,"date":"2021-10-25T10:16:54","date_gmt":"2021-10-25T08:16:54","guid":{"rendered":"https:\/\/lalmachine.com\/?post_type=product&#038;p=76558"},"modified":"2024-12-05T21:52:14","modified_gmt":"2024-12-05T20:52:14","slug":"table-basse-ctw-par-ray-et-charles-eames","status":"publish","type":"product","link":"https:\/\/lalmachine.com\/de\/shop\/meubler\/table-basse-dappoint\/table-basse-ctw-par-ray-et-charles-eames\/","title":{"rendered":"Table basse CTW par Ray et Charles Eames"},"content":{"rendered":"<ul class=\"wpuf_customs\"><li style=\"list-style-type:none;\"><label>Autres photos:<\/label> <a href=\"https:\/\/lalmachine.com\/wp-content\/uploads\/2021\/10\/BE43B904-FF2D-4F1D-8BD1-BC47DA13DA0B-99e9f3fc.jpeg\"><img loading=\"lazy\" decoding=\"async\" width=\"128\" height=\"96\" src=\"https:\/\/lalmachine.com\/wp-content\/uploads\/2021\/10\/BE43B904-FF2D-4F1D-8BD1-BC47DA13DA0B-99e9f3fc.jpeg\" class=\"attachment-thumbnail size-thumbnail\" alt=\"\" \/><\/a> <\/li>        <li class=\"wpuf-field-data wpuf-field-data-numeric_text_field\">\n                            <label>Prix:<\/label>\n                        1000        <\/li>\n                <li class=\"wpuf-field-data wpuf-field-data-numeric_text_field\">\n                            <label>Hauteur (cm):<\/label>\n                        40        <\/li>\n                <li class=\"wpuf-field-data wpuf-field-data-numeric_text_field\">\n                            <label>Largeur (cm):<\/label>\n                        87        <\/li>\n                <li class=\"wpuf-field-data wpuf-field-data-numeric_text_field\">\n                            <label>Profondeur (cm):<\/label>\n                        87        <\/li>\n        <\/ul>","protected":false},"excerpt":{"rendered":"<p>Table basse dessin\u00e9e par Charles et Ray Eames en 1946. Ce mod\u00e8le CTW (Coffee Table Wood base) n\u2019a \u00e9t\u00e9 produit que par Herman Miller, et non Vitra; il est rare en Europe.<br \/>\nLa table est l\u00e9g\u00e8re: elle est faite de fr\u00eane contreplaqu\u00e9 et moul\u00e9 en creux pour le plateau. Elle comporte quelques l\u00e9g\u00e8res traces d\u2019utilisation \u00e0 sa surface et dans les angles les plus expos\u00e9s, mais son \u00e9tat g\u00e9n\u00e9ral reste tr\u00e8s bon. L\u2019ann\u00e9e de production n\u2019est pas connue, mais la table date probablement des ann\u00e9es 2000.<br \/>\nLivraison possible, prix en fonction de la distance.<\/p>","protected":false},"featured_media":76924,"template":"","meta":{"_et_pb_use_builder":"","_et_pb_old_content":"","_et_gb_content_width":""},"product_brand":[],"product_cat":[47,459],"product_tag":[],"proximite":[177,235],"class_list":{"0":"post-76558","1":"product","2":"type-product","3":"status-publish","4":"has-post-thumbnail","6":"product_cat-meubler","7":"product_cat-table-basse-dappoint","8":"pa_couleur-noir","9":"pa_designer-eames-charles-et-ray","10":"pa_etat-tres-bon-etat","11":"pa_materiau-bois","12":"pa_style-design","13":"proximite-fribourg","14":"proximite-sarine","16":"first","17":"outofstock","18":"shipping-taxable","19":"purchasable","20":"product-type-simple"},"yoast_head":"<!-- This site is optimized with the Yoast SEO plugin v27.4 - https:\/\/yoast.com\/product\/yoast-seo-wordpress\/ -->\n<title>Table basse CTW par Ray et Charles Eames | lalmachine.com, mobilier et objets d\u00e9co vintage et design<\/title>\n<meta name=\"description\" content=\"Table basse dessin\u00e9e par Charles et Ray Eames en 1946. Ce mod\u00e8le CTW (Coffee Table Wood base) n\u2019a \u00e9t\u00e9 produit que par Herman Miller, et non Vitra; il est rare en Europe.\" \/>\n<meta name=\"robots\" content=\"index, follow, max-snippet:-1, max-image-preview:large, max-video-preview:-1\" \/>\n<link rel=\"canonical\" href=\"https:\/\/lalmachine.com\/de\/shop\/meubler\/table-basse-dappoint\/table-basse-ctw-par-ray-et-charles-eames\/\" \/>\n<meta property=\"og:locale\" content=\"de_DE\" \/>\n<meta property=\"og:type\" content=\"article\" \/>\n<meta property=\"og:title\" content=\"Table basse CTW par Ray et Charles Eames | lalmachine.com, mobilier et objets d\u00e9co vintage et design\" \/>\n<meta property=\"og:description\" content=\"Table basse dessin\u00e9e par Charles et Ray Eames en 1946. Ce mod\u00e8le CTW (Coffee Table Wood base) n\u2019a \u00e9t\u00e9 produit que par Herman Miller, et non Vitra; il est rare en Europe.\" \/>\n<meta property=\"og:url\" content=\"https:\/\/lalmachine.com\/de\/shop\/meubler\/table-basse-dappoint\/table-basse-ctw-par-ray-et-charles-eames\/\" \/>\n<meta property=\"og:site_name\" content=\"lalmachine.com\" \/>\n<meta property=\"article:publisher\" content=\"https:\/\/facebook.com\/lalmachine\" \/>\n<meta property=\"article:modified_time\" content=\"2024-12-05T20:52:14+00:00\" \/>\n<meta property=\"og:image\" content=\"https:\/\/lalmachine.com\/wp-content\/uploads\/2021\/10\/IMG_20211021_123040_clipped_rev_1.jpg\" \/>\n\t<meta property=\"og:image:width\" content=\"3003\" \/>\n\t<meta property=\"og:image:height\" content=\"3004\" \/>\n\t<meta property=\"og:image:type\" content=\"image\/jpeg\" \/>\n<meta name=\"twitter:card\" content=\"summary_large_image\" \/>\n<script type=\"application\/ld+json\" class=\"yoast-schema-graph\">{\"@context\":\"https:\\\/\\\/schema.org\",\"@graph\":[{\"@type\":\"WebPage\",\"@id\":\"https:\\\/\\\/lalmachine.com\\\/shop\\\/meubler\\\/table-basse-dappoint\\\/table-basse-ctw-par-ray-et-charles-eames\\\/\",\"url\":\"https:\\\/\\\/lalmachine.com\\\/shop\\\/meubler\\\/table-basse-dappoint\\\/table-basse-ctw-par-ray-et-charles-eames\\\/\",\"name\":\"Table basse CTW par Ray et Charles Eames | lalmachine.com, mobilier et objets d\u00e9co vintage et design\",\"isPartOf\":{\"@id\":\"https:\\\/\\\/lalmachine.com\\\/#website\"},\"primaryImageOfPage\":{\"@id\":\"https:\\\/\\\/lalmachine.com\\\/shop\\\/meubler\\\/table-basse-dappoint\\\/table-basse-ctw-par-ray-et-charles-eames\\\/#primaryimage\"},\"image\":{\"@id\":\"https:\\\/\\\/lalmachine.com\\\/shop\\\/meubler\\\/table-basse-dappoint\\\/table-basse-ctw-par-ray-et-charles-eames\\\/#primaryimage\"},\"thumbnailUrl\":\"https:\\\/\\\/lalmachine.com\\\/wp-content\\\/uploads\\\/2021\\\/10\\\/IMG_20211021_123040_clipped_rev_1.jpg\",\"datePublished\":\"2021-10-25T08:16:54+00:00\",\"dateModified\":\"2024-12-05T20:52:14+00:00\",\"description\":\"Table basse dessin\u00e9e par Charles et Ray Eames en 1946. Ce mod\u00e8le CTW (Coffee Table Wood base) n\u2019a \u00e9t\u00e9 produit que par Herman Miller, et non Vitra; il est rare en Europe.\",\"breadcrumb\":{\"@id\":\"https:\\\/\\\/lalmachine.com\\\/shop\\\/meubler\\\/table-basse-dappoint\\\/table-basse-ctw-par-ray-et-charles-eames\\\/#breadcrumb\"},\"inLanguage\":\"de\",\"potentialAction\":[{\"@type\":\"ReadAction\",\"target\":[\"https:\\\/\\\/lalmachine.com\\\/shop\\\/meubler\\\/table-basse-dappoint\\\/table-basse-ctw-par-ray-et-charles-eames\\\/\"]}]},{\"@type\":\"ImageObject\",\"inLanguage\":\"de\",\"@id\":\"https:\\\/\\\/lalmachine.com\\\/shop\\\/meubler\\\/table-basse-dappoint\\\/table-basse-ctw-par-ray-et-charles-eames\\\/#primaryimage\",\"url\":\"https:\\\/\\\/lalmachine.com\\\/wp-content\\\/uploads\\\/2021\\\/10\\\/IMG_20211021_123040_clipped_rev_1.jpg\",\"contentUrl\":\"https:\\\/\\\/lalmachine.com\\\/wp-content\\\/uploads\\\/2021\\\/10\\\/IMG_20211021_123040_clipped_rev_1.jpg\",\"width\":3003,\"height\":3004,\"caption\":\"Table basse CTW Eames\"},{\"@type\":\"BreadcrumbList\",\"@id\":\"https:\\\/\\\/lalmachine.com\\\/shop\\\/meubler\\\/table-basse-dappoint\\\/table-basse-ctw-par-ray-et-charles-eames\\\/#breadcrumb\",\"itemListElement\":[{\"@type\":\"ListItem\",\"position\":1,\"name\":\"Accueil\",\"item\":\"https:\\\/\\\/lalmachine.com\\\/\"},{\"@type\":\"ListItem\",\"position\":2,\"name\":\"Shop\",\"item\":\"https:\\\/\\\/lalmachine.com\\\/shop\\\/\"},{\"@type\":\"ListItem\",\"position\":3,\"name\":\"Table basse CTW par Ray et Charles Eames\"}]},{\"@type\":\"WebSite\",\"@id\":\"https:\\\/\\\/lalmachine.com\\\/#website\",\"url\":\"https:\\\/\\\/lalmachine.com\\\/\",\"name\":\"lalmachine.com\",\"description\":\"Brocante en ligne Suisse | Mobilier et objets d\u00e9co vintage et design\",\"potentialAction\":[{\"@type\":\"SearchAction\",\"target\":{\"@type\":\"EntryPoint\",\"urlTemplate\":\"https:\\\/\\\/lalmachine.com\\\/?s={search_term_string}\"},\"query-input\":{\"@type\":\"PropertyValueSpecification\",\"valueRequired\":true,\"valueName\":\"search_term_string\"}}],\"inLanguage\":\"de\"}]}<\/script>\n<!-- \/ Yoast SEO plugin. -->","yoast_head_json":{"title":"Table basse CTW par Ray et Charles Eames | lalmachine.com, mobilier et objets d\u00e9co vintage et design","description":"Table basse dessin\u00e9e par Charles et Ray Eames en 1946. Ce mod\u00e8le CTW (Coffee Table Wood base) n\u2019a \u00e9t\u00e9 produit que par Herman Miller, et non Vitra; il est rare en Europe.","robots":{"index":"index","follow":"follow","max-snippet":"max-snippet:-1","max-image-preview":"max-image-preview:large","max-video-preview":"max-video-preview:-1"},"canonical":"https:\/\/lalmachine.com\/de\/shop\/meubler\/table-basse-dappoint\/table-basse-ctw-par-ray-et-charles-eames\/","og_locale":"de_DE","og_type":"article","og_title":"Table basse CTW par Ray et Charles Eames | lalmachine.com, mobilier et objets d\u00e9co vintage et design","og_description":"Table basse dessin\u00e9e par Charles et Ray Eames en 1946. Ce mod\u00e8le CTW (Coffee Table Wood base) n\u2019a \u00e9t\u00e9 produit que par Herman Miller, et non Vitra; il est rare en Europe.","og_url":"https:\/\/lalmachine.com\/de\/shop\/meubler\/table-basse-dappoint\/table-basse-ctw-par-ray-et-charles-eames\/","og_site_name":"lalmachine.com","article_publisher":"https:\/\/facebook.com\/lalmachine","article_modified_time":"2024-12-05T20:52:14+00:00","og_image":[{"width":3003,"height":3004,"url":"https:\/\/lalmachine.com\/wp-content\/uploads\/2021\/10\/IMG_20211021_123040_clipped_rev_1.jpg","type":"image\/jpeg"}],"twitter_card":"summary_large_image","schema":{"@context":"https:\/\/schema.org","@graph":[{"@type":"WebPage","@id":"https:\/\/lalmachine.com\/shop\/meubler\/table-basse-dappoint\/table-basse-ctw-par-ray-et-charles-eames\/","url":"https:\/\/lalmachine.com\/shop\/meubler\/table-basse-dappoint\/table-basse-ctw-par-ray-et-charles-eames\/","name":"Table basse CTW par Ray et Charles Eames | lalmachine.com, mobilier et objets d\u00e9co vintage et design","isPartOf":{"@id":"https:\/\/lalmachine.com\/#website"},"primaryImageOfPage":{"@id":"https:\/\/lalmachine.com\/shop\/meubler\/table-basse-dappoint\/table-basse-ctw-par-ray-et-charles-eames\/#primaryimage"},"image":{"@id":"https:\/\/lalmachine.com\/shop\/meubler\/table-basse-dappoint\/table-basse-ctw-par-ray-et-charles-eames\/#primaryimage"},"thumbnailUrl":"https:\/\/lalmachine.com\/wp-content\/uploads\/2021\/10\/IMG_20211021_123040_clipped_rev_1.jpg","datePublished":"2021-10-25T08:16:54+00:00","dateModified":"2024-12-05T20:52:14+00:00","description":"Table basse dessin\u00e9e par Charles et Ray Eames en 1946. Ce mod\u00e8le CTW (Coffee Table Wood base) n\u2019a \u00e9t\u00e9 produit que par Herman Miller, et non Vitra; il est rare en Europe.","breadcrumb":{"@id":"https:\/\/lalmachine.com\/shop\/meubler\/table-basse-dappoint\/table-basse-ctw-par-ray-et-charles-eames\/#breadcrumb"},"inLanguage":"de","potentialAction":[{"@type":"ReadAction","target":["https:\/\/lalmachine.com\/shop\/meubler\/table-basse-dappoint\/table-basse-ctw-par-ray-et-charles-eames\/"]}]},{"@type":"ImageObject","inLanguage":"de","@id":"https:\/\/lalmachine.com\/shop\/meubler\/table-basse-dappoint\/table-basse-ctw-par-ray-et-charles-eames\/#primaryimage","url":"https:\/\/lalmachine.com\/wp-content\/uploads\/2021\/10\/IMG_20211021_123040_clipped_rev_1.jpg","contentUrl":"https:\/\/lalmachine.com\/wp-content\/uploads\/2021\/10\/IMG_20211021_123040_clipped_rev_1.jpg","width":3003,"height":3004,"caption":"Table basse CTW Eames"},{"@type":"BreadcrumbList","@id":"https:\/\/lalmachine.com\/shop\/meubler\/table-basse-dappoint\/table-basse-ctw-par-ray-et-charles-eames\/#breadcrumb","itemListElement":[{"@type":"ListItem","position":1,"name":"Accueil","item":"https:\/\/lalmachine.com\/"},{"@type":"ListItem","position":2,"name":"Shop","item":"https:\/\/lalmachine.com\/shop\/"},{"@type":"ListItem","position":3,"name":"Table basse CTW par Ray et Charles Eames"}]},{"@type":"WebSite","@id":"https:\/\/lalmachine.com\/#website","url":"https:\/\/lalmachine.com\/","name":"lalmachine.com","description":"Brocante en ligne Suisse | Mobilier et objets d\u00e9co vintage et design","potentialAction":[{"@type":"SearchAction","target":{"@type":"EntryPoint","urlTemplate":"https:\/\/lalmachine.com\/?s={search_term_string}"},"query-input":{"@type":"PropertyValueSpecification","valueRequired":true,"valueName":"search_term_string"}}],"inLanguage":"de"}]}},"_links":{"self":[{"href":"https:\/\/lalmachine.com\/de\/wp-json\/wp\/v2\/product\/76558","targetHints":{"allow":["GET"]}}],"collection":[{"href":"https:\/\/lalmachine.com\/de\/wp-json\/wp\/v2\/product"}],"about":[{"href":"https:\/\/lalmachine.com\/de\/wp-json\/wp\/v2\/types\/product"}],"wp:featuredmedia":[{"embeddable":true,"href":"https:\/\/lalmachine.com\/de\/wp-json\/wp\/v2\/media\/76924"}],"wp:attachment":[{"href":"https:\/\/lalmachine.com\/de\/wp-json\/wp\/v2\/media?parent=76558"}],"wp:term":[{"taxonomy":"product_brand","embeddable":true,"href":"https:\/\/lalmachine.com\/de\/wp-json\/wp\/v2\/product_brand?post=76558"},{"taxonomy":"product_cat","embeddable":true,"href":"https:\/\/lalmachine.com\/de\/wp-json\/wp\/v2\/product_cat?post=76558"},{"taxonomy":"product_tag","embeddable":true,"href":"https:\/\/lalmachine.com\/de\/wp-json\/wp\/v2\/product_tag?post=76558"},{"taxonomy":"proximite","embeddable":true,"href":"https:\/\/lalmachine.com\/de\/wp-json\/wp\/v2\/proximite?post=76558"}],"curies":[{"name":"wp","href":"https:\/\/api.w.org\/{rel}","templated":true}]}}