{"id":78534,"date":"2023-10-25T16:47:28","date_gmt":"2023-10-25T14:47:28","guid":{"rendered":"https:\/\/lalmachine.com\/?post_type=product&#038;p=78534"},"modified":"2024-12-05T21:52:22","modified_gmt":"2024-12-05T20:52:22","slug":"grande-tapisserie-de-robert-debieve","status":"publish","type":"product","link":"https:\/\/lalmachine.com\/de\/shop\/decorer\/decoration\/grande-tapisserie-de-robert-debieve\/","title":{"rendered":"Grande tapisserie de Robert Debi\u00e8ve"},"content":{"rendered":"<ul class=\"wpuf_customs\"><li style=\"list-style-type:none;\"><label>Autres photos:<\/label> <a href=\"https:\/\/lalmachine.com\/wp-content\/uploads\/2021\/10\/WhatsApp-Image-2021-10-31-at-21.46.54-2b011fd6.jpeg\"><img loading=\"lazy\" decoding=\"async\" width=\"128\" height=\"96\" src=\"https:\/\/lalmachine.com\/wp-content\/uploads\/2021\/10\/WhatsApp-Image-2021-10-31-at-21.46.54-2b011fd6.jpeg\" class=\"attachment-thumbnail size-thumbnail\" alt=\"\" \/><\/a> <a href=\"https:\/\/lalmachine.com\/wp-content\/uploads\/2021\/10\/WhatsApp-Image-2021-10-31-at-21.46.58-1-60b219e1.jpeg\"><img loading=\"lazy\" decoding=\"async\" width=\"72\" height=\"96\" src=\"https:\/\/lalmachine.com\/wp-content\/uploads\/2021\/10\/WhatsApp-Image-2021-10-31-at-21.46.58-1-60b219e1.jpeg\" class=\"attachment-thumbnail size-thumbnail\" alt=\"\" \/><\/a> <a href=\"https:\/\/lalmachine.com\/wp-content\/uploads\/2021\/10\/WhatsApp-Image-2021-10-31-at-21.46.58-16f3d299.jpeg\"><img loading=\"lazy\" decoding=\"async\" width=\"72\" height=\"96\" src=\"https:\/\/lalmachine.com\/wp-content\/uploads\/2021\/10\/WhatsApp-Image-2021-10-31-at-21.46.58-16f3d299.jpeg\" class=\"attachment-thumbnail size-thumbnail\" alt=\"\" \/><\/a> <a href=\"https:\/\/lalmachine.com\/wp-content\/uploads\/2021\/10\/WhatsApp-Image-2021-10-31-at-21.46.59-1-e0ff5a32.jpeg\"><img loading=\"lazy\" decoding=\"async\" width=\"128\" height=\"96\" src=\"https:\/\/lalmachine.com\/wp-content\/uploads\/2021\/10\/WhatsApp-Image-2021-10-31-at-21.46.59-1-e0ff5a32.jpeg\" class=\"attachment-thumbnail size-thumbnail\" alt=\"\" \/><\/a> <\/li>        <li class=\"wpuf-field-data wpuf-field-data-numeric_text_field\">\n                            <label>Prix:<\/label>\n                        320        <\/li>\n                <li class=\"wpuf-field-data wpuf-field-data-numeric_text_field\">\n                            <label>Quantit\u00e9:<\/label>\n                        0        <\/li>\n                <li class=\"wpuf-field-data wpuf-field-data-numeric_text_field\">\n                            <label>Hauteur (cm):<\/label>\n                        99        <\/li>\n                <li class=\"wpuf-field-data wpuf-field-data-numeric_text_field\">\n                            <label>Largeur (cm):<\/label>\n                        154        <\/li>\n                <li class=\"wpuf-field-data wpuf-field-data-numeric_text_field\">\n                            <label>Profondeur (cm):<\/label>\n                        1        <\/li>\n        <\/ul>","protected":false},"excerpt":{"rendered":"<p>Tapisserie de Robert Debi\u00e8ve.<br \/>\nS\u00e9rigraphie \u00ab\u00a0le vol de flamants\u00a0\u00bb, Paris Corot des ann\u00e9es 1960.<\/p>","protected":false},"featured_media":78789,"template":"","meta":{"_et_pb_use_builder":"","_et_pb_old_content":"","_et_gb_content_width":""},"product_brand":[],"product_cat":[94,50],"product_tag":[],"proximite":[180],"class_list":{"0":"post-78534","1":"product","2":"type-product","3":"status-publish","4":"has-post-thumbnail","6":"product_cat-decoration","7":"product_cat-decorer","8":"pa_couleur-multicolore","9":"pa_etat-tres-bon-etat","10":"pa_materiau-autre","11":"pa_style-vintage","12":"proximite-geneve","14":"first","15":"outofstock","16":"shipping-taxable","17":"purchasable","18":"product-type-simple"},"yoast_head":"<!-- This site is optimized with the Yoast SEO plugin v27.4 - https:\/\/yoast.com\/product\/yoast-seo-wordpress\/ -->\n<title>Grande tapisserie de Robert Debi\u00e8ve | lalmachine.com<\/title>\n<meta name=\"description\" content=\"Tapisserie de Robert Debi\u00e8ve. S\u00e9rigraphie &quot;le vol de flamants&quot;, Paris Corot des ann\u00e9es 1960.\" \/>\n<meta name=\"robots\" content=\"index, follow, max-snippet:-1, max-image-preview:large, max-video-preview:-1\" \/>\n<link rel=\"canonical\" href=\"https:\/\/lalmachine.com\/de\/shop\/decorer\/decoration\/grande-tapisserie-de-robert-debieve\/\" \/>\n<meta property=\"og:locale\" content=\"de_DE\" \/>\n<meta property=\"og:type\" content=\"article\" \/>\n<meta property=\"og:title\" content=\"Grande tapisserie de Robert Debi\u00e8ve | lalmachine.com\" \/>\n<meta property=\"og:description\" content=\"Tapisserie de Robert Debi\u00e8ve. S\u00e9rigraphie &quot;le vol de flamants&quot;, Paris Corot des ann\u00e9es 1960.\" \/>\n<meta property=\"og:url\" content=\"https:\/\/lalmachine.com\/de\/shop\/decorer\/decoration\/grande-tapisserie-de-robert-debieve\/\" \/>\n<meta property=\"og:site_name\" content=\"lalmachine.com\" \/>\n<meta property=\"article:publisher\" content=\"https:\/\/facebook.com\/lalmachine\" \/>\n<meta property=\"article:modified_time\" content=\"2024-12-05T20:52:22+00:00\" \/>\n<meta property=\"og:image\" content=\"https:\/\/lalmachine.com\/wp-content\/uploads\/2021\/10\/WhatsApp-Image-2021-10-31-at-21.46.57-62c50b42_clipped_rev_2.jpg\" \/>\n\t<meta property=\"og:image:width\" content=\"2865\" \/>\n\t<meta property=\"og:image:height\" content=\"2865\" \/>\n\t<meta property=\"og:image:type\" content=\"image\/jpeg\" \/>\n<meta name=\"twitter:card\" content=\"summary_large_image\" \/>\n<script type=\"application\/ld+json\" class=\"yoast-schema-graph\">{\"@context\":\"https:\\\/\\\/schema.org\",\"@graph\":[{\"@type\":\"WebPage\",\"@id\":\"https:\\\/\\\/lalmachine.com\\\/shop\\\/decorer\\\/decoration\\\/grande-tapisserie-de-robert-debieve\\\/\",\"url\":\"https:\\\/\\\/lalmachine.com\\\/shop\\\/decorer\\\/decoration\\\/grande-tapisserie-de-robert-debieve\\\/\",\"name\":\"Grande tapisserie de Robert Debi\u00e8ve | lalmachine.com\",\"isPartOf\":{\"@id\":\"https:\\\/\\\/lalmachine.com\\\/#website\"},\"primaryImageOfPage\":{\"@id\":\"https:\\\/\\\/lalmachine.com\\\/shop\\\/decorer\\\/decoration\\\/grande-tapisserie-de-robert-debieve\\\/#primaryimage\"},\"image\":{\"@id\":\"https:\\\/\\\/lalmachine.com\\\/shop\\\/decorer\\\/decoration\\\/grande-tapisserie-de-robert-debieve\\\/#primaryimage\"},\"thumbnailUrl\":\"https:\\\/\\\/lalmachine.com\\\/wp-content\\\/uploads\\\/2021\\\/10\\\/WhatsApp-Image-2021-10-31-at-21.46.57-62c50b42_clipped_rev_2.jpg\",\"datePublished\":\"2023-10-25T14:47:28+00:00\",\"dateModified\":\"2024-12-05T20:52:22+00:00\",\"description\":\"Tapisserie de Robert Debi\u00e8ve. S\u00e9rigraphie \\\"le vol de flamants\\\", Paris Corot des ann\u00e9es 1960.\",\"breadcrumb\":{\"@id\":\"https:\\\/\\\/lalmachine.com\\\/shop\\\/decorer\\\/decoration\\\/grande-tapisserie-de-robert-debieve\\\/#breadcrumb\"},\"inLanguage\":\"de\",\"potentialAction\":[{\"@type\":\"ReadAction\",\"target\":[\"https:\\\/\\\/lalmachine.com\\\/shop\\\/decorer\\\/decoration\\\/grande-tapisserie-de-robert-debieve\\\/\"]}]},{\"@type\":\"ImageObject\",\"inLanguage\":\"de\",\"@id\":\"https:\\\/\\\/lalmachine.com\\\/shop\\\/decorer\\\/decoration\\\/grande-tapisserie-de-robert-debieve\\\/#primaryimage\",\"url\":\"https:\\\/\\\/lalmachine.com\\\/wp-content\\\/uploads\\\/2021\\\/10\\\/WhatsApp-Image-2021-10-31-at-21.46.57-62c50b42_clipped_rev_2.jpg\",\"contentUrl\":\"https:\\\/\\\/lalmachine.com\\\/wp-content\\\/uploads\\\/2021\\\/10\\\/WhatsApp-Image-2021-10-31-at-21.46.57-62c50b42_clipped_rev_2.jpg\",\"width\":2865,\"height\":2865},{\"@type\":\"BreadcrumbList\",\"@id\":\"https:\\\/\\\/lalmachine.com\\\/shop\\\/decorer\\\/decoration\\\/grande-tapisserie-de-robert-debieve\\\/#breadcrumb\",\"itemListElement\":[{\"@type\":\"ListItem\",\"position\":1,\"name\":\"Accueil\",\"item\":\"https:\\\/\\\/lalmachine.com\\\/\"},{\"@type\":\"ListItem\",\"position\":2,\"name\":\"Shop\",\"item\":\"https:\\\/\\\/lalmachine.com\\\/shop\\\/\"},{\"@type\":\"ListItem\",\"position\":3,\"name\":\"Grande tapisserie de Robert Debi\u00e8ve\"}]},{\"@type\":\"WebSite\",\"@id\":\"https:\\\/\\\/lalmachine.com\\\/#website\",\"url\":\"https:\\\/\\\/lalmachine.com\\\/\",\"name\":\"lalmachine.com\",\"description\":\"Brocante en ligne Suisse | Mobilier et objets d\u00e9co vintage et design\",\"potentialAction\":[{\"@type\":\"SearchAction\",\"target\":{\"@type\":\"EntryPoint\",\"urlTemplate\":\"https:\\\/\\\/lalmachine.com\\\/?s={search_term_string}\"},\"query-input\":{\"@type\":\"PropertyValueSpecification\",\"valueRequired\":true,\"valueName\":\"search_term_string\"}}],\"inLanguage\":\"de\"}]}<\/script>\n<!-- \/ Yoast SEO plugin. -->","yoast_head_json":{"title":"Grande tapisserie de Robert Debi\u00e8ve | lalmachine.com","description":"Tapisserie de Robert Debi\u00e8ve. S\u00e9rigraphie \"le vol de flamants\", Paris Corot des ann\u00e9es 1960.","robots":{"index":"index","follow":"follow","max-snippet":"max-snippet:-1","max-image-preview":"max-image-preview:large","max-video-preview":"max-video-preview:-1"},"canonical":"https:\/\/lalmachine.com\/de\/shop\/decorer\/decoration\/grande-tapisserie-de-robert-debieve\/","og_locale":"de_DE","og_type":"article","og_title":"Grande tapisserie de Robert Debi\u00e8ve | lalmachine.com","og_description":"Tapisserie de Robert Debi\u00e8ve. S\u00e9rigraphie \"le vol de flamants\", Paris Corot des ann\u00e9es 1960.","og_url":"https:\/\/lalmachine.com\/de\/shop\/decorer\/decoration\/grande-tapisserie-de-robert-debieve\/","og_site_name":"lalmachine.com","article_publisher":"https:\/\/facebook.com\/lalmachine","article_modified_time":"2024-12-05T20:52:22+00:00","og_image":[{"width":2865,"height":2865,"url":"https:\/\/lalmachine.com\/wp-content\/uploads\/2021\/10\/WhatsApp-Image-2021-10-31-at-21.46.57-62c50b42_clipped_rev_2.jpg","type":"image\/jpeg"}],"twitter_card":"summary_large_image","schema":{"@context":"https:\/\/schema.org","@graph":[{"@type":"WebPage","@id":"https:\/\/lalmachine.com\/shop\/decorer\/decoration\/grande-tapisserie-de-robert-debieve\/","url":"https:\/\/lalmachine.com\/shop\/decorer\/decoration\/grande-tapisserie-de-robert-debieve\/","name":"Grande tapisserie de Robert Debi\u00e8ve | lalmachine.com","isPartOf":{"@id":"https:\/\/lalmachine.com\/#website"},"primaryImageOfPage":{"@id":"https:\/\/lalmachine.com\/shop\/decorer\/decoration\/grande-tapisserie-de-robert-debieve\/#primaryimage"},"image":{"@id":"https:\/\/lalmachine.com\/shop\/decorer\/decoration\/grande-tapisserie-de-robert-debieve\/#primaryimage"},"thumbnailUrl":"https:\/\/lalmachine.com\/wp-content\/uploads\/2021\/10\/WhatsApp-Image-2021-10-31-at-21.46.57-62c50b42_clipped_rev_2.jpg","datePublished":"2023-10-25T14:47:28+00:00","dateModified":"2024-12-05T20:52:22+00:00","description":"Tapisserie de Robert Debi\u00e8ve. S\u00e9rigraphie \"le vol de flamants\", Paris Corot des ann\u00e9es 1960.","breadcrumb":{"@id":"https:\/\/lalmachine.com\/shop\/decorer\/decoration\/grande-tapisserie-de-robert-debieve\/#breadcrumb"},"inLanguage":"de","potentialAction":[{"@type":"ReadAction","target":["https:\/\/lalmachine.com\/shop\/decorer\/decoration\/grande-tapisserie-de-robert-debieve\/"]}]},{"@type":"ImageObject","inLanguage":"de","@id":"https:\/\/lalmachine.com\/shop\/decorer\/decoration\/grande-tapisserie-de-robert-debieve\/#primaryimage","url":"https:\/\/lalmachine.com\/wp-content\/uploads\/2021\/10\/WhatsApp-Image-2021-10-31-at-21.46.57-62c50b42_clipped_rev_2.jpg","contentUrl":"https:\/\/lalmachine.com\/wp-content\/uploads\/2021\/10\/WhatsApp-Image-2021-10-31-at-21.46.57-62c50b42_clipped_rev_2.jpg","width":2865,"height":2865},{"@type":"BreadcrumbList","@id":"https:\/\/lalmachine.com\/shop\/decorer\/decoration\/grande-tapisserie-de-robert-debieve\/#breadcrumb","itemListElement":[{"@type":"ListItem","position":1,"name":"Accueil","item":"https:\/\/lalmachine.com\/"},{"@type":"ListItem","position":2,"name":"Shop","item":"https:\/\/lalmachine.com\/shop\/"},{"@type":"ListItem","position":3,"name":"Grande tapisserie de Robert Debi\u00e8ve"}]},{"@type":"WebSite","@id":"https:\/\/lalmachine.com\/#website","url":"https:\/\/lalmachine.com\/","name":"lalmachine.com","description":"Brocante en ligne Suisse | Mobilier et objets d\u00e9co vintage et design","potentialAction":[{"@type":"SearchAction","target":{"@type":"EntryPoint","urlTemplate":"https:\/\/lalmachine.com\/?s={search_term_string}"},"query-input":{"@type":"PropertyValueSpecification","valueRequired":true,"valueName":"search_term_string"}}],"inLanguage":"de"}]}},"_links":{"self":[{"href":"https:\/\/lalmachine.com\/de\/wp-json\/wp\/v2\/product\/78534","targetHints":{"allow":["GET"]}}],"collection":[{"href":"https:\/\/lalmachine.com\/de\/wp-json\/wp\/v2\/product"}],"about":[{"href":"https:\/\/lalmachine.com\/de\/wp-json\/wp\/v2\/types\/product"}],"wp:featuredmedia":[{"embeddable":true,"href":"https:\/\/lalmachine.com\/de\/wp-json\/wp\/v2\/media\/78789"}],"wp:attachment":[{"href":"https:\/\/lalmachine.com\/de\/wp-json\/wp\/v2\/media?parent=78534"}],"wp:term":[{"taxonomy":"product_brand","embeddable":true,"href":"https:\/\/lalmachine.com\/de\/wp-json\/wp\/v2\/product_brand?post=78534"},{"taxonomy":"product_cat","embeddable":true,"href":"https:\/\/lalmachine.com\/de\/wp-json\/wp\/v2\/product_cat?post=78534"},{"taxonomy":"product_tag","embeddable":true,"href":"https:\/\/lalmachine.com\/de\/wp-json\/wp\/v2\/product_tag?post=78534"},{"taxonomy":"proximite","embeddable":true,"href":"https:\/\/lalmachine.com\/de\/wp-json\/wp\/v2\/proximite?post=78534"}],"curies":[{"name":"wp","href":"https:\/\/api.w.org\/{rel}","templated":true}]}}