{"id":79262,"date":"2021-11-06T10:28:57","date_gmt":"2021-11-06T09:28:57","guid":{"rendered":"https:\/\/lalmachine.com\/?post_type=product&#038;p=79262"},"modified":"2024-12-05T21:52:23","modified_gmt":"2024-12-05T20:52:23","slug":"lampe-de-bureau-dalfred-muller-2","status":"publish","type":"product","link":"https:\/\/lalmachine.com\/de\/shop\/eclairer\/lampe-de-table-bureau\/lampe-de-bureau-dalfred-muller-2\/","title":{"rendered":"Lampe de bureau d&rsquo;Alfred M\u00fcller"},"content":{"rendered":"<ul class=\"wpuf_customs\"><li style=\"list-style-type:none;\"><label>Autres photos:<\/label> <a href=\"https:\/\/lalmachine.com\/wp-content\/uploads\/2021\/11\/IMG_20211021_101420-3e091093.jpg\"><img loading=\"lazy\" decoding=\"async\" width=\"72\" height=\"96\" src=\"https:\/\/lalmachine.com\/wp-content\/uploads\/2021\/11\/IMG_20211021_101420-3e091093.jpg\" class=\"attachment-thumbnail size-thumbnail\" alt=\"\" \/><\/a> <a href=\"https:\/\/lalmachine.com\/wp-content\/uploads\/2021\/11\/IMG_20211021_100950-ba602f6b.jpg\"><img loading=\"lazy\" decoding=\"async\" width=\"72\" height=\"96\" src=\"https:\/\/lalmachine.com\/wp-content\/uploads\/2021\/11\/IMG_20211021_100950-ba602f6b.jpg\" class=\"attachment-thumbnail size-thumbnail\" alt=\"\" \/><\/a> <a href=\"https:\/\/lalmachine.com\/wp-content\/uploads\/2021\/11\/IMG_20211021_101007-47a17d15.jpg\"><img loading=\"lazy\" decoding=\"async\" width=\"72\" height=\"96\" src=\"https:\/\/lalmachine.com\/wp-content\/uploads\/2021\/11\/IMG_20211021_101007-47a17d15.jpg\" class=\"attachment-thumbnail size-thumbnail\" alt=\"\" \/><\/a> <a href=\"https:\/\/lalmachine.com\/wp-content\/uploads\/2021\/11\/IMG_20211021_101142-5da7d6db.jpg\"><img loading=\"lazy\" decoding=\"async\" width=\"72\" height=\"96\" src=\"https:\/\/lalmachine.com\/wp-content\/uploads\/2021\/11\/IMG_20211021_101142-5da7d6db.jpg\" class=\"attachment-thumbnail size-thumbnail\" alt=\"\" \/><\/a> <a href=\"https:\/\/lalmachine.com\/wp-content\/uploads\/2021\/11\/IMG_20211021_101256-8a34d70c.jpg\"><img loading=\"lazy\" decoding=\"async\" width=\"72\" height=\"96\" src=\"https:\/\/lalmachine.com\/wp-content\/uploads\/2021\/11\/IMG_20211021_101256-8a34d70c.jpg\" class=\"attachment-thumbnail size-thumbnail\" alt=\"\" \/><\/a> <a href=\"https:\/\/lalmachine.com\/wp-content\/uploads\/2021\/11\/IMG_20211021_101444-e173a722.jpg\"><img loading=\"lazy\" decoding=\"async\" width=\"72\" height=\"96\" src=\"https:\/\/lalmachine.com\/wp-content\/uploads\/2021\/11\/IMG_20211021_101444-e173a722.jpg\" class=\"attachment-thumbnail size-thumbnail\" alt=\"\" \/><\/a> <a href=\"https:\/\/lalmachine.com\/wp-content\/uploads\/2021\/11\/IMG_20211021_101601-215af688.jpg\"><img loading=\"lazy\" decoding=\"async\" width=\"72\" height=\"96\" src=\"https:\/\/lalmachine.com\/wp-content\/uploads\/2021\/11\/IMG_20211021_101601-215af688.jpg\" class=\"attachment-thumbnail size-thumbnail\" alt=\"\" \/><\/a> <a href=\"https:\/\/lalmachine.com\/wp-content\/uploads\/2021\/11\/IMG_20211021_101631-ebef512f.jpg\"><img loading=\"lazy\" decoding=\"async\" width=\"72\" height=\"96\" src=\"https:\/\/lalmachine.com\/wp-content\/uploads\/2021\/11\/IMG_20211021_101631-ebef512f.jpg\" class=\"attachment-thumbnail size-thumbnail\" alt=\"\" \/><\/a> <a href=\"https:\/\/lalmachine.com\/wp-content\/uploads\/2021\/11\/IMG_20211021_101635-cdc960b0.jpg\"><img loading=\"lazy\" decoding=\"async\" width=\"72\" height=\"96\" src=\"https:\/\/lalmachine.com\/wp-content\/uploads\/2021\/11\/IMG_20211021_101635-cdc960b0.jpg\" class=\"attachment-thumbnail size-thumbnail\" alt=\"\" \/><\/a> <a href=\"https:\/\/lalmachine.com\/wp-content\/uploads\/2021\/11\/IMG_20211021_101642-4fcd480b.jpg\"><img loading=\"lazy\" decoding=\"async\" width=\"72\" height=\"96\" src=\"https:\/\/lalmachine.com\/wp-content\/uploads\/2021\/11\/IMG_20211021_101642-4fcd480b.jpg\" class=\"attachment-thumbnail size-thumbnail\" alt=\"\" \/><\/a> <a href=\"https:\/\/lalmachine.com\/wp-content\/uploads\/2021\/11\/IMG_20211021_101655-fdbaba32.jpg\"><img loading=\"lazy\" decoding=\"async\" width=\"72\" height=\"96\" src=\"https:\/\/lalmachine.com\/wp-content\/uploads\/2021\/11\/IMG_20211021_101655-fdbaba32.jpg\" class=\"attachment-thumbnail size-thumbnail\" alt=\"\" \/><\/a> <a href=\"https:\/\/lalmachine.com\/wp-content\/uploads\/2021\/11\/IMG_20211021_101702-28335950.jpg\"><img loading=\"lazy\" decoding=\"async\" width=\"72\" height=\"96\" src=\"https:\/\/lalmachine.com\/wp-content\/uploads\/2021\/11\/IMG_20211021_101702-28335950.jpg\" class=\"attachment-thumbnail size-thumbnail\" alt=\"\" \/><\/a> <a href=\"https:\/\/lalmachine.com\/wp-content\/uploads\/2021\/11\/IMG_20211021_101743-d0c09740.jpg\"><img loading=\"lazy\" decoding=\"async\" width=\"72\" height=\"96\" src=\"https:\/\/lalmachine.com\/wp-content\/uploads\/2021\/11\/IMG_20211021_101743-d0c09740.jpg\" class=\"attachment-thumbnail size-thumbnail\" alt=\"\" \/><\/a> <a href=\"https:\/\/lalmachine.com\/wp-content\/uploads\/2021\/11\/IMG_20211021_101809-d0679bd8.jpg\"><img loading=\"lazy\" decoding=\"async\" width=\"72\" height=\"96\" src=\"https:\/\/lalmachine.com\/wp-content\/uploads\/2021\/11\/IMG_20211021_101809-d0679bd8.jpg\" class=\"attachment-thumbnail size-thumbnail\" alt=\"\" \/><\/a> <\/li>        <li class=\"wpuf-field-data wpuf-field-data-numeric_text_field\">\n                            <label>Prix:<\/label>\n                        290        <\/li>\n                <li class=\"wpuf-field-data wpuf-field-data-numeric_text_field\">\n                            <label>Hauteur (cm):<\/label>\n                        43        <\/li>\n                <li class=\"wpuf-field-data wpuf-field-data-numeric_text_field\">\n                            <label>Largeur (cm):<\/label>\n                        38        <\/li>\n                <li class=\"wpuf-field-data wpuf-field-data-numeric_text_field\">\n                            <label>Profondeur (cm):<\/label>\n                        32        <\/li>\n        <\/ul>","protected":false},"excerpt":{"rendered":"<p>Lampe d\u2019Alfred M\u00fcller produite par Amba Basel. La lampe est r\u00e9glable en hauteur et le chapeau pivote sur lui-m\u00eame. Convient pour des ampoules standard.<br \/>\nla lampe est dans un \u00e9tat proche du neuf, elle n\u2019a que quelques l\u00e9g\u00e8res \u00e9gratignures \u00e0 peine visibles. La gaine du c\u00e2ble \u00e9lectrique est l\u00e9g\u00e8rement ab\u00eem\u00e9e, l\u00e0 o\u00f9 elle rejoint la partie m\u00e9tallique.<\/p>\n<p>Hauteur : 43 cm min &#8211; 64 cm max<br \/>\nLargeur : 38 cm min &#8211; 62 cm max<\/p>","protected":false},"featured_media":79246,"template":"","meta":{"_et_pb_use_builder":"","_et_pb_old_content":"","_et_gb_content_width":""},"product_brand":[],"product_cat":[49,90],"product_tag":[],"proximite":[177,235],"class_list":{"0":"post-79262","1":"product","2":"type-product","3":"status-publish","4":"has-post-thumbnail","6":"product_cat-eclairer","7":"product_cat-lampe-de-table-bureau","8":"product_shipping_class-10-30-kg","9":"pa_couleur-gris","10":"pa_designer-autres-designers","11":"pa_etat-bon-etat","12":"pa_materiau-metal","13":"pa_style-vintage","14":"proximite-fribourg","15":"proximite-sarine","17":"first","18":"outofstock","19":"shipping-taxable","20":"purchasable","21":"product-type-simple"},"yoast_head":"<!-- This site is optimized with the Yoast SEO plugin v27.4 - https:\/\/yoast.com\/product\/yoast-seo-wordpress\/ -->\n<title>Lampe de bureau d&#039;Alfred M\u00fcller | lalmachine.com<\/title>\n<meta name=\"robots\" content=\"index, follow, max-snippet:-1, max-image-preview:large, max-video-preview:-1\" \/>\n<link rel=\"canonical\" href=\"https:\/\/lalmachine.com\/de\/shop\/eclairer\/lampe-de-table-bureau\/lampe-de-bureau-dalfred-muller-2\/\" \/>\n<meta property=\"og:locale\" content=\"de_DE\" \/>\n<meta property=\"og:type\" content=\"article\" \/>\n<meta property=\"og:title\" content=\"Lampe de bureau d&#039;Alfred M\u00fcller | lalmachine.com\" \/>\n<meta property=\"og:description\" content=\"Lampe d\u2019Alfred M\u00fcller produite par Amba Basel. La lampe est r\u00e9glable en hauteur et le chapeau pivote sur lui-m\u00eame. Convient pour des ampoules standard. la lampe est dans un \u00e9tat proche du neuf, elle n\u2019a que quelques l\u00e9g\u00e8res \u00e9gratignures \u00e0 peine visibles. La gaine du c\u00e2ble \u00e9lectrique est l\u00e9g\u00e8rement ab\u00eem\u00e9e, l\u00e0 o\u00f9 elle rejoint la partie m\u00e9tallique.  Hauteur : 43 cm min - 64 cm max Largeur : 38 cm min - 62 cm max\" \/>\n<meta property=\"og:url\" content=\"https:\/\/lalmachine.com\/de\/shop\/eclairer\/lampe-de-table-bureau\/lampe-de-bureau-dalfred-muller-2\/\" \/>\n<meta property=\"og:site_name\" content=\"lalmachine.com\" \/>\n<meta property=\"article:publisher\" content=\"https:\/\/facebook.com\/lalmachine\" \/>\n<meta property=\"article:modified_time\" content=\"2024-12-05T20:52:23+00:00\" \/>\n<meta property=\"og:image\" content=\"https:\/\/lalmachine.com\/wp-content\/uploads\/2021\/11\/IMG_20211021_101420_clipped_rev_1-83dcf7e5.jpeg\" \/>\n\t<meta property=\"og:image:width\" content=\"2566\" \/>\n\t<meta property=\"og:image:height\" content=\"2565\" \/>\n\t<meta property=\"og:image:type\" content=\"image\/jpeg\" \/>\n<meta name=\"twitter:card\" content=\"summary_large_image\" \/>\n<script type=\"application\/ld+json\" class=\"yoast-schema-graph\">{\"@context\":\"https:\\\/\\\/schema.org\",\"@graph\":[{\"@type\":\"WebPage\",\"@id\":\"https:\\\/\\\/lalmachine.com\\\/shop\\\/eclairer\\\/lampe-de-table-bureau\\\/lampe-de-bureau-dalfred-muller-2\\\/\",\"url\":\"https:\\\/\\\/lalmachine.com\\\/shop\\\/eclairer\\\/lampe-de-table-bureau\\\/lampe-de-bureau-dalfred-muller-2\\\/\",\"name\":\"Lampe de bureau d'Alfred M\u00fcller | lalmachine.com\",\"isPartOf\":{\"@id\":\"https:\\\/\\\/lalmachine.com\\\/#website\"},\"primaryImageOfPage\":{\"@id\":\"https:\\\/\\\/lalmachine.com\\\/shop\\\/eclairer\\\/lampe-de-table-bureau\\\/lampe-de-bureau-dalfred-muller-2\\\/#primaryimage\"},\"image\":{\"@id\":\"https:\\\/\\\/lalmachine.com\\\/shop\\\/eclairer\\\/lampe-de-table-bureau\\\/lampe-de-bureau-dalfred-muller-2\\\/#primaryimage\"},\"thumbnailUrl\":\"https:\\\/\\\/lalmachine.com\\\/wp-content\\\/uploads\\\/2021\\\/11\\\/IMG_20211021_101420_clipped_rev_1-83dcf7e5.jpeg\",\"datePublished\":\"2021-11-06T09:28:57+00:00\",\"dateModified\":\"2024-12-05T20:52:23+00:00\",\"breadcrumb\":{\"@id\":\"https:\\\/\\\/lalmachine.com\\\/shop\\\/eclairer\\\/lampe-de-table-bureau\\\/lampe-de-bureau-dalfred-muller-2\\\/#breadcrumb\"},\"inLanguage\":\"de\",\"potentialAction\":[{\"@type\":\"ReadAction\",\"target\":[\"https:\\\/\\\/lalmachine.com\\\/shop\\\/eclairer\\\/lampe-de-table-bureau\\\/lampe-de-bureau-dalfred-muller-2\\\/\"]}]},{\"@type\":\"ImageObject\",\"inLanguage\":\"de\",\"@id\":\"https:\\\/\\\/lalmachine.com\\\/shop\\\/eclairer\\\/lampe-de-table-bureau\\\/lampe-de-bureau-dalfred-muller-2\\\/#primaryimage\",\"url\":\"https:\\\/\\\/lalmachine.com\\\/wp-content\\\/uploads\\\/2021\\\/11\\\/IMG_20211021_101420_clipped_rev_1-83dcf7e5.jpeg\",\"contentUrl\":\"https:\\\/\\\/lalmachine.com\\\/wp-content\\\/uploads\\\/2021\\\/11\\\/IMG_20211021_101420_clipped_rev_1-83dcf7e5.jpeg\",\"width\":2566,\"height\":2565},{\"@type\":\"BreadcrumbList\",\"@id\":\"https:\\\/\\\/lalmachine.com\\\/shop\\\/eclairer\\\/lampe-de-table-bureau\\\/lampe-de-bureau-dalfred-muller-2\\\/#breadcrumb\",\"itemListElement\":[{\"@type\":\"ListItem\",\"position\":1,\"name\":\"Accueil\",\"item\":\"https:\\\/\\\/lalmachine.com\\\/\"},{\"@type\":\"ListItem\",\"position\":2,\"name\":\"Shop\",\"item\":\"https:\\\/\\\/lalmachine.com\\\/shop\\\/\"},{\"@type\":\"ListItem\",\"position\":3,\"name\":\"Lampe de bureau d&#8217;Alfred M\u00fcller\"}]},{\"@type\":\"WebSite\",\"@id\":\"https:\\\/\\\/lalmachine.com\\\/#website\",\"url\":\"https:\\\/\\\/lalmachine.com\\\/\",\"name\":\"lalmachine.com\",\"description\":\"Brocante en ligne Suisse | Mobilier et objets d\u00e9co vintage et design\",\"potentialAction\":[{\"@type\":\"SearchAction\",\"target\":{\"@type\":\"EntryPoint\",\"urlTemplate\":\"https:\\\/\\\/lalmachine.com\\\/?s={search_term_string}\"},\"query-input\":{\"@type\":\"PropertyValueSpecification\",\"valueRequired\":true,\"valueName\":\"search_term_string\"}}],\"inLanguage\":\"de\"}]}<\/script>\n<!-- \/ Yoast SEO plugin. -->","yoast_head_json":{"title":"Lampe de bureau d'Alfred M\u00fcller | lalmachine.com","robots":{"index":"index","follow":"follow","max-snippet":"max-snippet:-1","max-image-preview":"max-image-preview:large","max-video-preview":"max-video-preview:-1"},"canonical":"https:\/\/lalmachine.com\/de\/shop\/eclairer\/lampe-de-table-bureau\/lampe-de-bureau-dalfred-muller-2\/","og_locale":"de_DE","og_type":"article","og_title":"Lampe de bureau d'Alfred M\u00fcller | lalmachine.com","og_description":"Lampe d\u2019Alfred M\u00fcller produite par Amba Basel. La lampe est r\u00e9glable en hauteur et le chapeau pivote sur lui-m\u00eame. Convient pour des ampoules standard. la lampe est dans un \u00e9tat proche du neuf, elle n\u2019a que quelques l\u00e9g\u00e8res \u00e9gratignures \u00e0 peine visibles. La gaine du c\u00e2ble \u00e9lectrique est l\u00e9g\u00e8rement ab\u00eem\u00e9e, l\u00e0 o\u00f9 elle rejoint la partie m\u00e9tallique.  Hauteur : 43 cm min - 64 cm max Largeur : 38 cm min - 62 cm max","og_url":"https:\/\/lalmachine.com\/de\/shop\/eclairer\/lampe-de-table-bureau\/lampe-de-bureau-dalfred-muller-2\/","og_site_name":"lalmachine.com","article_publisher":"https:\/\/facebook.com\/lalmachine","article_modified_time":"2024-12-05T20:52:23+00:00","og_image":[{"width":2566,"height":2565,"url":"https:\/\/lalmachine.com\/wp-content\/uploads\/2021\/11\/IMG_20211021_101420_clipped_rev_1-83dcf7e5.jpeg","type":"image\/jpeg"}],"twitter_card":"summary_large_image","schema":{"@context":"https:\/\/schema.org","@graph":[{"@type":"WebPage","@id":"https:\/\/lalmachine.com\/shop\/eclairer\/lampe-de-table-bureau\/lampe-de-bureau-dalfred-muller-2\/","url":"https:\/\/lalmachine.com\/shop\/eclairer\/lampe-de-table-bureau\/lampe-de-bureau-dalfred-muller-2\/","name":"Lampe de bureau d'Alfred M\u00fcller | lalmachine.com","isPartOf":{"@id":"https:\/\/lalmachine.com\/#website"},"primaryImageOfPage":{"@id":"https:\/\/lalmachine.com\/shop\/eclairer\/lampe-de-table-bureau\/lampe-de-bureau-dalfred-muller-2\/#primaryimage"},"image":{"@id":"https:\/\/lalmachine.com\/shop\/eclairer\/lampe-de-table-bureau\/lampe-de-bureau-dalfred-muller-2\/#primaryimage"},"thumbnailUrl":"https:\/\/lalmachine.com\/wp-content\/uploads\/2021\/11\/IMG_20211021_101420_clipped_rev_1-83dcf7e5.jpeg","datePublished":"2021-11-06T09:28:57+00:00","dateModified":"2024-12-05T20:52:23+00:00","breadcrumb":{"@id":"https:\/\/lalmachine.com\/shop\/eclairer\/lampe-de-table-bureau\/lampe-de-bureau-dalfred-muller-2\/#breadcrumb"},"inLanguage":"de","potentialAction":[{"@type":"ReadAction","target":["https:\/\/lalmachine.com\/shop\/eclairer\/lampe-de-table-bureau\/lampe-de-bureau-dalfred-muller-2\/"]}]},{"@type":"ImageObject","inLanguage":"de","@id":"https:\/\/lalmachine.com\/shop\/eclairer\/lampe-de-table-bureau\/lampe-de-bureau-dalfred-muller-2\/#primaryimage","url":"https:\/\/lalmachine.com\/wp-content\/uploads\/2021\/11\/IMG_20211021_101420_clipped_rev_1-83dcf7e5.jpeg","contentUrl":"https:\/\/lalmachine.com\/wp-content\/uploads\/2021\/11\/IMG_20211021_101420_clipped_rev_1-83dcf7e5.jpeg","width":2566,"height":2565},{"@type":"BreadcrumbList","@id":"https:\/\/lalmachine.com\/shop\/eclairer\/lampe-de-table-bureau\/lampe-de-bureau-dalfred-muller-2\/#breadcrumb","itemListElement":[{"@type":"ListItem","position":1,"name":"Accueil","item":"https:\/\/lalmachine.com\/"},{"@type":"ListItem","position":2,"name":"Shop","item":"https:\/\/lalmachine.com\/shop\/"},{"@type":"ListItem","position":3,"name":"Lampe de bureau d&#8217;Alfred M\u00fcller"}]},{"@type":"WebSite","@id":"https:\/\/lalmachine.com\/#website","url":"https:\/\/lalmachine.com\/","name":"lalmachine.com","description":"Brocante en ligne Suisse | Mobilier et objets d\u00e9co vintage et design","potentialAction":[{"@type":"SearchAction","target":{"@type":"EntryPoint","urlTemplate":"https:\/\/lalmachine.com\/?s={search_term_string}"},"query-input":{"@type":"PropertyValueSpecification","valueRequired":true,"valueName":"search_term_string"}}],"inLanguage":"de"}]}},"_links":{"self":[{"href":"https:\/\/lalmachine.com\/de\/wp-json\/wp\/v2\/product\/79262","targetHints":{"allow":["GET"]}}],"collection":[{"href":"https:\/\/lalmachine.com\/de\/wp-json\/wp\/v2\/product"}],"about":[{"href":"https:\/\/lalmachine.com\/de\/wp-json\/wp\/v2\/types\/product"}],"wp:featuredmedia":[{"embeddable":true,"href":"https:\/\/lalmachine.com\/de\/wp-json\/wp\/v2\/media\/79246"}],"wp:attachment":[{"href":"https:\/\/lalmachine.com\/de\/wp-json\/wp\/v2\/media?parent=79262"}],"wp:term":[{"taxonomy":"product_brand","embeddable":true,"href":"https:\/\/lalmachine.com\/de\/wp-json\/wp\/v2\/product_brand?post=79262"},{"taxonomy":"product_cat","embeddable":true,"href":"https:\/\/lalmachine.com\/de\/wp-json\/wp\/v2\/product_cat?post=79262"},{"taxonomy":"product_tag","embeddable":true,"href":"https:\/\/lalmachine.com\/de\/wp-json\/wp\/v2\/product_tag?post=79262"},{"taxonomy":"proximite","embeddable":true,"href":"https:\/\/lalmachine.com\/de\/wp-json\/wp\/v2\/proximite?post=79262"}],"curies":[{"name":"wp","href":"https:\/\/api.w.org\/{rel}","templated":true}]}}