{"id":81092,"date":"2023-10-25T16:02:55","date_gmt":"2023-10-25T14:02:55","guid":{"rendered":"https:\/\/lalmachine.com\/?post_type=product&#038;p=81092"},"modified":"2024-12-05T21:52:31","modified_gmt":"2024-12-05T20:52:31","slug":"assiette-plate-arabia-karelia","status":"publish","type":"product","link":"https:\/\/lalmachine.com\/de\/shop\/decorer\/art-de-la-table\/assiette-plate-arabia-karelia\/","title":{"rendered":"Assiette plate Arabia Karelia"},"content":{"rendered":"<ul class=\"wpuf_customs\"><li style=\"list-style-type:none;\"><label>Autres photos:<\/label> <a href=\"https:\/\/lalmachine.com\/wp-content\/uploads\/2021\/11\/819777A5-C718-45AF-AD0E-55D5BBF816B6-252a44f2-rotated.jpeg\"><img loading=\"lazy\" decoding=\"async\" width=\"72\" height=\"96\" src=\"https:\/\/lalmachine.com\/wp-content\/uploads\/2021\/11\/819777A5-C718-45AF-AD0E-55D5BBF816B6-252a44f2-rotated.jpeg\" class=\"attachment-thumbnail size-thumbnail\" alt=\"\" \/><\/a> <a href=\"https:\/\/lalmachine.com\/wp-content\/uploads\/2021\/11\/53862F2D-066D-4B25-AA1C-123FCCC6D8A4-7840f56e-rotated.jpeg\"><img loading=\"lazy\" decoding=\"async\" width=\"72\" height=\"96\" src=\"https:\/\/lalmachine.com\/wp-content\/uploads\/2021\/11\/53862F2D-066D-4B25-AA1C-123FCCC6D8A4-7840f56e-rotated.jpeg\" class=\"attachment-thumbnail size-thumbnail\" alt=\"\" \/><\/a> <a href=\"https:\/\/lalmachine.com\/wp-content\/uploads\/2021\/11\/76342AFC-9623-4B60-B309-1F7204FC14F4-559b61cb-rotated.jpeg\"><img loading=\"lazy\" decoding=\"async\" width=\"72\" height=\"96\" src=\"https:\/\/lalmachine.com\/wp-content\/uploads\/2021\/11\/76342AFC-9623-4B60-B309-1F7204FC14F4-559b61cb-rotated.jpeg\" class=\"attachment-thumbnail size-thumbnail\" alt=\"\" \/><\/a> <a href=\"https:\/\/lalmachine.com\/wp-content\/uploads\/2021\/11\/6C88B876-3C67-4D04-A704-EC77B30E436C-2ee01e85-rotated.jpeg\"><img loading=\"lazy\" decoding=\"async\" width=\"72\" height=\"96\" src=\"https:\/\/lalmachine.com\/wp-content\/uploads\/2021\/11\/6C88B876-3C67-4D04-A704-EC77B30E436C-2ee01e85-rotated.jpeg\" class=\"attachment-thumbnail size-thumbnail\" alt=\"\" \/><\/a> <a href=\"https:\/\/lalmachine.com\/wp-content\/uploads\/2021\/11\/EE3B3826-EC94-4CB0-8647-EBE628114940-82f4359e-rotated.jpeg\"><img loading=\"lazy\" decoding=\"async\" width=\"72\" height=\"96\" src=\"https:\/\/lalmachine.com\/wp-content\/uploads\/2021\/11\/EE3B3826-EC94-4CB0-8647-EBE628114940-82f4359e-rotated.jpeg\" class=\"attachment-thumbnail size-thumbnail\" alt=\"\" \/><\/a> <\/li>        <li class=\"wpuf-field-data wpuf-field-data-numeric_text_field\">\n                            <label>Prix:<\/label>\n                        15        <\/li>\n                <li class=\"wpuf-field-data wpuf-field-data-numeric_text_field\">\n                            <label>Quantit\u00e9:<\/label>\n                        0        <\/li>\n                <li class=\"wpuf-field-data wpuf-field-data-numeric_text_field\">\n                            <label>Hauteur (cm):<\/label>\n                        2        <\/li>\n                <li class=\"wpuf-field-data wpuf-field-data-numeric_text_field\">\n                            <label>Largeur (cm):<\/label>\n                        24        <\/li>\n                <li class=\"wpuf-field-data wpuf-field-data-numeric_text_field\">\n                            <label>Profondeur (cm):<\/label>\n                        24        <\/li>\n        <\/ul>","protected":false},"excerpt":{"rendered":"<p>Assiette plate de la manufacture Arabia Finland, mod\u00e8le Karelia, en gr\u00e8s \u00e9maill\u00e9.<\/p>\n<p>Parfait \u00e9tat !<\/p>","protected":false},"featured_media":81120,"template":"","meta":{"_et_pb_use_builder":"","_et_pb_old_content":"","_et_gb_content_width":""},"product_brand":[],"product_cat":[96,50],"product_tag":[],"proximite":[281,179],"class_list":{"0":"post-81092","1":"product","2":"type-product","3":"status-publish","4":"has-post-thumbnail","6":"product_cat-art-de-la-table","7":"product_cat-decorer","8":"product_shipping_class-0-2-kg","9":"pa_couleur-beige","10":"pa_etat-tres-bon-etat","11":"pa_materiau-ceramique","12":"pa_style-vintage","13":"proximite-nyon","14":"proximite-vaud","16":"first","17":"outofstock","18":"shipping-taxable","19":"purchasable","20":"product-type-simple"},"yoast_head":"<!-- This site is optimized with the Yoast SEO plugin v27.4 - https:\/\/yoast.com\/product\/yoast-seo-wordpress\/ -->\n<title>Assiette plate Arabia Karelia | lalmachine.com, mobilier et objets d\u00e9co vintage et design<\/title>\n<meta name=\"description\" content=\"Assiette plate de la manufacture Arabia Finland, mod\u00e8le Karelia, en gr\u00e8s \u00e9maill\u00e9.\" \/>\n<meta name=\"robots\" content=\"index, follow, max-snippet:-1, max-image-preview:large, max-video-preview:-1\" \/>\n<link rel=\"canonical\" href=\"https:\/\/lalmachine.com\/de\/shop\/decorer\/art-de-la-table\/assiette-plate-arabia-karelia\/\" \/>\n<meta property=\"og:locale\" content=\"de_DE\" \/>\n<meta property=\"og:type\" content=\"article\" \/>\n<meta property=\"og:title\" content=\"Assiette plate Arabia Karelia | lalmachine.com, mobilier et objets d\u00e9co vintage et design\" \/>\n<meta property=\"og:description\" content=\"Assiette plate de la manufacture Arabia Finland, mod\u00e8le Karelia, en gr\u00e8s \u00e9maill\u00e9.\" \/>\n<meta property=\"og:url\" content=\"https:\/\/lalmachine.com\/de\/shop\/decorer\/art-de-la-table\/assiette-plate-arabia-karelia\/\" \/>\n<meta property=\"og:site_name\" content=\"lalmachine.com\" \/>\n<meta property=\"article:publisher\" content=\"https:\/\/facebook.com\/lalmachine\" \/>\n<meta property=\"article:modified_time\" content=\"2024-12-05T20:52:31+00:00\" \/>\n<meta property=\"og:image\" content=\"https:\/\/lalmachine.com\/wp-content\/uploads\/2021\/11\/9D7622B6-E5E3-4C84-B94A-255DA5EC83B9-ea7178bf-rotated_clipped_rev_1.jpeg\" \/>\n\t<meta property=\"og:image:width\" content=\"4923\" \/>\n\t<meta property=\"og:image:height\" content=\"4923\" \/>\n\t<meta property=\"og:image:type\" content=\"image\/jpeg\" \/>\n<meta name=\"twitter:card\" content=\"summary_large_image\" \/>\n<script type=\"application\/ld+json\" class=\"yoast-schema-graph\">{\"@context\":\"https:\\\/\\\/schema.org\",\"@graph\":[{\"@type\":\"WebPage\",\"@id\":\"https:\\\/\\\/lalmachine.com\\\/shop\\\/decorer\\\/art-de-la-table\\\/assiette-plate-arabia-karelia\\\/\",\"url\":\"https:\\\/\\\/lalmachine.com\\\/shop\\\/decorer\\\/art-de-la-table\\\/assiette-plate-arabia-karelia\\\/\",\"name\":\"Assiette plate Arabia Karelia | lalmachine.com, mobilier et objets d\u00e9co vintage et design\",\"isPartOf\":{\"@id\":\"https:\\\/\\\/lalmachine.com\\\/#website\"},\"primaryImageOfPage\":{\"@id\":\"https:\\\/\\\/lalmachine.com\\\/shop\\\/decorer\\\/art-de-la-table\\\/assiette-plate-arabia-karelia\\\/#primaryimage\"},\"image\":{\"@id\":\"https:\\\/\\\/lalmachine.com\\\/shop\\\/decorer\\\/art-de-la-table\\\/assiette-plate-arabia-karelia\\\/#primaryimage\"},\"thumbnailUrl\":\"https:\\\/\\\/lalmachine.com\\\/wp-content\\\/uploads\\\/2021\\\/11\\\/9D7622B6-E5E3-4C84-B94A-255DA5EC83B9-ea7178bf-rotated_clipped_rev_1.jpeg\",\"datePublished\":\"2023-10-25T14:02:55+00:00\",\"dateModified\":\"2024-12-05T20:52:31+00:00\",\"description\":\"Assiette plate de la manufacture Arabia Finland, mod\u00e8le Karelia, en gr\u00e8s \u00e9maill\u00e9.\",\"breadcrumb\":{\"@id\":\"https:\\\/\\\/lalmachine.com\\\/shop\\\/decorer\\\/art-de-la-table\\\/assiette-plate-arabia-karelia\\\/#breadcrumb\"},\"inLanguage\":\"de\",\"potentialAction\":[{\"@type\":\"ReadAction\",\"target\":[\"https:\\\/\\\/lalmachine.com\\\/shop\\\/decorer\\\/art-de-la-table\\\/assiette-plate-arabia-karelia\\\/\"]}]},{\"@type\":\"ImageObject\",\"inLanguage\":\"de\",\"@id\":\"https:\\\/\\\/lalmachine.com\\\/shop\\\/decorer\\\/art-de-la-table\\\/assiette-plate-arabia-karelia\\\/#primaryimage\",\"url\":\"https:\\\/\\\/lalmachine.com\\\/wp-content\\\/uploads\\\/2021\\\/11\\\/9D7622B6-E5E3-4C84-B94A-255DA5EC83B9-ea7178bf-rotated_clipped_rev_1.jpeg\",\"contentUrl\":\"https:\\\/\\\/lalmachine.com\\\/wp-content\\\/uploads\\\/2021\\\/11\\\/9D7622B6-E5E3-4C84-B94A-255DA5EC83B9-ea7178bf-rotated_clipped_rev_1.jpeg\",\"width\":4923,\"height\":4923,\"caption\":\"Arabia Karelia\"},{\"@type\":\"BreadcrumbList\",\"@id\":\"https:\\\/\\\/lalmachine.com\\\/shop\\\/decorer\\\/art-de-la-table\\\/assiette-plate-arabia-karelia\\\/#breadcrumb\",\"itemListElement\":[{\"@type\":\"ListItem\",\"position\":1,\"name\":\"Accueil\",\"item\":\"https:\\\/\\\/lalmachine.com\\\/\"},{\"@type\":\"ListItem\",\"position\":2,\"name\":\"Shop\",\"item\":\"https:\\\/\\\/lalmachine.com\\\/shop\\\/\"},{\"@type\":\"ListItem\",\"position\":3,\"name\":\"Assiette plate Arabia Karelia\"}]},{\"@type\":\"WebSite\",\"@id\":\"https:\\\/\\\/lalmachine.com\\\/#website\",\"url\":\"https:\\\/\\\/lalmachine.com\\\/\",\"name\":\"lalmachine.com\",\"description\":\"Brocante en ligne Suisse | Mobilier et objets d\u00e9co vintage et design\",\"potentialAction\":[{\"@type\":\"SearchAction\",\"target\":{\"@type\":\"EntryPoint\",\"urlTemplate\":\"https:\\\/\\\/lalmachine.com\\\/?s={search_term_string}\"},\"query-input\":{\"@type\":\"PropertyValueSpecification\",\"valueRequired\":true,\"valueName\":\"search_term_string\"}}],\"inLanguage\":\"de\"}]}<\/script>\n<!-- \/ Yoast SEO plugin. -->","yoast_head_json":{"title":"Assiette plate Arabia Karelia | lalmachine.com, mobilier et objets d\u00e9co vintage et design","description":"Assiette plate de la manufacture Arabia Finland, mod\u00e8le Karelia, en gr\u00e8s \u00e9maill\u00e9.","robots":{"index":"index","follow":"follow","max-snippet":"max-snippet:-1","max-image-preview":"max-image-preview:large","max-video-preview":"max-video-preview:-1"},"canonical":"https:\/\/lalmachine.com\/de\/shop\/decorer\/art-de-la-table\/assiette-plate-arabia-karelia\/","og_locale":"de_DE","og_type":"article","og_title":"Assiette plate Arabia Karelia | lalmachine.com, mobilier et objets d\u00e9co vintage et design","og_description":"Assiette plate de la manufacture Arabia Finland, mod\u00e8le Karelia, en gr\u00e8s \u00e9maill\u00e9.","og_url":"https:\/\/lalmachine.com\/de\/shop\/decorer\/art-de-la-table\/assiette-plate-arabia-karelia\/","og_site_name":"lalmachine.com","article_publisher":"https:\/\/facebook.com\/lalmachine","article_modified_time":"2024-12-05T20:52:31+00:00","og_image":[{"width":4923,"height":4923,"url":"https:\/\/lalmachine.com\/wp-content\/uploads\/2021\/11\/9D7622B6-E5E3-4C84-B94A-255DA5EC83B9-ea7178bf-rotated_clipped_rev_1.jpeg","type":"image\/jpeg"}],"twitter_card":"summary_large_image","schema":{"@context":"https:\/\/schema.org","@graph":[{"@type":"WebPage","@id":"https:\/\/lalmachine.com\/shop\/decorer\/art-de-la-table\/assiette-plate-arabia-karelia\/","url":"https:\/\/lalmachine.com\/shop\/decorer\/art-de-la-table\/assiette-plate-arabia-karelia\/","name":"Assiette plate Arabia Karelia | lalmachine.com, mobilier et objets d\u00e9co vintage et design","isPartOf":{"@id":"https:\/\/lalmachine.com\/#website"},"primaryImageOfPage":{"@id":"https:\/\/lalmachine.com\/shop\/decorer\/art-de-la-table\/assiette-plate-arabia-karelia\/#primaryimage"},"image":{"@id":"https:\/\/lalmachine.com\/shop\/decorer\/art-de-la-table\/assiette-plate-arabia-karelia\/#primaryimage"},"thumbnailUrl":"https:\/\/lalmachine.com\/wp-content\/uploads\/2021\/11\/9D7622B6-E5E3-4C84-B94A-255DA5EC83B9-ea7178bf-rotated_clipped_rev_1.jpeg","datePublished":"2023-10-25T14:02:55+00:00","dateModified":"2024-12-05T20:52:31+00:00","description":"Assiette plate de la manufacture Arabia Finland, mod\u00e8le Karelia, en gr\u00e8s \u00e9maill\u00e9.","breadcrumb":{"@id":"https:\/\/lalmachine.com\/shop\/decorer\/art-de-la-table\/assiette-plate-arabia-karelia\/#breadcrumb"},"inLanguage":"de","potentialAction":[{"@type":"ReadAction","target":["https:\/\/lalmachine.com\/shop\/decorer\/art-de-la-table\/assiette-plate-arabia-karelia\/"]}]},{"@type":"ImageObject","inLanguage":"de","@id":"https:\/\/lalmachine.com\/shop\/decorer\/art-de-la-table\/assiette-plate-arabia-karelia\/#primaryimage","url":"https:\/\/lalmachine.com\/wp-content\/uploads\/2021\/11\/9D7622B6-E5E3-4C84-B94A-255DA5EC83B9-ea7178bf-rotated_clipped_rev_1.jpeg","contentUrl":"https:\/\/lalmachine.com\/wp-content\/uploads\/2021\/11\/9D7622B6-E5E3-4C84-B94A-255DA5EC83B9-ea7178bf-rotated_clipped_rev_1.jpeg","width":4923,"height":4923,"caption":"Arabia Karelia"},{"@type":"BreadcrumbList","@id":"https:\/\/lalmachine.com\/shop\/decorer\/art-de-la-table\/assiette-plate-arabia-karelia\/#breadcrumb","itemListElement":[{"@type":"ListItem","position":1,"name":"Accueil","item":"https:\/\/lalmachine.com\/"},{"@type":"ListItem","position":2,"name":"Shop","item":"https:\/\/lalmachine.com\/shop\/"},{"@type":"ListItem","position":3,"name":"Assiette plate Arabia Karelia"}]},{"@type":"WebSite","@id":"https:\/\/lalmachine.com\/#website","url":"https:\/\/lalmachine.com\/","name":"lalmachine.com","description":"Brocante en ligne Suisse | Mobilier et objets d\u00e9co vintage et design","potentialAction":[{"@type":"SearchAction","target":{"@type":"EntryPoint","urlTemplate":"https:\/\/lalmachine.com\/?s={search_term_string}"},"query-input":{"@type":"PropertyValueSpecification","valueRequired":true,"valueName":"search_term_string"}}],"inLanguage":"de"}]}},"_links":{"self":[{"href":"https:\/\/lalmachine.com\/de\/wp-json\/wp\/v2\/product\/81092","targetHints":{"allow":["GET"]}}],"collection":[{"href":"https:\/\/lalmachine.com\/de\/wp-json\/wp\/v2\/product"}],"about":[{"href":"https:\/\/lalmachine.com\/de\/wp-json\/wp\/v2\/types\/product"}],"wp:featuredmedia":[{"embeddable":true,"href":"https:\/\/lalmachine.com\/de\/wp-json\/wp\/v2\/media\/81120"}],"wp:attachment":[{"href":"https:\/\/lalmachine.com\/de\/wp-json\/wp\/v2\/media?parent=81092"}],"wp:term":[{"taxonomy":"product_brand","embeddable":true,"href":"https:\/\/lalmachine.com\/de\/wp-json\/wp\/v2\/product_brand?post=81092"},{"taxonomy":"product_cat","embeddable":true,"href":"https:\/\/lalmachine.com\/de\/wp-json\/wp\/v2\/product_cat?post=81092"},{"taxonomy":"product_tag","embeddable":true,"href":"https:\/\/lalmachine.com\/de\/wp-json\/wp\/v2\/product_tag?post=81092"},{"taxonomy":"proximite","embeddable":true,"href":"https:\/\/lalmachine.com\/de\/wp-json\/wp\/v2\/proximite?post=81092"}],"curies":[{"name":"wp","href":"https:\/\/api.w.org\/{rel}","templated":true}]}}