{"id":81522,"date":"2021-11-14T19:43:12","date_gmt":"2021-11-14T18:43:12","guid":{"rendered":"https:\/\/lalmachine.com\/?post_type=product&#038;p=81522"},"modified":"2024-12-05T21:52:32","modified_gmt":"2024-12-05T20:52:32","slug":"tapis-en-laine-berbere-2","status":"publish","type":"product","link":"https:\/\/lalmachine.com\/de\/shop\/decorer\/tapis\/tapis-en-laine-berbere-2\/","title":{"rendered":"Tapis en laine berb\u00e8re"},"content":{"rendered":"<ul class=\"wpuf_customs\"><li style=\"list-style-type:none;\"><label>Autres photos:<\/label> <a href=\"https:\/\/lalmachine.com\/wp-content\/uploads\/2021\/11\/515EE389-E4BC-48A5-A7A8-1B7B81D2135B-d240b370-rotated.jpeg\"><img loading=\"lazy\" decoding=\"async\" width=\"72\" height=\"96\" src=\"https:\/\/lalmachine.com\/wp-content\/uploads\/2021\/11\/515EE389-E4BC-48A5-A7A8-1B7B81D2135B-d240b370-rotated.jpeg\" class=\"attachment-thumbnail size-thumbnail\" alt=\"\" \/><\/a> <a href=\"https:\/\/lalmachine.com\/wp-content\/uploads\/2021\/11\/523853C9-3333-457F-B098-D849FEFDC88E-6b8a4552.jpeg\"><img loading=\"lazy\" decoding=\"async\" width=\"72\" height=\"96\" src=\"https:\/\/lalmachine.com\/wp-content\/uploads\/2021\/11\/523853C9-3333-457F-B098-D849FEFDC88E-6b8a4552.jpeg\" class=\"attachment-thumbnail size-thumbnail\" alt=\"\" \/><\/a> <\/li>        <li class=\"wpuf-field-data wpuf-field-data-numeric_text_field\">\n                            <label>Prix:<\/label>\n                        129        <\/li>\n                <li class=\"wpuf-field-data wpuf-field-data-numeric_text_field\">\n                            <label>Hauteur (cm):<\/label>\n                        150        <\/li>\n                <li class=\"wpuf-field-data wpuf-field-data-numeric_text_field\">\n                            <label>Largeur (cm):<\/label>\n                        100        <\/li>\n                <li class=\"wpuf-field-data wpuf-field-data-numeric_text_field\">\n                            <label>Profondeur (cm):<\/label>\n                        1        <\/li>\n        <\/ul>","protected":false},"excerpt":{"rendered":"<p>Que diriez vous d\u2019avoir cette cr\u00e9ation de tapis chez vous ? Tiss\u00e9 en laine et \u00e0 la main dans un village du moyen atlas marocain.<br \/>\nPar des femmes berb\u00e8res qui ma\u00eetrisent cet art depuis plusieurs g\u00e9n\u00e9rations\u2026<\/p>\n<p>Les tailles mentionn\u00e9es peuvent vari\u00e9es plus ou moins de 5 cm \u2026<br \/>\nSa forme simple s\u2019int\u00e8gre ais\u00e9ment dans votre int\u00e9rieur \u2026<\/p>","protected":false},"featured_media":81763,"template":"","meta":{"_et_pb_use_builder":"","_et_pb_old_content":"","_et_gb_content_width":""},"product_brand":[],"product_cat":[50,97],"product_tag":[],"proximite":[278,179],"class_list":{"0":"post-81522","1":"product","2":"type-product","3":"status-publish","4":"has-post-thumbnail","6":"product_cat-decorer","7":"product_cat-tapis","8":"product_shipping_class-lettre","9":"pa_couleur-bleu","10":"pa_etat-tres-bon-etat","11":"pa_materiau-autre","12":"pa_style-ethnique","13":"proximite-lausanne","14":"proximite-vaud","16":"first","17":"outofstock","18":"sale","19":"shipping-taxable","20":"purchasable","21":"product-type-simple"},"yoast_head":"<!-- This site is optimized with the Yoast SEO plugin v27.4 - https:\/\/yoast.com\/product\/yoast-seo-wordpress\/ -->\n<title>Tapis en laine berb\u00e8re | lalmachine.com<\/title>\n<meta name=\"description\" content=\"Que diriez vous d\u2019avoir cette cr\u00e9ation de tapis chez vous ? Tiss\u00e9 en laine et \u00e0 la main dans un village du moyen atlas marocain. Par des femmes berb\u00e8res qui ma\u00eetrisent cet art depuis plusieurs g\u00e9n\u00e9rations\u2026\" \/>\n<meta name=\"robots\" content=\"index, follow, max-snippet:-1, max-image-preview:large, max-video-preview:-1\" \/>\n<link rel=\"canonical\" href=\"https:\/\/lalmachine.com\/de\/shop\/decorer\/tapis\/tapis-en-laine-berbere-2\/\" \/>\n<meta property=\"og:locale\" content=\"de_DE\" \/>\n<meta property=\"og:type\" content=\"article\" \/>\n<meta property=\"og:title\" content=\"Tapis en laine berb\u00e8re | lalmachine.com\" \/>\n<meta property=\"og:description\" content=\"Que diriez vous d\u2019avoir cette cr\u00e9ation de tapis chez vous ? Tiss\u00e9 en laine et \u00e0 la main dans un village du moyen atlas marocain. Par des femmes berb\u00e8res qui ma\u00eetrisent cet art depuis plusieurs g\u00e9n\u00e9rations\u2026\" \/>\n<meta property=\"og:url\" content=\"https:\/\/lalmachine.com\/de\/shop\/decorer\/tapis\/tapis-en-laine-berbere-2\/\" \/>\n<meta property=\"og:site_name\" content=\"lalmachine.com\" \/>\n<meta property=\"article:publisher\" content=\"https:\/\/facebook.com\/lalmachine\" \/>\n<meta property=\"article:modified_time\" content=\"2024-12-05T20:52:32+00:00\" \/>\n<meta property=\"og:image\" content=\"https:\/\/lalmachine.com\/wp-content\/uploads\/2021\/11\/7A1427EB-36A4-4055-9C9C-CADF4135C26C-89a65a07_clipped_rev_1.jpeg\" \/>\n\t<meta property=\"og:image:width\" content=\"1448\" \/>\n\t<meta property=\"og:image:height\" content=\"1447\" \/>\n\t<meta property=\"og:image:type\" content=\"image\/jpeg\" \/>\n<meta name=\"twitter:card\" content=\"summary_large_image\" \/>\n<script type=\"application\/ld+json\" class=\"yoast-schema-graph\">{\"@context\":\"https:\\\/\\\/schema.org\",\"@graph\":[{\"@type\":\"WebPage\",\"@id\":\"https:\\\/\\\/lalmachine.com\\\/shop\\\/decorer\\\/tapis\\\/tapis-en-laine-berbere-2\\\/\",\"url\":\"https:\\\/\\\/lalmachine.com\\\/shop\\\/decorer\\\/tapis\\\/tapis-en-laine-berbere-2\\\/\",\"name\":\"Tapis en laine berb\u00e8re | lalmachine.com\",\"isPartOf\":{\"@id\":\"https:\\\/\\\/lalmachine.com\\\/#website\"},\"primaryImageOfPage\":{\"@id\":\"https:\\\/\\\/lalmachine.com\\\/shop\\\/decorer\\\/tapis\\\/tapis-en-laine-berbere-2\\\/#primaryimage\"},\"image\":{\"@id\":\"https:\\\/\\\/lalmachine.com\\\/shop\\\/decorer\\\/tapis\\\/tapis-en-laine-berbere-2\\\/#primaryimage\"},\"thumbnailUrl\":\"https:\\\/\\\/lalmachine.com\\\/wp-content\\\/uploads\\\/2021\\\/11\\\/7A1427EB-36A4-4055-9C9C-CADF4135C26C-89a65a07_clipped_rev_1.jpeg\",\"datePublished\":\"2021-11-14T18:43:12+00:00\",\"dateModified\":\"2024-12-05T20:52:32+00:00\",\"description\":\"Que diriez vous d\u2019avoir cette cr\u00e9ation de tapis chez vous ? Tiss\u00e9 en laine et \u00e0 la main dans un village du moyen atlas marocain. Par des femmes berb\u00e8res qui ma\u00eetrisent cet art depuis plusieurs g\u00e9n\u00e9rations\u2026\",\"breadcrumb\":{\"@id\":\"https:\\\/\\\/lalmachine.com\\\/shop\\\/decorer\\\/tapis\\\/tapis-en-laine-berbere-2\\\/#breadcrumb\"},\"inLanguage\":\"de\",\"potentialAction\":[{\"@type\":\"ReadAction\",\"target\":[\"https:\\\/\\\/lalmachine.com\\\/shop\\\/decorer\\\/tapis\\\/tapis-en-laine-berbere-2\\\/\"]}]},{\"@type\":\"ImageObject\",\"inLanguage\":\"de\",\"@id\":\"https:\\\/\\\/lalmachine.com\\\/shop\\\/decorer\\\/tapis\\\/tapis-en-laine-berbere-2\\\/#primaryimage\",\"url\":\"https:\\\/\\\/lalmachine.com\\\/wp-content\\\/uploads\\\/2021\\\/11\\\/7A1427EB-36A4-4055-9C9C-CADF4135C26C-89a65a07_clipped_rev_1.jpeg\",\"contentUrl\":\"https:\\\/\\\/lalmachine.com\\\/wp-content\\\/uploads\\\/2021\\\/11\\\/7A1427EB-36A4-4055-9C9C-CADF4135C26C-89a65a07_clipped_rev_1.jpeg\",\"width\":1448,\"height\":1447,\"caption\":\"Tapis en laine berb\u00e8re\"},{\"@type\":\"BreadcrumbList\",\"@id\":\"https:\\\/\\\/lalmachine.com\\\/shop\\\/decorer\\\/tapis\\\/tapis-en-laine-berbere-2\\\/#breadcrumb\",\"itemListElement\":[{\"@type\":\"ListItem\",\"position\":1,\"name\":\"Accueil\",\"item\":\"https:\\\/\\\/lalmachine.com\\\/\"},{\"@type\":\"ListItem\",\"position\":2,\"name\":\"Shop\",\"item\":\"https:\\\/\\\/lalmachine.com\\\/shop\\\/\"},{\"@type\":\"ListItem\",\"position\":3,\"name\":\"Tapis en laine berb\u00e8re\"}]},{\"@type\":\"WebSite\",\"@id\":\"https:\\\/\\\/lalmachine.com\\\/#website\",\"url\":\"https:\\\/\\\/lalmachine.com\\\/\",\"name\":\"lalmachine.com\",\"description\":\"Brocante en ligne Suisse | Mobilier et objets d\u00e9co vintage et design\",\"potentialAction\":[{\"@type\":\"SearchAction\",\"target\":{\"@type\":\"EntryPoint\",\"urlTemplate\":\"https:\\\/\\\/lalmachine.com\\\/?s={search_term_string}\"},\"query-input\":{\"@type\":\"PropertyValueSpecification\",\"valueRequired\":true,\"valueName\":\"search_term_string\"}}],\"inLanguage\":\"de\"}]}<\/script>\n<!-- \/ Yoast SEO plugin. -->","yoast_head_json":{"title":"Tapis en laine berb\u00e8re | lalmachine.com","description":"Que diriez vous d\u2019avoir cette cr\u00e9ation de tapis chez vous ? Tiss\u00e9 en laine et \u00e0 la main dans un village du moyen atlas marocain. Par des femmes berb\u00e8res qui ma\u00eetrisent cet art depuis plusieurs g\u00e9n\u00e9rations\u2026","robots":{"index":"index","follow":"follow","max-snippet":"max-snippet:-1","max-image-preview":"max-image-preview:large","max-video-preview":"max-video-preview:-1"},"canonical":"https:\/\/lalmachine.com\/de\/shop\/decorer\/tapis\/tapis-en-laine-berbere-2\/","og_locale":"de_DE","og_type":"article","og_title":"Tapis en laine berb\u00e8re | lalmachine.com","og_description":"Que diriez vous d\u2019avoir cette cr\u00e9ation de tapis chez vous ? Tiss\u00e9 en laine et \u00e0 la main dans un village du moyen atlas marocain. Par des femmes berb\u00e8res qui ma\u00eetrisent cet art depuis plusieurs g\u00e9n\u00e9rations\u2026","og_url":"https:\/\/lalmachine.com\/de\/shop\/decorer\/tapis\/tapis-en-laine-berbere-2\/","og_site_name":"lalmachine.com","article_publisher":"https:\/\/facebook.com\/lalmachine","article_modified_time":"2024-12-05T20:52:32+00:00","og_image":[{"width":1448,"height":1447,"url":"https:\/\/lalmachine.com\/wp-content\/uploads\/2021\/11\/7A1427EB-36A4-4055-9C9C-CADF4135C26C-89a65a07_clipped_rev_1.jpeg","type":"image\/jpeg"}],"twitter_card":"summary_large_image","schema":{"@context":"https:\/\/schema.org","@graph":[{"@type":"WebPage","@id":"https:\/\/lalmachine.com\/shop\/decorer\/tapis\/tapis-en-laine-berbere-2\/","url":"https:\/\/lalmachine.com\/shop\/decorer\/tapis\/tapis-en-laine-berbere-2\/","name":"Tapis en laine berb\u00e8re | lalmachine.com","isPartOf":{"@id":"https:\/\/lalmachine.com\/#website"},"primaryImageOfPage":{"@id":"https:\/\/lalmachine.com\/shop\/decorer\/tapis\/tapis-en-laine-berbere-2\/#primaryimage"},"image":{"@id":"https:\/\/lalmachine.com\/shop\/decorer\/tapis\/tapis-en-laine-berbere-2\/#primaryimage"},"thumbnailUrl":"https:\/\/lalmachine.com\/wp-content\/uploads\/2021\/11\/7A1427EB-36A4-4055-9C9C-CADF4135C26C-89a65a07_clipped_rev_1.jpeg","datePublished":"2021-11-14T18:43:12+00:00","dateModified":"2024-12-05T20:52:32+00:00","description":"Que diriez vous d\u2019avoir cette cr\u00e9ation de tapis chez vous ? Tiss\u00e9 en laine et \u00e0 la main dans un village du moyen atlas marocain. Par des femmes berb\u00e8res qui ma\u00eetrisent cet art depuis plusieurs g\u00e9n\u00e9rations\u2026","breadcrumb":{"@id":"https:\/\/lalmachine.com\/shop\/decorer\/tapis\/tapis-en-laine-berbere-2\/#breadcrumb"},"inLanguage":"de","potentialAction":[{"@type":"ReadAction","target":["https:\/\/lalmachine.com\/shop\/decorer\/tapis\/tapis-en-laine-berbere-2\/"]}]},{"@type":"ImageObject","inLanguage":"de","@id":"https:\/\/lalmachine.com\/shop\/decorer\/tapis\/tapis-en-laine-berbere-2\/#primaryimage","url":"https:\/\/lalmachine.com\/wp-content\/uploads\/2021\/11\/7A1427EB-36A4-4055-9C9C-CADF4135C26C-89a65a07_clipped_rev_1.jpeg","contentUrl":"https:\/\/lalmachine.com\/wp-content\/uploads\/2021\/11\/7A1427EB-36A4-4055-9C9C-CADF4135C26C-89a65a07_clipped_rev_1.jpeg","width":1448,"height":1447,"caption":"Tapis en laine berb\u00e8re"},{"@type":"BreadcrumbList","@id":"https:\/\/lalmachine.com\/shop\/decorer\/tapis\/tapis-en-laine-berbere-2\/#breadcrumb","itemListElement":[{"@type":"ListItem","position":1,"name":"Accueil","item":"https:\/\/lalmachine.com\/"},{"@type":"ListItem","position":2,"name":"Shop","item":"https:\/\/lalmachine.com\/shop\/"},{"@type":"ListItem","position":3,"name":"Tapis en laine berb\u00e8re"}]},{"@type":"WebSite","@id":"https:\/\/lalmachine.com\/#website","url":"https:\/\/lalmachine.com\/","name":"lalmachine.com","description":"Brocante en ligne Suisse | Mobilier et objets d\u00e9co vintage et design","potentialAction":[{"@type":"SearchAction","target":{"@type":"EntryPoint","urlTemplate":"https:\/\/lalmachine.com\/?s={search_term_string}"},"query-input":{"@type":"PropertyValueSpecification","valueRequired":true,"valueName":"search_term_string"}}],"inLanguage":"de"}]}},"_links":{"self":[{"href":"https:\/\/lalmachine.com\/de\/wp-json\/wp\/v2\/product\/81522","targetHints":{"allow":["GET"]}}],"collection":[{"href":"https:\/\/lalmachine.com\/de\/wp-json\/wp\/v2\/product"}],"about":[{"href":"https:\/\/lalmachine.com\/de\/wp-json\/wp\/v2\/types\/product"}],"wp:featuredmedia":[{"embeddable":true,"href":"https:\/\/lalmachine.com\/de\/wp-json\/wp\/v2\/media\/81763"}],"wp:attachment":[{"href":"https:\/\/lalmachine.com\/de\/wp-json\/wp\/v2\/media?parent=81522"}],"wp:term":[{"taxonomy":"product_brand","embeddable":true,"href":"https:\/\/lalmachine.com\/de\/wp-json\/wp\/v2\/product_brand?post=81522"},{"taxonomy":"product_cat","embeddable":true,"href":"https:\/\/lalmachine.com\/de\/wp-json\/wp\/v2\/product_cat?post=81522"},{"taxonomy":"product_tag","embeddable":true,"href":"https:\/\/lalmachine.com\/de\/wp-json\/wp\/v2\/product_tag?post=81522"},{"taxonomy":"proximite","embeddable":true,"href":"https:\/\/lalmachine.com\/de\/wp-json\/wp\/v2\/proximite?post=81522"}],"curies":[{"name":"wp","href":"https:\/\/api.w.org\/{rel}","templated":true}]}}