{"id":9937,"date":"2019-10-16T09:36:03","date_gmt":"2019-10-16T07:36:03","guid":{"rendered":"https:\/\/lalmachine.com\/?post_type=product&#038;p=9937"},"modified":"2024-12-05T21:50:31","modified_gmt":"2024-12-05T20:50:31","slug":"poubelle-2","status":"publish","type":"product","link":"https:\/\/lalmachine.com\/de\/shop\/decorer\/decoration\/poubelle-2\/","title":{"rendered":"Poubelle"},"content":{"rendered":"","protected":false},"excerpt":{"rendered":"<p>Poubelle ann\u00e9es 70, dans le style de Kartell, propre, l\u00e9g\u00e8rement jaunie \u00e0 l&rsquo;ext\u00e9rieur.<\/p>","protected":false},"featured_media":10139,"template":"","meta":{"_et_pb_use_builder":"","_et_pb_old_content":"","_et_gb_content_width":""},"product_brand":[],"product_cat":[94,50],"product_tag":[],"proximite":[177,235],"class_list":{"0":"post-9937","1":"product","2":"type-product","3":"status-publish","4":"has-post-thumbnail","6":"product_cat-decoration","7":"product_cat-decorer","8":"product_shipping_class-0-2-kg","9":"pa_couleur-blanc","10":"pa_etat-dans-son-jus","11":"pa_materiau-plastique","12":"pa_style-vintage","13":"proximite-fribourg","14":"proximite-sarine","16":"first","17":"outofstock","18":"sale","19":"shipping-taxable","20":"purchasable","21":"product-type-simple"},"yoast_head":"<!-- This site is optimized with the Yoast SEO plugin v27.4 - https:\/\/yoast.com\/product\/yoast-seo-wordpress\/ -->\n<title>Poubelle | lalmachine.com<\/title>\n<meta name=\"description\" content=\"Poubelle vintage ann\u00e9es 70, dans le style de Kartell, propre, l\u00e9g\u00e8rement jaunie \u00e0 l&#039;ext\u00e9rieur.\" \/>\n<meta name=\"robots\" content=\"index, follow, max-snippet:-1, max-image-preview:large, max-video-preview:-1\" \/>\n<link rel=\"canonical\" href=\"https:\/\/lalmachine.com\/de\/shop\/decorer\/decoration\/poubelle-2\/\" \/>\n<meta property=\"og:locale\" content=\"de_DE\" \/>\n<meta property=\"og:type\" content=\"article\" \/>\n<meta property=\"og:title\" content=\"Poubelle | lalmachine.com\" \/>\n<meta property=\"og:description\" content=\"Poubelle vintage ann\u00e9es 70, dans le style de Kartell, propre, l\u00e9g\u00e8rement jaunie \u00e0 l&#039;ext\u00e9rieur.\" \/>\n<meta property=\"og:url\" content=\"https:\/\/lalmachine.com\/de\/shop\/decorer\/decoration\/poubelle-2\/\" \/>\n<meta property=\"og:site_name\" content=\"lalmachine.com\" \/>\n<meta property=\"article:publisher\" content=\"https:\/\/facebook.com\/lalmachine\" \/>\n<meta property=\"article:modified_time\" content=\"2024-12-05T20:50:31+00:00\" \/>\n<meta property=\"og:image\" content=\"https:\/\/lalmachine.com\/wp-content\/uploads\/2019\/10\/IMG-20191011-WA0033_clipped_rev_1.jpg\" \/>\n\t<meta property=\"og:image:width\" content=\"1407\" \/>\n\t<meta property=\"og:image:height\" content=\"1407\" \/>\n\t<meta property=\"og:image:type\" content=\"image\/jpeg\" \/>\n<meta name=\"twitter:card\" content=\"summary_large_image\" \/>\n<script type=\"application\/ld+json\" class=\"yoast-schema-graph\">{\"@context\":\"https:\\\/\\\/schema.org\",\"@graph\":[{\"@type\":\"WebPage\",\"@id\":\"https:\\\/\\\/lalmachine.com\\\/shop\\\/decorer\\\/decoration\\\/poubelle-2\\\/\",\"url\":\"https:\\\/\\\/lalmachine.com\\\/shop\\\/decorer\\\/decoration\\\/poubelle-2\\\/\",\"name\":\"Poubelle | lalmachine.com\",\"isPartOf\":{\"@id\":\"https:\\\/\\\/lalmachine.com\\\/#website\"},\"primaryImageOfPage\":{\"@id\":\"https:\\\/\\\/lalmachine.com\\\/shop\\\/decorer\\\/decoration\\\/poubelle-2\\\/#primaryimage\"},\"image\":{\"@id\":\"https:\\\/\\\/lalmachine.com\\\/shop\\\/decorer\\\/decoration\\\/poubelle-2\\\/#primaryimage\"},\"thumbnailUrl\":\"https:\\\/\\\/lalmachine.com\\\/wp-content\\\/uploads\\\/2019\\\/10\\\/IMG-20191011-WA0033_clipped_rev_1.jpg\",\"datePublished\":\"2019-10-16T07:36:03+00:00\",\"dateModified\":\"2024-12-05T20:50:31+00:00\",\"description\":\"Poubelle vintage ann\u00e9es 70, dans le style de Kartell, propre, l\u00e9g\u00e8rement jaunie \u00e0 l'ext\u00e9rieur.\",\"breadcrumb\":{\"@id\":\"https:\\\/\\\/lalmachine.com\\\/shop\\\/decorer\\\/decoration\\\/poubelle-2\\\/#breadcrumb\"},\"inLanguage\":\"de\",\"potentialAction\":[{\"@type\":\"ReadAction\",\"target\":[\"https:\\\/\\\/lalmachine.com\\\/shop\\\/decorer\\\/decoration\\\/poubelle-2\\\/\"]}]},{\"@type\":\"ImageObject\",\"inLanguage\":\"de\",\"@id\":\"https:\\\/\\\/lalmachine.com\\\/shop\\\/decorer\\\/decoration\\\/poubelle-2\\\/#primaryimage\",\"url\":\"https:\\\/\\\/lalmachine.com\\\/wp-content\\\/uploads\\\/2019\\\/10\\\/IMG-20191011-WA0033_clipped_rev_1.jpg\",\"contentUrl\":\"https:\\\/\\\/lalmachine.com\\\/wp-content\\\/uploads\\\/2019\\\/10\\\/IMG-20191011-WA0033_clipped_rev_1.jpg\",\"width\":1407,\"height\":1407},{\"@type\":\"BreadcrumbList\",\"@id\":\"https:\\\/\\\/lalmachine.com\\\/shop\\\/decorer\\\/decoration\\\/poubelle-2\\\/#breadcrumb\",\"itemListElement\":[{\"@type\":\"ListItem\",\"position\":1,\"name\":\"Accueil\",\"item\":\"https:\\\/\\\/lalmachine.com\\\/\"},{\"@type\":\"ListItem\",\"position\":2,\"name\":\"Shop\",\"item\":\"https:\\\/\\\/lalmachine.com\\\/shop\\\/\"},{\"@type\":\"ListItem\",\"position\":3,\"name\":\"Poubelle\"}]},{\"@type\":\"WebSite\",\"@id\":\"https:\\\/\\\/lalmachine.com\\\/#website\",\"url\":\"https:\\\/\\\/lalmachine.com\\\/\",\"name\":\"lalmachine.com\",\"description\":\"Brocante en ligne Suisse | Mobilier et objets d\u00e9co vintage et design\",\"potentialAction\":[{\"@type\":\"SearchAction\",\"target\":{\"@type\":\"EntryPoint\",\"urlTemplate\":\"https:\\\/\\\/lalmachine.com\\\/?s={search_term_string}\"},\"query-input\":{\"@type\":\"PropertyValueSpecification\",\"valueRequired\":true,\"valueName\":\"search_term_string\"}}],\"inLanguage\":\"de\"}]}<\/script>\n<!-- \/ Yoast SEO plugin. -->","yoast_head_json":{"title":"Poubelle | lalmachine.com","description":"Poubelle vintage ann\u00e9es 70, dans le style de Kartell, propre, l\u00e9g\u00e8rement jaunie \u00e0 l'ext\u00e9rieur.","robots":{"index":"index","follow":"follow","max-snippet":"max-snippet:-1","max-image-preview":"max-image-preview:large","max-video-preview":"max-video-preview:-1"},"canonical":"https:\/\/lalmachine.com\/de\/shop\/decorer\/decoration\/poubelle-2\/","og_locale":"de_DE","og_type":"article","og_title":"Poubelle | lalmachine.com","og_description":"Poubelle vintage ann\u00e9es 70, dans le style de Kartell, propre, l\u00e9g\u00e8rement jaunie \u00e0 l'ext\u00e9rieur.","og_url":"https:\/\/lalmachine.com\/de\/shop\/decorer\/decoration\/poubelle-2\/","og_site_name":"lalmachine.com","article_publisher":"https:\/\/facebook.com\/lalmachine","article_modified_time":"2024-12-05T20:50:31+00:00","og_image":[{"width":1407,"height":1407,"url":"https:\/\/lalmachine.com\/wp-content\/uploads\/2019\/10\/IMG-20191011-WA0033_clipped_rev_1.jpg","type":"image\/jpeg"}],"twitter_card":"summary_large_image","schema":{"@context":"https:\/\/schema.org","@graph":[{"@type":"WebPage","@id":"https:\/\/lalmachine.com\/shop\/decorer\/decoration\/poubelle-2\/","url":"https:\/\/lalmachine.com\/shop\/decorer\/decoration\/poubelle-2\/","name":"Poubelle | lalmachine.com","isPartOf":{"@id":"https:\/\/lalmachine.com\/#website"},"primaryImageOfPage":{"@id":"https:\/\/lalmachine.com\/shop\/decorer\/decoration\/poubelle-2\/#primaryimage"},"image":{"@id":"https:\/\/lalmachine.com\/shop\/decorer\/decoration\/poubelle-2\/#primaryimage"},"thumbnailUrl":"https:\/\/lalmachine.com\/wp-content\/uploads\/2019\/10\/IMG-20191011-WA0033_clipped_rev_1.jpg","datePublished":"2019-10-16T07:36:03+00:00","dateModified":"2024-12-05T20:50:31+00:00","description":"Poubelle vintage ann\u00e9es 70, dans le style de Kartell, propre, l\u00e9g\u00e8rement jaunie \u00e0 l'ext\u00e9rieur.","breadcrumb":{"@id":"https:\/\/lalmachine.com\/shop\/decorer\/decoration\/poubelle-2\/#breadcrumb"},"inLanguage":"de","potentialAction":[{"@type":"ReadAction","target":["https:\/\/lalmachine.com\/shop\/decorer\/decoration\/poubelle-2\/"]}]},{"@type":"ImageObject","inLanguage":"de","@id":"https:\/\/lalmachine.com\/shop\/decorer\/decoration\/poubelle-2\/#primaryimage","url":"https:\/\/lalmachine.com\/wp-content\/uploads\/2019\/10\/IMG-20191011-WA0033_clipped_rev_1.jpg","contentUrl":"https:\/\/lalmachine.com\/wp-content\/uploads\/2019\/10\/IMG-20191011-WA0033_clipped_rev_1.jpg","width":1407,"height":1407},{"@type":"BreadcrumbList","@id":"https:\/\/lalmachine.com\/shop\/decorer\/decoration\/poubelle-2\/#breadcrumb","itemListElement":[{"@type":"ListItem","position":1,"name":"Accueil","item":"https:\/\/lalmachine.com\/"},{"@type":"ListItem","position":2,"name":"Shop","item":"https:\/\/lalmachine.com\/shop\/"},{"@type":"ListItem","position":3,"name":"Poubelle"}]},{"@type":"WebSite","@id":"https:\/\/lalmachine.com\/#website","url":"https:\/\/lalmachine.com\/","name":"lalmachine.com","description":"Brocante en ligne Suisse | Mobilier et objets d\u00e9co vintage et design","potentialAction":[{"@type":"SearchAction","target":{"@type":"EntryPoint","urlTemplate":"https:\/\/lalmachine.com\/?s={search_term_string}"},"query-input":{"@type":"PropertyValueSpecification","valueRequired":true,"valueName":"search_term_string"}}],"inLanguage":"de"}]}},"_links":{"self":[{"href":"https:\/\/lalmachine.com\/de\/wp-json\/wp\/v2\/product\/9937","targetHints":{"allow":["GET"]}}],"collection":[{"href":"https:\/\/lalmachine.com\/de\/wp-json\/wp\/v2\/product"}],"about":[{"href":"https:\/\/lalmachine.com\/de\/wp-json\/wp\/v2\/types\/product"}],"wp:featuredmedia":[{"embeddable":true,"href":"https:\/\/lalmachine.com\/de\/wp-json\/wp\/v2\/media\/10139"}],"wp:attachment":[{"href":"https:\/\/lalmachine.com\/de\/wp-json\/wp\/v2\/media?parent=9937"}],"wp:term":[{"taxonomy":"product_brand","embeddable":true,"href":"https:\/\/lalmachine.com\/de\/wp-json\/wp\/v2\/product_brand?post=9937"},{"taxonomy":"product_cat","embeddable":true,"href":"https:\/\/lalmachine.com\/de\/wp-json\/wp\/v2\/product_cat?post=9937"},{"taxonomy":"product_tag","embeddable":true,"href":"https:\/\/lalmachine.com\/de\/wp-json\/wp\/v2\/product_tag?post=9937"},{"taxonomy":"proximite","embeddable":true,"href":"https:\/\/lalmachine.com\/de\/wp-json\/wp\/v2\/proximite?post=9937"}],"curies":[{"name":"wp","href":"https:\/\/api.w.org\/{rel}","templated":true}]}}